{"id":998,"date":"2023-06-11T10:50:30","date_gmt":"2023-06-11T10:50:30","guid":{"rendered":"https:\/\/mjau.se\/fi\/?page_id=998"},"modified":"2024-04-23T16:52:03","modified_gmt":"2024-04-23T16:52:03","slug":"kastroitu-kissa","status":"publish","type":"page","link":"https:\/\/mjau.se\/fi\/kaikki-kissoista\/kissan-terveys\/kastroitu-kissa\/","title":{"rendered":"Kastroitu\/steriloitu kissa"},"content":{"rendered":"<section class=\"block full-width-promo\">\n               <img decoding=\"async\" class=\"background-image\" src=\"https:\/\/mjau.se\/fi\/wp-content\/uploads\/sites\/2\/2023\/06\/mjau-kastrerad-katt-vatfoder.jpg\" alt=\"\">\n        \n<div class=\"overlay \">\n        <div class=\"container\">\n            <div class=\"row justify-content-center text-center\">\n                <div class=\"col-md-8 col-lg-6 \">\n                    <h2 class=\"font-xl-primary\">Oikea ruoka kastroidulle ja steriloidulle kissalle<\/h2>                    <a class=\"btn btn-default\" href=\"#\">Lue lis\u00e4\u00e4<\/a>                <\/div>\n            <\/div>\n        <\/div>\n    <\/div>\n<\/section>\n\n\n    <div class=\"single-column-warp\">\n        <div class=\"container\">\n            <div class=\"text-content\">\n               <p>Jos et aio k\u00e4ytt\u00e4\u00e4 kissaasi jalostukseen, suosittelemme sen kastroimista\/steriloimista, niin kollikissan kuin naaraskissankin. Kastraatiolla ja sterilaatiolla on monia hy\u00f6tyj\u00e4, niin kissan k\u00e4yt\u00f6kseen kuin terveyteen. Kastroidut ja steriloidut kissat el\u00e4v\u00e4t kauemmin! Lis\u00e4ksi autat ehk\u00e4isem\u00e4\u00e4n ei-toivottujen kissanpentujen syntym\u00e4\u00e4 ja kodittomien kissojen lis\u00e4\u00e4ntymist\u00e4, ongelma, jonka ehk\u00e4isemiseksi Mjau tekee ty\u00f6t\u00e4 monin keinoin. Toimenpiteen j\u00e4lkeen sinun tulee my\u00f6s mietti\u00e4 kissasi ruokintaa. Kastroiduilla ja steriloiduilla kissoilla on erilainen ravinnontarve kuin leikkaamattomilla kissoilla, koska niiden aineenvaihdunta hidastuu ja niist\u00e4 tulee helpommin ylipainoisia. T\u00e4\u00e4lt\u00e4 voit lukea vinkkej\u00e4 siihen, millaista ruokaa voit antaa kastroidulle ja steriloidulle kissallesi.<\/p>\n                <\/div>\n            <\/div>\n        <\/div>\n\n\n    <section class=\"card-promo-wrap\">\n        <div class=\"container\">\n            <div class=\"row gx-md-4\">\n                                                                <div class=\"col-md-6\">\n                            <div class=\"card  primary\">\n                                                                                                    <img decoding=\"async\" class=\"card-img-top\" src=\"https:\/\/mjau.se\/fi\/wp-content\/uploads\/sites\/2\/2023\/06\/mjau-kasterad-katt-minskad-amnesomsattning.png\" alt=\"Card image cap\">\n                                \n                                <div class=\"card-body\">\n                                                                        <h5 class=\"card-title section-title\">Kastroidulla ja steriloidulla kissalla on hidastunut aineenvaihdunta<\/h5>\n                                    <p>Kastroidun ja steriloidun kissan ravinnontarve laskee jopa 30 prosentilla. Hidastunut aineenvaihdunta lis\u00e4\u00e4 my\u00f6s ylipainon riski\u00e4, joka puolestaan altistaa kissan ik\u00e4ville sairauksille. Valitsemalla niille tarkoitetun ruoan, voi auttaa pit\u00e4m\u00e4\u00e4n kilot kurissa.<\/p>\n                                                                    <\/div>\n                            <\/div>\n                        <\/div>\n                                                                <div class=\"col-md-6\">\n                            <div class=\"card  primary\">\n                                                                                                    <img decoding=\"async\" class=\"card-img-top\" src=\"https:\/\/mjau.se\/fi\/wp-content\/uploads\/sites\/2\/2023\/06\/mjau-nyhet-vatfoder-kastrerad-katt.png\" alt=\"Card image cap\">\n                                \n                                <div class=\"card-body\">\n                                                                        <h5 class=\"card-title section-title\">Mjau m\u00e4rk\u00e4ruoka kastroiduille\/steriloiduille kissoille<\/h5>\n                                    <p>Tiesitk\u00f6, ett\u00e4 monilla kastroiduilla ja steriloiduilla kissoilla on ylipainoa ja diabetes? Mjaun m\u00e4rk\u00e4ruoka kastroiduille ja steriloiduille kissoille sis\u00e4lt\u00e4\u00e4 alemman energiapitoisuuden eik\u00e4 sis\u00e4ll\u00e4 lainkaan lis\u00e4tty\u00e4 sokeria, joka helpottaa kissan painonhallintaa.<\/p>\n                                                                            <a class=\"btn btn-default\" href=\"#\" target=\"_self\">Lue lis\u00e4\u00e4 ruoasta<\/a>\n                                                                    <\/div>\n                            <\/div>\n                        <\/div>\n                                                                <div class=\"col-md-6\">\n                            <div class=\"card  primary\">\n                                                                \n                                <div class=\"card-body\">\n                                                                        <h5 class=\"card-title section-title\">M\u00e4rk\u00e4ruoka kastroidulle\/steriloidulle kissalle<\/h5>\n                                    <ul style=\"text-align: left\">\n<li>Hieman alempi energiasis\u00e4lt\u00f6 ja kivenn\u00e4ispitoisuus<\/li>\n<li>Valmistettu viljattomalla reseptill\u00e4<\/li>\n<li>100 prosenttia el\u00e4inper\u00e4ist\u00e4 proteiinia<\/li>\n<li>Ei lis\u00e4tty\u00e4 sokeria<\/li>\n<li>Luonnollisia raaka-aineita ilman tarpeettomia lis\u00e4aineita<\/li>\n<li>Sis\u00e4lt\u00e4\u00e4 luonnollisia inuliinikuituja vatsan toiminnan edist\u00e4miseksi<\/li>\n<\/ul>\n                                                                    <\/div>\n                            <\/div>\n                        <\/div>\n                                                                <div class=\"col-md-6\">\n                            <div class=\"card  primary\">\n                                                                                                    <img decoding=\"async\" class=\"card-img-top\" src=\"https:\/\/mjau.se\/fi\/wp-content\/uploads\/sites\/2\/2023\/06\/mjau-anledningar-kastrera-katt-tips-rad.png\" alt=\"Card image cap\">\n                                \n                                <div class=\"card-body\">\n                                                                        <h5 class=\"card-title section-title\">Hyvi\u00e4 syit\u00e4 kastroida tai steriloida kissa<\/h5>\n                                    <p>Miksi kissa pit\u00e4isi kastroida tai steriloida? Siihen on monia hyvi\u00e4 syit\u00e4. Kastroidut ja steriloidut kissat ovat usein v\u00e4hemm\u00e4n stressaantuneita ja el\u00e4v\u00e4t pidemp\u00e4\u00e4n. Lis\u00e4ksi autat pienent\u00e4m\u00e4\u00e4n kodittomien kissojen m\u00e4\u00e4r\u00e4\u00e4, kun kissayksil\u00f6t eiv\u00e4t p\u00e4\u00e4se lis\u00e4\u00e4ntym\u00e4\u00e4n suunnittelemattomasti.<\/p>\n                                                                            <a class=\"btn btn-default\" href=\"https:\/\/mjau.se\/fi\/allt-om-katten\/kattens-halsa\/kastrerad-katt\/anledningar-att-kastrera-sin-katt\/\" target=\"_self\">Tutustu aiheeseen<\/a>\n                                                                    <\/div>\n                            <\/div>\n                        <\/div>\n                                                                <div class=\"col-md-6\">\n                            <div class=\"card  primary\">\n                                                                \n                                <div class=\"card-body\">\n                                                                        <h5 class=\"card-title section-title\">Onko kissasi jo kastroitu tai steriloitu? Hienoa!<\/h5>\n                                    <p>Olet mukana ehk\u00e4isem\u00e4ss\u00e4 kodittomien kissojen m\u00e4\u00e4r\u00e4\u00e4. Suomessa j\u00e4\u00e4 ik\u00e4v\u00e4 kyll\u00e4 vuosittain kymmeni\u00e4 tuhansia kissoja kodittomaksi. Parhaiten kodittomien kissojen m\u00e4\u00e4r\u00e4\u00e4 v\u00e4hennet\u00e4\u00e4n kastroinnilla ja steriloinnilla, varsinkin jos kissa saa ulkoilla vapaasti.<\/p>\n                                                                    <\/div>\n                            <\/div>\n                        <\/div>\n                                                                <div class=\"col-md-6\">\n                            <div class=\"card  primary\">\n                                                                                                    <img decoding=\"async\" class=\"card-img-top\" src=\"https:\/\/mjau.se\/fi\/wp-content\/uploads\/sites\/2\/2023\/06\/mjau-kastrera-hankatt.jpg\" alt=\"Card image cap\">\n                                \n                                <div class=\"card-body\">\n                                                                        <h5 class=\"card-title section-title\">Kollikissan kastraatio <\/h5>\n                                    <p>Kollikissan kastraatio on melko yksinkertainen operaatio, josta kissa toipuu nopeasti ja p\u00e4\u00e4see samana p\u00e4iv\u00e4n\u00e4 kotiin. Lue lis\u00e4\u00e4 toimenpiteest\u00e4 ja mit\u00e4 sinun tulee ottaa huomioon ennen ja j\u00e4lkeen operaation, jotta kissasi voisi mahdollisimman hyvin.<\/p>\n                                                                            <a class=\"btn btn-default\" href=\"https:\/\/mjau.se\/fi\/allt-om-katten\/kattens-halsa\/kastrerad-katt\/kastrera-hankatt\/\" target=\"_self\">Tutustu aiheeseen tarkemmin<\/a>\n                                                                    <\/div>\n                            <\/div>\n                        <\/div>\n                                                                <div class=\"col-md-6\">\n                            <div class=\"card  primary\">\n                                                                                                    <img decoding=\"async\" class=\"card-img-top\" src=\"https:\/\/mjau.se\/fi\/wp-content\/uploads\/sites\/2\/2023\/06\/mjau-kastrera-honkatt.jpg\" alt=\"Card image cap\">\n                                \n                                <div class=\"card-body\">\n                                                                        <h5 class=\"card-title section-title\">Naaraskissan kastraatio (sterilaatio)<\/h5>\n                                    <p>Naaraskissan sterilaatio on hieman isompi operaatio, mutta siit\u00e4 huolimatta t\u00e4ysin tavanomainen toimenpide, joita el\u00e4inl\u00e4\u00e4k\u00e4rit tekev\u00e4t p\u00e4ivitt\u00e4in. T\u00e4h\u00e4n olemme ker\u00e4nneet tietoa itse toimenpiteest\u00e4 ja mit\u00e4 siin\u00e4 tapahtuu, sek\u00e4 miten voit parhaiten pit\u00e4\u00e4 kissastasi huolta.<\/p>\n                                                                            <a class=\"btn btn-default\" href=\"https:\/\/mjau.se\/fi\/katthalsa\/kastrerad-katt\/kastrera-honkatt\/\" target=\"_self\">Tutustu aiheeseen tarkemmin<\/a>\n                                                                    <\/div>\n                            <\/div>\n                        <\/div>\n                \n            <\/div>\n\n        <\/div>\n    <\/section>\n","protected":false},"excerpt":{"rendered":"","protected":false},"author":1,"featured_media":0,"parent":988,"menu_order":0,"comment_status":"closed","ping_status":"closed","template":"guternberg.php","meta":{"footnotes":""},"acf":[],"yoast_head":"<!-- This site is optimized with the Yoast SEO plugin v20.10 - https:\/\/yoast.com\/wordpress\/plugins\/seo\/ -->\n<title>V\u00e4lj r\u00e4tt mat till en kastrerad katt - Mjau Finland<\/title>\n<meta name=\"description\" content=\"Kaikki mit\u00e4 sinun tulee tiet\u00e4\u00e4 valitaksesi oikean ruoan kastroidulle kissalle, jolla on alhaisempi aineenvaihdunta. T\u00e4nne olemme ker\u00e4nneet tietoa kastroiduista kissoista.\" \/>\n<meta name=\"robots\" content=\"index, follow, max-snippet:-1, max-image-preview:large, max-video-preview:-1\" \/>\n<link rel=\"canonical\" href=\"https:\/\/mjau.se\/fi\/kaikki-kissoista\/kissan-terveys\/kastroitu-kissa\/\" \/>\n<meta property=\"og:locale\" content=\"en_US\" \/>\n<meta property=\"og:type\" content=\"article\" \/>\n<meta property=\"og:title\" content=\"V\u00e4lj r\u00e4tt mat till en kastrerad katt - Mjau Finland\" \/>\n<meta property=\"og:description\" content=\"Kaikki mit\u00e4 sinun tulee tiet\u00e4\u00e4 valitaksesi oikean ruoan kastroidulle kissalle, jolla on alhaisempi aineenvaihdunta. T\u00e4nne olemme ker\u00e4nneet tietoa kastroiduista kissoista.\" \/>\n<meta property=\"og:url\" content=\"https:\/\/mjau.se\/fi\/kaikki-kissoista\/kissan-terveys\/kastroitu-kissa\/\" \/>\n<meta property=\"og:site_name\" content=\"Mjau Finland\" \/>\n<meta property=\"article:modified_time\" content=\"2024-04-23T16:52:03+00:00\" \/>\n<meta name=\"twitter:card\" content=\"summary_large_image\" \/>\n<!-- \/ Yoast SEO plugin. -->","yoast_head_json":{"title":"V\u00e4lj r\u00e4tt mat till en kastrerad katt - Mjau Finland","description":"Kaikki mit\u00e4 sinun tulee tiet\u00e4\u00e4 valitaksesi oikean ruoan kastroidulle kissalle, jolla on alhaisempi aineenvaihdunta. T\u00e4nne olemme ker\u00e4nneet tietoa kastroiduista kissoista.","robots":{"index":"index","follow":"follow","max-snippet":"max-snippet:-1","max-image-preview":"max-image-preview:large","max-video-preview":"max-video-preview:-1"},"canonical":"https:\/\/mjau.se\/fi\/kaikki-kissoista\/kissan-terveys\/kastroitu-kissa\/","og_locale":"en_US","og_type":"article","og_title":"V\u00e4lj r\u00e4tt mat till en kastrerad katt - Mjau Finland","og_description":"Kaikki mit\u00e4 sinun tulee tiet\u00e4\u00e4 valitaksesi oikean ruoan kastroidulle kissalle, jolla on alhaisempi aineenvaihdunta. T\u00e4nne olemme ker\u00e4nneet tietoa kastroiduista kissoista.","og_url":"https:\/\/mjau.se\/fi\/kaikki-kissoista\/kissan-terveys\/kastroitu-kissa\/","og_site_name":"Mjau Finland","article_modified_time":"2024-04-23T16:52:03+00:00","twitter_card":"summary_large_image","schema":{"@context":"https:\/\/schema.org","@graph":[{"@type":"WebPage","@id":"https:\/\/mjau.se\/fi\/kaikki-kissoista\/kissan-terveys\/kastroitu-kissa\/","url":"https:\/\/mjau.se\/fi\/kaikki-kissoista\/kissan-terveys\/kastroitu-kissa\/","name":"V\u00e4lj r\u00e4tt mat till en kastrerad katt - Mjau Finland","isPartOf":{"@id":"https:\/\/mjau.se\/fi\/#website"},"datePublished":"2023-06-11T10:50:30+00:00","dateModified":"2024-04-23T16:52:03+00:00","description":"Kaikki mit\u00e4 sinun tulee tiet\u00e4\u00e4 valitaksesi oikean ruoan kastroidulle kissalle, jolla on alhaisempi aineenvaihdunta. T\u00e4nne olemme ker\u00e4nneet tietoa kastroiduista kissoista.","breadcrumb":{"@id":"https:\/\/mjau.se\/fi\/kaikki-kissoista\/kissan-terveys\/kastroitu-kissa\/#breadcrumb"},"inLanguage":"en-US","potentialAction":[{"@type":"ReadAction","target":["https:\/\/mjau.se\/fi\/kaikki-kissoista\/kissan-terveys\/kastroitu-kissa\/"]}]},{"@type":"BreadcrumbList","@id":"https:\/\/mjau.se\/fi\/kaikki-kissoista\/kissan-terveys\/kastroitu-kissa\/#breadcrumb","itemListElement":[{"@type":"ListItem","position":1,"name":"Home","item":"https:\/\/mjau.se\/fi\/"},{"@type":"ListItem","position":2,"name":"Kaikki kissoista","item":"https:\/\/mjau.se\/fi\/kaikki-kissoista\/"},{"@type":"ListItem","position":3,"name":"Kissan terveys","item":"https:\/\/mjau.se\/fi\/kaikki-kissoista\/kissan-terveys\/"},{"@type":"ListItem","position":4,"name":"Kastroitu\/steriloitu kissa"}]},{"@type":"WebSite","@id":"https:\/\/mjau.se\/fi\/#website","url":"https:\/\/mjau.se\/fi\/","name":"Mjau Finland","description":"","potentialAction":[{"@type":"SearchAction","target":{"@type":"EntryPoint","urlTemplate":"https:\/\/mjau.se\/fi\/?s={search_term_string}"},"query-input":"required name=search_term_string"}],"inLanguage":"en-US"}]}},"_links":{"self":[{"href":"https:\/\/mjau.se\/fi\/wp-json\/wp\/v2\/pages\/998"}],"collection":[{"href":"https:\/\/mjau.se\/fi\/wp-json\/wp\/v2\/pages"}],"about":[{"href":"https:\/\/mjau.se\/fi\/wp-json\/wp\/v2\/types\/page"}],"author":[{"embeddable":true,"href":"https:\/\/mjau.se\/fi\/wp-json\/wp\/v2\/users\/1"}],"replies":[{"embeddable":true,"href":"https:\/\/mjau.se\/fi\/wp-json\/wp\/v2\/comments?post=998"}],"version-history":[{"count":63,"href":"https:\/\/mjau.se\/fi\/wp-json\/wp\/v2\/pages\/998\/revisions"}],"predecessor-version":[{"id":5395,"href":"https:\/\/mjau.se\/fi\/wp-json\/wp\/v2\/pages\/998\/revisions\/5395"}],"up":[{"embeddable":true,"href":"https:\/\/mjau.se\/fi\/wp-json\/wp\/v2\/pages\/988"}],"wp:attachment":[{"href":"https:\/\/mjau.se\/fi\/wp-json\/wp\/v2\/media?parent=998"}],"curies":[{"name":"wp","href":"https:\/\/api.w.org\/{rel}","templated":true}]}}