{"id":978,"date":"2023-06-11T10:29:43","date_gmt":"2023-06-11T10:29:43","guid":{"rendered":"https:\/\/mjau.se\/fi\/?page_id=978"},"modified":"2024-04-22T09:10:36","modified_gmt":"2024-04-22T09:10:36","slug":"kissa-huoneistossa","status":"publish","type":"page","link":"https:\/\/mjau.se\/fi\/kaikki-kissoista\/kissan-hankinta\/kissa-huoneistossa\/","title":{"rendered":"Kissa huoneistossa"},"content":{"rendered":"        <section class=\"sub-page-hero\">\n            <div class=\"container\">\n                \n                <div class=\"row\">\n                    <div class=\"col-md-8\">\n                        <h1 class=\"font-xl-primary\">Voiko kissa asua huoneistossa?<\/h1><p>Voiko kissaa pit\u00e4\u00e4 huoneistossa? Kyll\u00e4, voi mainiosti! Kissat viihtyv\u00e4t useimmiten erinomaisesti huoneistossa. Mutta sinun tulee ottaa huomioon, ett\u00e4 kissa mahtuu leikkim\u00e4\u00e4n ja k\u00e4ytt\u00e4m\u00e4\u00e4n vaistojaan asunnossa kunnolla. Muuten voi k\u00e4yd\u00e4 niin, ett\u00e4 se pitk\u00e4styy ja alkaa viihdytt\u00e4m\u00e4\u00e4n itse\u00e4\u00e4n sinun tavaroittesi kanssa! On my\u00f6s joitakin s\u00e4\u00e4nt\u00f6j\u00e4, jotka sinun tulee tiet\u00e4\u00e4.<\/p>\n                    <\/div>\n                <\/div>\n            <\/div>\n        <\/section>\n    \n\n    <div class=\"single-column-warp\">\n        <div class=\"container\">\n            <div class=\"text-content\">\n               <h2>Kuinka iso asunnon tulee olla?<\/h2>\n<p>Mink\u00e4kokoinen huoneiston (neli\u00f6metrit ja huonem\u00e4\u00e4r\u00e4) tulee olla, jos hankkii kissan? Siihen ei ole mit\u00e4\u00e4n yksiselitteist\u00e4 vastausta &#8211; riippuu tilanteesta. Kissat ovat erilaisia, jotkut viihtyv\u00e4t mainiosti pieness\u00e4kin tilassa kun taas toiset tarvitsevat enemm\u00e4n tilaa ymp\u00e4rilleen. T\u00e4h\u00e4n vaikuttaa my\u00f6s kissan rotu, joten tutustu eri rotuihin ja valitse huolella.<\/p>\n<p>Sen lis\u00e4ksi my\u00f6s kissojen m\u00e4\u00e4r\u00e4 vaikuttaa tilantarpeeseen. Jokaisella kissalla tulee olla riitt\u00e4v\u00e4sti tilaa liikkua ja toteuttaa luontaista k\u00e4yt\u00f6st\u00e4\u00e4n, ja jokainen kissa tarvitsee my\u00f6s omat tavaransa (ruoka- ja vesikuppi, hiekkalaatikko, makuupaikka jne.) &#8211; ja nekin kaikki tarvitsevat tilaa!<\/p>\n<h2>Tarvitsenko luvan kissan ottamiseen huoneistoon?<\/h2>\n<p>L\u00e4ht\u00f6kohtaisesti vuokra-asuntoon saa ottaa lemmikkiel\u00e4imen, mik\u00e4li sit\u00e4 ei vuokrasopimuksessa erikseen kiellet\u00e4.<\/p>\n<p>Sinun tulee kuitenkin huolehtia siit\u00e4, ettei kissasi aiheuta tuhoa tai liiku yhteisiss\u00e4 tiloissa, jonne sill\u00e4 ei ole lupaa menn\u00e4. Taloyhti\u00f6ss\u00e4 voi my\u00f6s olla erilaisia yhteisi\u00e4 tiloja ja piha-alueita koskevia s\u00e4\u00e4nt\u00f6j\u00e4. Esimerkiksi, ett\u00e4 kissoja ei saa p\u00e4\u00e4st\u00e4\u00e4 pesutupaan.<\/p>\n<h2>Kissa ei saa h\u00e4irit\u00e4 naapureita<\/h2>\n<p>Mik\u00e4li kissasi ulkoilee, olet vastuussa siit\u00e4, ettei se h\u00e4iritse tai pelottele naapureitasi. Vuokralaisen riskin\u00e4 on, ett\u00e4 vuokrasopimus irtisanotaan, jos lemmikki aiheuttaa ongelmia.<\/p>\n<p>Yksi tavallisimpia valituksenaiheita kissoista on kovat \u00e4\u00e4net (erityisesti kev\u00e4\u00e4ll\u00e4!) ja niiden k\u00e4yminen tarpeillaan istutuksissa ja lasten hiekkalaatikolla. Tai ett\u00e4 kissat vierailevat ilman kutsua naapureiden huoneistoissa tai ottavat nokoset heid\u00e4n ulkokalusteillaan.<\/p>\n<h2>Valitse huoneistoon sopiva kissa<\/h2>\n<p>Kissat, joilla on matalampi energiasaso viihtyv\u00e4t eleens\u00e4 paremmin pienemm\u00e4ss\u00e4 tilassa, mutta se ei tarkoita sit\u00e4, etteik\u00f6 aktiivinenkin kissa voisi viihty\u00e4. Jos olet paljon kotona ja valmis k\u00e4ytt\u00e4m\u00e4\u00e4n aikaa aktivoidaksesi kissaasi, voi eloisakin yksil\u00f6 viihty\u00e4 erinomaisesti pienemm\u00e4ss\u00e4 asunnossa. Valitse kissa, jolla on edellytykset menesty\u00e4 siin\u00e4 ymp\u00e4rist\u00f6ss\u00e4, jonka voit sille tarjota, ja joka sopii omaan el\u00e4m\u00e4ntilanteeseesi.<\/p>\n<p><a title=\"Raser som passar som f\u00f6rstakatt\" href=\"https:\/\/mjau.se\/fi\/allt-om-katten\/skaffa-katt\/raser-som-passar-som-forstakatt\/\" data-udi=\"umb:\/\/document\/58a0d69e3a484a96a88e771d66f328a3\">Mik\u00e4 kissa minulle sopii?<\/a><\/p>\n<p><a title=\"Adoptera katt\" href=\"https:\/\/mjau.se\/fi\/kattliv\/kissan-adoptointi\/\" data-udi=\"umb:\/\/document\/d4e5da0fc561482cb6b07b9d592dd454\">Oletko ajatellut aikuisen kissan adoptointia? Tied\u00e4t heti alusta millainen persoona se on!<\/a><\/p>\n<p><a title=\"Kattraser\" href=\"https:\/\/www.sverak.se\/kattraser\/\" target=\"_blank\" rel=\"noopener\">Kiinnostavatko eri kissarodut? Lue lis\u00e4\u00e4 Suomen Kissaliiton sivulta<\/a><\/p>\n<h2>Tee huoneistosta viihtyis\u00e4 kissa-asunto<\/h2>\n<p>Asuintapaasi t\u00e4rke\u00e4mp\u00e4\u00e4 on ymp\u00e4rist\u00f6, jossa kissa viihtyy. Kissa tarvitsee runsaasti mahdollisuuksia aktivoida itse\u00e4\u00e4n ja toteuttaa synnynn\u00e4isi\u00e4 vaistojaan tai tarpeitaan &#8211; leikki\u00e4, jahdata, raapia, kiivet\u00e4, seurailla, piiloutua, lev\u00e4t\u00e4. Erityisesti jos se asuu sis\u00e4kissana huoneistossa, ilman mahdollisuutta peuhata ulkona. Silloin ne usein pitk\u00e4styv\u00e4t ja aiheuttavat harmeja, kuten raapimalla sohvasi.<\/p>\n<p>Jos sinulla on sis\u00e4kissa pieness\u00e4 huoneistossa, on hyv\u00e4 ajatella luovasti miten kaiken kissalle tarpeellisen saa mahtumaan asuntoon. Kannattaa siis muistaa, ett\u00e4 kissa k\u00e4ytt\u00e4\u00e4 koko asuntoa, ei pelkk\u00e4\u00e4 lattiaa. Hy\u00f6dynn\u00e4 huonekorkeutta!<\/p>\n<ul>\n<li><strong>Leikkikalut touhuamiseen ja jahtiin<\/strong>\u00a0\u2013\u00a0<a title=\"Fyra aktiveringstips f\u00f6r innekatter\" href=\"https:\/\/mjau.se\/fi\/kaikki-kissoista\/kissan-kayttaytyminen\/sisakissan-aktivointi\/\" data-udi=\"umb:\/\/document\/df0af841f151421ea7ab561f5d0bb8ed\">Leikkikaluja kissalle liikkumiseen ja mets\u00e4stysvaistojen stimulointiin. Ja niiden ei tarvitse olla mit\u00e4\u00e4n kalliita, koska monet niist\u00e4 voit tehd\u00e4 itse k\u00e4ytt\u00e4m\u00e4ll\u00e4 hieman luovuutta.<\/a> Halutessasi voit laittaa ruokaa tai herkkupalan leluun, jotta kissasi saa palkinnon &#8220;jahdin&#8221; p\u00e4\u00e4tteeksi. Pssst! Sen sijaan ett\u00e4 kaikki lelut ovat koko ajan k\u00e4yt\u00f6ss\u00e4, voit vuorotella niit\u00e4. Kun kissa kyll\u00e4styy leluihinsa, kaivat esille muita leluja, jotka tuntuvat tietenkin aivan uusilta!<\/li>\n<li><strong>Raapimalauta tai raapimapuu<\/strong> \u2013 Raapiminen on kissalle luonnollista. Se on sen tapa merkit\u00e4 reviirins\u00e4 ja harjoittaa lihaksiaa. Jotta v\u00e4ltyt omien tavaroidesi ja huonekalujesi uudelleenmuotoilulta, erilaisia raapimalautoja ja -puita on tarjolla runsas valikoima ja niihin kissasi voi toteuttaa designunelmiaan luvallisesti.<\/li>\n<li><strong>Kiipeilypuut, hyllyt eri korkeuksilla ja muut n\u00e4k\u00f6alapaikat<\/strong> \u2013 Korkeat paikat tarkoittavat kissalle turvallisuutta hyv\u00e4n n\u00e4k\u00f6alapaika, jossa on hyv\u00e4 tarkkailla ymp\u00e4rist\u00f6\u00e4. Puut sis\u00e4tilassa eiv\u00e4t ole kovinkaan k\u00e4yt\u00e4nn\u00f6llisi\u00e4, mutta huoneistossa voit helposti rakentaa kissalle hyv\u00e4n kiipeilypaikan sein\u00e4n viereen. Osta tai rakenna kiipeilypuu, tai kiinnit\u00e4 sein\u00e4lle hyllyj\u00e4 eri korkeuksille, joita pitkin kissa voi kiipeill\u00e4 yl\u00f6s ja alas sek\u00e4 istua tai maata katselemassa ymp\u00e4rilleen. Ehk\u00e4p\u00e4 kissan k\u00e4ytt\u00f6\u00f6n liikenisi my\u00f6s hylly kirjahyllyst\u00e4 tai ikkunalauta?<\/li>\n<li><strong>Piilopaikat ja lepopaikat rentoutumiseen<\/strong> \u2013 Kissoilla on voimakas tarve vet\u00e4yty\u00e4 ja erist\u00e4\u00e4 itsens\u00e4 ymp\u00e4rist\u00f6st\u00e4 voidakseen rentoutua. Pid\u00e4 huoli, ett\u00e4 kissallasi on muutama paikka asunnossa, jossa se voi maata ja ottaa nokosia t\u00e4ysin rauhassa.<\/li>\n<\/ul>\n<h2>Muista my\u00f6s parvekeverkko<\/h2>\n<p>Jos asunnossasi on parveke, on sinne syyt\u00e4 laittaa parvekeverkko est\u00e4m\u00e4\u00e4n kissan putoamista ja loukkaantumista. Ota kuitenkin huomioon, ett\u00e4 vuokra-asunnossa tulee varmistaa taloyhti\u00f6lt\u00e4 saako verkon asentaa julkisivua koskevien m\u00e4\u00e4r\u00e4ysten vuoksi.<\/p>\n                <\/div>\n            <\/div>\n        <\/div>\n\n\n\n        <section class=\"block post-promos\">\n        <div class=\"container\">\n            <h2 class=\"font-xl-primary\"><\/h2>\n            <div class=\"row gx-md-3\">\n                                        <div class=\"col-md-6 col-lg-4\">\n                            <a href=\"https:\/\/mjau.se\/fi\/kaikki-kissoista\/kissan-hankinta\/tarvitseeko-kissa-raapimalaudan\/\">\n                                <div class=\"card \">\n                                    <img loading=\"lazy\" decoding=\"async\" width=\"450\" height=\"300\" src=\"https:\/\/mjau.se\/fi\/wp-content\/uploads\/sites\/2\/2023\/06\/mjau-klosbrada-450x300.jpg\" class=\"attachment-promo-thumbnail size-promo-thumbnail wp-post-image\" alt=\"Tarvitseeko kissa raapimalaudan\" srcset=\"https:\/\/mjau.se\/fi\/wp-content\/uploads\/sites\/2\/2023\/06\/mjau-klosbrada-450x300.jpg 450w, https:\/\/mjau.se\/fi\/wp-content\/uploads\/sites\/2\/2023\/06\/mjau-klosbrada-768x511.jpg 768w, https:\/\/mjau.se\/fi\/wp-content\/uploads\/sites\/2\/2023\/06\/mjau-klosbrada.jpg 800w\" sizes=\"(max-width: 450px) 100vw, 450px\" \/>                                                                        <div class=\"card-body\">\n\n                                                                                <h6>Tarvitseeko kissa raapimalaudan<\/h6>\n                                        <p>Raapiminen on kissalle luonnollista k\u00e4yt\u00f6st\u00e4 ja tapa oman reviirins\u00e4 hajumerkint\u00e4\u00e4n. Mik\u00e4li kissallasi ei ole tavaroita joita se SAA raapia, se voi raapia huonekaluja ja seini\u00e4. Siksi on suotavaa, ett\u00e4 kissalla on luvallinen &#8220;raapimam\u00f6\u00f6peli&#8221;.<\/p>\n                                        \n                                    <\/div>\n                                <\/div>\n                            <\/a>\n                        <\/div>\n                                        <div class=\"col-md-6 col-lg-4\">\n                            <a href=\"https:\/\/mjau.se\/fi\/kaikki-kissoista\/kissan-hankinta\/kissaturvallinen-koti\/\">\n                                <div class=\"card \">\n                                    <img loading=\"lazy\" decoding=\"async\" width=\"450\" height=\"300\" src=\"https:\/\/mjau.se\/fi\/wp-content\/uploads\/sites\/2\/2023\/06\/mjau-kattsakra-hemmet-450x300.jpg\" class=\"attachment-promo-thumbnail size-promo-thumbnail wp-post-image\" alt=\"Kissaturvallinen koti\" srcset=\"https:\/\/mjau.se\/fi\/wp-content\/uploads\/sites\/2\/2023\/06\/mjau-kattsakra-hemmet-450x300.jpg 450w, https:\/\/mjau.se\/fi\/wp-content\/uploads\/sites\/2\/2023\/06\/mjau-kattsakra-hemmet-768x511.jpg 768w, https:\/\/mjau.se\/fi\/wp-content\/uploads\/sites\/2\/2023\/06\/mjau-kattsakra-hemmet.jpg 800w\" sizes=\"(max-width: 450px) 100vw, 450px\" \/>                                                                        <div class=\"card-body\">\n\n                                                                                <h6>Kissaturvallinen koti<\/h6>\n                                        <p>Kissa on utelias ja pit\u00e4\u00e4 ymp\u00e4rist\u00f6ns\u00e4 tutkimisesta! Tee kodistasi kissaturvallinen, poistamalla kaikki sellaiset tavarat jotka voivat vahingoittaa kissaa, ja my\u00f6s sellaiset tavarat, jotka kissa voi rikkoa s\u00e4\u00e4sty\u00e4ksesi turhilta harmeilta.<\/p>\n                                        \n                                    <\/div>\n                                <\/div>\n                            <\/a>\n                        <\/div>\n                                        <div class=\"col-md-6 col-lg-4\">\n                            <a href=\"https:\/\/mjau.se\/fi\/kaikki-kissoista\/kissan-hankinta\/kissan-jattaminen-yksin\/\">\n                                <div class=\"card \">\n                                    <img loading=\"lazy\" decoding=\"async\" width=\"450\" height=\"300\" src=\"https:\/\/mjau.se\/fi\/wp-content\/uploads\/sites\/2\/2023\/06\/mjau-lamna-katt-ensam-450x300.jpg\" class=\"attachment-promo-thumbnail size-promo-thumbnail wp-post-image\" alt=\"Kissan j\u00e4tt\u00e4minen yksin\" srcset=\"https:\/\/mjau.se\/fi\/wp-content\/uploads\/sites\/2\/2023\/06\/mjau-lamna-katt-ensam-450x300.jpg 450w, https:\/\/mjau.se\/fi\/wp-content\/uploads\/sites\/2\/2023\/06\/mjau-lamna-katt-ensam-768x514.jpg 768w, https:\/\/mjau.se\/fi\/wp-content\/uploads\/sites\/2\/2023\/06\/mjau-lamna-katt-ensam.jpg 800w\" sizes=\"(max-width: 450px) 100vw, 450px\" \/>                                                                        <div class=\"card-body\">\n\n                                                                                <h6>Kissan j\u00e4tt\u00e4minen yksin<\/h6>\n                                        <p>Aikuisen kissan voi j\u00e4tt\u00e4\u00e4 yksin, mutta ei liian pitk\u00e4ksi aikaa. Kissat tarvisevat sosiaalisia kontakteja. Jos olet p\u00e4ivitt\u00e4in pitk\u00e4\u00e4n poissa, tarvitsee kissasi virikkeit\u00e4 tarjoavan ymp\u00e4rist\u00f6n. Jos matkustat pois, on t\u00e4rke\u00e4\u00e4, ett\u00e4 joku toinen hoitaa kissaa riitt\u00e4v\u00e4n pitk\u00e4n aikaa p\u00e4ivitt\u00e4in.<\/p>\n                                        \n                                    <\/div>\n                                <\/div>\n                            <\/a>\n                        <\/div>\n                            <\/div>\n                    <\/div>\n    <\/section>\n","protected":false},"excerpt":{"rendered":"<p>Kyll\u00e4, voit mainiosti asua kissan kanssa kerrostaloasunnossa! Mik\u00e4li asunto on pieni, tulee tilan k\u00e4ytt\u00e4misess\u00e4 ottaa huomioon sen hy\u00f6dynt\u00e4minen parhaalla mahdollisella tavalla, jotta kissasi viihtyisi hyvin. On my\u00f6s joitakin s\u00e4\u00e4nt\u00f6j\u00e4, jotka sinun tulee tiet\u00e4\u00e4.<\/p>\n","protected":false},"author":1,"featured_media":1359,"parent":882,"menu_order":0,"comment_status":"closed","ping_status":"closed","template":"guternberg.php","meta":{"footnotes":""},"acf":[],"yoast_head":"<!-- This site is optimized with the Yoast SEO plugin v20.10 - https:\/\/yoast.com\/wordpress\/plugins\/seo\/ -->\n<title>Kan man ha katt i l\u00e4genhet? - Mjau Finland<\/title>\n<meta name=\"description\" content=\"Kan man ha innekatt i l\u00e4genhet? Ja, det kan man! Katter trivs oftast alldeles utm\u00e4rkt i en l\u00e4genhet. H\u00e4r kommer v\u00e5ra b\u00e4sta tips p\u00e5 vad du b\u00f6r t\u00e4nka p\u00e5.\" \/>\n<meta name=\"robots\" content=\"index, follow, max-snippet:-1, max-image-preview:large, max-video-preview:-1\" \/>\n<link rel=\"canonical\" href=\"https:\/\/mjau.se\/fi\/kaikki-kissoista\/kissan-hankinta\/kissa-huoneistossa\/\" \/>\n<meta property=\"og:locale\" content=\"en_US\" \/>\n<meta property=\"og:type\" content=\"article\" \/>\n<meta property=\"og:title\" content=\"Kan man ha katt i l\u00e4genhet? - Mjau Finland\" \/>\n<meta property=\"og:description\" content=\"Kan man ha innekatt i l\u00e4genhet? Ja, det kan man! Katter trivs oftast alldeles utm\u00e4rkt i en l\u00e4genhet. H\u00e4r kommer v\u00e5ra b\u00e4sta tips p\u00e5 vad du b\u00f6r t\u00e4nka p\u00e5.\" \/>\n<meta property=\"og:url\" content=\"https:\/\/mjau.se\/fi\/kaikki-kissoista\/kissan-hankinta\/kissa-huoneistossa\/\" \/>\n<meta property=\"og:site_name\" content=\"Mjau Finland\" \/>\n<meta property=\"article:modified_time\" content=\"2024-04-22T09:10:36+00:00\" \/>\n<meta property=\"og:image\" content=\"https:\/\/mjau.se\/fi\/wp-content\/uploads\/sites\/2\/2023\/06\/mjau-katt-lagenhet.jpg\" \/>\n\t<meta property=\"og:image:width\" content=\"800\" \/>\n\t<meta property=\"og:image:height\" content=\"533\" \/>\n\t<meta property=\"og:image:type\" content=\"image\/jpeg\" \/>\n<meta name=\"twitter:card\" content=\"summary_large_image\" \/>\n<!-- \/ Yoast SEO plugin. -->","yoast_head_json":{"title":"Kan man ha katt i l\u00e4genhet? - Mjau Finland","description":"Kan man ha innekatt i l\u00e4genhet? Ja, det kan man! Katter trivs oftast alldeles utm\u00e4rkt i en l\u00e4genhet. H\u00e4r kommer v\u00e5ra b\u00e4sta tips p\u00e5 vad du b\u00f6r t\u00e4nka p\u00e5.","robots":{"index":"index","follow":"follow","max-snippet":"max-snippet:-1","max-image-preview":"max-image-preview:large","max-video-preview":"max-video-preview:-1"},"canonical":"https:\/\/mjau.se\/fi\/kaikki-kissoista\/kissan-hankinta\/kissa-huoneistossa\/","og_locale":"en_US","og_type":"article","og_title":"Kan man ha katt i l\u00e4genhet? - Mjau Finland","og_description":"Kan man ha innekatt i l\u00e4genhet? Ja, det kan man! Katter trivs oftast alldeles utm\u00e4rkt i en l\u00e4genhet. H\u00e4r kommer v\u00e5ra b\u00e4sta tips p\u00e5 vad du b\u00f6r t\u00e4nka p\u00e5.","og_url":"https:\/\/mjau.se\/fi\/kaikki-kissoista\/kissan-hankinta\/kissa-huoneistossa\/","og_site_name":"Mjau Finland","article_modified_time":"2024-04-22T09:10:36+00:00","og_image":[{"width":800,"height":533,"url":"https:\/\/mjau.se\/fi\/wp-content\/uploads\/sites\/2\/2023\/06\/mjau-katt-lagenhet.jpg","type":"image\/jpeg"}],"twitter_card":"summary_large_image","schema":{"@context":"https:\/\/schema.org","@graph":[{"@type":"WebPage","@id":"https:\/\/mjau.se\/fi\/kaikki-kissoista\/kissan-hankinta\/kissa-huoneistossa\/","url":"https:\/\/mjau.se\/fi\/kaikki-kissoista\/kissan-hankinta\/kissa-huoneistossa\/","name":"Kan man ha katt i l\u00e4genhet? - Mjau Finland","isPartOf":{"@id":"https:\/\/mjau.se\/fi\/#website"},"datePublished":"2023-06-11T10:29:43+00:00","dateModified":"2024-04-22T09:10:36+00:00","description":"Kan man ha innekatt i l\u00e4genhet? Ja, det kan man! Katter trivs oftast alldeles utm\u00e4rkt i en l\u00e4genhet. H\u00e4r kommer v\u00e5ra b\u00e4sta tips p\u00e5 vad du b\u00f6r t\u00e4nka p\u00e5.","breadcrumb":{"@id":"https:\/\/mjau.se\/fi\/kaikki-kissoista\/kissan-hankinta\/kissa-huoneistossa\/#breadcrumb"},"inLanguage":"en-US","potentialAction":[{"@type":"ReadAction","target":["https:\/\/mjau.se\/fi\/kaikki-kissoista\/kissan-hankinta\/kissa-huoneistossa\/"]}]},{"@type":"BreadcrumbList","@id":"https:\/\/mjau.se\/fi\/kaikki-kissoista\/kissan-hankinta\/kissa-huoneistossa\/#breadcrumb","itemListElement":[{"@type":"ListItem","position":1,"name":"Home","item":"https:\/\/mjau.se\/fi\/"},{"@type":"ListItem","position":2,"name":"Kaikki kissoista","item":"https:\/\/mjau.se\/fi\/kaikki-kissoista\/"},{"@type":"ListItem","position":3,"name":"Kissan hankinta","item":"https:\/\/mjau.se\/fi\/kaikki-kissoista\/kissan-hankinta\/"},{"@type":"ListItem","position":4,"name":"Kissa huoneistossa"}]},{"@type":"WebSite","@id":"https:\/\/mjau.se\/fi\/#website","url":"https:\/\/mjau.se\/fi\/","name":"Mjau Finland","description":"","potentialAction":[{"@type":"SearchAction","target":{"@type":"EntryPoint","urlTemplate":"https:\/\/mjau.se\/fi\/?s={search_term_string}"},"query-input":"required name=search_term_string"}],"inLanguage":"en-US"}]}},"_links":{"self":[{"href":"https:\/\/mjau.se\/fi\/wp-json\/wp\/v2\/pages\/978"}],"collection":[{"href":"https:\/\/mjau.se\/fi\/wp-json\/wp\/v2\/pages"}],"about":[{"href":"https:\/\/mjau.se\/fi\/wp-json\/wp\/v2\/types\/page"}],"author":[{"embeddable":true,"href":"https:\/\/mjau.se\/fi\/wp-json\/wp\/v2\/users\/1"}],"replies":[{"embeddable":true,"href":"https:\/\/mjau.se\/fi\/wp-json\/wp\/v2\/comments?post=978"}],"version-history":[{"count":37,"href":"https:\/\/mjau.se\/fi\/wp-json\/wp\/v2\/pages\/978\/revisions"}],"predecessor-version":[{"id":5248,"href":"https:\/\/mjau.se\/fi\/wp-json\/wp\/v2\/pages\/978\/revisions\/5248"}],"up":[{"embeddable":true,"href":"https:\/\/mjau.se\/fi\/wp-json\/wp\/v2\/pages\/882"}],"wp:featuredmedia":[{"embeddable":true,"href":"https:\/\/mjau.se\/fi\/wp-json\/wp\/v2\/media\/1359"}],"wp:attachment":[{"href":"https:\/\/mjau.se\/fi\/wp-json\/wp\/v2\/media?parent=978"}],"curies":[{"name":"wp","href":"https:\/\/api.w.org\/{rel}","templated":true}]}}