{"id":934,"date":"2023-06-11T10:05:07","date_gmt":"2023-06-11T10:05:07","guid":{"rendered":"https:\/\/mjau.se\/fi\/?page_id=934"},"modified":"2024-05-13T06:50:51","modified_gmt":"2024-05-13T06:50:51","slug":"valja-namn-till-katten","status":"publish","type":"page","link":"https:\/\/mjau.se\/fi\/kaikki-kissoista\/kissan-hankinta\/valja-namn-till-katten\/","title":{"rendered":"Nimen valinta kissalle"},"content":{"rendered":"        <section class=\"sub-page-hero\">\n            <div class=\"container\">\n                \n                <div class=\"row\">\n                    <div class=\"col-md-8\">\n                        <h1 class=\"font-xl-primary\">Mik\u00e4 kissalle nimeksi?<\/h1><div class=\"article__introduction\">\n<p>Monilla kissanpennuilla tai adoptoitavilla kissoilla on jo nimi, jonka niille on antanut joko kasvattaja tai l\u00f6yt\u00f6el\u00e4intalo, mutta se ei est\u00e4 sinua valitsemasta mieleist\u00e4si kutsumanime\u00e4. Vaihtoehtoja on loputtomiin &#8211; mutta sopivan nimen valinta ei aina ole niin helppoa. Mjau on listannut muutamia vinkkej\u00e4 nimen valitsemiseksi uudelle karvakaverillesi.<\/p>\n<\/div>\n                    <\/div>\n                <\/div>\n            <\/div>\n        <\/section>\n    \n\n    <div class=\"single-column-warp\">\n        <div class=\"container\">\n            <div class=\"text-content\">\n               <p>T\u00e4ss\u00e4 muutamia neuvoja kuinka valita nimi kissalle, oli se sitten tytt\u00f6- tai poikakissa.<\/p>\n<ul>\n<li>Valitse nimi, joka on <strong>helppo lausua<\/strong>. Pitk\u00e4 nimi voi olla hankalavarsinkin kissaa kutsuessa. Lyhyempi kutsumanimi voi siksi olla helpompi jokap\u00e4iv\u00e4isess\u00e4 el\u00e4m\u00e4ss\u00e4.<\/li>\n<li>Valitse nimi, joka <strong>sopii kissasi persoonallisuuteen<\/strong>. Inspiraation l\u00e4hteen\u00e4 voi olla vaikka kissan uneliaisuus tai puuhakkuus. Aivan kuten Lumikin seitsem\u00e4n pient\u00e4 k\u00e4\u00e4pi\u00f6it\u00e4!<\/li>\n<li>Valitse nimi joka <strong>sopii kissasi ulkon\u00e4k\u00f6\u00f6n<\/strong><strong>.<\/strong> Onko sill\u00e4 jotain erityisi\u00e4 v\u00e4ril\u00e4iski\u00e4 tai muita tunnusmerkkej\u00e4, jotka tekev\u00e4t juuri sinun kisustasi erikoisen? Mit\u00e4 luultavammin ulkon\u00e4k\u00f6 oli ajatuksena kun Maija Maitoparta nimettiin.<\/li>\n<li>Valitse nimi, joka kertoo kissasi taustasta. Oletko adoptoinut kissan, vai onko sill\u00e4 joku muu erityinen historia, josta voit kertoa sen nimess\u00e4.<\/li>\n<li><strong>Anna lasten valita <\/strong>nimi. Voit joko antaa heid\u00e4n keksi\u00e4 ihan oma nimi kissalle, tai valita muutamasta esitt\u00e4m\u00e4st\u00e4si vaihtoehdosta. Nimen keksiminen on lasten mielest\u00e4 mukavaa puuhaa, ja se on hyv\u00e4 tapa saada heid\u00e4t tuntemaan itsens\u00e4 osalliseksi lemmikin omistamisesta ja sen hoitamisesta.<\/li>\n<\/ul>\n<p>Sanotaan my\u00f6s, ett\u00e4 kissat kuuntelevat s-kirjainta, ja siksi kissa pit\u00e4isikin antaa nimi, jossa on s-kirjain.<\/p>\n<p>Vain mielikuvitus on rajana kissannime\u00e4 keksiess\u00e4!<\/p>\n<h2>Lis\u00e4\u00e4 vinkkej\u00e4 nimen valintaan<\/h2>\n<p>Mik\u00e4li ajatus ei luista ja oma runosuoni pulppua, voit katsoa josko t\u00e4st\u00e4 kissojen <a href=\"https:\/\/kissaguru.fi\/kissojen-nimipaivakalenteri\/\">nimip\u00e4iv\u00e4kalenterista<\/a> l\u00f6ytyisi sopiva vaihtoehto.<\/p>\n                <\/div>\n            <\/div>\n        <\/div>\n\n\n\n        <section class=\"block post-promos\">\n        <div class=\"container\">\n            <h2 class=\"font-xl-primary\"><\/h2>\n            <div class=\"row gx-md-3\">\n                                        <div class=\"col-md-6 \">\n                            <a href=\"https:\/\/mjau.se\/fi\/kaikki-kissoista\/kissan-hankinta\/kissaturvallinen-koti\/\">\n                                <div class=\"card \">\n                                    <img loading=\"lazy\" decoding=\"async\" width=\"450\" height=\"300\" src=\"https:\/\/mjau.se\/fi\/wp-content\/uploads\/sites\/2\/2023\/06\/mjau-kattsakra-hemmet-450x300.jpg\" class=\"attachment-promo-thumbnail size-promo-thumbnail wp-post-image\" alt=\"Kissaturvallinen koti\" srcset=\"https:\/\/mjau.se\/fi\/wp-content\/uploads\/sites\/2\/2023\/06\/mjau-kattsakra-hemmet-450x300.jpg 450w, https:\/\/mjau.se\/fi\/wp-content\/uploads\/sites\/2\/2023\/06\/mjau-kattsakra-hemmet-768x511.jpg 768w, https:\/\/mjau.se\/fi\/wp-content\/uploads\/sites\/2\/2023\/06\/mjau-kattsakra-hemmet.jpg 800w\" sizes=\"(max-width: 450px) 100vw, 450px\" \/>                                                                        <div class=\"card-body\">\n\n                                                                                <h6>Kissaturvallinen koti<\/h6>\n                                        <p>Kissa on utelias ja pit\u00e4\u00e4 ymp\u00e4rist\u00f6ns\u00e4 tutkimisesta! Tee kodistasi kissaturvallinen, poistamalla kaikki sellaiset tavarat jotka voivat vahingoittaa kissaa, ja my\u00f6s sellaiset tavarat, jotka kissa voi rikkoa s\u00e4\u00e4sty\u00e4ksesi turhilta harmeilta.<\/p>\n                                                                                    <a href=\"https:\/\/mjau.se\/fi\/kaikki-kissoista\/kissan-hankinta\/kissaturvallinen-koti\/\" class=\"btn btn-default\">Lue lis\u00e4\u00e4<\/a>\n                                        \n                                    <\/div>\n                                <\/div>\n                            <\/a>\n                        <\/div>\n                                        <div class=\"col-md-6 \">\n                            <a href=\"https:\/\/mjau.se\/fi\/kaikki-kissoista\/kissan-hankinta\/kissan-tarvitsemia-tavaroita\/\">\n                                <div class=\"card \">\n                                    <img loading=\"lazy\" decoding=\"async\" width=\"450\" height=\"300\" src=\"https:\/\/mjau.se\/fi\/wp-content\/uploads\/sites\/2\/2023\/06\/mjau-saker-katten-behover-450x300.jpg\" class=\"attachment-promo-thumbnail size-promo-thumbnail wp-post-image\" alt=\"Kissan tarvitsemia tavaroita\" \/>                                                                        <div class=\"card-body\">\n\n                                                                                <h6>Kissan tarvitsemia tavaroita<\/h6>\n                                        <p>Kissankoppa, nukkumapaikka, hiekkalaatikko, ruokakuppi &#8211; joitakin niist\u00e4 tavaroista, joita kissasi tarvitsee. Mjau on kasannut k\u00e4yt\u00e4nn\u00f6llisen ostoslistan niist\u00e4 t\u00e4rkeimmist\u00e4 tavaroista, jotka sinun tulee hankkia ja valmistella ennen kuin kissa tulee kotiin.<\/p>\n                                                                                    <a href=\"https:\/\/mjau.se\/fi\/kaikki-kissoista\/kissan-hankinta\/kissan-tarvitsemia-tavaroita\/\" class=\"btn btn-default\">Lue lis\u00e4\u00e4<\/a>\n                                        \n                                    <\/div>\n                                <\/div>\n                            <\/a>\n                        <\/div>\n                            <\/div>\n                    <\/div>\n    <\/section>\n","protected":false},"excerpt":{"rendered":"","protected":false},"author":1,"featured_media":0,"parent":882,"menu_order":0,"comment_status":"closed","ping_status":"closed","template":"guternberg.php","meta":{"footnotes":""},"acf":[],"yoast_head":"<!-- This site is optimized with the Yoast SEO plugin v20.10 - https:\/\/yoast.com\/wordpress\/plugins\/seo\/ -->\n<title>Kattnamn - vad ska katten heta? - Mjau Finland<\/title>\n<meta name=\"description\" content=\"Tuntuuko nimen valinta kissalle vaikealta? T\u00e4\u00e4lt\u00e4 l\u00f6yd\u00e4t vinkkej\u00e4 valintaan sek\u00e4 kissojen nimip\u00e4iv\u00e4kalenterin, josta voit etsi\u00e4 vaihtoehtoja.\" \/>\n<meta name=\"robots\" content=\"index, follow, max-snippet:-1, max-image-preview:large, max-video-preview:-1\" \/>\n<link rel=\"canonical\" href=\"https:\/\/mjau.se\/fi\/kaikki-kissoista\/kissan-hankinta\/valja-namn-till-katten\/\" \/>\n<meta property=\"og:locale\" content=\"en_US\" \/>\n<meta property=\"og:type\" content=\"article\" \/>\n<meta property=\"og:title\" content=\"Kattnamn - vad ska katten heta? - Mjau Finland\" \/>\n<meta property=\"og:description\" content=\"Tuntuuko nimen valinta kissalle vaikealta? T\u00e4\u00e4lt\u00e4 l\u00f6yd\u00e4t vinkkej\u00e4 valintaan sek\u00e4 kissojen nimip\u00e4iv\u00e4kalenterin, josta voit etsi\u00e4 vaihtoehtoja.\" \/>\n<meta property=\"og:url\" content=\"https:\/\/mjau.se\/fi\/kaikki-kissoista\/kissan-hankinta\/valja-namn-till-katten\/\" \/>\n<meta property=\"og:site_name\" content=\"Mjau Finland\" \/>\n<meta property=\"article:modified_time\" content=\"2024-05-13T06:50:51+00:00\" \/>\n<meta name=\"twitter:card\" content=\"summary_large_image\" \/>\n<!-- \/ Yoast SEO plugin. -->","yoast_head_json":{"title":"Kattnamn - vad ska katten heta? - Mjau Finland","description":"Tuntuuko nimen valinta kissalle vaikealta? T\u00e4\u00e4lt\u00e4 l\u00f6yd\u00e4t vinkkej\u00e4 valintaan sek\u00e4 kissojen nimip\u00e4iv\u00e4kalenterin, josta voit etsi\u00e4 vaihtoehtoja.","robots":{"index":"index","follow":"follow","max-snippet":"max-snippet:-1","max-image-preview":"max-image-preview:large","max-video-preview":"max-video-preview:-1"},"canonical":"https:\/\/mjau.se\/fi\/kaikki-kissoista\/kissan-hankinta\/valja-namn-till-katten\/","og_locale":"en_US","og_type":"article","og_title":"Kattnamn - vad ska katten heta? - Mjau Finland","og_description":"Tuntuuko nimen valinta kissalle vaikealta? T\u00e4\u00e4lt\u00e4 l\u00f6yd\u00e4t vinkkej\u00e4 valintaan sek\u00e4 kissojen nimip\u00e4iv\u00e4kalenterin, josta voit etsi\u00e4 vaihtoehtoja.","og_url":"https:\/\/mjau.se\/fi\/kaikki-kissoista\/kissan-hankinta\/valja-namn-till-katten\/","og_site_name":"Mjau Finland","article_modified_time":"2024-05-13T06:50:51+00:00","twitter_card":"summary_large_image","schema":{"@context":"https:\/\/schema.org","@graph":[{"@type":"WebPage","@id":"https:\/\/mjau.se\/fi\/kaikki-kissoista\/kissan-hankinta\/valja-namn-till-katten\/","url":"https:\/\/mjau.se\/fi\/kaikki-kissoista\/kissan-hankinta\/valja-namn-till-katten\/","name":"Kattnamn - vad ska katten heta? - Mjau Finland","isPartOf":{"@id":"https:\/\/mjau.se\/fi\/#website"},"datePublished":"2023-06-11T10:05:07+00:00","dateModified":"2024-05-13T06:50:51+00:00","description":"Tuntuuko nimen valinta kissalle vaikealta? T\u00e4\u00e4lt\u00e4 l\u00f6yd\u00e4t vinkkej\u00e4 valintaan sek\u00e4 kissojen nimip\u00e4iv\u00e4kalenterin, josta voit etsi\u00e4 vaihtoehtoja.","breadcrumb":{"@id":"https:\/\/mjau.se\/fi\/kaikki-kissoista\/kissan-hankinta\/valja-namn-till-katten\/#breadcrumb"},"inLanguage":"en-US","potentialAction":[{"@type":"ReadAction","target":["https:\/\/mjau.se\/fi\/kaikki-kissoista\/kissan-hankinta\/valja-namn-till-katten\/"]}]},{"@type":"BreadcrumbList","@id":"https:\/\/mjau.se\/fi\/kaikki-kissoista\/kissan-hankinta\/valja-namn-till-katten\/#breadcrumb","itemListElement":[{"@type":"ListItem","position":1,"name":"Home","item":"https:\/\/mjau.se\/fi\/"},{"@type":"ListItem","position":2,"name":"Kaikki kissoista","item":"https:\/\/mjau.se\/fi\/kaikki-kissoista\/"},{"@type":"ListItem","position":3,"name":"Kissan hankinta","item":"https:\/\/mjau.se\/fi\/kaikki-kissoista\/kissan-hankinta\/"},{"@type":"ListItem","position":4,"name":"Nimen valinta kissalle"}]},{"@type":"WebSite","@id":"https:\/\/mjau.se\/fi\/#website","url":"https:\/\/mjau.se\/fi\/","name":"Mjau Finland","description":"","potentialAction":[{"@type":"SearchAction","target":{"@type":"EntryPoint","urlTemplate":"https:\/\/mjau.se\/fi\/?s={search_term_string}"},"query-input":"required name=search_term_string"}],"inLanguage":"en-US"}]}},"_links":{"self":[{"href":"https:\/\/mjau.se\/fi\/wp-json\/wp\/v2\/pages\/934"}],"collection":[{"href":"https:\/\/mjau.se\/fi\/wp-json\/wp\/v2\/pages"}],"about":[{"href":"https:\/\/mjau.se\/fi\/wp-json\/wp\/v2\/types\/page"}],"author":[{"embeddable":true,"href":"https:\/\/mjau.se\/fi\/wp-json\/wp\/v2\/users\/1"}],"replies":[{"embeddable":true,"href":"https:\/\/mjau.se\/fi\/wp-json\/wp\/v2\/comments?post=934"}],"version-history":[{"count":41,"href":"https:\/\/mjau.se\/fi\/wp-json\/wp\/v2\/pages\/934\/revisions"}],"predecessor-version":[{"id":5418,"href":"https:\/\/mjau.se\/fi\/wp-json\/wp\/v2\/pages\/934\/revisions\/5418"}],"up":[{"embeddable":true,"href":"https:\/\/mjau.se\/fi\/wp-json\/wp\/v2\/pages\/882"}],"wp:attachment":[{"href":"https:\/\/mjau.se\/fi\/wp-json\/wp\/v2\/media?parent=934"}],"curies":[{"name":"wp","href":"https:\/\/api.w.org\/{rel}","templated":true}]}}