{"id":930,"date":"2023-06-11T10:01:30","date_gmt":"2023-06-11T10:01:30","guid":{"rendered":"https:\/\/mjau.se\/fi\/?page_id=930"},"modified":"2024-04-22T09:51:55","modified_gmt":"2024-04-22T09:51:55","slug":"useampi-kissa","status":"publish","type":"page","link":"https:\/\/mjau.se\/fi\/kaikki-kissoista\/kissan-hankinta\/useampi-kissa\/","title":{"rendered":"Useampi kissa"},"content":{"rendered":"        <section class=\"sub-page-hero\">\n            <div class=\"container\">\n                \n                <div class=\"row\">\n                    <div class=\"col-md-8\">\n                        <h1 class=\"font-xl-primary\">Uuden kissan hankinta \u2013 hyv\u00e4 ottaa huomioon<\/h1><p>Kissat ovat yksil\u00f6it\u00e4, ja kaikki eiv\u00e4t pid\u00e4 toisista kissoista. On kuitenkin monia kissoja, jotka pit\u00e4v\u00e4t kissakaverista. Siksi on hyv\u00e4 tiedotaa tilanne, ennen kuin hankit uutta kissaa.<\/p>\n                    <\/div>\n                <\/div>\n            <\/div>\n        <\/section>\n    \n\n    <div class=\"single-column-warp\">\n        <div class=\"container\">\n            <div class=\"text-content\">\n               <h2>Yksi vai kaksi kissaa?<\/h2>\n<p>Toisen kissan hankkiminen voi olla iso askel, mutta erityisesti sis\u00e4kissoilla on suurempi tarve sosiaalisiin kontakteihin. Osa l\u00f6yt\u00f6el\u00e4intaloista ei luovuta kissanpentuja kodin ainoaksi kissaksi, erityisesti jos siit\u00e4 tulee sis\u00e4kissa. Monet kissat esimerkiksi yst\u00e4vystyv\u00e4t l\u00f6yt\u00f6el\u00e4intalolla ja haluavat mielell\u00e4\u00e4n tulla adoptoiduiksi yhdess\u00e4 parhaan kaverinsa kanssa.<\/p>\n<p>Jos p\u00e4\u00e4t\u00e4t hankkia uuden kissan, on siihen eri tapoja.<\/p>\n<h3>Kissanpentu voi olla helpompi hyv\u00e4ksy\u00e4<\/h3>\n<p>Mik\u00e4li sinulla on jo aikuinen kissa, joka tarvitsee kissakaveria, voi olla helpompaa ottaa kaveriksi kissanpentu. Siten aikuinen kissasi ei koe reviiri\u00e4\u00e4n uhatuksi ja se voi opettaa pennun kodin tavoille.<\/p>\n<h3>Varmista, ett\u00e4 kissoilla on mahdollisuus per\u00e4\u00e4nty\u00e4<\/h3>\n<p>Kastroidut kissat tulevat yleens\u00e4 paremmin toimeen, ja on monia asioita mit\u00e4 voit tehd\u00e4, jotta kissasi tutustuvat toisiinsa paremmin. Esimerkiksi \u00e4l\u00e4 esittele kissoja siten, ett\u00e4 kukaan niist\u00e4 voi joutua ahdistetuksi nurkkaan. Kissat usein mieluummin per\u00e4\u00e4ntyv\u00e4t, kuin alkavat tappelemaan v\u00e4kivaltaisesti tuntiessaaan itsens\u00e4 uhatuksi ilman pakotiet\u00e4. Kun molemmilla kissoilla on mahdollisuus per\u00e4\u00e4nty\u00e4, voit v\u00e4ltty\u00e4 monesta kire\u00e4st\u00e4 kohtaamisesta.<\/p>\n<h3>Kissat tarvitsevat omia asioita<\/h3>\n<p>Jos yhdest\u00e4 tulee kaksi, pid\u00e4 huolta my\u00f6s siit\u00e4, ett\u00e4 tavaroita on tarpeeksi kahdelle kissalle. Yksi kissa voi valita jonkun tietyn makuupaikan omaksi reviirikseen. Jos makuupaikkoja on vain yksi, voi siit\u00e4 helposti synty\u00e4 riita. Useammasta mukavasta pedist\u00e4 ja makuupaikasta kissat voivat valita vapaasti. Ne vaihtavat mielell\u00e4\u00e4n s\u00e4\u00e4nn\u00f6llisin v\u00e4liajoin toiseen mielipaikkaa, joten on hyv\u00e4 hankkia useampi peti kissoille. Kissat voivat samoin haluta tehd\u00e4 tarpeensa eri laatikoihin, erityisesti kun ne eiv\u00e4t viel\u00e4 tunne toisiaan hyvin.<\/p>\n                <\/div>\n            <\/div>\n        <\/div>\n\n\n\n        <section class=\"block post-promos\">\n        <div class=\"container\">\n            <h2 class=\"font-xl-primary\"><\/h2>\n            <div class=\"row gx-md-3\">\n                                        <div class=\"col-md-6 col-lg-4\">\n                            <a href=\"https:\/\/mjau.se\/fi\/kaikki-kissoista\/kissan-hankinta\/hiekkalaatikolla-kaynti\/\">\n                                <div class=\"card \">\n                                    <img loading=\"lazy\" decoding=\"async\" width=\"450\" height=\"300\" src=\"https:\/\/mjau.se\/fi\/wp-content\/uploads\/sites\/2\/2023\/06\/mjau-kattlada-rumsren-450x300.jpg\" class=\"attachment-promo-thumbnail size-promo-thumbnail wp-post-image\" alt=\"Hiekkalaatikolla k\u00e4ynti\" srcset=\"https:\/\/mjau.se\/fi\/wp-content\/uploads\/sites\/2\/2023\/06\/mjau-kattlada-rumsren-450x300.jpg 450w, https:\/\/mjau.se\/fi\/wp-content\/uploads\/sites\/2\/2023\/06\/mjau-kattlada-rumsren-768x511.jpg 768w, https:\/\/mjau.se\/fi\/wp-content\/uploads\/sites\/2\/2023\/06\/mjau-kattlada-rumsren.jpg 800w\" sizes=\"(max-width: 450px) 100vw, 450px\" \/>                                                                        <div class=\"card-body\">\n\n                                                                                <h6>Hiekkalaatikolla k\u00e4ynti<\/h6>\n                                        <p>Jos olet hankkinut t\u00e4ysikasvuisen tai yli 14 viikon ik\u00e4isen kissanpennun, on se luultavimmin jo sis\u00e4siisti. Silti uudessa kodissa kissalle tarvitsee opettaa hiekkalaatikolla k\u00e4ynti. Se tapahtuu yleens\u00e4 nopeasti ja helposti, koska kissat ovat siistej\u00e4 el\u00e4imi\u00e4. Muista sijoittaa hiekkalaatikko rauhalliseen paikkaan ja k\u00e4ytt\u00e4\u00e4 hiekkaa josta kissasi pit\u00e4\u00e4.<\/p>\n                                        \n                                    <\/div>\n                                <\/div>\n                            <\/a>\n                        <\/div>\n                                        <div class=\"col-md-6 col-lg-4\">\n                            <a href=\"https:\/\/mjau.se\/fi\/kaikki-kissoista\/kissan-hankinta\/kissan-jattaminen-yksin\/\">\n                                <div class=\"card \">\n                                    <img loading=\"lazy\" decoding=\"async\" width=\"450\" height=\"300\" src=\"https:\/\/mjau.se\/fi\/wp-content\/uploads\/sites\/2\/2023\/06\/mjau-lamna-katt-ensam-450x300.jpg\" class=\"attachment-promo-thumbnail size-promo-thumbnail wp-post-image\" alt=\"Kissan j\u00e4tt\u00e4minen yksin\" srcset=\"https:\/\/mjau.se\/fi\/wp-content\/uploads\/sites\/2\/2023\/06\/mjau-lamna-katt-ensam-450x300.jpg 450w, https:\/\/mjau.se\/fi\/wp-content\/uploads\/sites\/2\/2023\/06\/mjau-lamna-katt-ensam-768x514.jpg 768w, https:\/\/mjau.se\/fi\/wp-content\/uploads\/sites\/2\/2023\/06\/mjau-lamna-katt-ensam.jpg 800w\" sizes=\"(max-width: 450px) 100vw, 450px\" \/>                                                                        <div class=\"card-body\">\n\n                                                                                <h6>Kissan j\u00e4tt\u00e4minen yksin<\/h6>\n                                        <p>Aikuisen kissan voi j\u00e4tt\u00e4\u00e4 yksin, mutta ei liian pitk\u00e4ksi aikaa. Kissat tarvisevat sosiaalisia kontakteja. Jos olet p\u00e4ivitt\u00e4in pitk\u00e4\u00e4n poissa, tarvitsee kissasi virikkeit\u00e4 tarjoavan ymp\u00e4rist\u00f6n. Jos matkustat pois, on t\u00e4rke\u00e4\u00e4, ett\u00e4 joku toinen hoitaa kissaa riitt\u00e4v\u00e4n pitk\u00e4n aikaa p\u00e4ivitt\u00e4in.<\/p>\n                                        \n                                    <\/div>\n                                <\/div>\n                            <\/a>\n                        <\/div>\n                                        <div class=\"col-md-6 col-lg-4\">\n                            <a href=\"https:\/\/mjau.se\/fi\/kattliv\/kissan-adoptointi\/\">\n                                <div class=\"card \">\n                                    <img loading=\"lazy\" decoding=\"async\" width=\"450\" height=\"300\" src=\"https:\/\/mjau.se\/fi\/wp-content\/uploads\/sites\/2\/2023\/06\/mjau-adoptera-katt-450x300.jpg\" class=\"attachment-promo-thumbnail size-promo-thumbnail wp-post-image\" alt=\"Kissan adoptointi\" srcset=\"https:\/\/mjau.se\/fi\/wp-content\/uploads\/sites\/2\/2023\/06\/mjau-adoptera-katt-450x300.jpg 450w, https:\/\/mjau.se\/fi\/wp-content\/uploads\/sites\/2\/2023\/06\/mjau-adoptera-katt-768x514.jpg 768w, https:\/\/mjau.se\/fi\/wp-content\/uploads\/sites\/2\/2023\/06\/mjau-adoptera-katt.jpg 800w\" sizes=\"(max-width: 450px) 100vw, 450px\" \/>                                                                        <div class=\"card-body\">\n\n                                                                                <h6>Kissan adoptointi<\/h6>\n                                        <p>Suomessa on paljon kodittomia kissoja. Kun adoptoit kissan l\u00f6yt\u00f6el\u00e4intalosta, voit varmistua siit\u00e4, ett\u00e4 kissa on el\u00e4inl\u00e4\u00e4k\u00e4rin tarkastama, rokotettu, tunnistusmerkitty ja leikattu (jos se on riitt\u00e4v\u00e4n vanha). L\u00f6yt\u00f6el\u00e4inkodeissa on useimmiten hyv\u00e4 n\u00e4kemys siell\u00e4 olevien kissojen persoonasta, ja he voivat auttaa sinua valitsemaan juuri el\u00e4m\u00e4ntilanteeseesi parhaiten sopivan yksil\u00f6n.<\/p>\n                                        \n                                    <\/div>\n                                <\/div>\n                            <\/a>\n                        <\/div>\n                            <\/div>\n                    <\/div>\n    <\/section>\n","protected":false},"excerpt":{"rendered":"<p>Kissat ovat yksil\u00f6it\u00e4 ja kaikki erilaisia \u2013 osa niist\u00e4 haluaa kissakaverin, toiset taas ovat mieluummin kodin ainoa kissa. Kissanomistajana useimmiten tied\u00e4t parhaiten, mit\u00e4 juuri sinun kissasi haluaa. Mik\u00e4li haluat useamman kissan, on erilaisia tapoja auttaa kissojasi tulemaan paremmin toimeen kesken\u00e4\u00e4n. <\/p>\n","protected":false},"author":1,"featured_media":1361,"parent":882,"menu_order":0,"comment_status":"closed","ping_status":"closed","template":"guternberg.php","meta":{"footnotes":""},"acf":[],"yoast_head":"<!-- This site is optimized with the Yoast SEO plugin v20.10 - https:\/\/yoast.com\/wordpress\/plugins\/seo\/ -->\n<title>Skaffa en till katt - g\u00e5r det att ha tv\u00e5 katter? - Mjau Finland<\/title>\n<meta name=\"description\" content=\"Ska man ha en eller tv\u00e5 katter? Katter \u00e4r olika, vissa vill vara ensamma, andra vill ha kattkompisar. T\u00e4nk p\u00e5 det h\u00e4r om du funderar p\u00e5 att skaffa en till katt.\" \/>\n<meta name=\"robots\" content=\"index, follow, max-snippet:-1, max-image-preview:large, max-video-preview:-1\" \/>\n<link rel=\"canonical\" href=\"https:\/\/mjau.se\/fi\/kaikki-kissoista\/kissan-hankinta\/useampi-kissa\/\" \/>\n<meta property=\"og:locale\" content=\"en_US\" \/>\n<meta property=\"og:type\" content=\"article\" \/>\n<meta property=\"og:title\" content=\"Skaffa en till katt - g\u00e5r det att ha tv\u00e5 katter? - Mjau Finland\" \/>\n<meta property=\"og:description\" content=\"Ska man ha en eller tv\u00e5 katter? Katter \u00e4r olika, vissa vill vara ensamma, andra vill ha kattkompisar. T\u00e4nk p\u00e5 det h\u00e4r om du funderar p\u00e5 att skaffa en till katt.\" \/>\n<meta property=\"og:url\" content=\"https:\/\/mjau.se\/fi\/kaikki-kissoista\/kissan-hankinta\/useampi-kissa\/\" \/>\n<meta property=\"og:site_name\" content=\"Mjau Finland\" \/>\n<meta property=\"article:modified_time\" content=\"2024-04-22T09:51:55+00:00\" \/>\n<meta property=\"og:image\" content=\"https:\/\/mjau.se\/fi\/wp-content\/uploads\/sites\/2\/2023\/06\/mjau-ha-flera-katter-tillsammans.jpg\" \/>\n\t<meta property=\"og:image:width\" content=\"800\" \/>\n\t<meta property=\"og:image:height\" content=\"525\" \/>\n\t<meta property=\"og:image:type\" content=\"image\/jpeg\" \/>\n<meta name=\"twitter:card\" content=\"summary_large_image\" \/>\n<!-- \/ Yoast SEO plugin. -->","yoast_head_json":{"title":"Skaffa en till katt - g\u00e5r det att ha tv\u00e5 katter? - Mjau Finland","description":"Ska man ha en eller tv\u00e5 katter? Katter \u00e4r olika, vissa vill vara ensamma, andra vill ha kattkompisar. T\u00e4nk p\u00e5 det h\u00e4r om du funderar p\u00e5 att skaffa en till katt.","robots":{"index":"index","follow":"follow","max-snippet":"max-snippet:-1","max-image-preview":"max-image-preview:large","max-video-preview":"max-video-preview:-1"},"canonical":"https:\/\/mjau.se\/fi\/kaikki-kissoista\/kissan-hankinta\/useampi-kissa\/","og_locale":"en_US","og_type":"article","og_title":"Skaffa en till katt - g\u00e5r det att ha tv\u00e5 katter? - Mjau Finland","og_description":"Ska man ha en eller tv\u00e5 katter? Katter \u00e4r olika, vissa vill vara ensamma, andra vill ha kattkompisar. T\u00e4nk p\u00e5 det h\u00e4r om du funderar p\u00e5 att skaffa en till katt.","og_url":"https:\/\/mjau.se\/fi\/kaikki-kissoista\/kissan-hankinta\/useampi-kissa\/","og_site_name":"Mjau Finland","article_modified_time":"2024-04-22T09:51:55+00:00","og_image":[{"width":800,"height":525,"url":"https:\/\/mjau.se\/fi\/wp-content\/uploads\/sites\/2\/2023\/06\/mjau-ha-flera-katter-tillsammans.jpg","type":"image\/jpeg"}],"twitter_card":"summary_large_image","schema":{"@context":"https:\/\/schema.org","@graph":[{"@type":"WebPage","@id":"https:\/\/mjau.se\/fi\/kaikki-kissoista\/kissan-hankinta\/useampi-kissa\/","url":"https:\/\/mjau.se\/fi\/kaikki-kissoista\/kissan-hankinta\/useampi-kissa\/","name":"Skaffa en till katt - g\u00e5r det att ha tv\u00e5 katter? - Mjau Finland","isPartOf":{"@id":"https:\/\/mjau.se\/fi\/#website"},"datePublished":"2023-06-11T10:01:30+00:00","dateModified":"2024-04-22T09:51:55+00:00","description":"Ska man ha en eller tv\u00e5 katter? Katter \u00e4r olika, vissa vill vara ensamma, andra vill ha kattkompisar. T\u00e4nk p\u00e5 det h\u00e4r om du funderar p\u00e5 att skaffa en till katt.","breadcrumb":{"@id":"https:\/\/mjau.se\/fi\/kaikki-kissoista\/kissan-hankinta\/useampi-kissa\/#breadcrumb"},"inLanguage":"en-US","potentialAction":[{"@type":"ReadAction","target":["https:\/\/mjau.se\/fi\/kaikki-kissoista\/kissan-hankinta\/useampi-kissa\/"]}]},{"@type":"BreadcrumbList","@id":"https:\/\/mjau.se\/fi\/kaikki-kissoista\/kissan-hankinta\/useampi-kissa\/#breadcrumb","itemListElement":[{"@type":"ListItem","position":1,"name":"Home","item":"https:\/\/mjau.se\/fi\/"},{"@type":"ListItem","position":2,"name":"Kaikki kissoista","item":"https:\/\/mjau.se\/fi\/kaikki-kissoista\/"},{"@type":"ListItem","position":3,"name":"Kissan hankinta","item":"https:\/\/mjau.se\/fi\/kaikki-kissoista\/kissan-hankinta\/"},{"@type":"ListItem","position":4,"name":"Useampi kissa"}]},{"@type":"WebSite","@id":"https:\/\/mjau.se\/fi\/#website","url":"https:\/\/mjau.se\/fi\/","name":"Mjau Finland","description":"","potentialAction":[{"@type":"SearchAction","target":{"@type":"EntryPoint","urlTemplate":"https:\/\/mjau.se\/fi\/?s={search_term_string}"},"query-input":"required name=search_term_string"}],"inLanguage":"en-US"}]}},"_links":{"self":[{"href":"https:\/\/mjau.se\/fi\/wp-json\/wp\/v2\/pages\/930"}],"collection":[{"href":"https:\/\/mjau.se\/fi\/wp-json\/wp\/v2\/pages"}],"about":[{"href":"https:\/\/mjau.se\/fi\/wp-json\/wp\/v2\/types\/page"}],"author":[{"embeddable":true,"href":"https:\/\/mjau.se\/fi\/wp-json\/wp\/v2\/users\/1"}],"replies":[{"embeddable":true,"href":"https:\/\/mjau.se\/fi\/wp-json\/wp\/v2\/comments?post=930"}],"version-history":[{"count":14,"href":"https:\/\/mjau.se\/fi\/wp-json\/wp\/v2\/pages\/930\/revisions"}],"predecessor-version":[{"id":4932,"href":"https:\/\/mjau.se\/fi\/wp-json\/wp\/v2\/pages\/930\/revisions\/4932"}],"up":[{"embeddable":true,"href":"https:\/\/mjau.se\/fi\/wp-json\/wp\/v2\/pages\/882"}],"wp:featuredmedia":[{"embeddable":true,"href":"https:\/\/mjau.se\/fi\/wp-json\/wp\/v2\/media\/1361"}],"wp:attachment":[{"href":"https:\/\/mjau.se\/fi\/wp-json\/wp\/v2\/media?parent=930"}],"curies":[{"name":"wp","href":"https:\/\/api.w.org\/{rel}","templated":true}]}}