{"id":923,"date":"2023-06-11T09:46:00","date_gmt":"2023-06-11T09:46:00","guid":{"rendered":"https:\/\/mjau.se\/fi\/?page_id=923"},"modified":"2024-04-22T04:38:18","modified_gmt":"2024-04-22T04:38:18","slug":"hiekkalaatikolla-kaynti","status":"publish","type":"page","link":"https:\/\/mjau.se\/fi\/kaikki-kissoista\/kissan-hankinta\/hiekkalaatikolla-kaynti\/","title":{"rendered":"Hiekkalaatikolla k\u00e4ynti"},"content":{"rendered":"        <section class=\"sub-page-hero\">\n            <div class=\"container\">\n                \n                <div class=\"row\">\n                    <div class=\"col-md-8\">\n                        <h1 class=\"font-xl-primary\">Onko kissasi sis\u00e4siisti?<\/h1><p>Jos olet hankkinut t\u00e4ysikasvuisen tai yli 14 viikon ik\u00e4isen kissanpennun, on se luultavimmin jo sis\u00e4siisti. Silti uudessa kodissa kissalle tarvitsee opettaa hiekkalaatikolla k\u00e4ynti. Kissat ovat siistej\u00e4 el\u00e4imi\u00e4, joten asian ei pit\u00e4isi olla mik\u00e4\u00e4n ongelma, mutta t\u00e4ss\u00e4 muutamia neuvoja, jotka voivat helpottaa kissasi sis\u00e4siisteytt\u00e4.<\/p>\n                    <\/div>\n                <\/div>\n            <\/div>\n        <\/section>\n    \n\n    <div class=\"single-column-warp\">\n        <div class=\"container\">\n            <div class=\"text-content\">\n               <h2>Hiekkalaatikon paikka<\/h2>\n<p>Kun kissa menee laatikolle, tekee se tarpeensa mieluiten omassa rauhassaan, aivan kuten me ihmisetkin. Ota t\u00e4m\u00e4 siis huomioon hiekkalaatikon paikkaa miettiess\u00e4si, ja laita laatikko mahdollisimman rauhalliseen paikkaan. Huomioi my\u00f6s, ett\u00e4 laatikko on riitt\u00e4v\u00e4n syv\u00e4 kissallesi. Tehty\u00e4\u00e4n tarpeensa, kissat haluavat peitt\u00e4\u00e4 ne ja erityisesti i\u00e4kk\u00e4\u00e4mm\u00e4t kissat tarvitsevat usein syvemm\u00e4n laatikon. Hiekkalaatikkoja l\u00f6ytyy monenlaisia, kysy lemmikkitarvikeliikkeen henkil\u00f6kunnalta neuvoja, jotta saat laatikon joka sopii parhaiten kissallesi ja kotiisi.<\/p>\n<h2>Hygienia<\/h2>\n<p>Kuten sanottu, kissat ovat tarkkoja hygieniastaan, siksi on t\u00e4rke\u00e4\u00e4 pit\u00e4\u00e4 hiekkalaatikko puhtaana ja raikkaana. Mik\u00e4li k\u00e4yt\u00e4t paakkuuntuvaa kissanhiekkaa, poista paakut v\u00e4hint\u00e4\u00e4n kerran p\u00e4iv\u00e4ss\u00e4.<\/p>\n<p>Jos haluat vaihtaa k\u00e4ytt\u00e4m\u00e4si hiekan johonkin toiseen hiekkaan, tee muutos varoen. Kaikki kissanhiekat tuoksuvat erilaisilta, ja siksi voi ottaa aikansa, ennen kuin kissasi tottuu uuteen hiekkaan.<\/p>\n<h2>Jos kissa pissaa laatikon ulkopuolelle<\/h2>\n<p>Jos kissa ei ole sis\u00e4siisti, se voi olla merkki siit\u00e4, ett\u00e4 jotain on pieless\u00e4. Se voi johtua siit\u00e4, ett\u00e4 laatikoita on liian v\u00e4h\u00e4n, ett\u00e4 kissa on stressaantunut jostain tai sill\u00e4 on jokin fyysinen sairaus tai ongelma. Virtsatieongelmat ovat yleisi\u00e4 kissoilla, joten jos kissasi tekee tarpeensa laatikon ulkopuolelle, on hyv\u00e4 tarkistaa sen terveydentila el\u00e4inl\u00e4\u00e4k\u00e4rill\u00e4.<\/p>\n<p>Kissat pit\u00e4v\u00e4t pehme\u00e4st\u00e4 hiekasta tassujensa alla, ja osa kissoista kielt\u00e4ytyy k\u00e4ym\u00e4st\u00e4 laatikolla, jossa on pelletti\u00e4 tai liian karkeaa hiekkaa. Tavallisesti silloin kissa k\u00e4y tarpeillaan peitolla, pyykkikorissa, pyyhkeill\u00e4, kylpyhuoneen matolla tai muulla pehme\u00e4ll\u00e4 alustalla, jonne ne p\u00e4\u00e4sev\u00e4t. Joten, jos kissasi ei k\u00e4y laatikolla, kokeile eri hiekkatyyppej\u00e4 kunnes l\u00f6yd\u00e4t hiekan, josta se pit\u00e4\u00e4.<\/p>\n<h2>Opeta kissa k\u00e4ym\u00e4\u00e4n laatikolla<\/h2>\n<p>Jos kissasi k\u00e4y tarpeillaan laatikon ulkopuolella, voi olla hyv\u00e4 opettaa se uudestaan laatikolle, jotta siit\u00e4 tulee tapa. Nosta kissa laatikkoon, ja anna sen nuuskia siell\u00e4, jotta se tottuu siihen. Kissanpentu kannattaa aina laittaa laatikkoon ruokailun j\u00e4lkeen, koska yleens\u00e4 ne heti sy\u00f6misen j\u00e4lkeen k\u00e4yv\u00e4t tarpeillaan. Jos kissalle sattuu vahinko laatikon ulkopuolelle, on t\u00e4rke\u00e4\u00e4 olla rankasematta sit\u00e4. Sanot vain rauhallisesti &#8220;ei&#8221;, ja nostat kissan laatikkoon.<\/p>\n                <\/div>\n            <\/div>\n        <\/div>\n\n\n\n        <section class=\"block post-promos\">\n        <div class=\"container\">\n            <h2 class=\"font-xl-primary\"><\/h2>\n            <div class=\"row gx-md-3\">\n                                        <div class=\"col-md-6 col-lg-4\">\n                            <a href=\"https:\/\/mjau.se\/fi\/kaikki-kissoista\/kissan-hankinta\/mita-kissanhiekkaa-tulisi-kayttaa\/\">\n                                <div class=\"card \">\n                                    <img loading=\"lazy\" decoding=\"async\" width=\"450\" height=\"300\" src=\"https:\/\/mjau.se\/fi\/wp-content\/uploads\/sites\/2\/2023\/06\/mjau-kattsand-kattstro-pellets-450x300.jpg\" class=\"attachment-promo-thumbnail size-promo-thumbnail wp-post-image\" alt=\"Mit\u00e4 kissanhiekkaa tulisi k\u00e4ytt\u00e4\u00e4\" srcset=\"https:\/\/mjau.se\/fi\/wp-content\/uploads\/sites\/2\/2023\/06\/mjau-kattsand-kattstro-pellets-450x300.jpg 450w, https:\/\/mjau.se\/fi\/wp-content\/uploads\/sites\/2\/2023\/06\/mjau-kattsand-kattstro-pellets-768x511.jpg 768w, https:\/\/mjau.se\/fi\/wp-content\/uploads\/sites\/2\/2023\/06\/mjau-kattsand-kattstro-pellets.jpg 800w\" sizes=\"(max-width: 450px) 100vw, 450px\" \/>                                                                        <div class=\"card-body\">\n\n                                                                                <h6>Mit\u00e4 kissanhiekkaa tulisi k\u00e4ytt\u00e4\u00e4<\/h6>\n                                        <p>Mik\u00e4 kissanhiekka on parasta ja sopii parhaiten juuri sinun kissallesi, riippuu siit\u00e4 mist\u00e4 kissasi pit\u00e4\u00e4 ja mink\u00e4 se hyv\u00e4ksyy. Kissat ovat yksil\u00f6it\u00e4 ja niiden mieltymykset eri asioita kohtaan voivat vaihdella suuresti. T\u00e4rkeint\u00e4 on, ett\u00e4 hajut pysyv\u00e4t laatikossa. Kissat pyrkiv\u00e4t peitt\u00e4m\u00e4\u00e4n ep\u00e4miellytt\u00e4v\u00e4t hajut ja voivat stressaantua, jos eiv\u00e4t saa hajuja peitetty\u00e4.<\/p>\n                                        \n                                    <\/div>\n                                <\/div>\n                            <\/a>\n                        <\/div>\n                                        <div class=\"col-md-6 col-lg-4\">\n                            <a href=\"https:\/\/mjau.se\/fi\/kaikki-kissoista\/kissan-hankinta\/tarvitseeko-kissa-raapimalaudan\/\">\n                                <div class=\"card \">\n                                    <img loading=\"lazy\" decoding=\"async\" width=\"450\" height=\"300\" src=\"https:\/\/mjau.se\/fi\/wp-content\/uploads\/sites\/2\/2023\/06\/mjau-klosbrada-450x300.jpg\" class=\"attachment-promo-thumbnail size-promo-thumbnail wp-post-image\" alt=\"Tarvitseeko kissa raapimalaudan\" srcset=\"https:\/\/mjau.se\/fi\/wp-content\/uploads\/sites\/2\/2023\/06\/mjau-klosbrada-450x300.jpg 450w, https:\/\/mjau.se\/fi\/wp-content\/uploads\/sites\/2\/2023\/06\/mjau-klosbrada-768x511.jpg 768w, https:\/\/mjau.se\/fi\/wp-content\/uploads\/sites\/2\/2023\/06\/mjau-klosbrada.jpg 800w\" sizes=\"(max-width: 450px) 100vw, 450px\" \/>                                                                        <div class=\"card-body\">\n\n                                                                                <h6>Tarvitseeko kissa raapimalaudan<\/h6>\n                                        <p>Raapiminen on kissalle luonnollista k\u00e4yt\u00f6st\u00e4 ja tapa oman reviirins\u00e4 hajumerkint\u00e4\u00e4n. Mik\u00e4li kissallasi ei ole tavaroita joita se SAA raapia, se voi raapia huonekaluja ja seini\u00e4. Siksi on suotavaa, ett\u00e4 kissalla on luvallinen &#8220;raapimam\u00f6\u00f6peli&#8221;.<\/p>\n                                        \n                                    <\/div>\n                                <\/div>\n                            <\/a>\n                        <\/div>\n                            <\/div>\n                    <\/div>\n    <\/section>\n","protected":false},"excerpt":{"rendered":"<p>Jos olet hankkinut t\u00e4ysikasvuisen tai yli 14 viikon ik\u00e4isen kissanpennun, on se luultavimmin jo sis\u00e4siisti. Silti uudessa kodissa kissalle tarvitsee opettaa hiekkalaatikolla k\u00e4ynti. Se tapahtuu yleens\u00e4 nopeasti ja helposti, koska kissat ovat siistej\u00e4 el\u00e4imi\u00e4. Muista sijoittaa hiekkalaatikko rauhalliseen paikkaan ja k\u00e4ytt\u00e4\u00e4 hiekkaa josta kissasi pit\u00e4\u00e4.<\/p>\n","protected":false},"author":1,"featured_media":1384,"parent":882,"menu_order":0,"comment_status":"closed","ping_status":"closed","template":"guternberg.php","meta":{"footnotes":""},"acf":[],"yoast_head":"<!-- This site is optimized with the Yoast SEO plugin v20.10 - https:\/\/yoast.com\/wordpress\/plugins\/seo\/ -->\n<title>Kissa ei ole sis\u00e4siisti? Opeta se k\u00e4ym\u00e4\u00e4n laatikolla. - Mjau Finland<\/title>\n<meta name=\"description\" content=\"Kissan tai kissanpennun opettaminen hiekkalaatikolle ei yleens\u00e4 ole ongelma. T\u00e4\u00e4lt\u00e4 l\u00f6yd\u00e4t vinkkej\u00e4 kuinka toimia, ja tietoa miksi kissa ei ole sis\u00e4siisti.\" \/>\n<meta name=\"robots\" content=\"index, follow, max-snippet:-1, max-image-preview:large, max-video-preview:-1\" \/>\n<link rel=\"canonical\" href=\"https:\/\/mjau.se\/fi\/kaikki-kissoista\/kissan-hankinta\/hiekkalaatikolla-kaynti\/\" \/>\n<meta property=\"og:locale\" content=\"en_US\" \/>\n<meta property=\"og:type\" content=\"article\" \/>\n<meta property=\"og:title\" content=\"Kissa ei ole sis\u00e4siisti? Opeta se k\u00e4ym\u00e4\u00e4n laatikolla. - Mjau Finland\" \/>\n<meta property=\"og:description\" content=\"Kissan tai kissanpennun opettaminen hiekkalaatikolle ei yleens\u00e4 ole ongelma. T\u00e4\u00e4lt\u00e4 l\u00f6yd\u00e4t vinkkej\u00e4 kuinka toimia, ja tietoa miksi kissa ei ole sis\u00e4siisti.\" \/>\n<meta property=\"og:url\" content=\"https:\/\/mjau.se\/fi\/kaikki-kissoista\/kissan-hankinta\/hiekkalaatikolla-kaynti\/\" \/>\n<meta property=\"og:site_name\" content=\"Mjau Finland\" \/>\n<meta property=\"article:modified_time\" content=\"2024-04-22T04:38:18+00:00\" \/>\n<meta property=\"og:image\" content=\"https:\/\/mjau.se\/fi\/wp-content\/uploads\/sites\/2\/2023\/06\/mjau-kattlada-rumsren.jpg\" \/>\n\t<meta property=\"og:image:width\" content=\"800\" \/>\n\t<meta property=\"og:image:height\" content=\"532\" \/>\n\t<meta property=\"og:image:type\" content=\"image\/jpeg\" \/>\n<meta name=\"twitter:card\" content=\"summary_large_image\" \/>\n<!-- \/ Yoast SEO plugin. -->","yoast_head_json":{"title":"Kissa ei ole sis\u00e4siisti? Opeta se k\u00e4ym\u00e4\u00e4n laatikolla. - Mjau Finland","description":"Kissan tai kissanpennun opettaminen hiekkalaatikolle ei yleens\u00e4 ole ongelma. T\u00e4\u00e4lt\u00e4 l\u00f6yd\u00e4t vinkkej\u00e4 kuinka toimia, ja tietoa miksi kissa ei ole sis\u00e4siisti.","robots":{"index":"index","follow":"follow","max-snippet":"max-snippet:-1","max-image-preview":"max-image-preview:large","max-video-preview":"max-video-preview:-1"},"canonical":"https:\/\/mjau.se\/fi\/kaikki-kissoista\/kissan-hankinta\/hiekkalaatikolla-kaynti\/","og_locale":"en_US","og_type":"article","og_title":"Kissa ei ole sis\u00e4siisti? Opeta se k\u00e4ym\u00e4\u00e4n laatikolla. - Mjau Finland","og_description":"Kissan tai kissanpennun opettaminen hiekkalaatikolle ei yleens\u00e4 ole ongelma. T\u00e4\u00e4lt\u00e4 l\u00f6yd\u00e4t vinkkej\u00e4 kuinka toimia, ja tietoa miksi kissa ei ole sis\u00e4siisti.","og_url":"https:\/\/mjau.se\/fi\/kaikki-kissoista\/kissan-hankinta\/hiekkalaatikolla-kaynti\/","og_site_name":"Mjau Finland","article_modified_time":"2024-04-22T04:38:18+00:00","og_image":[{"width":800,"height":532,"url":"https:\/\/mjau.se\/fi\/wp-content\/uploads\/sites\/2\/2023\/06\/mjau-kattlada-rumsren.jpg","type":"image\/jpeg"}],"twitter_card":"summary_large_image","schema":{"@context":"https:\/\/schema.org","@graph":[{"@type":"WebPage","@id":"https:\/\/mjau.se\/fi\/kaikki-kissoista\/kissan-hankinta\/hiekkalaatikolla-kaynti\/","url":"https:\/\/mjau.se\/fi\/kaikki-kissoista\/kissan-hankinta\/hiekkalaatikolla-kaynti\/","name":"Kissa ei ole sis\u00e4siisti? Opeta se k\u00e4ym\u00e4\u00e4n laatikolla. - Mjau Finland","isPartOf":{"@id":"https:\/\/mjau.se\/fi\/#website"},"datePublished":"2023-06-11T09:46:00+00:00","dateModified":"2024-04-22T04:38:18+00:00","description":"Kissan tai kissanpennun opettaminen hiekkalaatikolle ei yleens\u00e4 ole ongelma. T\u00e4\u00e4lt\u00e4 l\u00f6yd\u00e4t vinkkej\u00e4 kuinka toimia, ja tietoa miksi kissa ei ole sis\u00e4siisti.","breadcrumb":{"@id":"https:\/\/mjau.se\/fi\/kaikki-kissoista\/kissan-hankinta\/hiekkalaatikolla-kaynti\/#breadcrumb"},"inLanguage":"en-US","potentialAction":[{"@type":"ReadAction","target":["https:\/\/mjau.se\/fi\/kaikki-kissoista\/kissan-hankinta\/hiekkalaatikolla-kaynti\/"]}]},{"@type":"BreadcrumbList","@id":"https:\/\/mjau.se\/fi\/kaikki-kissoista\/kissan-hankinta\/hiekkalaatikolla-kaynti\/#breadcrumb","itemListElement":[{"@type":"ListItem","position":1,"name":"Home","item":"https:\/\/mjau.se\/fi\/"},{"@type":"ListItem","position":2,"name":"Kaikki kissoista","item":"https:\/\/mjau.se\/fi\/kaikki-kissoista\/"},{"@type":"ListItem","position":3,"name":"Kissan hankinta","item":"https:\/\/mjau.se\/fi\/kaikki-kissoista\/kissan-hankinta\/"},{"@type":"ListItem","position":4,"name":"Hiekkalaatikolla k\u00e4ynti"}]},{"@type":"WebSite","@id":"https:\/\/mjau.se\/fi\/#website","url":"https:\/\/mjau.se\/fi\/","name":"Mjau Finland","description":"","potentialAction":[{"@type":"SearchAction","target":{"@type":"EntryPoint","urlTemplate":"https:\/\/mjau.se\/fi\/?s={search_term_string}"},"query-input":"required name=search_term_string"}],"inLanguage":"en-US"}]}},"_links":{"self":[{"href":"https:\/\/mjau.se\/fi\/wp-json\/wp\/v2\/pages\/923"}],"collection":[{"href":"https:\/\/mjau.se\/fi\/wp-json\/wp\/v2\/pages"}],"about":[{"href":"https:\/\/mjau.se\/fi\/wp-json\/wp\/v2\/types\/page"}],"author":[{"embeddable":true,"href":"https:\/\/mjau.se\/fi\/wp-json\/wp\/v2\/users\/1"}],"replies":[{"embeddable":true,"href":"https:\/\/mjau.se\/fi\/wp-json\/wp\/v2\/comments?post=923"}],"version-history":[{"count":9,"href":"https:\/\/mjau.se\/fi\/wp-json\/wp\/v2\/pages\/923\/revisions"}],"predecessor-version":[{"id":4934,"href":"https:\/\/mjau.se\/fi\/wp-json\/wp\/v2\/pages\/923\/revisions\/4934"}],"up":[{"embeddable":true,"href":"https:\/\/mjau.se\/fi\/wp-json\/wp\/v2\/pages\/882"}],"wp:featuredmedia":[{"embeddable":true,"href":"https:\/\/mjau.se\/fi\/wp-json\/wp\/v2\/media\/1384"}],"wp:attachment":[{"href":"https:\/\/mjau.se\/fi\/wp-json\/wp\/v2\/media?parent=923"}],"curies":[{"name":"wp","href":"https:\/\/api.w.org\/{rel}","templated":true}]}}