{"id":914,"date":"2023-06-11T09:35:28","date_gmt":"2023-06-11T09:35:28","guid":{"rendered":"https:\/\/mjau.se\/fi\/?page_id=914"},"modified":"2024-04-22T09:47:28","modified_gmt":"2024-04-22T09:47:28","slug":"mita-kissanhiekkaa-tulisi-kayttaa","status":"publish","type":"page","link":"https:\/\/mjau.se\/fi\/kaikki-kissoista\/kissan-hankinta\/mita-kissanhiekkaa-tulisi-kayttaa\/","title":{"rendered":"Mit\u00e4 kissanhiekkaa tulisi k\u00e4ytt\u00e4\u00e4"},"content":{"rendered":"        <section class=\"sub-page-hero\">\n            <div class=\"container\">\n                \n                <div class=\"row\">\n                    <div class=\"col-md-8\">\n                        <h1 class=\"font-xl-primary\">Valitse paras kissanhiekka juuri sinun kissallesi<\/h1><p>Mik\u00e4 kissanhiekka on parasta ja sopii parhaiten juuri sinun kissallesi, riippuu siit\u00e4 mist\u00e4 kissasi pit\u00e4\u00e4 ja mink\u00e4 se hyv\u00e4ksyy. Kissat ovat yksil\u00f6it\u00e4 ja niiden mieltymykset eri asioita kohtaan voivat vaihdella suuresti. T\u00e4rkeint\u00e4 on, ett\u00e4 hajut pysyv\u00e4t laatikossa. Kissat pyrkiv\u00e4t peitt\u00e4m\u00e4\u00e4n ep\u00e4miellytt\u00e4v\u00e4t hajut ja voivat stressaantua, jos eiv\u00e4t saa hajuja peitetty\u00e4.<\/p>\n                    <\/div>\n                <\/div>\n            <\/div>\n        <\/section>\n    \n\n    <div class=\"single-column-warp\">\n        <div class=\"container\">\n            <div class=\"text-content\">\n               <h2>Paakkuuntumaton vai paakkuuntuva<\/h2>\n<p>Kissanhiekkavalikoima on laaja.<\/p>\n<p>Yksi tavallisimmin k\u00e4ytetyist\u00e4 on paakkuntuva hiekka, joka helpottaa laatikon siistin\u00e4 pit\u00e4mist\u00e4. Hiekka valmistetaan bentoniittisavesta, joka on luonnontuote ja tuntuu pehme\u00e4lt\u00e4 ja mukavalta kissan tassuille.<\/p>\n<p>Paakkuntumaton kristallihiekka imeytt\u00e4\u00e4 nesteen itseens\u00e4, joten laatikosta t\u00e4ytyy poistaa vain kakat. Jos k\u00e4yt\u00e4t paakkuuntumatonta hiekkaa, tarvitsee koko laatikon sis\u00e4lt\u00f6 vaihtaa tasaisin v\u00e4liajoin, sill\u00e4 kristallien imu- ja hajunpid\u00e4tyskyvyll\u00e4 on rajansa.<\/p>\n<p>Pelleteist\u00e4 on my\u00f6s tullut suosittuja. Niiden etuna on edullinen hinta ja se on kompostoituva luonnonmateriaali, mutta pellettien k\u00e4ytt\u00f6 vaatii usein siihen erityisesti sopivan laatikon toimiakseen optimaalisesti.<\/p>\n<h2>Hyv\u00e4 kissanhiekka ei haise eik\u00e4 p\u00f6ly\u00e4<\/h2>\n<p>T\u00e4rkeint\u00e4 on tietenkin, ett\u00e4 hajut pysyv\u00e4t laatikossa. Kissat yritt\u00e4v\u00e4t peitt\u00e4\u00e4 j\u00e4t\u00f6stens\u00e4 hajut (siksi kaivaminen) ja kissa voi stressaantua jos se ei saa peitetty\u00e4 hajuja.<\/p>\n<p>Valitse my\u00f6s niin p\u00f6ly\u00e4m\u00e4t\u00f6n kissanhiekka kuin mahdollista. Kun kissa kaivelee laatikossa, se voi hengitt\u00e4\u00e4 p\u00f6ly\u00e4, joka voi olla eritt\u00e4in ongelmallista esimerkiksi kissoille, joilla on alttius astmaan.<\/p>\n<h2>Valitse se hiekka, josta kissa pit\u00e4\u00e4 eniten<\/h2>\n<p>Paras kissanhiekka on se, mist\u00e4 kissasi pit\u00e4\u00e4 ja mink\u00e4 se hyv\u00e4ksyy. Jotkut kissat kielt\u00e4ytyv\u00e4t pelleteist\u00e4, kun taas toisille niiden k\u00e4ytt\u00f6 ei aiheuta ongelmia. Joillekin pitk\u00e4karvaisille kissoille pienirakeinen paakkuuntuva kissanhiekka voi paakkuuntua polkuanturoiden v\u00e4liin, jolloin niille sopii paremmin isorakeinen hiekka tai pelletti.<\/p>\n<p>Jos kissasi tekee tarpeensa laatikon ulkopuolelle, on syyt\u00e4 kokeilla eri tyyppist\u00e4 hiekkaa. Osalle ei kelpaa hajustettu hiekka, jotkut eiv\u00e4t pid\u00e4 isorakeisesta hiekasta ja sitten on niit\u00e4, jotka rakastavat pellittien kaivelua. Kissat ovat yksil\u00f6it\u00e4 ja pit\u00e4v\u00e4t eri asioista!<\/p>\n                <\/div>\n            <\/div>\n        <\/div>\n\n\n\n        <section class=\"block post-promos\">\n        <div class=\"container\">\n            <h2 class=\"font-xl-primary\"><\/h2>\n            <div class=\"row gx-md-3\">\n                                        <div class=\"col-md-6 col-lg-4\">\n                            <a href=\"https:\/\/mjau.se\/fi\/kaikki-kissoista\/kissan-hankinta\/hiekkalaatikolla-kaynti\/\">\n                                <div class=\"card \">\n                                    <img loading=\"lazy\" decoding=\"async\" width=\"450\" height=\"300\" src=\"https:\/\/mjau.se\/fi\/wp-content\/uploads\/sites\/2\/2023\/06\/mjau-kattlada-rumsren-450x300.jpg\" class=\"attachment-promo-thumbnail size-promo-thumbnail wp-post-image\" alt=\"Hiekkalaatikolla k\u00e4ynti\" srcset=\"https:\/\/mjau.se\/fi\/wp-content\/uploads\/sites\/2\/2023\/06\/mjau-kattlada-rumsren-450x300.jpg 450w, https:\/\/mjau.se\/fi\/wp-content\/uploads\/sites\/2\/2023\/06\/mjau-kattlada-rumsren-768x511.jpg 768w, https:\/\/mjau.se\/fi\/wp-content\/uploads\/sites\/2\/2023\/06\/mjau-kattlada-rumsren.jpg 800w\" sizes=\"(max-width: 450px) 100vw, 450px\" \/>                                                                        <div class=\"card-body\">\n\n                                                                                <h6>Hiekkalaatikolla k\u00e4ynti<\/h6>\n                                        <p>Jos olet hankkinut t\u00e4ysikasvuisen tai yli 14 viikon ik\u00e4isen kissanpennun, on se luultavimmin jo sis\u00e4siisti. Silti uudessa kodissa kissalle tarvitsee opettaa hiekkalaatikolla k\u00e4ynti. Se tapahtuu yleens\u00e4 nopeasti ja helposti, koska kissat ovat siistej\u00e4 el\u00e4imi\u00e4. Muista sijoittaa hiekkalaatikko rauhalliseen paikkaan ja k\u00e4ytt\u00e4\u00e4 hiekkaa josta kissasi pit\u00e4\u00e4.<\/p>\n                                        \n                                    <\/div>\n                                <\/div>\n                            <\/a>\n                        <\/div>\n                                        <div class=\"col-md-6 col-lg-4\">\n                            <a href=\"https:\/\/mjau.se\/fi\/kaikki-kissoista\/kissan-hankinta\/kissaturvallinen-koti\/\">\n                                <div class=\"card \">\n                                    <img loading=\"lazy\" decoding=\"async\" width=\"450\" height=\"300\" src=\"https:\/\/mjau.se\/fi\/wp-content\/uploads\/sites\/2\/2023\/06\/mjau-kattsakra-hemmet-450x300.jpg\" class=\"attachment-promo-thumbnail size-promo-thumbnail wp-post-image\" alt=\"Kissaturvallinen koti\" srcset=\"https:\/\/mjau.se\/fi\/wp-content\/uploads\/sites\/2\/2023\/06\/mjau-kattsakra-hemmet-450x300.jpg 450w, https:\/\/mjau.se\/fi\/wp-content\/uploads\/sites\/2\/2023\/06\/mjau-kattsakra-hemmet-768x511.jpg 768w, https:\/\/mjau.se\/fi\/wp-content\/uploads\/sites\/2\/2023\/06\/mjau-kattsakra-hemmet.jpg 800w\" sizes=\"(max-width: 450px) 100vw, 450px\" \/>                                                                        <div class=\"card-body\">\n\n                                                                                <h6>Kissaturvallinen koti<\/h6>\n                                        <p>Kissa on utelias ja pit\u00e4\u00e4 ymp\u00e4rist\u00f6ns\u00e4 tutkimisesta! Tee kodistasi kissaturvallinen, poistamalla kaikki sellaiset tavarat jotka voivat vahingoittaa kissaa, ja my\u00f6s sellaiset tavarat, jotka kissa voi rikkoa s\u00e4\u00e4sty\u00e4ksesi turhilta harmeilta.<\/p>\n                                        \n                                    <\/div>\n                                <\/div>\n                            <\/a>\n                        <\/div>\n                            <\/div>\n                    <\/div>\n    <\/section>\n","protected":false},"excerpt":{"rendered":"<p>Mik\u00e4 kissanhiekka on parasta ja sopii parhaiten juuri sinun kissallesi, riippuu siit\u00e4 mist\u00e4 kissasi pit\u00e4\u00e4 ja mink\u00e4 se hyv\u00e4ksyy. Kissat ovat yksil\u00f6it\u00e4 ja niiden mieltymykset eri asioita kohtaan voivat vaihdella suuresti. T\u00e4rkeint\u00e4 on, ett\u00e4 hajut pysyv\u00e4t laatikossa. Kissat pyrkiv\u00e4t peitt\u00e4m\u00e4\u00e4n ep\u00e4miellytt\u00e4v\u00e4t hajut ja voivat stressaantua, jos eiv\u00e4t saa hajuja peitetty\u00e4.<\/p>\n","protected":false},"author":1,"featured_media":1376,"parent":882,"menu_order":0,"comment_status":"closed","ping_status":"closed","template":"guternberg.php","meta":{"footnotes":""},"acf":[],"yoast_head":"<!-- This site is optimized with the Yoast SEO plugin v20.10 - https:\/\/yoast.com\/wordpress\/plugins\/seo\/ -->\n<title>Kuinka valitset juuri sinun kissallesi parhaimman kissanhiekan? - Mjau Finland<\/title>\n<meta name=\"description\" content=\"Kissanhiekkoja on monenlaisia. Perehdy niiden ominaisuuksiin ja valitse juuri sinun kissallesi sopi - koska kissat pit\u00e4v\u00e4t eri asioista.\" \/>\n<meta name=\"robots\" content=\"index, follow, max-snippet:-1, max-image-preview:large, max-video-preview:-1\" \/>\n<link rel=\"canonical\" href=\"https:\/\/mjau.se\/fi\/kaikki-kissoista\/kissan-hankinta\/mita-kissanhiekkaa-tulisi-kayttaa\/\" \/>\n<meta property=\"og:locale\" content=\"en_US\" \/>\n<meta property=\"og:type\" content=\"article\" \/>\n<meta property=\"og:title\" content=\"Kuinka valitset juuri sinun kissallesi parhaimman kissanhiekan? - Mjau Finland\" \/>\n<meta property=\"og:description\" content=\"Kissanhiekkoja on monenlaisia. Perehdy niiden ominaisuuksiin ja valitse juuri sinun kissallesi sopi - koska kissat pit\u00e4v\u00e4t eri asioista.\" \/>\n<meta property=\"og:url\" content=\"https:\/\/mjau.se\/fi\/kaikki-kissoista\/kissan-hankinta\/mita-kissanhiekkaa-tulisi-kayttaa\/\" \/>\n<meta property=\"og:site_name\" content=\"Mjau Finland\" \/>\n<meta property=\"article:modified_time\" content=\"2024-04-22T09:47:28+00:00\" \/>\n<meta property=\"og:image\" content=\"https:\/\/mjau.se\/fi\/wp-content\/uploads\/sites\/2\/2023\/06\/mjau-kattsand-kattstro-pellets.jpg\" \/>\n\t<meta property=\"og:image:width\" content=\"800\" \/>\n\t<meta property=\"og:image:height\" content=\"532\" \/>\n\t<meta property=\"og:image:type\" content=\"image\/jpeg\" \/>\n<meta name=\"twitter:card\" content=\"summary_large_image\" \/>\n<!-- \/ Yoast SEO plugin. -->","yoast_head_json":{"title":"Kuinka valitset juuri sinun kissallesi parhaimman kissanhiekan? - Mjau Finland","description":"Kissanhiekkoja on monenlaisia. Perehdy niiden ominaisuuksiin ja valitse juuri sinun kissallesi sopi - koska kissat pit\u00e4v\u00e4t eri asioista.","robots":{"index":"index","follow":"follow","max-snippet":"max-snippet:-1","max-image-preview":"max-image-preview:large","max-video-preview":"max-video-preview:-1"},"canonical":"https:\/\/mjau.se\/fi\/kaikki-kissoista\/kissan-hankinta\/mita-kissanhiekkaa-tulisi-kayttaa\/","og_locale":"en_US","og_type":"article","og_title":"Kuinka valitset juuri sinun kissallesi parhaimman kissanhiekan? - Mjau Finland","og_description":"Kissanhiekkoja on monenlaisia. Perehdy niiden ominaisuuksiin ja valitse juuri sinun kissallesi sopi - koska kissat pit\u00e4v\u00e4t eri asioista.","og_url":"https:\/\/mjau.se\/fi\/kaikki-kissoista\/kissan-hankinta\/mita-kissanhiekkaa-tulisi-kayttaa\/","og_site_name":"Mjau Finland","article_modified_time":"2024-04-22T09:47:28+00:00","og_image":[{"width":800,"height":532,"url":"https:\/\/mjau.se\/fi\/wp-content\/uploads\/sites\/2\/2023\/06\/mjau-kattsand-kattstro-pellets.jpg","type":"image\/jpeg"}],"twitter_card":"summary_large_image","schema":{"@context":"https:\/\/schema.org","@graph":[{"@type":"WebPage","@id":"https:\/\/mjau.se\/fi\/kaikki-kissoista\/kissan-hankinta\/mita-kissanhiekkaa-tulisi-kayttaa\/","url":"https:\/\/mjau.se\/fi\/kaikki-kissoista\/kissan-hankinta\/mita-kissanhiekkaa-tulisi-kayttaa\/","name":"Kuinka valitset juuri sinun kissallesi parhaimman kissanhiekan? - Mjau Finland","isPartOf":{"@id":"https:\/\/mjau.se\/fi\/#website"},"datePublished":"2023-06-11T09:35:28+00:00","dateModified":"2024-04-22T09:47:28+00:00","description":"Kissanhiekkoja on monenlaisia. Perehdy niiden ominaisuuksiin ja valitse juuri sinun kissallesi sopi - koska kissat pit\u00e4v\u00e4t eri asioista.","breadcrumb":{"@id":"https:\/\/mjau.se\/fi\/kaikki-kissoista\/kissan-hankinta\/mita-kissanhiekkaa-tulisi-kayttaa\/#breadcrumb"},"inLanguage":"en-US","potentialAction":[{"@type":"ReadAction","target":["https:\/\/mjau.se\/fi\/kaikki-kissoista\/kissan-hankinta\/mita-kissanhiekkaa-tulisi-kayttaa\/"]}]},{"@type":"BreadcrumbList","@id":"https:\/\/mjau.se\/fi\/kaikki-kissoista\/kissan-hankinta\/mita-kissanhiekkaa-tulisi-kayttaa\/#breadcrumb","itemListElement":[{"@type":"ListItem","position":1,"name":"Home","item":"https:\/\/mjau.se\/fi\/"},{"@type":"ListItem","position":2,"name":"Kaikki kissoista","item":"https:\/\/mjau.se\/fi\/kaikki-kissoista\/"},{"@type":"ListItem","position":3,"name":"Kissan hankinta","item":"https:\/\/mjau.se\/fi\/kaikki-kissoista\/kissan-hankinta\/"},{"@type":"ListItem","position":4,"name":"Mit\u00e4 kissanhiekkaa tulisi k\u00e4ytt\u00e4\u00e4"}]},{"@type":"WebSite","@id":"https:\/\/mjau.se\/fi\/#website","url":"https:\/\/mjau.se\/fi\/","name":"Mjau Finland","description":"","potentialAction":[{"@type":"SearchAction","target":{"@type":"EntryPoint","urlTemplate":"https:\/\/mjau.se\/fi\/?s={search_term_string}"},"query-input":"required name=search_term_string"}],"inLanguage":"en-US"}]}},"_links":{"self":[{"href":"https:\/\/mjau.se\/fi\/wp-json\/wp\/v2\/pages\/914"}],"collection":[{"href":"https:\/\/mjau.se\/fi\/wp-json\/wp\/v2\/pages"}],"about":[{"href":"https:\/\/mjau.se\/fi\/wp-json\/wp\/v2\/types\/page"}],"author":[{"embeddable":true,"href":"https:\/\/mjau.se\/fi\/wp-json\/wp\/v2\/users\/1"}],"replies":[{"embeddable":true,"href":"https:\/\/mjau.se\/fi\/wp-json\/wp\/v2\/comments?post=914"}],"version-history":[{"count":10,"href":"https:\/\/mjau.se\/fi\/wp-json\/wp\/v2\/pages\/914\/revisions"}],"predecessor-version":[{"id":5014,"href":"https:\/\/mjau.se\/fi\/wp-json\/wp\/v2\/pages\/914\/revisions\/5014"}],"up":[{"embeddable":true,"href":"https:\/\/mjau.se\/fi\/wp-json\/wp\/v2\/pages\/882"}],"wp:featuredmedia":[{"embeddable":true,"href":"https:\/\/mjau.se\/fi\/wp-json\/wp\/v2\/media\/1376"}],"wp:attachment":[{"href":"https:\/\/mjau.se\/fi\/wp-json\/wp\/v2\/media?parent=914"}],"curies":[{"name":"wp","href":"https:\/\/api.w.org\/{rel}","templated":true}]}}