{"id":911,"date":"2023-06-11T09:31:12","date_gmt":"2023-06-11T09:31:12","guid":{"rendered":"https:\/\/mjau.se\/fi\/?page_id=911"},"modified":"2024-05-13T06:51:41","modified_gmt":"2024-05-13T06:51:41","slug":"tarvitseeko-kissa-raapimalaudan","status":"publish","type":"page","link":"https:\/\/mjau.se\/fi\/kaikki-kissoista\/kissan-hankinta\/tarvitseeko-kissa-raapimalaudan\/","title":{"rendered":"Tarvitseeko kissa raapimalaudan"},"content":{"rendered":"        <section class=\"sub-page-hero\">\n            <div class=\"container\">\n                \n                <div class=\"row\">\n                    <div class=\"col-md-8\">\n                        <h1 class=\"font-xl-primary\">Kuinka kissan saa lopettamaan huonekalujen raapimisen<\/h1><p>Kissat tarvitsevat jotakin, mit\u00e4 raapia. Se on luonnollinen k\u00e4yt\u00f6stapa ja tapa osoittaa miss\u00e4 ne asuvat. Jos niill\u00e4 ei ole luvallista raavittavaa, kynsi\u00e4 k\u00e4ytet\u00e4\u00e4n luvattomiin asioihin kuten huonekaluihin ja seiniin. Lue t\u00e4st\u00e4 vinkit kuinka saat kissan lopettamaan huonekalujen raapimisen.<\/p>\n                    <\/div>\n                <\/div>\n            <\/div>\n        <\/section>\n    \n\n    <div class=\"single-column-warp\">\n        <div class=\"container\">\n            <div class=\"text-content\">\n               <h2>Kissat raapivat huonekaluja &#8211; luonnollinen k\u00e4yt\u00f6stapa<\/h2>\n<p>Kissoilla on luontainen tapa raapia asioita. Siksi sinulla tulisi olla raapimalauta, raapimapuu tai jokin muu raapimiseen sopiva tavara. Raapiminen on kissan venyttely\u00e4, aktiviteettia, reviirinmerkint\u00e4\u00e4 ja kynsienhuoltoa. Kissoilla on tuoksurauhaset polkuanturoissaan ja kun ne raapivat, merkitsev\u00e4t ne tavarat my\u00f6s omalla hajullaan (jota me ihmiset emme pysty haistamaan). N\u00e4in ne osoittavat, miss\u00e4 asuvat!<\/p>\n<p><a title=\"Katter och revirmarkering\" href=\"https:\/\/mjau.se\/fi\/allt-om-katten\/kattens-beteende\/katter-och-revirmarkering\/\" data-udi=\"umb:\/\/document\/84b2412014f04e38ac08d7b18220a5ef\">Kissat ja reviirinmerkint\u00e4<\/a><\/p>\n<p>Sis\u00e4kissojen koti on niiden reviisi, ja kissat haluavat osoittaa asuvansa siell\u00e4. Jos kissalla ei ole sallittua raapimispaikka, kuten raapimaouu, voi siit\u00e4 tulla ongelma. Kissa voi ryhty\u00e4 raapimaan huonekaluja ja seini\u00e4. T\u00e4m\u00e4 on hyv\u00e4 ottaa huomioon, jos haluat, ett\u00e4 kissasi lopettaa huonekalujen raapimisen.<\/p>\n<p>Kissat raapivat mielell\u00e4 huoneissa jossa ihmiset, esimerkiksi vieraat, usein k\u00e4yv\u00e4t. Siksi sohvat ovat usein kissan kynsien kohteena, koska niit\u00e4 on mukava raapia ja ne ovat sijaitsevat hyviss\u00e4 paikoissa. Kissat raapivat mielell\u00e4\u00e4n my\u00f6s huoneissa, jonne ihmiset tulevat tullessaan kotiin, kuten eteisess\u00e4.<\/p>\n<h2>Sijoita raapimalauta korkealle<\/h2>\n<p>Kissat raapivat mielell\u00e4n\u00e4 korkeallae, pysty\u00e4kseen venyttelem\u00e4\u00e4n hyvin ja n\u00e4ytt\u00e4\u00e4n kuka ylt\u00e4\u00e4 korkeimmalle. Jotta kissa lopettaisi huonekalujen raapimisen, sijoita raapimalauta, raapimapuu tai raapimakaluste huoneeseen korkeammalle kuin esimerkiksi sohva. N\u00e4in raapimalauta voi nopeasti tulla mielenkiintoisemmaksi kuin huonekalut. Jos sinulla ei ole tilaa suurelle raapimakalusteelle, voit k\u00e4ytt\u00e4\u00e4 my\u00f6s k\u00e4tev\u00e4\u00e4 sein\u00e4llekiinnitett\u00e4v\u00e4\u00e4 raapimalautaa. Sen voit sijoittaa juuri sinun kissallesi sopivalle korkeudelle.<\/p>\n                <\/div>\n            <\/div>\n        <\/div>\n\n\n\n        <section class=\"block post-promos\">\n        <div class=\"container\">\n            <h2 class=\"font-xl-primary\"><\/h2>\n            <div class=\"row gx-md-3\">\n                                        <div class=\"col-md-6 \">\n                            <a href=\"https:\/\/mjau.se\/fi\/kaikki-kissoista\/kissan-hankinta\/kissan-tarvitsemia-tavaroita\/\">\n                                <div class=\"card \">\n                                    <img loading=\"lazy\" decoding=\"async\" width=\"450\" height=\"300\" src=\"https:\/\/mjau.se\/fi\/wp-content\/uploads\/sites\/2\/2023\/06\/mjau-saker-katten-behover-450x300.jpg\" class=\"attachment-promo-thumbnail size-promo-thumbnail wp-post-image\" alt=\"Kissan tarvitsemia tavaroita\" \/>                                                                        <div class=\"card-body\">\n\n                                                                                <h6>Kissan tarvitsemia tavaroita<\/h6>\n                                        <p>Kissankoppa, nukkumapaikka, hiekkalaatikko, ruokakuppi &#8211; joitakin niist\u00e4 tavaroista, joita kissasi tarvitsee. Mjau on kasannut k\u00e4yt\u00e4nn\u00f6llisen ostoslistan niist\u00e4 t\u00e4rkeimmist\u00e4 tavaroista, jotka sinun tulee hankkia ja valmistella ennen kuin kissa tulee kotiin.<\/p>\n                                                                                    <a href=\"https:\/\/mjau.se\/fi\/kaikki-kissoista\/kissan-hankinta\/kissan-tarvitsemia-tavaroita\/\" class=\"btn btn-default\">Lue lis\u00e4\u00e4<\/a>\n                                        \n                                    <\/div>\n                                <\/div>\n                            <\/a>\n                        <\/div>\n                                        <div class=\"col-md-6 \">\n                            <a href=\"https:\/\/mjau.se\/fi\/kaikki-kissoista\/kissan-hankinta\/mita-kissanhiekkaa-tulisi-kayttaa\/\">\n                                <div class=\"card \">\n                                    <img loading=\"lazy\" decoding=\"async\" width=\"450\" height=\"300\" src=\"https:\/\/mjau.se\/fi\/wp-content\/uploads\/sites\/2\/2023\/06\/mjau-kattsand-kattstro-pellets-450x300.jpg\" class=\"attachment-promo-thumbnail size-promo-thumbnail wp-post-image\" alt=\"Mit\u00e4 kissanhiekkaa tulisi k\u00e4ytt\u00e4\u00e4\" srcset=\"https:\/\/mjau.se\/fi\/wp-content\/uploads\/sites\/2\/2023\/06\/mjau-kattsand-kattstro-pellets-450x300.jpg 450w, https:\/\/mjau.se\/fi\/wp-content\/uploads\/sites\/2\/2023\/06\/mjau-kattsand-kattstro-pellets-768x511.jpg 768w, https:\/\/mjau.se\/fi\/wp-content\/uploads\/sites\/2\/2023\/06\/mjau-kattsand-kattstro-pellets.jpg 800w\" sizes=\"(max-width: 450px) 100vw, 450px\" \/>                                                                        <div class=\"card-body\">\n\n                                                                                <h6>Mit\u00e4 kissanhiekkaa tulisi k\u00e4ytt\u00e4\u00e4<\/h6>\n                                        <p>Mik\u00e4 kissanhiekka on parasta ja sopii parhaiten juuri sinun kissallesi, riippuu siit\u00e4 mist\u00e4 kissasi pit\u00e4\u00e4 ja mink\u00e4 se hyv\u00e4ksyy. Kissat ovat yksil\u00f6it\u00e4 ja niiden mieltymykset eri asioita kohtaan voivat vaihdella suuresti. T\u00e4rkeint\u00e4 on, ett\u00e4 hajut pysyv\u00e4t laatikossa. Kissat pyrkiv\u00e4t peitt\u00e4m\u00e4\u00e4n ep\u00e4miellytt\u00e4v\u00e4t hajut ja voivat stressaantua, jos eiv\u00e4t saa hajuja peitetty\u00e4.<\/p>\n                                                                                    <a href=\"https:\/\/mjau.se\/fi\/kaikki-kissoista\/kissan-hankinta\/mita-kissanhiekkaa-tulisi-kayttaa\/\" class=\"btn btn-default\">Lue lis\u00e4\u00e4<\/a>\n                                        \n                                    <\/div>\n                                <\/div>\n                            <\/a>\n                        <\/div>\n                                        <div class=\"col-md-6 \">\n                            <a href=\"https:\/\/mjau.se\/fi\/kaikki-kissoista\/kissan-hankinta\/hiekkalaatikolla-kaynti\/\">\n                                <div class=\"card \">\n                                    <img loading=\"lazy\" decoding=\"async\" width=\"450\" height=\"300\" src=\"https:\/\/mjau.se\/fi\/wp-content\/uploads\/sites\/2\/2023\/06\/mjau-kattlada-rumsren-450x300.jpg\" class=\"attachment-promo-thumbnail size-promo-thumbnail wp-post-image\" alt=\"Hiekkalaatikolla k\u00e4ynti\" srcset=\"https:\/\/mjau.se\/fi\/wp-content\/uploads\/sites\/2\/2023\/06\/mjau-kattlada-rumsren-450x300.jpg 450w, https:\/\/mjau.se\/fi\/wp-content\/uploads\/sites\/2\/2023\/06\/mjau-kattlada-rumsren-768x511.jpg 768w, https:\/\/mjau.se\/fi\/wp-content\/uploads\/sites\/2\/2023\/06\/mjau-kattlada-rumsren.jpg 800w\" sizes=\"(max-width: 450px) 100vw, 450px\" \/>                                                                        <div class=\"card-body\">\n\n                                                                                <h6>Hiekkalaatikolla k\u00e4ynti<\/h6>\n                                        <p>Jos olet hankkinut t\u00e4ysikasvuisen tai yli 14 viikon ik\u00e4isen kissanpennun, on se luultavimmin jo sis\u00e4siisti. Silti uudessa kodissa kissalle tarvitsee opettaa hiekkalaatikolla k\u00e4ynti. Se tapahtuu yleens\u00e4 nopeasti ja helposti, koska kissat ovat siistej\u00e4 el\u00e4imi\u00e4. Muista sijoittaa hiekkalaatikko rauhalliseen paikkaan ja k\u00e4ytt\u00e4\u00e4 hiekkaa josta kissasi pit\u00e4\u00e4.<\/p>\n                                                                                    <a href=\"https:\/\/mjau.se\/fi\/kaikki-kissoista\/kissan-hankinta\/hiekkalaatikolla-kaynti\/\" class=\"btn btn-default\">Lue lis\u00e4\u00e4<\/a>\n                                        \n                                    <\/div>\n                                <\/div>\n                            <\/a>\n                        <\/div>\n                                        <div class=\"col-md-6 \">\n                            <a href=\"https:\/\/mjau.se\/fi\/kaikki-kissoista\/kissan-hankinta\/kissaturvallinen-koti\/\">\n                                <div class=\"card \">\n                                    <img loading=\"lazy\" decoding=\"async\" width=\"450\" height=\"300\" src=\"https:\/\/mjau.se\/fi\/wp-content\/uploads\/sites\/2\/2023\/06\/mjau-kattsakra-hemmet-450x300.jpg\" class=\"attachment-promo-thumbnail size-promo-thumbnail wp-post-image\" alt=\"Kissaturvallinen koti\" srcset=\"https:\/\/mjau.se\/fi\/wp-content\/uploads\/sites\/2\/2023\/06\/mjau-kattsakra-hemmet-450x300.jpg 450w, https:\/\/mjau.se\/fi\/wp-content\/uploads\/sites\/2\/2023\/06\/mjau-kattsakra-hemmet-768x511.jpg 768w, https:\/\/mjau.se\/fi\/wp-content\/uploads\/sites\/2\/2023\/06\/mjau-kattsakra-hemmet.jpg 800w\" sizes=\"(max-width: 450px) 100vw, 450px\" \/>                                                                        <div class=\"card-body\">\n\n                                                                                <h6>Kissaturvallinen koti<\/h6>\n                                        <p>Kissa on utelias ja pit\u00e4\u00e4 ymp\u00e4rist\u00f6ns\u00e4 tutkimisesta! Tee kodistasi kissaturvallinen, poistamalla kaikki sellaiset tavarat jotka voivat vahingoittaa kissaa, ja my\u00f6s sellaiset tavarat, jotka kissa voi rikkoa s\u00e4\u00e4sty\u00e4ksesi turhilta harmeilta.<\/p>\n                                                                                    <a href=\"https:\/\/mjau.se\/fi\/kaikki-kissoista\/kissan-hankinta\/kissaturvallinen-koti\/\" class=\"btn btn-default\">Lue lis\u00e4\u00e4<\/a>\n                                        \n                                    <\/div>\n                                <\/div>\n                            <\/a>\n                        <\/div>\n                            <\/div>\n                    <\/div>\n    <\/section>\n","protected":false},"excerpt":{"rendered":"<p>Raapiminen on kissalle luonnollista k\u00e4yt\u00f6st\u00e4 ja tapa oman reviirins\u00e4 hajumerkint\u00e4\u00e4n. Mik\u00e4li kissallasi ei ole tavaroita joita se SAA raapia, se voi raapia huonekaluja ja seini\u00e4. Siksi on suotavaa, ett\u00e4 kissalla on luvallinen &#8220;raapimam\u00f6\u00f6peli&#8221;.<\/p>\n","protected":false},"author":1,"featured_media":1374,"parent":882,"menu_order":0,"comment_status":"closed","ping_status":"closed","template":"guternberg.php","meta":{"footnotes":""},"acf":[],"yoast_head":"<!-- This site is optimized with the Yoast SEO plugin v20.10 - https:\/\/yoast.com\/wordpress\/plugins\/seo\/ -->\n<title>Huonekalujen raapimisen lopettaminen raapimalaudan avulla Mjau Finland<\/title>\n<meta name=\"description\" content=\"Raapiminen on kissalle luonnollista. Siksi kissalla on syyt\u00e4 olla raapimapuu\/raapimalauta. Niin saat kissa lopettamaan huonekalujen raapimisen.\" \/>\n<meta name=\"robots\" content=\"index, follow, max-snippet:-1, max-image-preview:large, max-video-preview:-1\" \/>\n<link rel=\"canonical\" href=\"https:\/\/mjau.se\/fi\/kaikki-kissoista\/kissan-hankinta\/tarvitseeko-kissa-raapimalaudan\/\" \/>\n<meta property=\"og:locale\" content=\"en_US\" \/>\n<meta property=\"og:type\" content=\"article\" \/>\n<meta property=\"og:title\" content=\"Huonekalujen raapimisen lopettaminen raapimalaudan avulla Mjau Finland\" \/>\n<meta property=\"og:description\" content=\"Raapiminen on kissalle luonnollista. Siksi kissalla on syyt\u00e4 olla raapimapuu\/raapimalauta. Niin saat kissa lopettamaan huonekalujen raapimisen.\" \/>\n<meta property=\"og:url\" content=\"https:\/\/mjau.se\/fi\/kaikki-kissoista\/kissan-hankinta\/tarvitseeko-kissa-raapimalaudan\/\" \/>\n<meta property=\"og:site_name\" content=\"Mjau Finland\" \/>\n<meta property=\"article:modified_time\" content=\"2024-05-13T06:51:41+00:00\" \/>\n<meta property=\"og:image\" content=\"https:\/\/mjau.se\/fi\/wp-content\/uploads\/sites\/2\/2023\/06\/mjau-klosbrada.jpg\" \/>\n\t<meta property=\"og:image:width\" content=\"800\" \/>\n\t<meta property=\"og:image:height\" content=\"532\" \/>\n\t<meta property=\"og:image:type\" content=\"image\/jpeg\" \/>\n<meta name=\"twitter:card\" content=\"summary_large_image\" \/>\n<!-- \/ Yoast SEO plugin. -->","yoast_head_json":{"title":"Huonekalujen raapimisen lopettaminen raapimalaudan avulla Mjau Finland","description":"Raapiminen on kissalle luonnollista. Siksi kissalla on syyt\u00e4 olla raapimapuu\/raapimalauta. Niin saat kissa lopettamaan huonekalujen raapimisen.","robots":{"index":"index","follow":"follow","max-snippet":"max-snippet:-1","max-image-preview":"max-image-preview:large","max-video-preview":"max-video-preview:-1"},"canonical":"https:\/\/mjau.se\/fi\/kaikki-kissoista\/kissan-hankinta\/tarvitseeko-kissa-raapimalaudan\/","og_locale":"en_US","og_type":"article","og_title":"Huonekalujen raapimisen lopettaminen raapimalaudan avulla Mjau Finland","og_description":"Raapiminen on kissalle luonnollista. Siksi kissalla on syyt\u00e4 olla raapimapuu\/raapimalauta. Niin saat kissa lopettamaan huonekalujen raapimisen.","og_url":"https:\/\/mjau.se\/fi\/kaikki-kissoista\/kissan-hankinta\/tarvitseeko-kissa-raapimalaudan\/","og_site_name":"Mjau Finland","article_modified_time":"2024-05-13T06:51:41+00:00","og_image":[{"width":800,"height":532,"url":"https:\/\/mjau.se\/fi\/wp-content\/uploads\/sites\/2\/2023\/06\/mjau-klosbrada.jpg","type":"image\/jpeg"}],"twitter_card":"summary_large_image","schema":{"@context":"https:\/\/schema.org","@graph":[{"@type":"WebPage","@id":"https:\/\/mjau.se\/fi\/kaikki-kissoista\/kissan-hankinta\/tarvitseeko-kissa-raapimalaudan\/","url":"https:\/\/mjau.se\/fi\/kaikki-kissoista\/kissan-hankinta\/tarvitseeko-kissa-raapimalaudan\/","name":"Huonekalujen raapimisen lopettaminen raapimalaudan avulla Mjau Finland","isPartOf":{"@id":"https:\/\/mjau.se\/fi\/#website"},"datePublished":"2023-06-11T09:31:12+00:00","dateModified":"2024-05-13T06:51:41+00:00","description":"Raapiminen on kissalle luonnollista. Siksi kissalla on syyt\u00e4 olla raapimapuu\/raapimalauta. Niin saat kissa lopettamaan huonekalujen raapimisen.","breadcrumb":{"@id":"https:\/\/mjau.se\/fi\/kaikki-kissoista\/kissan-hankinta\/tarvitseeko-kissa-raapimalaudan\/#breadcrumb"},"inLanguage":"en-US","potentialAction":[{"@type":"ReadAction","target":["https:\/\/mjau.se\/fi\/kaikki-kissoista\/kissan-hankinta\/tarvitseeko-kissa-raapimalaudan\/"]}]},{"@type":"BreadcrumbList","@id":"https:\/\/mjau.se\/fi\/kaikki-kissoista\/kissan-hankinta\/tarvitseeko-kissa-raapimalaudan\/#breadcrumb","itemListElement":[{"@type":"ListItem","position":1,"name":"Home","item":"https:\/\/mjau.se\/fi\/"},{"@type":"ListItem","position":2,"name":"Kaikki kissoista","item":"https:\/\/mjau.se\/fi\/kaikki-kissoista\/"},{"@type":"ListItem","position":3,"name":"Kissan hankinta","item":"https:\/\/mjau.se\/fi\/kaikki-kissoista\/kissan-hankinta\/"},{"@type":"ListItem","position":4,"name":"Tarvitseeko kissa raapimalaudan"}]},{"@type":"WebSite","@id":"https:\/\/mjau.se\/fi\/#website","url":"https:\/\/mjau.se\/fi\/","name":"Mjau Finland","description":"","potentialAction":[{"@type":"SearchAction","target":{"@type":"EntryPoint","urlTemplate":"https:\/\/mjau.se\/fi\/?s={search_term_string}"},"query-input":"required name=search_term_string"}],"inLanguage":"en-US"}]}},"_links":{"self":[{"href":"https:\/\/mjau.se\/fi\/wp-json\/wp\/v2\/pages\/911"}],"collection":[{"href":"https:\/\/mjau.se\/fi\/wp-json\/wp\/v2\/pages"}],"about":[{"href":"https:\/\/mjau.se\/fi\/wp-json\/wp\/v2\/types\/page"}],"author":[{"embeddable":true,"href":"https:\/\/mjau.se\/fi\/wp-json\/wp\/v2\/users\/1"}],"replies":[{"embeddable":true,"href":"https:\/\/mjau.se\/fi\/wp-json\/wp\/v2\/comments?post=911"}],"version-history":[{"count":18,"href":"https:\/\/mjau.se\/fi\/wp-json\/wp\/v2\/pages\/911\/revisions"}],"predecessor-version":[{"id":5420,"href":"https:\/\/mjau.se\/fi\/wp-json\/wp\/v2\/pages\/911\/revisions\/5420"}],"up":[{"embeddable":true,"href":"https:\/\/mjau.se\/fi\/wp-json\/wp\/v2\/pages\/882"}],"wp:featuredmedia":[{"embeddable":true,"href":"https:\/\/mjau.se\/fi\/wp-json\/wp\/v2\/media\/1374"}],"wp:attachment":[{"href":"https:\/\/mjau.se\/fi\/wp-json\/wp\/v2\/media?parent=911"}],"curies":[{"name":"wp","href":"https:\/\/api.w.org\/{rel}","templated":true}]}}