{"id":908,"date":"2023-06-11T09:26:47","date_gmt":"2023-06-11T09:26:47","guid":{"rendered":"https:\/\/mjau.se\/fi\/?page_id=908"},"modified":"2024-05-13T06:49:48","modified_gmt":"2024-05-13T06:49:48","slug":"kissan-tarvitsemia-tavaroita","status":"publish","type":"page","link":"https:\/\/mjau.se\/fi\/kaikki-kissoista\/kissan-hankinta\/kissan-tarvitsemia-tavaroita\/","title":{"rendered":"Kissan tarvitsemia tavaroita"},"content":{"rendered":"        <section class=\"sub-page-hero\">\n            <div class=\"container\">\n                \n                <div class=\"row\">\n                    <div class=\"col-md-8\">\n                        <h1 class=\"font-xl-primary\">Mit\u00e4 kissa tarvitsee?<\/h1><p>Kun kissasi tai kissanpentusi kotiutuu sinulle, se tuntee olonsa yksin\u00e4iseksi ja h\u00e4mmentyneeksi &#8211; onhan se juuri j\u00e4tt\u00e4nyt taakseen kaiken tutun ja turvallisen.<\/p>\n                    <\/div>\n                <\/div>\n            <\/div>\n        <\/section>\n    \n\n    <div class=\"single-column-warp\">\n        <div class=\"container\">\n            <div class=\"text-content\">\n               <div class=\"article__introduction\">\n<p>Siksi onkin hyv\u00e4 valmistautua uuden perheenj\u00e4senen tuloon niin hyvin kuin mahdollista. Mutta mit\u00e4 kissa tarvitsee? Ja mit\u00e4 kissanpennulle pit\u00e4\u00e4 hankkia?Monia kysymyksi\u00e4, ja Mjau on laatinut ostoslistan, jota voit k\u00e4ytt\u00e4\u00e4 hankkiessasi kissasi tarvitsemia tavaroita.<\/p>\n<\/div>\n<div class=\"article__body\">\n<h2>Kissan hankinta &#8211; ostoslista:<\/h2>\n<h3>Kuljetuskoppa\/-kassi<\/h3>\n<p>Ensimm\u00e4isen\u00e4 ostoslistallasi, jo ennenkuin hankit kissan, on kuljetuskoppa. Oman ja kissasi turvallisuuden vuoksi kissan ei tule milloinkaan matkustaa autossa vapaana. Tarvitset siis jo ennen ensimm\u00e4ist\u00e4 kotimatkaa jonkinlaisen kuljetuskopan tai kuljetuslaukun, mieluiten hieman isomman mallin jota voit k\u00e4ytt\u00e4\u00e4 sek\u00e4 kissanpennulle ett\u00e4 t\u00e4ysikasvuiselle kissalle. Hyv\u00e4, ja riitt\u00e4v\u00e4n kokoinen koppa tai kassi kest\u00e4\u00e4 pitk\u00e4\u00e4n.<\/p>\n<p>Monet kissat stressaantuvat matkustamisesta ja silloin voi tapahtua vahinkoja. Varaudu siis puhtailla alusilla ja talouspaperilla, jos vahinko sattuisi tulemaan. Voit my\u00f6s peitt\u00e4\u00e4 kuljetuskopan peitolla tai pyyhkeell\u00e4, jotta kissasi voisi tuntea olonsa rauhallisemmaksi. Kissa tuntee olonsa turvallisemmaksi pime\u00e4ss\u00e4.<\/p>\n<p><a title=\"Ta hem katten\" href=\"https:\/\/mjau.se\/fi\/allt-om-katten\/skaffa-katt\/ta-hem-katten\/\" data-id=\"15498\">Huomioitavaa kissanpennun kotiutumiseen<\/a><\/p>\n<h3>Nukkumapaikka<\/h3>\n<p>Kissasi nukkuu aivan varmasti s\u00e4ngyss\u00e4si, sohvalla tai jossan muussa hyv\u00e4ss\u00e4 paikassa kotonasi, mutta se tarvitsee my\u00f6s aivan oman, mukavan nukkumapaikan, jonne se halutessaan voi vet\u00e4yty\u00e4 omaan rauhaansa. Yksinkertaisesti, oma paikka, jossa se tuntee olonsa turvalliseksi!<\/p>\n<p>Nukkumapaikka voi olla kori tai tyyny tai vastaava. Vaihtoehtoja on useita. T\u00e4ydenn\u00e4 kokonaisuutta mielell\u00e4\u00e4n my\u00f6s pehme\u00e4ll\u00e4 viltill\u00e4. Aseta peti rauhalliseen ja mukavaan paikkaan.<\/p>\n<h3>Hiekkalaatikko ja kissanhiekka<\/h3>\n<p>Seuraavana ostoslistalla ennen kissan hankintaa on hyv\u00e4 hiekkalaatikko ja <a title=\"Mjau kattsand\" href=\"https:\/\/mjau.se\/fi\/kattmat\/mjau\/mjaukattsand\/\" data-udi=\"umb:\/\/document\/8e6d38edea7c42919b1c42e65b47873a\">kissanhiekka<\/a>. Vaikka kissastasi on tarkoitus tulla ulkokissa, on kuitenkin hyv\u00e4 ett\u00e4 sill\u00e4kin on hiekkalaatikko, jossa se voi k\u00e4yd\u00e4 tarpeillaan.<\/p>\n<p>On makuasia hankkiiko avonaisen vai peitetyn laatikon. Valitse riitt\u00e4v\u00e4n syv\u00e4 laatikko, jotta sinne mahtuu niin paljon hiekkaa, ett\u00e4 kissasi voi peitt\u00e4\u00e4 tekem\u00e4ns\u00e4 tarpeet. Se v\u00e4hent\u00e4\u00e4 my\u00f6s laatikosta uloskantautuvan hiekan m\u00e4\u00e4r\u00e4\u00e4. Sijoita laatikko rauhalliseen paikkaan, jonne kissalla on aina esteet\u00f6n p\u00e4\u00e4sy.<\/p>\n<p>My\u00f6s hiekkalapio on hyv\u00e4 hankkia, koska se helpottaa laatikon puhdistamista.<\/p>\n<p><a title=\"Beh\u00f6ver jag kattl\u00e5da\" href=\"https:\/\/mjau.se\/fi\/kaikki-kissoista\/kissan-hankinta\/kissan-tarvitsemia-tavaroita\/\" data-id=\"15515\">Tarvitsenko hiekkalaatikon?<\/a><\/p>\n<p><a title=\"Vilken kattsand ska jag anv\u00e4nda\" href=\"https:\/\/mjau.se\/fi\/kaikki-kissoista\/kissan-hankinta\/mita-kissanhiekkaa-tulisi-kayttaa\/\" data-id=\"15516\">Mit\u00e4 kissanhiekkaa k\u00e4ytt\u00e4isin?<\/a><\/p>\n<h3>Ruokakuppi, vesikuppi ja kissanruoka<\/h3>\n<p>Kissa tarvitsee v\u00e4hint\u00e4\u00e4n kaksi kuppia, yksi ruokaa ja yksi vett\u00e4 varten. Osta mielell\u00e4\u00e4n matalahkoja, laakeita kuppeja, jotta kissan ei tarvitse sotkea herkki\u00e4 viiksikarvojaan. Muista, ett\u00e4 monet kissat haluavat sy\u00f6d\u00e4 ja juoda eri paikoissa, ja sijoita vesikuppi v\u00e4hint\u00e4\u00e4n metrin p\u00e4\u00e4h\u00e4n ruokakupista.<\/p>\n<p>Mit\u00e4 kissasi sy\u00f6, riippuu mm. siit\u00e4 mink\u00e4 ik\u00e4inen se on. Kissanpentu tarvitsee kissanpennuille sopivaa ruokaa. On usein parasta jatkaa samalla ruoalla mit\u00e4 kissan kasvattaja\/sen aikaisempi omistaja on k\u00e4ytt\u00e4nyt, sill\u00e4 kissojen &#8211; ja erityisesti kissanpentujen &#8211; vatsat ovat herkki\u00e4 muutoksille. Jos sinun tarvitsee vaihtaa ruoka, esimerkiksi kun kissanpentu siirtyy sy\u00f6m\u00e4\u00e4n aikuisten ruokaa, tee muutos riitt\u00e4v\u00e4n hitaasti.<\/p>\n<p><a title=\"Byta foder till kattunge\" href=\"https:\/\/mjau.se\/fi\/kaikki-kissoista\/kissan-hankinta\/kissan-tarvitsemia-tavaroita\/\" data-id=\"15500\">Vinkit kissanpennun ruoan vaihtamiseen<\/a><\/p>\n<p><a title=\"Byta foder vuxen katt\" href=\"https:\/\/mjau.se\/fi\/kaikki-kissoista\/kissan-terveys\/kissanruoka-tietoutta\/taysikasvuisen-kissan-ruoan-vaihto\/\" data-id=\"15296\">Vinkit kissan ruoan vaihtamiseen<\/a><\/p>\n<h3>Leikkikalut ja raapimalauta<\/h3>\n<p>Leikkiminen ja saalistaminen on t\u00e4rke\u00e4\u00e4 kissalle. Pieni kissanpentu oppii leikin kautta ja vanhemmalle kissalle leikki tekee hyv\u00e4\u00e4 sek\u00e4 kropalle ett\u00e4 kopalle. Ja leikkikaluissa riitt\u00e4\u00e4 tarjontaa, josta valita! Voit my\u00f6s k\u00e4ytt\u00e4\u00e4 luovuttasi ja k\u00e4dentaitojasi valmistamalla omia leluja kissallesi.<\/p>\n<p><a title=\"Kattlekar\" href=\"https:\/\/mjau.se\/fi\/kaikki-kissoista\/kissan-kayttaytyminen\/leikkeja-kissoille\/\" data-id=\"16170\">10 kivaa kissaleikki\u00e4<\/a><\/p>\n<p>Viel\u00e4 yksi asia ostoslistalla ennen kissan hankintaa\u00a0 &#8211; my\u00f6s sinun kannaltasi t\u00e4rke\u00e4 &#8211; on raapimam\u00f6\u00f6peli. Kissoilla on luonnollinen tarve raapia, mutta sen kynnet huonekaluissasi ei ole kovinkaan mukavaa. Siksi kissalle onkin syyt\u00e4 hankkia oma raapimam\u00f6\u00f6peli, niiss\u00e4kin l\u00f6ytyy vaihtoehtoja joista voit valita kotiisi parhaiten sopivan mallin.<\/p>\n<p><a title=\"Beh\u00f6ver katten en kl\u00f6sbr\u00e4da\" href=\"https:\/\/mjau.se\/fi\/kaikki-kissoista\/kissan-hankinta\/tarvitseeko-kissa-raapimalaudan\/\" data-id=\"15518\">Kuinka kissan saa lopettamaan huonekalujen raapimisen<\/a><\/p>\n<h3>Ostoslista tavaroista, jotka voivat olla tarpeellisia<\/h3>\n<ul>\n<li><strong>Punkinpoistaja<\/strong> \u2013 Ulkoileville kissoille voi tulla punkkeja. Punkinpoistaja auttaa sinua poistamaan punkit kissastasi turvallisesti ja helposti.<\/li>\n<li><strong>Harja\/kampa<\/strong> \u2013 Kissat ovat siistej\u00e4 el\u00e4imi\u00e4 ja terve ja reipas kissa hoitaa oman turkkinsa. Mutta jos kissallasi on pitk\u00e4 turkki, on sinun syyt\u00e4 k\u00e4ytt\u00e4\u00e4 hieman aikaa sen turkinhoitoon. Hyv\u00e4ll\u00e4 kammalla tai harjalla voit pit\u00e4\u00e4 turkin takuttomana ja roskattomana.<\/li>\n<li><strong>Kissa-apteekki<\/strong> \u2013 Ker\u00e4\u00e4 mielell\u00e4\u00e4n pieni &#8220;kissa-apteekki&#8221; kotiisi, siell\u00e4 on hyv\u00e4 olla saatavilla esimerkiksi punkkil\u00e4\u00e4kett\u00e4, haavan pesuainetta ja haavasalvaa sek\u00e4 verentyrehdytyssidoksia.<\/li>\n<li><strong>Kynsisakset<\/strong> &#8211; jos sinulla on sis\u00e4kissa, on sen kynsi\u00e4 hyv\u00e4 leikata silloin t\u00e4ll\u00f6in. Ulkokissojen kynsi\u00e4 ei tarvitse leikata.<\/li>\n<\/ul>\n<\/div>\n                <\/div>\n            <\/div>\n        <\/div>\n\n\n\n        <section class=\"block post-promos\">\n        <div class=\"container\">\n            <h2 class=\"font-xl-primary\"><\/h2>\n            <div class=\"row gx-md-3\">\n                                        <div class=\"col-md-6 \">\n                            <a href=\"https:\/\/mjau.se\/fi\/kaikki-kissoista\/kissan-hankinta\/kissaturvallinen-koti\/\">\n                                <div class=\"card \">\n                                    <img loading=\"lazy\" decoding=\"async\" width=\"450\" height=\"300\" src=\"https:\/\/mjau.se\/fi\/wp-content\/uploads\/sites\/2\/2023\/06\/mjau-kattsakra-hemmet-450x300.jpg\" class=\"attachment-promo-thumbnail size-promo-thumbnail wp-post-image\" alt=\"Kissaturvallinen koti\" srcset=\"https:\/\/mjau.se\/fi\/wp-content\/uploads\/sites\/2\/2023\/06\/mjau-kattsakra-hemmet-450x300.jpg 450w, https:\/\/mjau.se\/fi\/wp-content\/uploads\/sites\/2\/2023\/06\/mjau-kattsakra-hemmet-768x511.jpg 768w, https:\/\/mjau.se\/fi\/wp-content\/uploads\/sites\/2\/2023\/06\/mjau-kattsakra-hemmet.jpg 800w\" sizes=\"(max-width: 450px) 100vw, 450px\" \/>                                                                        <div class=\"card-body\">\n\n                                                                                <h6>Kissaturvallinen koti<\/h6>\n                                        <p>Kissa on utelias ja pit\u00e4\u00e4 ymp\u00e4rist\u00f6ns\u00e4 tutkimisesta! Tee kodistasi kissaturvallinen, poistamalla kaikki sellaiset tavarat jotka voivat vahingoittaa kissaa, ja my\u00f6s sellaiset tavarat, jotka kissa voi rikkoa s\u00e4\u00e4sty\u00e4ksesi turhilta harmeilta.<\/p>\n                                                                                    <a href=\"https:\/\/mjau.se\/fi\/kaikki-kissoista\/kissan-hankinta\/kissaturvallinen-koti\/\" class=\"btn btn-default\">Lue lis\u00e4\u00e4<\/a>\n                                        \n                                    <\/div>\n                                <\/div>\n                            <\/a>\n                        <\/div>\n                            <\/div>\n                    <\/div>\n    <\/section>\n","protected":false},"excerpt":{"rendered":"<p>Kissankoppa, nukkumapaikka, hiekkalaatikko, ruokakuppi &#8211; joitakin niist\u00e4 tavaroista, joita kissasi tarvitsee. Mjau on kasannut k\u00e4yt\u00e4nn\u00f6llisen ostoslistan niist\u00e4 t\u00e4rkeimmist\u00e4 tavaroista, jotka sinun tulee hankkia ja valmistella ennen kuin kissa tulee kotiin.<\/p>\n","protected":false},"author":1,"featured_media":1372,"parent":882,"menu_order":0,"comment_status":"closed","ping_status":"closed","template":"guternberg.php","meta":{"footnotes":""},"acf":[],"yoast_head":"<!-- This site is optimized with the Yoast SEO plugin v20.10 - https:\/\/yoast.com\/wordpress\/plugins\/seo\/ -->\n<title>Vad beh\u00f6ver en katt? Ink\u00f6pslista f\u00f6r nya katt\u00e4gare - Mjau Finland<\/title>\n<meta name=\"description\" content=\"Kissa tarvitsee nukkumapaikan ja hiekkalaatikon. Mutta mit\u00e4 muuta kissa tarvitsee? Katso Mjaun ostoslista ennen kissan hankintaa, ettet unohda mit\u00e4\u00e4n t\u00e4rke\u00e4\u00e4!\" \/>\n<meta name=\"robots\" content=\"index, follow, max-snippet:-1, max-image-preview:large, max-video-preview:-1\" \/>\n<link rel=\"canonical\" href=\"https:\/\/mjau.se\/fi\/kaikki-kissoista\/kissan-hankinta\/kissan-tarvitsemia-tavaroita\/\" \/>\n<meta property=\"og:locale\" content=\"en_US\" \/>\n<meta property=\"og:type\" content=\"article\" \/>\n<meta property=\"og:title\" content=\"Vad beh\u00f6ver en katt? Ink\u00f6pslista f\u00f6r nya katt\u00e4gare - Mjau Finland\" \/>\n<meta property=\"og:description\" content=\"Kissa tarvitsee nukkumapaikan ja hiekkalaatikon. Mutta mit\u00e4 muuta kissa tarvitsee? Katso Mjaun ostoslista ennen kissan hankintaa, ettet unohda mit\u00e4\u00e4n t\u00e4rke\u00e4\u00e4!\" \/>\n<meta property=\"og:url\" content=\"https:\/\/mjau.se\/fi\/kaikki-kissoista\/kissan-hankinta\/kissan-tarvitsemia-tavaroita\/\" \/>\n<meta property=\"og:site_name\" content=\"Mjau Finland\" \/>\n<meta property=\"article:modified_time\" content=\"2024-05-13T06:49:48+00:00\" \/>\n<meta property=\"og:image\" content=\"https:\/\/mjau.se\/fi\/wp-content\/uploads\/sites\/2\/2023\/06\/mjau-saker-katten-behover.jpg\" \/>\n\t<meta property=\"og:image:width\" content=\"800\" \/>\n\t<meta property=\"og:image:height\" content=\"536\" \/>\n\t<meta property=\"og:image:type\" content=\"image\/jpeg\" \/>\n<meta name=\"twitter:card\" content=\"summary_large_image\" \/>\n<!-- \/ Yoast SEO plugin. -->","yoast_head_json":{"title":"Vad beh\u00f6ver en katt? Ink\u00f6pslista f\u00f6r nya katt\u00e4gare - Mjau Finland","description":"Kissa tarvitsee nukkumapaikan ja hiekkalaatikon. Mutta mit\u00e4 muuta kissa tarvitsee? Katso Mjaun ostoslista ennen kissan hankintaa, ettet unohda mit\u00e4\u00e4n t\u00e4rke\u00e4\u00e4!","robots":{"index":"index","follow":"follow","max-snippet":"max-snippet:-1","max-image-preview":"max-image-preview:large","max-video-preview":"max-video-preview:-1"},"canonical":"https:\/\/mjau.se\/fi\/kaikki-kissoista\/kissan-hankinta\/kissan-tarvitsemia-tavaroita\/","og_locale":"en_US","og_type":"article","og_title":"Vad beh\u00f6ver en katt? Ink\u00f6pslista f\u00f6r nya katt\u00e4gare - Mjau Finland","og_description":"Kissa tarvitsee nukkumapaikan ja hiekkalaatikon. Mutta mit\u00e4 muuta kissa tarvitsee? Katso Mjaun ostoslista ennen kissan hankintaa, ettet unohda mit\u00e4\u00e4n t\u00e4rke\u00e4\u00e4!","og_url":"https:\/\/mjau.se\/fi\/kaikki-kissoista\/kissan-hankinta\/kissan-tarvitsemia-tavaroita\/","og_site_name":"Mjau Finland","article_modified_time":"2024-05-13T06:49:48+00:00","og_image":[{"width":800,"height":536,"url":"https:\/\/mjau.se\/fi\/wp-content\/uploads\/sites\/2\/2023\/06\/mjau-saker-katten-behover.jpg","type":"image\/jpeg"}],"twitter_card":"summary_large_image","schema":{"@context":"https:\/\/schema.org","@graph":[{"@type":"WebPage","@id":"https:\/\/mjau.se\/fi\/kaikki-kissoista\/kissan-hankinta\/kissan-tarvitsemia-tavaroita\/","url":"https:\/\/mjau.se\/fi\/kaikki-kissoista\/kissan-hankinta\/kissan-tarvitsemia-tavaroita\/","name":"Vad beh\u00f6ver en katt? Ink\u00f6pslista f\u00f6r nya katt\u00e4gare - Mjau Finland","isPartOf":{"@id":"https:\/\/mjau.se\/fi\/#website"},"datePublished":"2023-06-11T09:26:47+00:00","dateModified":"2024-05-13T06:49:48+00:00","description":"Kissa tarvitsee nukkumapaikan ja hiekkalaatikon. Mutta mit\u00e4 muuta kissa tarvitsee? Katso Mjaun ostoslista ennen kissan hankintaa, ettet unohda mit\u00e4\u00e4n t\u00e4rke\u00e4\u00e4!","breadcrumb":{"@id":"https:\/\/mjau.se\/fi\/kaikki-kissoista\/kissan-hankinta\/kissan-tarvitsemia-tavaroita\/#breadcrumb"},"inLanguage":"en-US","potentialAction":[{"@type":"ReadAction","target":["https:\/\/mjau.se\/fi\/kaikki-kissoista\/kissan-hankinta\/kissan-tarvitsemia-tavaroita\/"]}]},{"@type":"BreadcrumbList","@id":"https:\/\/mjau.se\/fi\/kaikki-kissoista\/kissan-hankinta\/kissan-tarvitsemia-tavaroita\/#breadcrumb","itemListElement":[{"@type":"ListItem","position":1,"name":"Home","item":"https:\/\/mjau.se\/fi\/"},{"@type":"ListItem","position":2,"name":"Kaikki kissoista","item":"https:\/\/mjau.se\/fi\/kaikki-kissoista\/"},{"@type":"ListItem","position":3,"name":"Kissan hankinta","item":"https:\/\/mjau.se\/fi\/kaikki-kissoista\/kissan-hankinta\/"},{"@type":"ListItem","position":4,"name":"Kissan tarvitsemia tavaroita"}]},{"@type":"WebSite","@id":"https:\/\/mjau.se\/fi\/#website","url":"https:\/\/mjau.se\/fi\/","name":"Mjau Finland","description":"","potentialAction":[{"@type":"SearchAction","target":{"@type":"EntryPoint","urlTemplate":"https:\/\/mjau.se\/fi\/?s={search_term_string}"},"query-input":"required name=search_term_string"}],"inLanguage":"en-US"}]}},"_links":{"self":[{"href":"https:\/\/mjau.se\/fi\/wp-json\/wp\/v2\/pages\/908"}],"collection":[{"href":"https:\/\/mjau.se\/fi\/wp-json\/wp\/v2\/pages"}],"about":[{"href":"https:\/\/mjau.se\/fi\/wp-json\/wp\/v2\/types\/page"}],"author":[{"embeddable":true,"href":"https:\/\/mjau.se\/fi\/wp-json\/wp\/v2\/users\/1"}],"replies":[{"embeddable":true,"href":"https:\/\/mjau.se\/fi\/wp-json\/wp\/v2\/comments?post=908"}],"version-history":[{"count":37,"href":"https:\/\/mjau.se\/fi\/wp-json\/wp\/v2\/pages\/908\/revisions"}],"predecessor-version":[{"id":5416,"href":"https:\/\/mjau.se\/fi\/wp-json\/wp\/v2\/pages\/908\/revisions\/5416"}],"up":[{"embeddable":true,"href":"https:\/\/mjau.se\/fi\/wp-json\/wp\/v2\/pages\/882"}],"wp:featuredmedia":[{"embeddable":true,"href":"https:\/\/mjau.se\/fi\/wp-json\/wp\/v2\/media\/1372"}],"wp:attachment":[{"href":"https:\/\/mjau.se\/fi\/wp-json\/wp\/v2\/media?parent=908"}],"curies":[{"name":"wp","href":"https:\/\/api.w.org\/{rel}","templated":true}]}}