{"id":903,"date":"2023-06-11T09:22:02","date_gmt":"2023-06-11T09:22:02","guid":{"rendered":"https:\/\/mjau.se\/fi\/?page_id=903"},"modified":"2024-04-22T04:40:47","modified_gmt":"2024-04-22T04:40:47","slug":"kissan-jattaminen-yksin","status":"publish","type":"page","link":"https:\/\/mjau.se\/fi\/kaikki-kissoista\/kissan-hankinta\/kissan-jattaminen-yksin\/","title":{"rendered":"Kissan j\u00e4tt\u00e4minen yksin"},"content":{"rendered":"        <section class=\"sub-page-hero\">\n            <div class=\"container\">\n                \n                <div class=\"row\">\n                    <div class=\"col-md-8\">\n                        <h1 class=\"font-xl-primary\">Kuinka kauan kissa voi olla yksin?<\/h1><p>Kissa voi olla yksin, mutta ei liian pitk\u00e4\u00e4n. Vaikka kissat eiv\u00e4t ole samanlaisia laumael\u00e4imi\u00e4 kuin koirat, kaipaavat ne kuitenkin my\u00f6s seuraa. Eli kuinka pitk\u00e4ksi aikaa kissan voi j\u00e4tt\u00e4\u00e4 yksin? Laki el\u00e4inten hyvinvoinnista m\u00e4\u00e4ritt\u00e4\u00e4, ett\u00e4 kissan vointi on tarkastettava v\u00e4hint\u00e4\u00e4n kerran vuorokaudessa, tarvittaessa useamminkin.<\/p>\n<p>&nbsp;<\/p>\n                    <\/div>\n                <\/div>\n            <\/div>\n        <\/section>\n    \n\n    <div class=\"single-column-warp\">\n        <div class=\"container\">\n            <div class=\"text-content\">\n               <div class=\"article__introduction\">\n<p>Mik\u00e4li j\u00e4t\u00e4t kissan kotiin matkalle l\u00e4htiess\u00e4si, on jonkun k\u00e4yt\u00e4v\u00e4 sen luona v\u00e4hint\u00e4\u00e4n kerran vuorokaudessa. Pidemm\u00e4ksi aikaa kissaa ei saa j\u00e4tt\u00e4\u00e4 yksin, eik\u00e4 t\u00e4ll\u00f6ink\u00e4\u00e4n riit\u00e4, ett\u00e4 pikaisesti vain k\u00e4yd\u00e4\u00e4n vain laittamassa uutta ruokaa tarjolle. Kissoilla on tarve sosiaalisiin kontakteihin ja ne voivat hyvin voidessaan tavata ihmisi\u00e4 ja muita el\u00e4imi\u00e4.<\/p>\n<\/div>\n<div class=\"article__body\">\n<h2>Kaikki kissat tarvitsevat stimuloivan ymp\u00e4rist\u00f6n<\/h2>\n<p>Jos j\u00e4t\u00e4t kissasi yksi pidemm\u00e4ksi aikaa, on stimuloiva ymp\u00e4rist\u00f6 sille hyv\u00e4ksi.<\/p>\n<p>Ulkokissat saavat luonnollisesti virikkeit\u00e4 ulkoillessaan, mutta ne haluavat mielell\u00e4\u00e4n my\u00f6s p\u00e4\u00e4syn sis\u00e4lle nukkumaan, piileskelem\u00e4\u00e4n ja teroittamaan kynsi\u00e4\u00e4n.<\/p>\n<p>Sis\u00e4kissoille ymp\u00e4rist\u00f6n merkitys on eritt\u00e4in t\u00e4rke\u00e4. Jos j\u00e4t\u00e4t kissan yksin ty\u00f6p\u00e4iv\u00e4n ajaksi, voit j\u00e4tt\u00e4\u00e4 kissalle raapimiseen sallittuja esineit\u00e4 tai k\u00e4ytt\u00e4\u00e4 aktivointileluja, joista se voi saalistaa ruokaansa, ja siten pysy\u00e4 aktiivisena my\u00f6s silloin kun et itse ole kotona.<\/p>\n<p>Monet kissat pit\u00e4v\u00e4t my\u00f6s kissakavereista, varsinkin jos ne ovat sis\u00e4kissoja.<\/p>\n<h2>Eri roduilla on erilaisia tarpeita<\/h2>\n<p>Kuinka pitk\u00e4ksi aikaa voin j\u00e4tt\u00e4\u00e4 kissa yksin p\u00e4ivitt\u00e4in? Useimmat kissat selvi\u00e4v\u00e4t ilman ongelmia omistajansa ty\u00f6p\u00e4iv\u00e4n ajan.<\/p>\n<p>Joillakin rotukissoilla on kuitenkin eritt\u00e4in suuri tarve sosiaaliseen kanssak\u00e4ymiseen ja aktivointiin. Siamilainen, it\u00e4maiset ja vastaavat rotukissat ovat eritt\u00e4in seurankipeit\u00e4 ja voivat voida huonosti, jos ne j\u00e4tet\u00e4\u00e4n yksin liian pitk\u00e4ksi aikaa. Kun taas toiset rodut, kuten bengali, ovat eritt\u00e4in energisi\u00e4 ja tarvitsevat runsaasti aktivointia.<\/p>\n<p>Mik\u00e4li harkitset kissan hankkimista, mieti huolella miten poissaolosi voi vaikuttaa siihen, ja millainen kissa sopisi parhaiten el\u00e4m\u00e4\u00e4si.<\/p>\n<h2>Voiko kissanpennun j\u00e4tt\u00e4\u00e4 yksin?<\/h2>\n<p>Kissanpentua ei pit\u00e4isi j\u00e4tt\u00e4\u00e4 yksi liian pitk\u00e4ksi aikaa. Kun kissanpentu kotiutuu, on se vasta erotettu em\u00e4st\u00e4\u00e4n ja sisaruksistaan ja tarvitsee paljon leikkimist\u00e4 ja hoivaa. Aivan ensimm\u00e4isin\u00e4 p\u00e4ivin\u00e4 pentua ei pit\u00e4isi j\u00e4tt\u00e4\u00e4 lainkaan yksin, muuten kuin eritt\u00e4in lyhyeksi aikaa.<\/p>\n<p>Alle 14 viikon ik\u00e4isi\u00e4 kissanpentuja ei saa erottaa em\u00e4st\u00e4\u00e4n muutoin kuin tilap\u00e4isesti. Vasta 14 viikon i\u00e4ss\u00e4 ne ovat valmiita selviytym\u00e4\u00e4n yksin ja voidaan silloin erottaa emostaan pysyv\u00e4sti. Liian aikaisin erotettu kissanpentu on riskialtis kehitt\u00e4m\u00e4\u00e4n lohtuk\u00e4ytt\u00e4ytymist\u00e4, ja alkaa ime\u00e4 tavaroita, kuten esimerkiksi peittoja. Se ei ole my\u00f6sk\u00e4\u00e4n saanut mahdollisuutta oppia nokkeluutta ja k\u00e4yt\u00f6stapoja em\u00e4lt\u00e4\u00e4n ja voi siksi k\u00e4ytt\u00e4yty\u00e4 agressiivisesti.<\/p>\n<\/div>\n                <\/div>\n            <\/div>\n        <\/div>\n\n\n\n        <section class=\"block post-promos\">\n        <div class=\"container\">\n            <h2 class=\"font-xl-primary\"><\/h2>\n            <div class=\"row gx-md-3\">\n                                        <div class=\"col-md-6 col-lg-4\">\n                            <a href=\"https:\/\/mjau.se\/fi\/kaikki-kissoista\/kissan-hankinta\/raser-som-passar-som-forstakatt\/\">\n                                <div class=\"card \">\n                                    <img loading=\"lazy\" decoding=\"async\" width=\"450\" height=\"300\" src=\"https:\/\/mjau.se\/fi\/wp-content\/uploads\/sites\/2\/2023\/06\/mjau-forstakatt-450x300.jpg\" class=\"attachment-promo-thumbnail size-promo-thumbnail wp-post-image\" alt=\"Ensimm\u00e4inen kissa\" srcset=\"https:\/\/mjau.se\/fi\/wp-content\/uploads\/sites\/2\/2023\/06\/mjau-forstakatt-450x300.jpg 450w, https:\/\/mjau.se\/fi\/wp-content\/uploads\/sites\/2\/2023\/06\/mjau-forstakatt-768x511.jpg 768w, https:\/\/mjau.se\/fi\/wp-content\/uploads\/sites\/2\/2023\/06\/mjau-forstakatt.jpg 800w\" sizes=\"(max-width: 450px) 100vw, 450px\" \/>                                                                        <div class=\"card-body\">\n\n                                                                                <h6>Ensimm\u00e4inen kissa<\/h6>\n                                        <p>Kaikki kissat ovat erilaisia. Millainen kissa sopii sinulle, riippuu paljon el\u00e4m\u00e4ntilanteestasi ja millaisen suhteen haluat kissaasi. Korkearaajaiset, hoikat kissa ovat aktiivisempia, kun taas matalammat, jykev\u00e4rakenteisemmat kissat usein ovat rauhallisempia. Jo pentulaatikossa voi erottaa kissanpentujen temperamenttia ja k\u00e4yt\u00f6seroja. Jos p\u00e4\u00e4dyt kodittoman kissan adoptioon, el\u00e4insuojeluyhdistykset useimmiten auttavat juuri sinulle sopivan kissayksil\u00f6n valinnassa. <\/p>\n                                        \n                                    <\/div>\n                                <\/div>\n                            <\/a>\n                        <\/div>\n                                        <div class=\"col-md-6 col-lg-4\">\n                            <a href=\"https:\/\/mjau.se\/fi\/kaikki-kissoista\/kissan-hankinta\/kissan-kustannukset\/\">\n                                <div class=\"card \">\n                                    <img loading=\"lazy\" decoding=\"async\" width=\"450\" height=\"300\" src=\"https:\/\/mjau.se\/fi\/wp-content\/uploads\/sites\/2\/2023\/06\/mjau-kostnad-ha-katt-450x300.jpg\" class=\"attachment-promo-thumbnail size-promo-thumbnail wp-post-image\" alt=\"Kissan kustannukset\" srcset=\"https:\/\/mjau.se\/fi\/wp-content\/uploads\/sites\/2\/2023\/06\/mjau-kostnad-ha-katt-450x300.jpg 450w, https:\/\/mjau.se\/fi\/wp-content\/uploads\/sites\/2\/2023\/06\/mjau-kostnad-ha-katt-768x512.jpg 768w, https:\/\/mjau.se\/fi\/wp-content\/uploads\/sites\/2\/2023\/06\/mjau-kostnad-ha-katt.jpg 800w\" sizes=\"(max-width: 450px) 100vw, 450px\" \/>                                                                        <div class=\"card-body\">\n\n                                                                                <h6>Kissan kustannukset<\/h6>\n                                        <p>Ensimm\u00e4isin\u00e4 vuosina saat kulumaan pajon rahaa kissaasi. Kissa tulee tunnistusmerkit\u00e4, rokottaa ja kastroida. Jos sinulla ei ole aiemmin ollut kissaa, joudut ostamaan my\u00f6s joitakin tarvikkeita. Tulevina vuosina kissan menot ovat 500-1000 euron luokkaa vuosittain. <\/p>\n                                        \n                                    <\/div>\n                                <\/div>\n                            <\/a>\n                        <\/div>\n                                        <div class=\"col-md-6 col-lg-4\">\n                            <a href=\"https:\/\/mjau.se\/fi\/kattliv\/kissan-adoptointi\/\">\n                                <div class=\"card \">\n                                    <img loading=\"lazy\" decoding=\"async\" width=\"450\" height=\"300\" src=\"https:\/\/mjau.se\/fi\/wp-content\/uploads\/sites\/2\/2023\/06\/mjau-adoptera-katt-450x300.jpg\" class=\"attachment-promo-thumbnail size-promo-thumbnail wp-post-image\" alt=\"Kissan adoptointi\" srcset=\"https:\/\/mjau.se\/fi\/wp-content\/uploads\/sites\/2\/2023\/06\/mjau-adoptera-katt-450x300.jpg 450w, https:\/\/mjau.se\/fi\/wp-content\/uploads\/sites\/2\/2023\/06\/mjau-adoptera-katt-768x514.jpg 768w, https:\/\/mjau.se\/fi\/wp-content\/uploads\/sites\/2\/2023\/06\/mjau-adoptera-katt.jpg 800w\" sizes=\"(max-width: 450px) 100vw, 450px\" \/>                                                                        <div class=\"card-body\">\n\n                                                                                <h6>Kissan adoptointi<\/h6>\n                                        <p>Suomessa on paljon kodittomia kissoja. Kun adoptoit kissan l\u00f6yt\u00f6el\u00e4intalosta, voit varmistua siit\u00e4, ett\u00e4 kissa on el\u00e4inl\u00e4\u00e4k\u00e4rin tarkastama, rokotettu, tunnistusmerkitty ja leikattu (jos se on riitt\u00e4v\u00e4n vanha). L\u00f6yt\u00f6el\u00e4inkodeissa on useimmiten hyv\u00e4 n\u00e4kemys siell\u00e4 olevien kissojen persoonasta, ja he voivat auttaa sinua valitsemaan juuri el\u00e4m\u00e4ntilanteeseesi parhaiten sopivan yksil\u00f6n.<\/p>\n                                        \n                                    <\/div>\n                                <\/div>\n                            <\/a>\n                        <\/div>\n                            <\/div>\n                    <\/div>\n    <\/section>\n","protected":false},"excerpt":{"rendered":"<p>Aikuisen kissan voi j\u00e4tt\u00e4\u00e4 yksin, mutta ei liian pitk\u00e4ksi aikaa. Kissat tarvisevat sosiaalisia kontakteja. Jos olet p\u00e4ivitt\u00e4in pitk\u00e4\u00e4n poissa, tarvitsee kissasi virikkeit\u00e4 tarjoavan ymp\u00e4rist\u00f6n. Jos matkustat pois, on t\u00e4rke\u00e4\u00e4, ett\u00e4 joku toinen hoitaa kissaa riitt\u00e4v\u00e4n pitk\u00e4n aikaa p\u00e4ivitt\u00e4in.<\/p>\n","protected":false},"author":1,"featured_media":1366,"parent":882,"menu_order":0,"comment_status":"closed","ping_status":"closed","template":"guternberg.php","meta":{"footnotes":""},"acf":[],"yoast_head":"<!-- This site is optimized with the Yoast SEO plugin v20.10 - https:\/\/yoast.com\/wordpress\/plugins\/seo\/ -->\n<title>S\u00e5 l\u00e4nge kan en katt l\u00e4mnas ensam - Mjau Finland<\/title>\n<meta name=\"description\" content=\"Kuinka kauan kissa tai kissanpentu voi olla yksin? Kissoja ei pidet\u00e4 laumael\u00e4imin\u00e4, mutta ne haluavat siit\u00e4 huolimatta seuraa, eik\u00e4 niit\u00e4 saa j\u00e4tt\u00e4\u00e4 yksin liian pitk\u00e4ksi aikaa.\" \/>\n<meta name=\"robots\" content=\"index, follow, max-snippet:-1, max-image-preview:large, max-video-preview:-1\" \/>\n<link rel=\"canonical\" href=\"https:\/\/mjau.se\/fi\/kaikki-kissoista\/kissan-hankinta\/kissan-jattaminen-yksin\/\" \/>\n<meta property=\"og:locale\" content=\"en_US\" \/>\n<meta property=\"og:type\" content=\"article\" \/>\n<meta property=\"og:title\" content=\"S\u00e5 l\u00e4nge kan en katt l\u00e4mnas ensam - Mjau Finland\" \/>\n<meta property=\"og:description\" content=\"Kuinka kauan kissa tai kissanpentu voi olla yksin? Kissoja ei pidet\u00e4 laumael\u00e4imin\u00e4, mutta ne haluavat siit\u00e4 huolimatta seuraa, eik\u00e4 niit\u00e4 saa j\u00e4tt\u00e4\u00e4 yksin liian pitk\u00e4ksi aikaa.\" \/>\n<meta property=\"og:url\" content=\"https:\/\/mjau.se\/fi\/kaikki-kissoista\/kissan-hankinta\/kissan-jattaminen-yksin\/\" \/>\n<meta property=\"og:site_name\" content=\"Mjau Finland\" \/>\n<meta property=\"article:modified_time\" content=\"2024-04-22T04:40:47+00:00\" \/>\n<meta property=\"og:image\" content=\"https:\/\/mjau.se\/fi\/wp-content\/uploads\/sites\/2\/2023\/06\/mjau-lamna-katt-ensam.jpg\" \/>\n\t<meta property=\"og:image:width\" content=\"800\" \/>\n\t<meta property=\"og:image:height\" content=\"535\" \/>\n\t<meta property=\"og:image:type\" content=\"image\/jpeg\" \/>\n<meta name=\"twitter:card\" content=\"summary_large_image\" \/>\n<!-- \/ Yoast SEO plugin. -->","yoast_head_json":{"title":"S\u00e5 l\u00e4nge kan en katt l\u00e4mnas ensam - Mjau Finland","description":"Kuinka kauan kissa tai kissanpentu voi olla yksin? Kissoja ei pidet\u00e4 laumael\u00e4imin\u00e4, mutta ne haluavat siit\u00e4 huolimatta seuraa, eik\u00e4 niit\u00e4 saa j\u00e4tt\u00e4\u00e4 yksin liian pitk\u00e4ksi aikaa.","robots":{"index":"index","follow":"follow","max-snippet":"max-snippet:-1","max-image-preview":"max-image-preview:large","max-video-preview":"max-video-preview:-1"},"canonical":"https:\/\/mjau.se\/fi\/kaikki-kissoista\/kissan-hankinta\/kissan-jattaminen-yksin\/","og_locale":"en_US","og_type":"article","og_title":"S\u00e5 l\u00e4nge kan en katt l\u00e4mnas ensam - Mjau Finland","og_description":"Kuinka kauan kissa tai kissanpentu voi olla yksin? Kissoja ei pidet\u00e4 laumael\u00e4imin\u00e4, mutta ne haluavat siit\u00e4 huolimatta seuraa, eik\u00e4 niit\u00e4 saa j\u00e4tt\u00e4\u00e4 yksin liian pitk\u00e4ksi aikaa.","og_url":"https:\/\/mjau.se\/fi\/kaikki-kissoista\/kissan-hankinta\/kissan-jattaminen-yksin\/","og_site_name":"Mjau Finland","article_modified_time":"2024-04-22T04:40:47+00:00","og_image":[{"width":800,"height":535,"url":"https:\/\/mjau.se\/fi\/wp-content\/uploads\/sites\/2\/2023\/06\/mjau-lamna-katt-ensam.jpg","type":"image\/jpeg"}],"twitter_card":"summary_large_image","schema":{"@context":"https:\/\/schema.org","@graph":[{"@type":"WebPage","@id":"https:\/\/mjau.se\/fi\/kaikki-kissoista\/kissan-hankinta\/kissan-jattaminen-yksin\/","url":"https:\/\/mjau.se\/fi\/kaikki-kissoista\/kissan-hankinta\/kissan-jattaminen-yksin\/","name":"S\u00e5 l\u00e4nge kan en katt l\u00e4mnas ensam - Mjau Finland","isPartOf":{"@id":"https:\/\/mjau.se\/fi\/#website"},"datePublished":"2023-06-11T09:22:02+00:00","dateModified":"2024-04-22T04:40:47+00:00","description":"Kuinka kauan kissa tai kissanpentu voi olla yksin? Kissoja ei pidet\u00e4 laumael\u00e4imin\u00e4, mutta ne haluavat siit\u00e4 huolimatta seuraa, eik\u00e4 niit\u00e4 saa j\u00e4tt\u00e4\u00e4 yksin liian pitk\u00e4ksi aikaa.","breadcrumb":{"@id":"https:\/\/mjau.se\/fi\/kaikki-kissoista\/kissan-hankinta\/kissan-jattaminen-yksin\/#breadcrumb"},"inLanguage":"en-US","potentialAction":[{"@type":"ReadAction","target":["https:\/\/mjau.se\/fi\/kaikki-kissoista\/kissan-hankinta\/kissan-jattaminen-yksin\/"]}]},{"@type":"BreadcrumbList","@id":"https:\/\/mjau.se\/fi\/kaikki-kissoista\/kissan-hankinta\/kissan-jattaminen-yksin\/#breadcrumb","itemListElement":[{"@type":"ListItem","position":1,"name":"Home","item":"https:\/\/mjau.se\/fi\/"},{"@type":"ListItem","position":2,"name":"Kaikki kissoista","item":"https:\/\/mjau.se\/fi\/kaikki-kissoista\/"},{"@type":"ListItem","position":3,"name":"Kissan hankinta","item":"https:\/\/mjau.se\/fi\/kaikki-kissoista\/kissan-hankinta\/"},{"@type":"ListItem","position":4,"name":"Kissan j\u00e4tt\u00e4minen yksin"}]},{"@type":"WebSite","@id":"https:\/\/mjau.se\/fi\/#website","url":"https:\/\/mjau.se\/fi\/","name":"Mjau Finland","description":"","potentialAction":[{"@type":"SearchAction","target":{"@type":"EntryPoint","urlTemplate":"https:\/\/mjau.se\/fi\/?s={search_term_string}"},"query-input":"required name=search_term_string"}],"inLanguage":"en-US"}]}},"_links":{"self":[{"href":"https:\/\/mjau.se\/fi\/wp-json\/wp\/v2\/pages\/903"}],"collection":[{"href":"https:\/\/mjau.se\/fi\/wp-json\/wp\/v2\/pages"}],"about":[{"href":"https:\/\/mjau.se\/fi\/wp-json\/wp\/v2\/types\/page"}],"author":[{"embeddable":true,"href":"https:\/\/mjau.se\/fi\/wp-json\/wp\/v2\/users\/1"}],"replies":[{"embeddable":true,"href":"https:\/\/mjau.se\/fi\/wp-json\/wp\/v2\/comments?post=903"}],"version-history":[{"count":11,"href":"https:\/\/mjau.se\/fi\/wp-json\/wp\/v2\/pages\/903\/revisions"}],"predecessor-version":[{"id":5150,"href":"https:\/\/mjau.se\/fi\/wp-json\/wp\/v2\/pages\/903\/revisions\/5150"}],"up":[{"embeddable":true,"href":"https:\/\/mjau.se\/fi\/wp-json\/wp\/v2\/pages\/882"}],"wp:featuredmedia":[{"embeddable":true,"href":"https:\/\/mjau.se\/fi\/wp-json\/wp\/v2\/media\/1366"}],"wp:attachment":[{"href":"https:\/\/mjau.se\/fi\/wp-json\/wp\/v2\/media?parent=903"}],"curies":[{"name":"wp","href":"https:\/\/api.w.org\/{rel}","templated":true}]}}