{"id":900,"date":"2023-06-11T09:18:09","date_gmt":"2023-06-11T09:18:09","guid":{"rendered":"https:\/\/mjau.se\/fi\/?page_id=900"},"modified":"2024-08-07T09:56:03","modified_gmt":"2024-08-07T09:56:03","slug":"raser-som-passar-som-forstakatt","status":"publish","type":"page","link":"https:\/\/mjau.se\/fi\/kaikki-kissoista\/kissan-hankinta\/raser-som-passar-som-forstakatt\/","title":{"rendered":"Ensimm\u00e4inen kissa"},"content":{"rendered":"        <section class=\"sub-page-hero\">\n            <div class=\"container\">\n                \n                <div class=\"row\">\n                    <div class=\"col-md-8\">\n                        <h1 class=\"font-xl-primary\">Millainen kissa minulle sopisi?<\/h1><p>Harkitsetko kissan hankintaa, mutta et tied\u00e4 mit\u00e4 valita? T\u00e4rkeint\u00e4 on valita kissa, joka sopii el\u00e4m\u00e4ntilanteeseesi. Eli siis, millainen kissa?<\/p>\n                    <\/div>\n                <\/div>\n            <\/div>\n        <\/section>\n    \n\n    <div class=\"single-column-warp\">\n        <div class=\"container\">\n            <div class=\"text-content\">\n               <h2>Millaisen kissasuhteen haluat?<\/h2>\n<p>Se millainen kissa sinulle sopii, riippuu el\u00e4m\u00e4ntilanteestasi.<\/p>\n<p>Mieti tarkasti millaisen kissasuhteen haluat. Haluatko aktiivisen kissan, jota voit treenata ja leikki\u00e4 sen kanssa koko ajan? Vai haluatko mieluummin karvakaverin, joka k\u00f6ll\u00f6tt\u00e4\u00e4 kanssasi sohvalla telkkua katsellen?<\/p>\n<h2>Rotukissa vai maatiainen<\/h2>\n<p>Kun valitset sopivaa kissarotua, on syyt\u00e4 ottaa huomioon, ett\u00e4 kissat ovat erilaisia. Eri roduilla on erilaisia ominaisuuksia. Se ei koske pelk\u00e4st\u00e4\u00e4n kissan ulkon\u00e4k\u00f6\u00e4, vaan my\u00f6s niiden luonnetta. Osa on rauhallisempia, ja osa vauhdikkaita. Osa viihtyy yksin ja osa on eritt\u00e4in sosiaalisia ja tarvitsevat paljon l\u00e4heisyytt\u00e4. Rotuvalinnassa nyrkkis\u00e4\u00e4nt\u00f6n\u00e4 voi pit\u00e4\u00e4 sit\u00e4, ett\u00e4 korkearaajaiset ja hoikat kissat ovat aktiivisempia. Sit\u00e4 vastoin taas pienemm\u00e4t ja voimakasrakenteisemmat kissat ovat rauhallisempia.<\/p>\n<p>Jos valitset maatiaiskissan, eli sukutauluttoman kissan, on vaikeampaa tiet\u00e4\u00e4 tarkasti millainen siit\u00e4 tulee t\u00e4ysikasvuisena ja mink\u00e4kokoiseksi se kasvaa. Jonkin verran voi kuitenkin havaita osviittaa jo pentulaatikossa. Jos kissanpentu tulee suoraan luoksesi ja haluaa leikki\u00e4, kiipeilee ja touhuaa kaikenlaista, se mit\u00e4 todenn\u00e4k\u00f6isimmin on rohkea my\u00f6s aikuisena. Kissanpentu, joka pysyttelee taka-alalla ja on hieman ujompi, on todenn\u00e4k\u00f6isemmin hieman rauhallisempi my\u00f6s isona.<\/p>\n<h2>Uros vai naaras<\/h2>\n<p>Jos kissaasi ei tulla k\u00e4ytt\u00e4m\u00e4\u00e4n jalostukseen, ei sen sukupuolella ole kovinkaan suurta v\u00e4li\u00e4. Uroskissat ovat toki useimmiten hieman isompia ja jykev\u00e4mpi\u00e4 kuin naaraskissat.<\/p>\n<h2>Sis\u00e4kissa vai ulkokissa<\/h2>\n<p>Miettiess\u00e4si millainen kissa sinulle sopisi, on syyt\u00e4 ottaa huomioon my\u00f6s onko kissan tarkoitus olla sis\u00e4kissa vai ulkokissa. Sis\u00e4kissan pit\u00e4minen ei ole miss\u00e4\u00e4n tapauksessa el\u00e4inr\u00e4\u00e4kk\u00e4yst\u00e4, mutta sinun tarvitsee tarjota enemm\u00e4n virikkeit\u00e4 ja puuhaa sis\u00e4kissalle kuin ulkokissalle, jotta kissa pysyy tyytyv\u00e4isen\u00e4. Kissoille on olemassa runsaasti erilaisia leluja ja apuv\u00e4lineit\u00e4 joista valita, kuten esimerkiksi raapimalautoja, kiipeilytelineit\u00e4 ja leluja joihin voit piilottaa ruokaa ja antaa kissan tehd\u00e4 t\u00f6it\u00e4 saadakseen sen. Ja k\u00e4sist\u00e4\u00e4n k\u00e4tev\u00e4 voi my\u00f6s aina valmistaa omiakin. Jos l\u00e4hist\u00f6ll\u00e4 on nurmikkoa, voit opettaa kissasi kulkemaan valjaissa ja taluttimessa, ja suojaverkotettu parveke tai ulkoilutarha voi hyvinkin olla yksi kissan lempipaikoista.<\/p>\n<p>Mik\u00e4li kissa on aiemmin ollut ulkokissana, ottaa sen totuttamiseen sis\u00e4kissaksi aikaa ja k\u00e4rsiv\u00e4llisyytt\u00e4.<\/p>\n<p>Ulkokissoilla on suurempi riski joutua alttiiksi onnettomuuksille, huolimatta asutko kaupungissa tai maalla. Kaupungissa liikenne tai pahaa tarkoittavat ihmiset ovat suurimpia vaaroja ja mik\u00e4li asut tiuhaan rakennetulla tai vilkasliikenteisell\u00e4 alueella, ei kissan p\u00e4\u00e4st\u00e4minen valvomatta ulos ole kovinkaan suotuisaa. Maalaismilj\u00f6\u00f6 tarjoaa selke\u00e4sti rauhallisemman ymp\u00e4rist\u00f6n ulkoiluun, mutta siell\u00e4kin on kissalle vaaroja, kuten muut saalistavat el\u00e4imet ja maatalousty\u00f6koneet.<\/p>\n<h2>Adoptoi koditon kissa<\/h2>\n<p>Jos sinulla on erityisi\u00e4 vaatimuksia, kuten esimerkiksi ett\u00e4 kissan on oltava sis\u00e4kissa, voi kodittoman kissan adoptointi olla hyv\u00e4 vaihtoehto. El\u00e4insuojeluyhdistysten kissataloissa l\u00f6ytyy uutta kotia etsivi\u00e4 kissoja, ja niiden hoitajat pit\u00e4v\u00e4t kissoja tarkasti silm\u00e4ll\u00e4 ja tuntevat niiden personat. Kissoille halutaan l\u00f6yt\u00e4\u00e4 juuri se oikea koti ja henkil\u00f6kunta auttaa kissoja ja ihmisi\u00e4 l\u00f6yt\u00e4m\u00e4\u00e4n toisensa.<\/p>\n<p><a title=\"Adoptera katt\" href=\"https:\/\/mjau.se\/fi\/kattliv\/kissan-adoptointi\/\" data-id=\"15526\">Kissan adoptointi \u2013 n\u00e4in toimit<\/a><\/p>\n                <\/div>\n            <\/div>\n        <\/div>\n\n\n\n        <section class=\"block post-promos\">\n        <div class=\"container\">\n            <h2 class=\"font-xl-primary\"><\/h2>\n            <div class=\"row gx-md-3\">\n                                        <div class=\"col-md-6 col-lg-4\">\n                            <a href=\"https:\/\/mjau.se\/fi\/kaikki-kissoista\/kissan-hankinta\/kissan-jattaminen-yksin\/\">\n                                <div class=\"card \">\n                                    <img loading=\"lazy\" decoding=\"async\" width=\"450\" height=\"300\" src=\"https:\/\/mjau.se\/fi\/wp-content\/uploads\/sites\/2\/2023\/06\/mjau-lamna-katt-ensam-450x300.jpg\" class=\"attachment-promo-thumbnail size-promo-thumbnail wp-post-image\" alt=\"Kissan j\u00e4tt\u00e4minen yksin\" srcset=\"https:\/\/mjau.se\/fi\/wp-content\/uploads\/sites\/2\/2023\/06\/mjau-lamna-katt-ensam-450x300.jpg 450w, https:\/\/mjau.se\/fi\/wp-content\/uploads\/sites\/2\/2023\/06\/mjau-lamna-katt-ensam-768x514.jpg 768w, https:\/\/mjau.se\/fi\/wp-content\/uploads\/sites\/2\/2023\/06\/mjau-lamna-katt-ensam.jpg 800w\" sizes=\"(max-width: 450px) 100vw, 450px\" \/>                                                                        <div class=\"card-body\">\n\n                                                                                <h6>Kissan j\u00e4tt\u00e4minen yksin<\/h6>\n                                        <p>Aikuisen kissan voi j\u00e4tt\u00e4\u00e4 yksin, mutta ei liian pitk\u00e4ksi aikaa. Kissat tarvisevat sosiaalisia kontakteja. Jos olet p\u00e4ivitt\u00e4in pitk\u00e4\u00e4n poissa, tarvitsee kissasi virikkeit\u00e4 tarjoavan ymp\u00e4rist\u00f6n. Jos matkustat pois, on t\u00e4rke\u00e4\u00e4, ett\u00e4 joku toinen hoitaa kissaa riitt\u00e4v\u00e4n pitk\u00e4n aikaa p\u00e4ivitt\u00e4in.<\/p>\n                                        \n                                    <\/div>\n                                <\/div>\n                            <\/a>\n                        <\/div>\n                                        <div class=\"col-md-6 col-lg-4\">\n                            <a href=\"https:\/\/mjau.se\/fi\/kattliv\/kissan-adoptointi\/\">\n                                <div class=\"card \">\n                                    <img loading=\"lazy\" decoding=\"async\" width=\"450\" height=\"300\" src=\"https:\/\/mjau.se\/fi\/wp-content\/uploads\/sites\/2\/2023\/06\/mjau-adoptera-katt-450x300.jpg\" class=\"attachment-promo-thumbnail size-promo-thumbnail wp-post-image\" alt=\"Kissan adoptointi\" srcset=\"https:\/\/mjau.se\/fi\/wp-content\/uploads\/sites\/2\/2023\/06\/mjau-adoptera-katt-450x300.jpg 450w, https:\/\/mjau.se\/fi\/wp-content\/uploads\/sites\/2\/2023\/06\/mjau-adoptera-katt-768x514.jpg 768w, https:\/\/mjau.se\/fi\/wp-content\/uploads\/sites\/2\/2023\/06\/mjau-adoptera-katt.jpg 800w\" sizes=\"(max-width: 450px) 100vw, 450px\" \/>                                                                        <div class=\"card-body\">\n\n                                                                                <h6>Kissan adoptointi<\/h6>\n                                        <p>Suomessa on paljon kodittomia kissoja. Kun adoptoit kissan l\u00f6yt\u00f6el\u00e4intalosta, voit varmistua siit\u00e4, ett\u00e4 kissa on el\u00e4inl\u00e4\u00e4k\u00e4rin tarkastama, rokotettu, tunnistusmerkitty ja leikattu (jos se on riitt\u00e4v\u00e4n vanha). L\u00f6yt\u00f6el\u00e4inkodeissa on useimmiten hyv\u00e4 n\u00e4kemys siell\u00e4 olevien kissojen persoonasta, ja he voivat auttaa sinua valitsemaan juuri el\u00e4m\u00e4ntilanteeseesi parhaiten sopivan yksil\u00f6n.<\/p>\n                                        \n                                    <\/div>\n                                <\/div>\n                            <\/a>\n                        <\/div>\n                                        <div class=\"col-md-6 col-lg-4\">\n                            <a href=\"https:\/\/mjau.se\/fi\/kaikki-kissoista\/kissan-hankinta\/kissan-kustannukset\/\">\n                                <div class=\"card \">\n                                    <img loading=\"lazy\" decoding=\"async\" width=\"450\" height=\"300\" src=\"https:\/\/mjau.se\/fi\/wp-content\/uploads\/sites\/2\/2023\/06\/mjau-kostnad-ha-katt-450x300.jpg\" class=\"attachment-promo-thumbnail size-promo-thumbnail wp-post-image\" alt=\"Kissan kustannukset\" srcset=\"https:\/\/mjau.se\/fi\/wp-content\/uploads\/sites\/2\/2023\/06\/mjau-kostnad-ha-katt-450x300.jpg 450w, https:\/\/mjau.se\/fi\/wp-content\/uploads\/sites\/2\/2023\/06\/mjau-kostnad-ha-katt-768x512.jpg 768w, https:\/\/mjau.se\/fi\/wp-content\/uploads\/sites\/2\/2023\/06\/mjau-kostnad-ha-katt.jpg 800w\" sizes=\"(max-width: 450px) 100vw, 450px\" \/>                                                                        <div class=\"card-body\">\n\n                                                                                <h6>Kissan kustannukset<\/h6>\n                                        <p>Ensimm\u00e4isin\u00e4 vuosina saat kulumaan pajon rahaa kissaasi. Kissa tulee tunnistusmerkit\u00e4, rokottaa ja kastroida. Jos sinulla ei ole aiemmin ollut kissaa, joudut ostamaan my\u00f6s joitakin tarvikkeita. Tulevina vuosina kissan menot ovat 500-1000 euron luokkaa vuosittain. <\/p>\n                                        \n                                    <\/div>\n                                <\/div>\n                            <\/a>\n                        <\/div>\n                            <\/div>\n                    <\/div>\n    <\/section>\n","protected":false},"excerpt":{"rendered":"<p>Kaikki kissat ovat erilaisia. Millainen kissa sopii sinulle, riippuu paljon el\u00e4m\u00e4ntilanteestasi ja millaisen suhteen haluat kissaasi. Korkearaajaiset, hoikat kissa ovat aktiivisempia, kun taas matalammat, jykev\u00e4rakenteisemmat kissat usein ovat rauhallisempia. Jo pentulaatikossa voi erottaa kissanpentujen temperamenttia ja k\u00e4yt\u00f6seroja. Jos p\u00e4\u00e4dyt kodittoman kissan adoptioon, el\u00e4insuojeluyhdistykset useimmiten auttavat juuri sinulle sopivan kissayksil\u00f6n valinnassa. <\/p>\n","protected":false},"author":1,"featured_media":1364,"parent":882,"menu_order":0,"comment_status":"closed","ping_status":"closed","template":"guternberg.php","meta":{"footnotes":""},"acf":[],"yoast_head":"<!-- This site is optimized with the Yoast SEO plugin v20.10 - https:\/\/yoast.com\/wordpress\/plugins\/seo\/ -->\n<title>Vilken katt passar mig? Att v\u00e4lja kattras - Mjau Finland<\/title>\n<meta name=\"description\" content=\"Millainen kissa sopii juuri sinulle? T\u00e4rkeint\u00e4 ensimm\u00e4isen kissan hankinnassa on ottaa huomioon se, ett\u00e4 kissa sopii hyvin sinulle ja el\u00e4m\u00e4ntilanteeseesi.\" \/>\n<meta name=\"robots\" content=\"index, follow, max-snippet:-1, max-image-preview:large, max-video-preview:-1\" \/>\n<link rel=\"canonical\" href=\"https:\/\/mjau.se\/fi\/kaikki-kissoista\/kissan-hankinta\/raser-som-passar-som-forstakatt\/\" \/>\n<meta property=\"og:locale\" content=\"en_US\" \/>\n<meta property=\"og:type\" content=\"article\" \/>\n<meta property=\"og:title\" content=\"Vilken katt passar mig? Att v\u00e4lja kattras - Mjau Finland\" \/>\n<meta property=\"og:description\" content=\"Millainen kissa sopii juuri sinulle? T\u00e4rkeint\u00e4 ensimm\u00e4isen kissan hankinnassa on ottaa huomioon se, ett\u00e4 kissa sopii hyvin sinulle ja el\u00e4m\u00e4ntilanteeseesi.\" \/>\n<meta property=\"og:url\" content=\"https:\/\/mjau.se\/fi\/kaikki-kissoista\/kissan-hankinta\/raser-som-passar-som-forstakatt\/\" \/>\n<meta property=\"og:site_name\" content=\"Mjau Finland\" \/>\n<meta property=\"article:modified_time\" content=\"2024-08-07T09:56:03+00:00\" \/>\n<meta property=\"og:image\" content=\"https:\/\/mjau.se\/fi\/wp-content\/uploads\/sites\/2\/2023\/06\/mjau-forstakatt.jpg\" \/>\n\t<meta property=\"og:image:width\" content=\"800\" \/>\n\t<meta property=\"og:image:height\" content=\"532\" \/>\n\t<meta property=\"og:image:type\" content=\"image\/jpeg\" \/>\n<meta name=\"twitter:card\" content=\"summary_large_image\" \/>\n<!-- \/ Yoast SEO plugin. -->","yoast_head_json":{"title":"Vilken katt passar mig? Att v\u00e4lja kattras - Mjau Finland","description":"Millainen kissa sopii juuri sinulle? T\u00e4rkeint\u00e4 ensimm\u00e4isen kissan hankinnassa on ottaa huomioon se, ett\u00e4 kissa sopii hyvin sinulle ja el\u00e4m\u00e4ntilanteeseesi.","robots":{"index":"index","follow":"follow","max-snippet":"max-snippet:-1","max-image-preview":"max-image-preview:large","max-video-preview":"max-video-preview:-1"},"canonical":"https:\/\/mjau.se\/fi\/kaikki-kissoista\/kissan-hankinta\/raser-som-passar-som-forstakatt\/","og_locale":"en_US","og_type":"article","og_title":"Vilken katt passar mig? Att v\u00e4lja kattras - Mjau Finland","og_description":"Millainen kissa sopii juuri sinulle? T\u00e4rkeint\u00e4 ensimm\u00e4isen kissan hankinnassa on ottaa huomioon se, ett\u00e4 kissa sopii hyvin sinulle ja el\u00e4m\u00e4ntilanteeseesi.","og_url":"https:\/\/mjau.se\/fi\/kaikki-kissoista\/kissan-hankinta\/raser-som-passar-som-forstakatt\/","og_site_name":"Mjau Finland","article_modified_time":"2024-08-07T09:56:03+00:00","og_image":[{"width":800,"height":532,"url":"https:\/\/mjau.se\/fi\/wp-content\/uploads\/sites\/2\/2023\/06\/mjau-forstakatt.jpg","type":"image\/jpeg"}],"twitter_card":"summary_large_image","schema":{"@context":"https:\/\/schema.org","@graph":[{"@type":"WebPage","@id":"https:\/\/mjau.se\/fi\/kaikki-kissoista\/kissan-hankinta\/raser-som-passar-som-forstakatt\/","url":"https:\/\/mjau.se\/fi\/kaikki-kissoista\/kissan-hankinta\/raser-som-passar-som-forstakatt\/","name":"Vilken katt passar mig? Att v\u00e4lja kattras - Mjau Finland","isPartOf":{"@id":"https:\/\/mjau.se\/fi\/#website"},"datePublished":"2023-06-11T09:18:09+00:00","dateModified":"2024-08-07T09:56:03+00:00","description":"Millainen kissa sopii juuri sinulle? T\u00e4rkeint\u00e4 ensimm\u00e4isen kissan hankinnassa on ottaa huomioon se, ett\u00e4 kissa sopii hyvin sinulle ja el\u00e4m\u00e4ntilanteeseesi.","breadcrumb":{"@id":"https:\/\/mjau.se\/fi\/kaikki-kissoista\/kissan-hankinta\/raser-som-passar-som-forstakatt\/#breadcrumb"},"inLanguage":"en-US","potentialAction":[{"@type":"ReadAction","target":["https:\/\/mjau.se\/fi\/kaikki-kissoista\/kissan-hankinta\/raser-som-passar-som-forstakatt\/"]}]},{"@type":"BreadcrumbList","@id":"https:\/\/mjau.se\/fi\/kaikki-kissoista\/kissan-hankinta\/raser-som-passar-som-forstakatt\/#breadcrumb","itemListElement":[{"@type":"ListItem","position":1,"name":"Home","item":"https:\/\/mjau.se\/fi\/"},{"@type":"ListItem","position":2,"name":"Kaikki kissoista","item":"https:\/\/mjau.se\/fi\/kaikki-kissoista\/"},{"@type":"ListItem","position":3,"name":"Kissan hankinta","item":"https:\/\/mjau.se\/fi\/kaikki-kissoista\/kissan-hankinta\/"},{"@type":"ListItem","position":4,"name":"Ensimm\u00e4inen kissa"}]},{"@type":"WebSite","@id":"https:\/\/mjau.se\/fi\/#website","url":"https:\/\/mjau.se\/fi\/","name":"Mjau Finland","description":"","potentialAction":[{"@type":"SearchAction","target":{"@type":"EntryPoint","urlTemplate":"https:\/\/mjau.se\/fi\/?s={search_term_string}"},"query-input":"required name=search_term_string"}],"inLanguage":"en-US"}]}},"_links":{"self":[{"href":"https:\/\/mjau.se\/fi\/wp-json\/wp\/v2\/pages\/900"}],"collection":[{"href":"https:\/\/mjau.se\/fi\/wp-json\/wp\/v2\/pages"}],"about":[{"href":"https:\/\/mjau.se\/fi\/wp-json\/wp\/v2\/types\/page"}],"author":[{"embeddable":true,"href":"https:\/\/mjau.se\/fi\/wp-json\/wp\/v2\/users\/1"}],"replies":[{"embeddable":true,"href":"https:\/\/mjau.se\/fi\/wp-json\/wp\/v2\/comments?post=900"}],"version-history":[{"count":30,"href":"https:\/\/mjau.se\/fi\/wp-json\/wp\/v2\/pages\/900\/revisions"}],"predecessor-version":[{"id":5535,"href":"https:\/\/mjau.se\/fi\/wp-json\/wp\/v2\/pages\/900\/revisions\/5535"}],"up":[{"embeddable":true,"href":"https:\/\/mjau.se\/fi\/wp-json\/wp\/v2\/pages\/882"}],"wp:featuredmedia":[{"embeddable":true,"href":"https:\/\/mjau.se\/fi\/wp-json\/wp\/v2\/media\/1364"}],"wp:attachment":[{"href":"https:\/\/mjau.se\/fi\/wp-json\/wp\/v2\/media?parent=900"}],"curies":[{"name":"wp","href":"https:\/\/api.w.org\/{rel}","templated":true}]}}