{"id":897,"date":"2023-06-11T09:13:50","date_gmt":"2023-06-11T09:13:50","guid":{"rendered":"https:\/\/mjau.se\/fi\/?page_id=897"},"modified":"2024-04-22T09:22:02","modified_gmt":"2024-04-22T09:22:02","slug":"kissan-kustannukset","status":"publish","type":"page","link":"https:\/\/mjau.se\/fi\/kaikki-kissoista\/kissan-hankinta\/kissan-kustannukset\/","title":{"rendered":"Kissan kustannukset"},"content":{"rendered":"        <section class=\"sub-page-hero\">\n            <div class=\"container\">\n                \n                <div class=\"row\">\n                    <div class=\"col-md-8\">\n                        <h1 class=\"font-xl-primary\">Paljonko kissan omistaminen maksaa<\/h1><p>Kissan omistamiseen sis\u00e4ltyy my\u00f6s kustannuksia, ja siksi on t\u00e4rke\u00e4\u00e4, ett\u00e4 tied\u00e4t onko sinulla varaa pit\u00e4\u00e4 huolta kissastasi koko sen elini\u00e4n ajan. Kissa keskim\u00e4\u00e4r\u00e4inen elinik\u00e4 on 15 vuotta, mutta osa kissoista el\u00e4\u00e4 sit\u00e4kin vanhemmaksi.<\/p>\n                    <\/div>\n                <\/div>\n            <\/div>\n        <\/section>\n    \n\n    <div class=\"single-column-warp\">\n        <div class=\"container\">\n            <div class=\"text-content\">\n               <h2>PALJONKO KISSAN OSTAMINEN MAKSAA?<\/h2>\n<p>Kissan tai kissanpennun hinta voi vaihdella hyvinkin paljon. Sukutauluton kissa, eli niin sanottu maatiaiskissa, voi usein olla hyvinkin edullinen, kun taas kalliimmat rotukissat voivat maksaa tuhansia euroja.<\/p>\n<p>Kissan adoptointi l\u00f6yt\u00f6el\u00e4intalosta voi maksaa muutamia satasia, riippuen kissan i\u00e4st\u00e4. Mik\u00e4li haluat tiet\u00e4\u00e4 kissan adoptointiin liittyvist\u00e4 hinnoista ja edellytyksist\u00e4, ota yhteytt\u00e4 l\u00e4himp\u00e4\u00e4n l\u00f6yt\u00f6el\u00e4intaloon.<\/p>\n<p><a title=\"Adoptera katt\" href=\"https:\/\/mjau.se\/fi\/kattliv\/kissan-adoptointi\/\" data-id=\"15526\">Kissan adoptointi \u2013 n\u00e4in se toimii<\/a><\/p>\n<h2>Mit\u00e4 kissan omistaminen maksaa?<\/h2>\n<p>Ensimm\u00e4isin\u00e4 vuosina kissan kustannukset ovat korkeat, erityisesti jos hankit kissanpennun. N\u00e4iden vuosien aikana kissa rokotetaan, kastroidaan ja tunnistusmerkit\u00e4\u00e4n. Lue lis\u00e4\u00e4 tunnistusmerkinn\u00e4st\u00e4 <a title=\"ID-m\u00e4rkning katt\" href=\"https:\/\/mjau.se\/fi\/kattliv\/id-markning-katt\/\" data-udi=\"umb:\/\/document\/416bf54b84f448068efff1115f452976\">t\u00e4\u00e4lt\u00e4<\/a><\/p>\n<p>Lis\u00e4ksi tulee kustannuksia kissan tarvitsemien tavaroiden hankinnasta, kuten ruoka- ja vesikuppi, kaulapanta ja hiekkalaatikko.<\/p>\n<p><a title=\"Saker en katt beh\u00f6ver\" href=\"https:\/\/mjau.se\/fi\/kaikki-kissoista\/kissan-hankinta\/kissan-tarvitsemia-tavaroita\/\" data-id=\"15666\">Mit\u00e4 kissa tarvitsee &#8211; tavaroita, joita kissa tarvitsee<\/a><\/p>\n<h2>Kissanruoka ja kissanhiekka<\/h2>\n<p>Kuinka paljon kissan ruoka maksaa, riippuu kissasi koosta ja siit\u00e4, kuinka paljon ruokaa se tarvitsee. Mjaun ruokapakkauksista l\u00f6yd\u00e4t suositukset, kuinka paljon ruokaa sinun tulee tarjota kissallesi p\u00e4ivitt\u00e4in.<\/p>\n<p><a title=\"Kattmat\" href=\"https:\/\/mjau.se\/fi\/kissanruoka\/\" data-id=\"15503\">Mjau kissanruoat<\/a><\/p>\n<p>Sek\u00e4 ulko- ett\u00e4 sis\u00e4kissat tarvitsevat hiekkalaatikon jonne ne voivat tehd\u00e4 tarpeensa. Kissanhiekka tulee vaihtaa s\u00e4\u00e4nn\u00f6llisin v\u00e4liajoin, jotta kissavessa pysyy puhtaana ja raikkaana.<\/p>\n<p><a title=\"Vilken kattsand ska jag anv\u00e4nda\" href=\"https:\/\/mjau.se\/fi\/kaikki-kissoista\/kissan-hankinta\/mita-kissanhiekkaa-tulisi-kayttaa\/\" data-id=\"15516\">Valitse juuri sinun kissallesi sopivin kissanhiekka<\/a><\/p>\n<h2>El\u00e4inl\u00e4\u00e4k\u00e4rik\u00e4ynnit ja vakuuttaminen<\/h2>\n<p>Toisinaan tulee tarve k\u00e4yd\u00e4 el\u00e4inl\u00e4\u00e4k\u00e4rin vastaanotolla, joko rutiinitarkastuksissa tai muilla kiireett\u00f6mill\u00e4 k\u00e4ynneill\u00e4, kuten uusintarokotuksilla, madotuksilla ja loisk\u00e4sittelyill\u00e4.<\/p>\n<p>Onnettomuus tai odottamaton sairaus voi osoittautua kalliiksi. Mjaun suositus onkin, ett\u00e4 hankit kissallesi hyv\u00e4n vakuutuksen. Monet vakuutusyhti\u00f6t tarjoavat lemmikeille omia vakuutuksia.<\/p>\n<p><a title=\"F\u00f6rs\u00e4kra katt\" href=\"https:\/\/mjau.se\/fi\/kattliv\/forsakring-katt\/\" data-id=\"15528\">Miksi kissa kannattaa vakuuttaa<\/a><\/p>\n                <\/div>\n            <\/div>\n        <\/div>\n\n\n\n        <section class=\"block post-promos\">\n        <div class=\"container\">\n            <h2 class=\"font-xl-primary\"><\/h2>\n            <div class=\"row gx-md-3\">\n                                        <div class=\"col-md-6 col-lg-4\">\n                            <a href=\"https:\/\/mjau.se\/fi\/kaikki-kissoista\/kissan-terveys\/kastroitu-kissa\/anledningar-att-kastrera-sin-katt\/\">\n                                <div class=\"card \">\n                                    <img loading=\"lazy\" decoding=\"async\" width=\"450\" height=\"300\" src=\"https:\/\/mjau.se\/fi\/wp-content\/uploads\/sites\/2\/2023\/06\/mjau-kastrera-katt-450x300.jpg\" class=\"attachment-promo-thumbnail size-promo-thumbnail wp-post-image\" alt=\"Syit\u00e4 kissan kastrointiin\/sterilointiin\" \/>                                                                        <div class=\"card-body\">\n\n                                                                                <h6>Syit\u00e4 kissan kastrointiin\/sterilointiin<\/h6>\n                                        <p>Kissan kastrointi\/sterilointi tuo monia etuja, ja se v\u00e4hent\u00e4\u00e4 ei-toivottujen pentueiden syntymist\u00e4. Tavallisimmin kissanpentu kastroidaan kun se on 4-6 kk ik\u00e4inen. Osa kissoista tulee kuitenkin sukukyps\u00e4ksi jo ennen sit\u00e4, joten valvo kissaasi, ettei se p\u00e4\u00e4se lis\u00e4\u00e4ntym\u00e4\u00e4n suunnittelemattomasti.<\/p>\n                                        \n                                    <\/div>\n                                <\/div>\n                            <\/a>\n                        <\/div>\n                                        <div class=\"col-md-6 col-lg-4\">\n                            <a href=\"https:\/\/mjau.se\/fi\/kattliv\/id-markning-katt\/\">\n                                <div class=\"card \">\n                                    <img loading=\"lazy\" decoding=\"async\" width=\"450\" height=\"300\" src=\"https:\/\/mjau.se\/fi\/wp-content\/uploads\/sites\/2\/2023\/06\/mjau-katt-id-marka-450x300.jpg\" class=\"attachment-promo-thumbnail size-promo-thumbnail wp-post-image\" alt=\"Kissan tunnistusmerkint\u00e4\" srcset=\"https:\/\/mjau.se\/fi\/wp-content\/uploads\/sites\/2\/2023\/06\/mjau-katt-id-marka-450x300.jpg 450w, https:\/\/mjau.se\/fi\/wp-content\/uploads\/sites\/2\/2023\/06\/mjau-katt-id-marka-768x512.jpg 768w, https:\/\/mjau.se\/fi\/wp-content\/uploads\/sites\/2\/2023\/06\/mjau-katt-id-marka.jpg 800w\" sizes=\"(max-width: 450px) 100vw, 450px\" \/>                                                                        <div class=\"card-body\">\n\n                                                                                <h6>Kissan tunnistusmerkint\u00e4<\/h6>\n                                        <p>Kissan on hyv\u00e4 tunnistusmerkit\u00e4 el\u00e4inl\u00e4\u00e4k\u00e4rill\u00e4 ja rekister\u00f6id\u00e4 siru. Mik\u00e4li kissa karkaa, on sen omistaja helppo tavoittaa, jos kissa on sirutettu ja rekister\u00f6ity.<\/p>\n                                        \n                                    <\/div>\n                                <\/div>\n                            <\/a>\n                        <\/div>\n                            <\/div>\n                    <\/div>\n    <\/section>\n","protected":false},"excerpt":{"rendered":"<p>Ensimm\u00e4isin\u00e4 vuosina saat kulumaan pajon rahaa kissaasi. Kissa tulee tunnistusmerkit\u00e4, rokottaa ja kastroida. Jos sinulla ei ole aiemmin ollut kissaa, joudut ostamaan my\u00f6s joitakin tarvikkeita. Tulevina vuosina kissan menot ovat 500-1000 euron luokkaa vuosittain. <\/p>\n","protected":false},"author":1,"featured_media":1357,"parent":882,"menu_order":0,"comment_status":"closed","ping_status":"closed","template":"guternberg.php","meta":{"footnotes":""},"acf":[],"yoast_head":"<!-- This site is optimized with the Yoast SEO plugin v20.10 - https:\/\/yoast.com\/wordpress\/plugins\/seo\/ -->\n<title>Hur mycket kostar en katt? Vad kostar det att ha katt? - Mjau Finland<\/title>\n<meta name=\"description\" content=\"Priset f\u00f6r en katt eller kattunge kan variera v\u00e4ldigt och \u00e4ven efter k\u00f6p inneb\u00e4r det en del kostnader att ha katt. Men vad kostar det egentligen att ha katt?\" \/>\n<meta name=\"robots\" content=\"index, follow, max-snippet:-1, max-image-preview:large, max-video-preview:-1\" \/>\n<link rel=\"canonical\" href=\"https:\/\/mjau.se\/fi\/kaikki-kissoista\/kissan-hankinta\/kissan-kustannukset\/\" \/>\n<meta property=\"og:locale\" content=\"en_US\" \/>\n<meta property=\"og:type\" content=\"article\" \/>\n<meta property=\"og:title\" content=\"Hur mycket kostar en katt? Vad kostar det att ha katt? - Mjau Finland\" \/>\n<meta property=\"og:description\" content=\"Priset f\u00f6r en katt eller kattunge kan variera v\u00e4ldigt och \u00e4ven efter k\u00f6p inneb\u00e4r det en del kostnader att ha katt. Men vad kostar det egentligen att ha katt?\" \/>\n<meta property=\"og:url\" content=\"https:\/\/mjau.se\/fi\/kaikki-kissoista\/kissan-hankinta\/kissan-kustannukset\/\" \/>\n<meta property=\"og:site_name\" content=\"Mjau Finland\" \/>\n<meta property=\"article:modified_time\" content=\"2024-04-22T09:22:02+00:00\" \/>\n<meta property=\"og:image\" content=\"https:\/\/mjau.se\/fi\/wp-content\/uploads\/sites\/2\/2023\/06\/mjau-kostnad-ha-katt.jpg\" \/>\n\t<meta property=\"og:image:width\" content=\"800\" \/>\n\t<meta property=\"og:image:height\" content=\"533\" \/>\n\t<meta property=\"og:image:type\" content=\"image\/jpeg\" \/>\n<meta name=\"twitter:card\" content=\"summary_large_image\" \/>\n<!-- \/ Yoast SEO plugin. -->","yoast_head_json":{"title":"Hur mycket kostar en katt? Vad kostar det att ha katt? - Mjau Finland","description":"Priset f\u00f6r en katt eller kattunge kan variera v\u00e4ldigt och \u00e4ven efter k\u00f6p inneb\u00e4r det en del kostnader att ha katt. Men vad kostar det egentligen att ha katt?","robots":{"index":"index","follow":"follow","max-snippet":"max-snippet:-1","max-image-preview":"max-image-preview:large","max-video-preview":"max-video-preview:-1"},"canonical":"https:\/\/mjau.se\/fi\/kaikki-kissoista\/kissan-hankinta\/kissan-kustannukset\/","og_locale":"en_US","og_type":"article","og_title":"Hur mycket kostar en katt? Vad kostar det att ha katt? - Mjau Finland","og_description":"Priset f\u00f6r en katt eller kattunge kan variera v\u00e4ldigt och \u00e4ven efter k\u00f6p inneb\u00e4r det en del kostnader att ha katt. Men vad kostar det egentligen att ha katt?","og_url":"https:\/\/mjau.se\/fi\/kaikki-kissoista\/kissan-hankinta\/kissan-kustannukset\/","og_site_name":"Mjau Finland","article_modified_time":"2024-04-22T09:22:02+00:00","og_image":[{"width":800,"height":533,"url":"https:\/\/mjau.se\/fi\/wp-content\/uploads\/sites\/2\/2023\/06\/mjau-kostnad-ha-katt.jpg","type":"image\/jpeg"}],"twitter_card":"summary_large_image","schema":{"@context":"https:\/\/schema.org","@graph":[{"@type":"WebPage","@id":"https:\/\/mjau.se\/fi\/kaikki-kissoista\/kissan-hankinta\/kissan-kustannukset\/","url":"https:\/\/mjau.se\/fi\/kaikki-kissoista\/kissan-hankinta\/kissan-kustannukset\/","name":"Hur mycket kostar en katt? Vad kostar det att ha katt? - Mjau Finland","isPartOf":{"@id":"https:\/\/mjau.se\/fi\/#website"},"datePublished":"2023-06-11T09:13:50+00:00","dateModified":"2024-04-22T09:22:02+00:00","description":"Priset f\u00f6r en katt eller kattunge kan variera v\u00e4ldigt och \u00e4ven efter k\u00f6p inneb\u00e4r det en del kostnader att ha katt. Men vad kostar det egentligen att ha katt?","breadcrumb":{"@id":"https:\/\/mjau.se\/fi\/kaikki-kissoista\/kissan-hankinta\/kissan-kustannukset\/#breadcrumb"},"inLanguage":"en-US","potentialAction":[{"@type":"ReadAction","target":["https:\/\/mjau.se\/fi\/kaikki-kissoista\/kissan-hankinta\/kissan-kustannukset\/"]}]},{"@type":"BreadcrumbList","@id":"https:\/\/mjau.se\/fi\/kaikki-kissoista\/kissan-hankinta\/kissan-kustannukset\/#breadcrumb","itemListElement":[{"@type":"ListItem","position":1,"name":"Home","item":"https:\/\/mjau.se\/fi\/"},{"@type":"ListItem","position":2,"name":"Kaikki kissoista","item":"https:\/\/mjau.se\/fi\/kaikki-kissoista\/"},{"@type":"ListItem","position":3,"name":"Kissan hankinta","item":"https:\/\/mjau.se\/fi\/kaikki-kissoista\/kissan-hankinta\/"},{"@type":"ListItem","position":4,"name":"Kissan kustannukset"}]},{"@type":"WebSite","@id":"https:\/\/mjau.se\/fi\/#website","url":"https:\/\/mjau.se\/fi\/","name":"Mjau Finland","description":"","potentialAction":[{"@type":"SearchAction","target":{"@type":"EntryPoint","urlTemplate":"https:\/\/mjau.se\/fi\/?s={search_term_string}"},"query-input":"required name=search_term_string"}],"inLanguage":"en-US"}]}},"_links":{"self":[{"href":"https:\/\/mjau.se\/fi\/wp-json\/wp\/v2\/pages\/897"}],"collection":[{"href":"https:\/\/mjau.se\/fi\/wp-json\/wp\/v2\/pages"}],"about":[{"href":"https:\/\/mjau.se\/fi\/wp-json\/wp\/v2\/types\/page"}],"author":[{"embeddable":true,"href":"https:\/\/mjau.se\/fi\/wp-json\/wp\/v2\/users\/1"}],"replies":[{"embeddable":true,"href":"https:\/\/mjau.se\/fi\/wp-json\/wp\/v2\/comments?post=897"}],"version-history":[{"count":31,"href":"https:\/\/mjau.se\/fi\/wp-json\/wp\/v2\/pages\/897\/revisions"}],"predecessor-version":[{"id":5258,"href":"https:\/\/mjau.se\/fi\/wp-json\/wp\/v2\/pages\/897\/revisions\/5258"}],"up":[{"embeddable":true,"href":"https:\/\/mjau.se\/fi\/wp-json\/wp\/v2\/pages\/882"}],"wp:featuredmedia":[{"embeddable":true,"href":"https:\/\/mjau.se\/fi\/wp-json\/wp\/v2\/media\/1357"}],"wp:attachment":[{"href":"https:\/\/mjau.se\/fi\/wp-json\/wp\/v2\/media?parent=897"}],"curies":[{"name":"wp","href":"https:\/\/api.w.org\/{rel}","templated":true}]}}