{"id":890,"date":"2023-06-11T09:06:54","date_gmt":"2023-06-11T09:06:54","guid":{"rendered":"https:\/\/mjau.se\/fi\/?page_id=890"},"modified":"2024-04-22T10:03:00","modified_gmt":"2024-04-22T10:03:00","slug":"valmistautuminen-kissan-hankintaan","status":"publish","type":"page","link":"https:\/\/mjau.se\/fi\/kaikki-kissoista\/kissan-hankinta\/valmistautuminen-kissan-hankintaan\/","title":{"rendered":"Valmistautuminen kissan hankintaan"},"content":{"rendered":"        <section class=\"sub-page-hero\">\n            <div class=\"container\">\n                \n                <div class=\"row\">\n                    <div class=\"col-md-8\">\n                        <h1 class=\"font-xl-primary\">Kissan hankinta &#8211; oletko valmis?<\/h1><p>Harkitsetko kissan hankintaa? Mahtavaa! Kissan hankinta tuo iloa moniksi vuosiksi eteenp\u00e4in, mutta se my\u00f6s muuttaa el\u00e4m\u00e4si samalla hetkell\u00e4 kun uusi perheenj\u00e4sen tulee taloon. Joten on eritt\u00e4in t\u00e4rke\u00e4\u00e4, ett\u00e4 olet valmistautunut oikein ja ymm\u00e4rr\u00e4t mit\u00e4 tarkoittaa el\u00e4minen kissan kanssa.<\/p>\n                    <\/div>\n                <\/div>\n            <\/div>\n        <\/section>\n    \n\n    <div class=\"single-column-warp\">\n        <div class=\"container\">\n            <div class=\"text-content\">\n               <h2>El\u00e4m\u00e4n mittainen rakkaus<\/h2>\n<p>Jos sinulla on jo kissa, tied\u00e4t, ett\u00e4 se voi olla vaativa otus. Kissa tarvitsee aikaa, rahaa ja rakkautta &#8211; koko el\u00e4m\u00e4ns\u00e4 ajan. Ja kun kissan keskim\u00e4\u00e4r\u00e4inen elinik\u00e4 on 14 vuotta, on syyt\u00e4 mietti\u00e4 ennen kuin hankkii kissan tai kissanpennun.<\/p>\n<p><a title=\"Katters livsl\u00e4ngd\" href=\"https:\/\/mjau.se\/fi\/allt-om-katten\/kattens-halsa\/omvardnad\/katters-livslangd\/\" data-udi=\"umb:\/\/document\/69d9ef470d5247e0a548aa64844f65bd\">Kissan elinik\u00e4 riippuu siit\u00e4, millaista el\u00e4m\u00e4\u00e4 se el\u00e4\u00e4 ja miten siit\u00e4 pidet\u00e4\u00e4n huolta<\/a><\/p>\n<h2>Kissan hankinta tarkoittaa muutakin kuin onnea ja iloa<\/h2>\n<p>Harkitsetko kissan hankkimista? Mahtavaa! Kissan hankinta on iso p\u00e4\u00e4t\u00f6s, josta on paljon iloa useiksi vuosiksi, mutta mieti viel\u00e4 kerran. Kissa tarvitsee aikaa, rahaa ja rakkautta kaikkina ik\u00e4vuosinaan. Keskim\u00e4\u00e4r\u00e4inen kissan elinik\u00e4 on 14 vuotta, ja sis\u00e4kissat el\u00e4v\u00e4t usein vanhemmiksi. Kissat ovat sosiaalisia. Teetk\u00f6 paljon t\u00f6it\u00e4, vapaa-aikasi on kiireinen tai matkustatko usein? Siin\u00e4 tapauksessa kissan hankintaa kannattaa harkita tarkasti. Kissat ovat sosiaalisia jotka tarvitsevat ja haluavat seuraa. Lis\u00e4ksi lain mukaan el\u00e4imen hyvinvointi on tarkastettava v\u00e4hint\u00e4\u00e4n kerran p\u00e4iv\u00e4ss\u00e4, tarvittaessa useamminkin. Mik\u00e4li olet hankkimassa kissanpentua, se tarvitsee lis\u00e4ksi paljon huomiota ja aktivointia, koska se on juuri erotettu em\u00e4st\u00e4\u00e4n ja pentuesisaruksistaan.<\/p>\n<p><a title=\"L\u00e4mna katten ensam\" href=\"https:\/\/mjau.se\/fi\/kaikki-kissoista\/kissan-hankinta\/kissan-jattaminen-yksin\/\" data-id=\"15513\" data-udi=\"umb:\/\/document\/95df7f69217247baafb7b034053436ac\">Kuinka kauan kissa voi olla yksin?<\/a><\/p>\n<p>Toisin sanoen, kissan hankintaa on t\u00e4rke\u00e4\u00e4 mietti\u00e4 huolella. Se tulee vaikuttamaan jokap\u00e4iv\u00e4iseen el\u00e4m\u00e4\u00e4si &#8211; nyt ja tulevaisuudessa. Mutta se tulee olemaan sen arvoista. El\u00e4m\u00e4n kissan kanssa on mahtavaa!<\/p>\n<h2>Tarkistuslista: Oletko valmis kissan hankintaan?<\/h2>\n<p>Tarkista listasta oletko valmis kissanomistajaksi. Mik\u00e4li vastaat KYLL\u00c4 allaoleviin kysymyksiin, voit ehdottomast alkaa miettim\u00e4\u00e4n, ostatko kissan vai adoptoitko kodittoman kissan el\u00e4insuojeluydistykselt\u00e4.<\/p>\n<ul>\n<li>Olen tutustunut siihen, mit\u00e4 kissan hankkiminen tarkoittaa.<\/li>\n<li>Minulla on tarpeeksi aikaa kissasta huolehtimiseen.<\/li>\n<li>\u00a0Minulla on riitt\u00e4v\u00e4sti aikaa seurustella kissan kanssa.<\/li>\n<li>Minulla on varaa el\u00e4inl\u00e4\u00e4k\u00e4riin, <a title=\"Vaccinera katt\" href=\"https:\/\/mjau.se\/fi\/kaikki-kissoista\/kissan-terveys\/omvardnad\/kissan-rokottaminen\/\" data-id=\"15512\">rokotuksiin<\/a>,\u00a0<a title=\"D\u00e5 kan du kastrera din kattunge\" href=\"https:\/\/mjau.se\/fi\/kaikki-kissoista\/kissan-hankinta\/valmistautuminen-kissan-hankintaan\/\" data-id=\"15547\">kastrointiin<\/a> ja <a title=\"ID-m\u00e4rka katten\" href=\"https:\/\/mjau.se\/fi\/kattliv\/id-markning-katt\/\" data-id=\"15527\">tunnistusmerkint\u00e4\u00e4n<\/a>.<\/li>\n<li>Ymm\u00e4rr\u00e4n, ett\u00e4 kissan hankinta muuttaa el\u00e4m\u00e4ni moniksi vuosiksi eteenp\u00e4in.<\/li>\n<\/ul>\n                <\/div>\n            <\/div>\n        <\/div>\n\n\n\n        <section class=\"block post-promos\">\n        <div class=\"container\">\n            <h2 class=\"font-xl-primary\"><\/h2>\n            <div class=\"row gx-md-3\">\n                                        <div class=\"col-md-6 col-lg-4\">\n                            <a href=\"https:\/\/mjau.se\/fi\/kaikki-kissoista\/kissan-hankinta\/kissan-kustannukset\/\">\n                                <div class=\"card \">\n                                    <img loading=\"lazy\" decoding=\"async\" width=\"450\" height=\"300\" src=\"https:\/\/mjau.se\/fi\/wp-content\/uploads\/sites\/2\/2023\/06\/mjau-kostnad-ha-katt-450x300.jpg\" class=\"attachment-promo-thumbnail size-promo-thumbnail wp-post-image\" alt=\"Kissan kustannukset\" srcset=\"https:\/\/mjau.se\/fi\/wp-content\/uploads\/sites\/2\/2023\/06\/mjau-kostnad-ha-katt-450x300.jpg 450w, https:\/\/mjau.se\/fi\/wp-content\/uploads\/sites\/2\/2023\/06\/mjau-kostnad-ha-katt-768x512.jpg 768w, https:\/\/mjau.se\/fi\/wp-content\/uploads\/sites\/2\/2023\/06\/mjau-kostnad-ha-katt.jpg 800w\" sizes=\"(max-width: 450px) 100vw, 450px\" \/>                                                                        <div class=\"card-body\">\n\n                                                                                <h6>Kissan kustannukset<\/h6>\n                                        <p>Ensimm\u00e4isin\u00e4 vuosina saat kulumaan pajon rahaa kissaasi. Kissa tulee tunnistusmerkit\u00e4, rokottaa ja kastroida. Jos sinulla ei ole aiemmin ollut kissaa, joudut ostamaan my\u00f6s joitakin tarvikkeita. Tulevina vuosina kissan menot ovat 500-1000 euron luokkaa vuosittain. <\/p>\n                                        \n                                    <\/div>\n                                <\/div>\n                            <\/a>\n                        <\/div>\n                                        <div class=\"col-md-6 col-lg-4\">\n                            <a href=\"https:\/\/mjau.se\/fi\/kaikki-kissoista\/kissan-hankinta\/raser-som-passar-som-forstakatt\/\">\n                                <div class=\"card \">\n                                    <img loading=\"lazy\" decoding=\"async\" width=\"450\" height=\"300\" src=\"https:\/\/mjau.se\/fi\/wp-content\/uploads\/sites\/2\/2023\/06\/mjau-forstakatt-450x300.jpg\" class=\"attachment-promo-thumbnail size-promo-thumbnail wp-post-image\" alt=\"Ensimm\u00e4inen kissa\" srcset=\"https:\/\/mjau.se\/fi\/wp-content\/uploads\/sites\/2\/2023\/06\/mjau-forstakatt-450x300.jpg 450w, https:\/\/mjau.se\/fi\/wp-content\/uploads\/sites\/2\/2023\/06\/mjau-forstakatt-768x511.jpg 768w, https:\/\/mjau.se\/fi\/wp-content\/uploads\/sites\/2\/2023\/06\/mjau-forstakatt.jpg 800w\" sizes=\"(max-width: 450px) 100vw, 450px\" \/>                                                                        <div class=\"card-body\">\n\n                                                                                <h6>Ensimm\u00e4inen kissa<\/h6>\n                                        <p>Kaikki kissat ovat erilaisia. Millainen kissa sopii sinulle, riippuu paljon el\u00e4m\u00e4ntilanteestasi ja millaisen suhteen haluat kissaasi. Korkearaajaiset, hoikat kissa ovat aktiivisempia, kun taas matalammat, jykev\u00e4rakenteisemmat kissat usein ovat rauhallisempia. Jo pentulaatikossa voi erottaa kissanpentujen temperamenttia ja k\u00e4yt\u00f6seroja. Jos p\u00e4\u00e4dyt kodittoman kissan adoptioon, el\u00e4insuojeluyhdistykset useimmiten auttavat juuri sinulle sopivan kissayksil\u00f6n valinnassa. <\/p>\n                                        \n                                    <\/div>\n                                <\/div>\n                            <\/a>\n                        <\/div>\n                                        <div class=\"col-md-6 col-lg-4\">\n                            <a href=\"https:\/\/mjau.se\/fi\/kattliv\/kissan-adoptointi\/\">\n                                <div class=\"card \">\n                                    <img loading=\"lazy\" decoding=\"async\" width=\"450\" height=\"300\" src=\"https:\/\/mjau.se\/fi\/wp-content\/uploads\/sites\/2\/2023\/06\/mjau-adoptera-katt-450x300.jpg\" class=\"attachment-promo-thumbnail size-promo-thumbnail wp-post-image\" alt=\"Kissan adoptointi\" srcset=\"https:\/\/mjau.se\/fi\/wp-content\/uploads\/sites\/2\/2023\/06\/mjau-adoptera-katt-450x300.jpg 450w, https:\/\/mjau.se\/fi\/wp-content\/uploads\/sites\/2\/2023\/06\/mjau-adoptera-katt-768x514.jpg 768w, https:\/\/mjau.se\/fi\/wp-content\/uploads\/sites\/2\/2023\/06\/mjau-adoptera-katt.jpg 800w\" sizes=\"(max-width: 450px) 100vw, 450px\" \/>                                                                        <div class=\"card-body\">\n\n                                                                                <h6>Kissan adoptointi<\/h6>\n                                        <p>Suomessa on paljon kodittomia kissoja. Kun adoptoit kissan l\u00f6yt\u00f6el\u00e4intalosta, voit varmistua siit\u00e4, ett\u00e4 kissa on el\u00e4inl\u00e4\u00e4k\u00e4rin tarkastama, rokotettu, tunnistusmerkitty ja leikattu (jos se on riitt\u00e4v\u00e4n vanha). L\u00f6yt\u00f6el\u00e4inkodeissa on useimmiten hyv\u00e4 n\u00e4kemys siell\u00e4 olevien kissojen persoonasta, ja he voivat auttaa sinua valitsemaan juuri el\u00e4m\u00e4ntilanteeseesi parhaiten sopivan yksil\u00f6n.<\/p>\n                                        \n                                    <\/div>\n                                <\/div>\n                            <\/a>\n                        <\/div>\n                                        <div class=\"col-md-6 col-lg-4\">\n                            <a href=\"https:\/\/mjau.se\/fi\/kaikki-kissoista\/kissan-hankinta\/useampi-kissa\/\">\n                                <div class=\"card \">\n                                    <img loading=\"lazy\" decoding=\"async\" width=\"450\" height=\"300\" src=\"https:\/\/mjau.se\/fi\/wp-content\/uploads\/sites\/2\/2023\/06\/mjau-ha-flera-katter-tillsammans-450x300.jpg\" class=\"attachment-promo-thumbnail size-promo-thumbnail wp-post-image\" alt=\"Useampi kissa\" \/>                                                                        <div class=\"card-body\">\n\n                                                                                <h6>Useampi kissa<\/h6>\n                                        <p>Kissat ovat yksil\u00f6it\u00e4 ja kaikki erilaisia \u2013 osa niist\u00e4 haluaa kissakaverin, toiset taas ovat mieluummin kodin ainoa kissa. Kissanomistajana useimmiten tied\u00e4t parhaiten, mit\u00e4 juuri sinun kissasi haluaa. Mik\u00e4li haluat useamman kissan, on erilaisia tapoja auttaa kissojasi tulemaan paremmin toimeen kesken\u00e4\u00e4n. <\/p>\n                                        \n                                    <\/div>\n                                <\/div>\n                            <\/a>\n                        <\/div>\n                            <\/div>\n                    <\/div>\n    <\/section>\n","protected":false},"excerpt":{"rendered":"<p>Oletko perehtynyt, mit\u00e4 kissan hankintaan sis\u00e4ltyy? Onko sinulla aikaa kissan hoitamiseen? Voitko taata, ett\u00e4 kissalla on riitt\u00e4v\u00e4sti seuraa? Onko sinulla varaa el\u00e4inl\u00e4\u00e4k\u00e4rik\u00e4ynteihin, rokotuksiin, kastroitiin ja tunnistusmerkint\u00e4\u00e4n?Oletko varustautunut siihen, ett\u00e4 kissa muuttaa el\u00e4m\u00e4\u00e4si vuosiksi eteenp\u00e4in? Jos vastaus on kyll\u00e4, voit alkaa miettim\u00e4\u00e4n kissan ostamista tai adoptointia.<\/p>\n","protected":false},"author":1,"featured_media":1353,"parent":882,"menu_order":0,"comment_status":"closed","ping_status":"closed","template":"guternberg.php","meta":{"footnotes":""},"acf":[],"yoast_head":"<!-- This site is optimized with the Yoast SEO plugin v20.10 - https:\/\/yoast.com\/wordpress\/plugins\/seo\/ -->\n<title>Skaffa katt - \u00e4r du redo? Se v\u00e5r checklista - Mjau Finland<\/title>\n<meta name=\"description\" content=\"Hur vet du om du \u00e4r redo att skaffa katt ? Har du l\u00e4st p\u00e5 vad det inneb\u00e4r, har gott om tid och kan garantera att katten har s\u00e4llskap. Kolla v\u00e5r checklista.\" \/>\n<meta name=\"robots\" content=\"index, follow, max-snippet:-1, max-image-preview:large, max-video-preview:-1\" \/>\n<link rel=\"canonical\" href=\"https:\/\/mjau.se\/fi\/kaikki-kissoista\/kissan-hankinta\/valmistautuminen-kissan-hankintaan\/\" \/>\n<meta property=\"og:locale\" content=\"en_US\" \/>\n<meta property=\"og:type\" content=\"article\" \/>\n<meta property=\"og:title\" content=\"Skaffa katt - \u00e4r du redo? Se v\u00e5r checklista - Mjau Finland\" \/>\n<meta property=\"og:description\" content=\"Hur vet du om du \u00e4r redo att skaffa katt ? Har du l\u00e4st p\u00e5 vad det inneb\u00e4r, har gott om tid och kan garantera att katten har s\u00e4llskap. Kolla v\u00e5r checklista.\" \/>\n<meta property=\"og:url\" content=\"https:\/\/mjau.se\/fi\/kaikki-kissoista\/kissan-hankinta\/valmistautuminen-kissan-hankintaan\/\" \/>\n<meta property=\"og:site_name\" content=\"Mjau Finland\" \/>\n<meta property=\"article:modified_time\" content=\"2024-04-22T10:03:00+00:00\" \/>\n<meta property=\"og:image\" content=\"https:\/\/mjau.se\/fi\/wp-content\/uploads\/sites\/2\/2023\/06\/mjau-redo-skaffa-katt.jpg\" \/>\n\t<meta property=\"og:image:width\" content=\"800\" \/>\n\t<meta property=\"og:image:height\" content=\"533\" \/>\n\t<meta property=\"og:image:type\" content=\"image\/jpeg\" \/>\n<meta name=\"twitter:card\" content=\"summary_large_image\" \/>\n<!-- \/ Yoast SEO plugin. -->","yoast_head_json":{"title":"Skaffa katt - \u00e4r du redo? Se v\u00e5r checklista - Mjau Finland","description":"Hur vet du om du \u00e4r redo att skaffa katt ? Har du l\u00e4st p\u00e5 vad det inneb\u00e4r, har gott om tid och kan garantera att katten har s\u00e4llskap. Kolla v\u00e5r checklista.","robots":{"index":"index","follow":"follow","max-snippet":"max-snippet:-1","max-image-preview":"max-image-preview:large","max-video-preview":"max-video-preview:-1"},"canonical":"https:\/\/mjau.se\/fi\/kaikki-kissoista\/kissan-hankinta\/valmistautuminen-kissan-hankintaan\/","og_locale":"en_US","og_type":"article","og_title":"Skaffa katt - \u00e4r du redo? Se v\u00e5r checklista - Mjau Finland","og_description":"Hur vet du om du \u00e4r redo att skaffa katt ? Har du l\u00e4st p\u00e5 vad det inneb\u00e4r, har gott om tid och kan garantera att katten har s\u00e4llskap. Kolla v\u00e5r checklista.","og_url":"https:\/\/mjau.se\/fi\/kaikki-kissoista\/kissan-hankinta\/valmistautuminen-kissan-hankintaan\/","og_site_name":"Mjau Finland","article_modified_time":"2024-04-22T10:03:00+00:00","og_image":[{"width":800,"height":533,"url":"https:\/\/mjau.se\/fi\/wp-content\/uploads\/sites\/2\/2023\/06\/mjau-redo-skaffa-katt.jpg","type":"image\/jpeg"}],"twitter_card":"summary_large_image","schema":{"@context":"https:\/\/schema.org","@graph":[{"@type":"WebPage","@id":"https:\/\/mjau.se\/fi\/kaikki-kissoista\/kissan-hankinta\/valmistautuminen-kissan-hankintaan\/","url":"https:\/\/mjau.se\/fi\/kaikki-kissoista\/kissan-hankinta\/valmistautuminen-kissan-hankintaan\/","name":"Skaffa katt - \u00e4r du redo? Se v\u00e5r checklista - Mjau Finland","isPartOf":{"@id":"https:\/\/mjau.se\/fi\/#website"},"datePublished":"2023-06-11T09:06:54+00:00","dateModified":"2024-04-22T10:03:00+00:00","description":"Hur vet du om du \u00e4r redo att skaffa katt ? Har du l\u00e4st p\u00e5 vad det inneb\u00e4r, har gott om tid och kan garantera att katten har s\u00e4llskap. Kolla v\u00e5r checklista.","breadcrumb":{"@id":"https:\/\/mjau.se\/fi\/kaikki-kissoista\/kissan-hankinta\/valmistautuminen-kissan-hankintaan\/#breadcrumb"},"inLanguage":"en-US","potentialAction":[{"@type":"ReadAction","target":["https:\/\/mjau.se\/fi\/kaikki-kissoista\/kissan-hankinta\/valmistautuminen-kissan-hankintaan\/"]}]},{"@type":"BreadcrumbList","@id":"https:\/\/mjau.se\/fi\/kaikki-kissoista\/kissan-hankinta\/valmistautuminen-kissan-hankintaan\/#breadcrumb","itemListElement":[{"@type":"ListItem","position":1,"name":"Home","item":"https:\/\/mjau.se\/fi\/"},{"@type":"ListItem","position":2,"name":"Kaikki kissoista","item":"https:\/\/mjau.se\/fi\/kaikki-kissoista\/"},{"@type":"ListItem","position":3,"name":"Kissan hankinta","item":"https:\/\/mjau.se\/fi\/kaikki-kissoista\/kissan-hankinta\/"},{"@type":"ListItem","position":4,"name":"Valmistautuminen kissan hankintaan"}]},{"@type":"WebSite","@id":"https:\/\/mjau.se\/fi\/#website","url":"https:\/\/mjau.se\/fi\/","name":"Mjau Finland","description":"","potentialAction":[{"@type":"SearchAction","target":{"@type":"EntryPoint","urlTemplate":"https:\/\/mjau.se\/fi\/?s={search_term_string}"},"query-input":"required name=search_term_string"}],"inLanguage":"en-US"}]}},"_links":{"self":[{"href":"https:\/\/mjau.se\/fi\/wp-json\/wp\/v2\/pages\/890"}],"collection":[{"href":"https:\/\/mjau.se\/fi\/wp-json\/wp\/v2\/pages"}],"about":[{"href":"https:\/\/mjau.se\/fi\/wp-json\/wp\/v2\/types\/page"}],"author":[{"embeddable":true,"href":"https:\/\/mjau.se\/fi\/wp-json\/wp\/v2\/users\/1"}],"replies":[{"embeddable":true,"href":"https:\/\/mjau.se\/fi\/wp-json\/wp\/v2\/comments?post=890"}],"version-history":[{"count":39,"href":"https:\/\/mjau.se\/fi\/wp-json\/wp\/v2\/pages\/890\/revisions"}],"predecessor-version":[{"id":5277,"href":"https:\/\/mjau.se\/fi\/wp-json\/wp\/v2\/pages\/890\/revisions\/5277"}],"up":[{"embeddable":true,"href":"https:\/\/mjau.se\/fi\/wp-json\/wp\/v2\/pages\/882"}],"wp:featuredmedia":[{"embeddable":true,"href":"https:\/\/mjau.se\/fi\/wp-json\/wp\/v2\/media\/1353"}],"wp:attachment":[{"href":"https:\/\/mjau.se\/fi\/wp-json\/wp\/v2\/media?parent=890"}],"curies":[{"name":"wp","href":"https:\/\/api.w.org\/{rel}","templated":true}]}}