{"id":832,"date":"2023-06-11T07:29:10","date_gmt":"2023-06-11T07:29:10","guid":{"rendered":"https:\/\/mjau.se\/fi\/?page_id=832"},"modified":"2024-05-13T06:59:52","modified_gmt":"2024-05-13T06:59:52","slug":"ymparistoystavallinen-tuotepakkaus","status":"publish","type":"page","link":"https:\/\/mjau.se\/fi\/kissanruoka\/kestavasti-valmistettua-kissanruokaa\/ymparistoystavallinen-tuotepakkaus\/","title":{"rendered":"Ymp\u00e4rist\u00f6yst\u00e4v\u00e4llinen tuotepakkaus"},"content":{"rendered":"        <section class=\"sub-page-hero\">\n            <div class=\"container\">\n                \n                <div class=\"row\">\n                    <div class=\"col-md-8\">\n                        <h1 class=\"font-xl-primary\">Tetra Recart\u00ae \u2013 ymp\u00e4rist\u00f6yst\u00e4v\u00e4llinen, uudelleensuljettava pakkaus<\/h1><p>Tiesith\u00e4n, ett\u00e4 Mjaun m\u00e4rk\u00e4ruokia pakataan my\u00f6s ymp\u00e4rist\u00f6yst\u00e4v\u00e4lliseen Tetra Recart\u00ae -pakkaukseen, joka on lis\u00e4ksi my\u00f6s uudelleensuljettava.<\/p>\n                    <\/div>\n                <\/div>\n            <\/div>\n        <\/section>\n    \n\n            <section class=\"youtube-video-wrap\">\n                <div class=\"container\">\n                    <div class=\"text-center\">\n                        <div class=\"cookieconsent-optout-marketing\" style=\"height:600px; max-width:1200px;\">\n                            <i class=\"fas fa-play\"><\/i>\n                                                            <p>Please <a onclick=\"Cookiebot.renew()\">accept marketing cookies<\/a> to view this content. <\/p>\n                            \n                        <\/div>\n\n                        <iframe width=\"1200\" height=\"600\" data-cookieblock-src=\"https:\/\/www.youtube.com\/embed\/5GvfAaHiPmc\" data-cookieconsent=\"marketing\" title=\"YouTube video player\" frameborder=\"0\" allow=\"accelerometer; autoplay; clipboard-write; encrypted-media; gyroscope; picture-in-picture\" allowfullscreen><\/iframe>\n                    <\/div>\n                <\/div>\n            <\/section>\n        \n\n    <div class=\"single-column-warp\">\n        <div class=\"container\">\n            <div class=\"text-content\">\n               <h2>Mjau kissanruoka Tetra Recart\u00ae-pakkauksessa<\/h2>\n<p>Olemme p\u00e4\u00e4tt\u00e4neet t\u00e4ydent\u00e4\u00e4 kissanruokavalikoimaamme kartonkipohjaisella, ymp\u00e4rist\u00f6yst\u00e4v\u00e4llisell\u00e4 pakkauksella, jonka ominaisuudet vastaavat perinteist\u00e4 s\u00e4ilykepurkkia. Pakkauksella on monia etuja.<\/p>\n<p>Tetra Recart\u00ae -pakkaus onhelppo avata ja sulkea. Avattu m\u00e4rk\u00e4ruokapakkaus pysyy tuoreena v\u00e4hint\u00e4\u00e4n 2 vuorokautta j\u00e4\u00e4kaapissa.<\/p>\n<p>Kun pakkaus on tyhj\u00e4, se on k\u00e4tev\u00e4 huuhdella, litist\u00e4\u00e4 ja kierr\u00e4tt\u00e4\u00e4 kartonkipakkauksena.<\/p>\n<p>Yhteen lavaan Mjau kissanruokaa mahtuu 18 prosenttia enemm\u00e4n Tetra Recart\u00ae -pakkauksia kuin lavalliseen perinteisi\u00e4, py\u00f6reit\u00e4 s\u00e4ilykepurkkeja. Lis\u00e4ksi pakkaus on 60 prosenttia kevyempi kuin s\u00e4ilykepurkki.<\/p>\n<h2>FSC-merkint\u00e4 suojelee luontoa ja ihmisi\u00e4<\/h2>\n<p>Tetra Recart\u00ae -pakkaukset ovat FSC\u2122-merkittyj\u00e4 (<a href=\"https:\/\/urldefense.com\/v3\/__https:\/fsc.org\/en__;!!LouN9OorEw!GRmk1EpVGQpUY6LLB-JXdFOv4waG_c-ew2UEewqmU5WyZMCMw8Ak5hBh2C_FHRqQqVgBc8g$\">Forest Stewardship Council<\/a>). Forest Stewardship Council\u2122 takaa, ett\u00e4 pakkausten puukuidut tulevat vastuullisesti kasvatetuista metsist\u00e4 ja muista tarkistetuista l\u00e4hteist\u00e4. Forest Stewardship Council\u2122 (FSC\u2122) kontrolloi metsien hoitoa siten, ett\u00e4 niiden kest\u00e4v\u00e4 kasvu varmistetaan, ja lis\u00e4ksi varmistetaan villiel\u00e4inten ja luonnomukaisten kasvien suojelu. My\u00f6s paikallisten asukkaiden ja mets\u00e4ty\u00f6ntekij\u00f6iden turvallisuus ja tulevaisuus kuuluvat kontrollin piiriin. Kun ostat FSC\u2122-merkittyj\u00e4 tuotteita, teet ymp\u00e4rist\u00f6lle palveluksen.<\/p>\n<h2>Nelj\u00e4 hyv\u00e4\u00e4 syyt\u00e4<\/h2>\n<ol>\n<li><strong>Pienempi hiilijalanj\u00e4lki<\/strong> \u2013 pakkauksen koko elinik\u00e4n\u00e4 sen hiilidioksidip\u00e4\u00e4st\u00f6 on 81 % pienempi kuin s\u00e4ilyke- tai lasipurkin.<\/li>\n<li><strong>Pakkaus, joka &#8220;kasvaa takaisin&#8221;<\/strong> \u2013 v\u00e4hint\u00e4\u00e4n 69 % Tetra Recart\u00ae -pakkauksen materiaalista on uusiutuvista l\u00e4hteist\u00e4.<\/li>\n<li><strong>Tulevaisuuden mets\u00e4nhoitoa<\/strong> \u2013 100% Tetra Recart\u00ae -pakkauksen puumateriaalista tulee FSC\u00ae-sertifioiduista metsist\u00e4 ja muista kontrolloiduista l\u00e4hteist\u00e4.<\/li>\n<li><strong>V\u00e4hemm\u00e4n kuorma-autoja tiell\u00e4<\/strong>\u00a0\u2013 Tetra Recart\u00ae voidaan pakata ja kuljettaa tehokkaasti sen suorakaiteen muodosta ja kevyest\u00e4 painosta johtuen.Lis\u00e4\u00e4 tietoa t\u00e4\u00e4lt\u00e4: <a href=\"https:\/\/www.tetrapak.com\/solutions\/packaging\/packages\/tetra-recart\/pet-food\">www.tetrapack.com<\/a><\/li>\n<\/ol>\n                <\/div>\n            <\/div>\n        <\/div>\n\n\n\n        <section class=\"block post-promos\">\n        <div class=\"container\">\n            <h2 class=\"font-xl-primary\"><\/h2>\n            <div class=\"row gx-md-3\">\n                                        <div class=\"col-md-6 \">\n                            <a href=\"https:\/\/mjau.se\/fi\/kissanruoka\/markaruoka\/\">\n                                <div class=\"card \">\n                                    <img loading=\"lazy\" decoding=\"async\" width=\"450\" height=\"300\" src=\"https:\/\/mjau.se\/fi\/wp-content\/uploads\/sites\/2\/2023\/06\/Promo_BGImage-2-450x300.jpg\" class=\"attachment-promo-thumbnail size-promo-thumbnail wp-post-image\" alt=\"Mjau\" \/>                                                                        <div class=\"card-body\">\n\n                                                                                <h6>M\u00e4rk\u00e4ruoka<\/h6>\n                                        <p>M\u00e4rk\u00e4ruokamme ovat t\u00e4ysravintoja ja ne sis\u00e4lt\u00e4v\u00e4t 100% el\u00e4inper\u00e4ist\u00e4 proteiinia. Voit valita itsellesi sopivimman pakkaustyypin: kerta-annospakkaus, tetra tai s\u00e4ilykepurkki.<\/p>\n                                                                                    <a href=\"https:\/\/mjau.se\/fi\/kissanruoka\/markaruoka\/\" class=\"btn btn-default\">Lue lis\u00e4\u00e4<\/a>\n                                        \n                                    <\/div>\n                                <\/div>\n                            <\/a>\n                        <\/div>\n                                        <div class=\"col-md-6 \">\n                            <a href=\"https:\/\/mjau.se\/fi\/kaikki-kissoista\/kissan-terveys\/kastroitu-kissa\/kuiva-ja-markaruoka-kastroidulle-kissalle\/\">\n                                <div class=\"card \">\n                                    <img loading=\"lazy\" decoding=\"async\" width=\"450\" height=\"300\" src=\"https:\/\/mjau.se\/fi\/wp-content\/uploads\/sites\/2\/2023\/06\/mjau-kastrerd-katt-naringsbehov-amnesomsattning-450x300.jpg\" class=\"attachment-promo-thumbnail size-promo-thumbnail wp-post-image\" alt=\"Kuiva- ja m\u00e4rk\u00e4ruoka kastroidulle ja steriloidulle kissalle\" srcset=\"https:\/\/mjau.se\/fi\/wp-content\/uploads\/sites\/2\/2023\/06\/mjau-kastrerd-katt-naringsbehov-amnesomsattning-450x300.jpg 450w, https:\/\/mjau.se\/fi\/wp-content\/uploads\/sites\/2\/2023\/06\/mjau-kastrerd-katt-naringsbehov-amnesomsattning-768x512.jpg 768w, https:\/\/mjau.se\/fi\/wp-content\/uploads\/sites\/2\/2023\/06\/mjau-kastrerd-katt-naringsbehov-amnesomsattning.jpg 800w\" sizes=\"(max-width: 450px) 100vw, 450px\" \/>                                                                        <div class=\"card-body\">\n\n                                                                                <h6>Kuiva- ja m\u00e4rk\u00e4ruoka kastroidulle ja steriloidulle kissalle<\/h6>\n                                        <p>Kastroidun kissan aineenvaihdunta on 30% alhaisempi kuin kastroimattomien. Jos kissasi on kastroitu, tulee sinun pit\u00e4\u00e4 silm\u00e4ll\u00e4 sen painoa. Mjaun valikoimista l\u00f6ytyy sek\u00e4 kuivaruokia ja m\u00e4rk\u00e4ruokia, jotka on sovitettu erityisesti kastroitujen kissojen tarpeisiin.<\/p>\n                                                                                    <a href=\"https:\/\/mjau.se\/fi\/kaikki-kissoista\/kissan-terveys\/kastroitu-kissa\/kuiva-ja-markaruoka-kastroidulle-kissalle\/\" class=\"btn btn-default\">Lue lis\u00e4\u00e4<\/a>\n                                        \n                                    <\/div>\n                                <\/div>\n                            <\/a>\n                        <\/div>\n                            <\/div>\n                    <\/div>\n    <\/section>\n","protected":false},"excerpt":{"rendered":"<p>Tetra Recart on kartonkipohjainen pakkaus, joka toimii kuten perinteiset s\u00e4ilykepurkit, mutta on huomattavasti ymp\u00e4rist\u00f6yst\u00e4v\u00e4llisempi. Sen lis\u00e4ksi se on kevyt ja uudelleensuljettava, jotta kissanruoka pysyy pidemp\u00e4\u00e4n tuoreena.<\/p>\n","protected":false},"author":1,"featured_media":2414,"parent":812,"menu_order":0,"comment_status":"closed","ping_status":"closed","template":"guternberg.php","meta":{"footnotes":""},"acf":[],"yoast_head":"<!-- This site is optimized with the Yoast SEO plugin v20.10 - https:\/\/yoast.com\/wordpress\/plugins\/seo\/ -->\n<title>Tetra Recart \u2013 klimatsmart f\u00f6rpackning f\u00f6r kattmat - Mjau Finland<\/title>\n<meta name=\"description\" content=\"Mjau kissanruoka tetrassa (m\u00e4rk\u00e4ruoka) pakataan ymp\u00e4rist\u00f6yst\u00e4v\u00e4lliseen, kartonkipohjaiseen Tetra Recart pakkaukseen. Tetra Recart on uudelleensuljettava ja helppo kierr\u00e4tt\u00e4\u00e4.\" \/>\n<meta name=\"robots\" content=\"index, follow, max-snippet:-1, max-image-preview:large, max-video-preview:-1\" \/>\n<link rel=\"canonical\" href=\"https:\/\/mjau.se\/fi\/kissanruoka\/kestavasti-valmistettua-kissanruokaa\/ymparistoystavallinen-tuotepakkaus\/\" \/>\n<meta property=\"og:locale\" content=\"en_US\" \/>\n<meta property=\"og:type\" content=\"article\" \/>\n<meta property=\"og:title\" content=\"Tetra Recart \u2013 klimatsmart f\u00f6rpackning f\u00f6r kattmat - Mjau Finland\" \/>\n<meta property=\"og:description\" content=\"Mjau kissanruoka tetrassa (m\u00e4rk\u00e4ruoka) pakataan ymp\u00e4rist\u00f6yst\u00e4v\u00e4lliseen, kartonkipohjaiseen Tetra Recart pakkaukseen. Tetra Recart on uudelleensuljettava ja helppo kierr\u00e4tt\u00e4\u00e4.\" \/>\n<meta property=\"og:url\" content=\"https:\/\/mjau.se\/fi\/kissanruoka\/kestavasti-valmistettua-kissanruokaa\/ymparistoystavallinen-tuotepakkaus\/\" \/>\n<meta property=\"og:site_name\" content=\"Mjau Finland\" \/>\n<meta property=\"article:modified_time\" content=\"2024-05-13T06:59:52+00:00\" \/>\n<meta property=\"og:image\" content=\"https:\/\/mjau.se\/fi\/wp-content\/uploads\/sites\/2\/2023\/06\/mjau-klimatsmart-forpackning-tetra-recart.jpg\" \/>\n\t<meta property=\"og:image:width\" content=\"800\" \/>\n\t<meta property=\"og:image:height\" content=\"534\" \/>\n\t<meta property=\"og:image:type\" content=\"image\/jpeg\" \/>\n<meta name=\"twitter:card\" content=\"summary_large_image\" \/>\n<!-- \/ Yoast SEO plugin. -->","yoast_head_json":{"title":"Tetra Recart \u2013 klimatsmart f\u00f6rpackning f\u00f6r kattmat - Mjau Finland","description":"Mjau kissanruoka tetrassa (m\u00e4rk\u00e4ruoka) pakataan ymp\u00e4rist\u00f6yst\u00e4v\u00e4lliseen, kartonkipohjaiseen Tetra Recart pakkaukseen. Tetra Recart on uudelleensuljettava ja helppo kierr\u00e4tt\u00e4\u00e4.","robots":{"index":"index","follow":"follow","max-snippet":"max-snippet:-1","max-image-preview":"max-image-preview:large","max-video-preview":"max-video-preview:-1"},"canonical":"https:\/\/mjau.se\/fi\/kissanruoka\/kestavasti-valmistettua-kissanruokaa\/ymparistoystavallinen-tuotepakkaus\/","og_locale":"en_US","og_type":"article","og_title":"Tetra Recart \u2013 klimatsmart f\u00f6rpackning f\u00f6r kattmat - Mjau Finland","og_description":"Mjau kissanruoka tetrassa (m\u00e4rk\u00e4ruoka) pakataan ymp\u00e4rist\u00f6yst\u00e4v\u00e4lliseen, kartonkipohjaiseen Tetra Recart pakkaukseen. Tetra Recart on uudelleensuljettava ja helppo kierr\u00e4tt\u00e4\u00e4.","og_url":"https:\/\/mjau.se\/fi\/kissanruoka\/kestavasti-valmistettua-kissanruokaa\/ymparistoystavallinen-tuotepakkaus\/","og_site_name":"Mjau Finland","article_modified_time":"2024-05-13T06:59:52+00:00","og_image":[{"width":800,"height":534,"url":"https:\/\/mjau.se\/fi\/wp-content\/uploads\/sites\/2\/2023\/06\/mjau-klimatsmart-forpackning-tetra-recart.jpg","type":"image\/jpeg"}],"twitter_card":"summary_large_image","schema":{"@context":"https:\/\/schema.org","@graph":[{"@type":"WebPage","@id":"https:\/\/mjau.se\/fi\/kissanruoka\/kestavasti-valmistettua-kissanruokaa\/ymparistoystavallinen-tuotepakkaus\/","url":"https:\/\/mjau.se\/fi\/kissanruoka\/kestavasti-valmistettua-kissanruokaa\/ymparistoystavallinen-tuotepakkaus\/","name":"Tetra Recart \u2013 klimatsmart f\u00f6rpackning f\u00f6r kattmat - Mjau Finland","isPartOf":{"@id":"https:\/\/mjau.se\/fi\/#website"},"datePublished":"2023-06-11T07:29:10+00:00","dateModified":"2024-05-13T06:59:52+00:00","description":"Mjau kissanruoka tetrassa (m\u00e4rk\u00e4ruoka) pakataan ymp\u00e4rist\u00f6yst\u00e4v\u00e4lliseen, kartonkipohjaiseen Tetra Recart pakkaukseen. Tetra Recart on uudelleensuljettava ja helppo kierr\u00e4tt\u00e4\u00e4.","breadcrumb":{"@id":"https:\/\/mjau.se\/fi\/kissanruoka\/kestavasti-valmistettua-kissanruokaa\/ymparistoystavallinen-tuotepakkaus\/#breadcrumb"},"inLanguage":"en-US","potentialAction":[{"@type":"ReadAction","target":["https:\/\/mjau.se\/fi\/kissanruoka\/kestavasti-valmistettua-kissanruokaa\/ymparistoystavallinen-tuotepakkaus\/"]}]},{"@type":"BreadcrumbList","@id":"https:\/\/mjau.se\/fi\/kissanruoka\/kestavasti-valmistettua-kissanruokaa\/ymparistoystavallinen-tuotepakkaus\/#breadcrumb","itemListElement":[{"@type":"ListItem","position":1,"name":"Home","item":"https:\/\/mjau.se\/fi\/"},{"@type":"ListItem","position":2,"name":"Kissanruoka","item":"https:\/\/mjau.se\/fi\/kissanruoka\/"},{"@type":"ListItem","position":3,"name":"Kest\u00e4v\u00e4sti valmistettua kissanruokaa","item":"https:\/\/mjau.se\/fi\/kissanruoka\/kestavasti-valmistettua-kissanruokaa\/"},{"@type":"ListItem","position":4,"name":"Ymp\u00e4rist\u00f6yst\u00e4v\u00e4llinen tuotepakkaus"}]},{"@type":"WebSite","@id":"https:\/\/mjau.se\/fi\/#website","url":"https:\/\/mjau.se\/fi\/","name":"Mjau Finland","description":"","potentialAction":[{"@type":"SearchAction","target":{"@type":"EntryPoint","urlTemplate":"https:\/\/mjau.se\/fi\/?s={search_term_string}"},"query-input":"required name=search_term_string"}],"inLanguage":"en-US"}]}},"_links":{"self":[{"href":"https:\/\/mjau.se\/fi\/wp-json\/wp\/v2\/pages\/832"}],"collection":[{"href":"https:\/\/mjau.se\/fi\/wp-json\/wp\/v2\/pages"}],"about":[{"href":"https:\/\/mjau.se\/fi\/wp-json\/wp\/v2\/types\/page"}],"author":[{"embeddable":true,"href":"https:\/\/mjau.se\/fi\/wp-json\/wp\/v2\/users\/1"}],"replies":[{"embeddable":true,"href":"https:\/\/mjau.se\/fi\/wp-json\/wp\/v2\/comments?post=832"}],"version-history":[{"count":39,"href":"https:\/\/mjau.se\/fi\/wp-json\/wp\/v2\/pages\/832\/revisions"}],"predecessor-version":[{"id":5434,"href":"https:\/\/mjau.se\/fi\/wp-json\/wp\/v2\/pages\/832\/revisions\/5434"}],"up":[{"embeddable":true,"href":"https:\/\/mjau.se\/fi\/wp-json\/wp\/v2\/pages\/812"}],"wp:featuredmedia":[{"embeddable":true,"href":"https:\/\/mjau.se\/fi\/wp-json\/wp\/v2\/media\/2414"}],"wp:attachment":[{"href":"https:\/\/mjau.se\/fi\/wp-json\/wp\/v2\/media?parent=832"}],"curies":[{"name":"wp","href":"https:\/\/api.w.org\/{rel}","templated":true}]}}