{"id":596,"date":"2023-06-06T06:32:26","date_gmt":"2023-06-06T06:32:26","guid":{"rendered":"https:\/\/mjau.se\/fi\/?page_id=596"},"modified":"2026-04-02T09:26:58","modified_gmt":"2026-04-02T09:26:58","slug":"loyda-tuotteitamme","status":"publish","type":"page","link":"https:\/\/mjau.se\/fi\/loyda-tuotteitamme\/","title":{"rendered":"L\u00f6yd\u00e4 tuotteitamme"},"content":{"rendered":"        <section class=\"sub-page-hero-with-image\">\n            \n            <div class=\"overlay-v1 overlay-dark\" >\n                                    <img decoding=\"async\" class=\"background-image\" src=\"https:\/\/mjau.se\/fi\/wp-content\/uploads\/sites\/2\/2023\/06\/SubPage_Hero_BGImage.png\" alt=\"\">\n                                <div class=\"container\">\n                    \n                    <div class=\"row\">\n                        <div class=\"col-md-8 col-lg-6 \">\n                            <h1 class=\"font-xl-primary\">Mist\u00e4 Mjau tuotteita voi ostaa<\/h1>                        <\/div>\n                    <\/div>\n                <\/div>\n            <\/div>\n                    <\/section>\n    \n\n    <div class=\"single-column-warp\">\n        <div class=\"container\">\n            <div class=\"text-content\">\n               <p style=\"text-align: center\">Tuotteitamme myyd\u00e4\u00e4n v\u00e4hitt\u00e4istavarakauppojen lis\u00e4ksi my\u00f6s joissain el\u00e4intarvikeliikkeiss\u00e4 ja verkkokaupoissa. Huomioithan kuitenkin, ett\u00e4 valikoimat vaihtelevat liikkeitt\u00e4in.<\/p>\n                <\/div>\n            <\/div>\n        <\/div>\n\n\n    <section class=\"card-promo-wrap\">\n        <div class=\"container\">\n            <div class=\"row gx-md-4\">\n                                                                <div class=\"col-md-12 full-width-card\">\n                            <div class=\"card  default\">\n                                                                                                    <img decoding=\"async\" class=\"card-img-top\" src=\"https:\/\/mjau.se\/fi\/wp-content\/uploads\/sites\/2\/2023\/06\/Home_ProductRangeImage_Mjau.png\" alt=\"Card image cap\">\n                                \n                                <div class=\"card-body\">\n                                                                        <h5 class=\"card-title section-title\">Rakastettua ruokaa rakastetuille kissoille<\/h5>\n                                    <p>Kaikki kissanruokamme valmistetaan luonnollisista raaka-aineista ilman tarpeettomia lis\u00e4aineita. Jotta sinunkin rakastettu perheenj\u00e4senesi voi sy\u00f6d\u00e4 ja voida hyvin.<\/p>\n                                                                            <a class=\"btn btn-default\" href=\"https:\/\/mjau.se\/fi\/kissanruoka\/mjau\/\" target=\"_self\">N\u00e4yt\u00e4 tuotteet<\/a>\n                                                                    <\/div>\n                            <\/div>\n                        <\/div>\n                                                                <div class=\"col-md-12 full-width-card\">\n                            <div class=\"card  dark\">\n                                                                                                    <img decoding=\"async\" class=\"card-img-top\" src=\"https:\/\/mjau.se\/fi\/wp-content\/uploads\/sites\/2\/2025\/04\/Home_ProductRangeImage_MjauNogaUtvalt.png\" alt=\"Card image cap\">\n                                \n                                <div class=\"card-body\">\n                                                                        <h5 class=\"card-title section-title\">Mjau Noga Utvalt<\/h5>\n                                    <p>Tasapainotettu ja maukas m\u00e4rk\u00e4ruoka kissakulinaristeille.<\/p>\n                                                                            <a class=\"btn btn-default\" href=\"https:\/\/mjau.se\/fi\/kissanruoka\/mjau-noga-utvalt-markaruoka\/\" target=\"_self\">N\u00e4yt\u00e4 tuotteet<\/a>\n                                                                    <\/div>\n                            <\/div>\n                        <\/div>\n                \n            <\/div>\n\n        <\/div>\n    <\/section>\n","protected":false},"excerpt":{"rendered":"","protected":false},"author":1,"featured_media":0,"parent":0,"menu_order":0,"comment_status":"closed","ping_status":"closed","template":"guternberg.php","meta":{"footnotes":""},"acf":[],"yoast_head":"<!-- This site is optimized with the Yoast SEO plugin v20.10 - https:\/\/yoast.com\/wordpress\/plugins\/seo\/ -->\n<title>Hitta butik n\u00e4ra dig som s\u00e4ljer Mjau kattmat - Mjau Finland<\/title>\n<meta name=\"description\" content=\"Mjau tuotteita myyd\u00e4\u00e4n p\u00e4ivitt\u00e4istavarakauppojen lis\u00e4ksi my\u00f6s joissain el\u00e4intarvikeliikkeiss\u00e4 ja verkkokaupoissa.\" \/>\n<meta name=\"robots\" content=\"index, follow, max-snippet:-1, max-image-preview:large, max-video-preview:-1\" \/>\n<link rel=\"canonical\" href=\"https:\/\/mjau.se\/fi\/loyda-tuotteitamme\/\" \/>\n<meta property=\"og:locale\" content=\"en_US\" \/>\n<meta property=\"og:type\" content=\"article\" \/>\n<meta property=\"og:title\" content=\"Hitta butik n\u00e4ra dig som s\u00e4ljer Mjau kattmat - Mjau Finland\" \/>\n<meta property=\"og:description\" content=\"Mjau tuotteita myyd\u00e4\u00e4n p\u00e4ivitt\u00e4istavarakauppojen lis\u00e4ksi my\u00f6s joissain el\u00e4intarvikeliikkeiss\u00e4 ja verkkokaupoissa.\" \/>\n<meta property=\"og:url\" content=\"https:\/\/mjau.se\/fi\/loyda-tuotteitamme\/\" \/>\n<meta property=\"og:site_name\" content=\"Mjau Finland\" \/>\n<meta property=\"article:modified_time\" content=\"2026-04-02T09:26:58+00:00\" \/>\n<meta name=\"twitter:card\" content=\"summary_large_image\" \/>\n<!-- \/ Yoast SEO plugin. -->","yoast_head_json":{"title":"Hitta butik n\u00e4ra dig som s\u00e4ljer Mjau kattmat - Mjau Finland","description":"Mjau tuotteita myyd\u00e4\u00e4n p\u00e4ivitt\u00e4istavarakauppojen lis\u00e4ksi my\u00f6s joissain el\u00e4intarvikeliikkeiss\u00e4 ja verkkokaupoissa.","robots":{"index":"index","follow":"follow","max-snippet":"max-snippet:-1","max-image-preview":"max-image-preview:large","max-video-preview":"max-video-preview:-1"},"canonical":"https:\/\/mjau.se\/fi\/loyda-tuotteitamme\/","og_locale":"en_US","og_type":"article","og_title":"Hitta butik n\u00e4ra dig som s\u00e4ljer Mjau kattmat - Mjau Finland","og_description":"Mjau tuotteita myyd\u00e4\u00e4n p\u00e4ivitt\u00e4istavarakauppojen lis\u00e4ksi my\u00f6s joissain el\u00e4intarvikeliikkeiss\u00e4 ja verkkokaupoissa.","og_url":"https:\/\/mjau.se\/fi\/loyda-tuotteitamme\/","og_site_name":"Mjau Finland","article_modified_time":"2026-04-02T09:26:58+00:00","twitter_card":"summary_large_image","schema":{"@context":"https:\/\/schema.org","@graph":[{"@type":"WebPage","@id":"https:\/\/mjau.se\/fi\/loyda-tuotteitamme\/","url":"https:\/\/mjau.se\/fi\/loyda-tuotteitamme\/","name":"Hitta butik n\u00e4ra dig som s\u00e4ljer Mjau kattmat - Mjau Finland","isPartOf":{"@id":"https:\/\/mjau.se\/fi\/#website"},"datePublished":"2023-06-06T06:32:26+00:00","dateModified":"2026-04-02T09:26:58+00:00","description":"Mjau tuotteita myyd\u00e4\u00e4n p\u00e4ivitt\u00e4istavarakauppojen lis\u00e4ksi my\u00f6s joissain el\u00e4intarvikeliikkeiss\u00e4 ja verkkokaupoissa.","breadcrumb":{"@id":"https:\/\/mjau.se\/fi\/loyda-tuotteitamme\/#breadcrumb"},"inLanguage":"en-US","potentialAction":[{"@type":"ReadAction","target":["https:\/\/mjau.se\/fi\/loyda-tuotteitamme\/"]}]},{"@type":"BreadcrumbList","@id":"https:\/\/mjau.se\/fi\/loyda-tuotteitamme\/#breadcrumb","itemListElement":[{"@type":"ListItem","position":1,"name":"Home","item":"https:\/\/mjau.se\/fi\/"},{"@type":"ListItem","position":2,"name":"L\u00f6yd\u00e4 tuotteitamme"}]},{"@type":"WebSite","@id":"https:\/\/mjau.se\/fi\/#website","url":"https:\/\/mjau.se\/fi\/","name":"Mjau Finland","description":"","potentialAction":[{"@type":"SearchAction","target":{"@type":"EntryPoint","urlTemplate":"https:\/\/mjau.se\/fi\/?s={search_term_string}"},"query-input":"required name=search_term_string"}],"inLanguage":"en-US"}]}},"_links":{"self":[{"href":"https:\/\/mjau.se\/fi\/wp-json\/wp\/v2\/pages\/596"}],"collection":[{"href":"https:\/\/mjau.se\/fi\/wp-json\/wp\/v2\/pages"}],"about":[{"href":"https:\/\/mjau.se\/fi\/wp-json\/wp\/v2\/types\/page"}],"author":[{"embeddable":true,"href":"https:\/\/mjau.se\/fi\/wp-json\/wp\/v2\/users\/1"}],"replies":[{"embeddable":true,"href":"https:\/\/mjau.se\/fi\/wp-json\/wp\/v2\/comments?post=596"}],"version-history":[{"count":27,"href":"https:\/\/mjau.se\/fi\/wp-json\/wp\/v2\/pages\/596\/revisions"}],"predecessor-version":[{"id":5696,"href":"https:\/\/mjau.se\/fi\/wp-json\/wp\/v2\/pages\/596\/revisions\/5696"}],"wp:attachment":[{"href":"https:\/\/mjau.se\/fi\/wp-json\/wp\/v2\/media?parent=596"}],"curies":[{"name":"wp","href":"https:\/\/api.w.org\/{rel}","templated":true}]}}