{"id":592,"date":"2023-06-06T06:31:45","date_gmt":"2023-06-06T06:31:45","guid":{"rendered":"https:\/\/mjau.se\/fi\/?page_id=592"},"modified":"2025-01-17T07:46:26","modified_gmt":"2025-01-17T07:46:26","slug":"om-mjau","status":"publish","type":"page","link":"https:\/\/mjau.se\/fi\/om-mjau\/","title":{"rendered":"Mjau"},"content":{"rendered":"        <section class=\"sub-page-hero-with-image\">\n            \n            <div class=\"overlay-v1 overlay-dark\" >\n                                    <img decoding=\"async\" class=\"background-image\" src=\"https:\/\/mjau.se\/fi\/wp-content\/uploads\/sites\/2\/2023\/06\/SubPage_Hero_BGImage-3.jpg\" alt=\"\">\n                                <div class=\"container\">\n                    \n                    <div class=\"row\">\n                        <div class=\"col-md-8 col-lg-6 \">\n                            <h1 class=\"font-xl-primary\">Mjau<\/h1><p><div class=\"page\" title=\"Page 3\">\n<div class=\"section\">\n<div class=\"layoutArea\">\n<div class=\"column\">\n<p>Me Mjaulla olemme sitoutuneita siihen, ett\u00e4 jokaisella kissa on oikeus el\u00e4m\u00e4\u00e4n, joka on t\u00e4ynn\u00e4 rakkautta, turvallisuutta ja eritt\u00e4in hyv\u00e4\u00e4 ruokaa. Siksi valmistamme kissanruokamme luonnollisista raaka-aineista, ilman tarpeettomia lis\u00e4aineita. \u00a0Olemme valmistaneet ravinteikasta ruokaa kissoille V\u00e5rg\u00e5rdassa jo useiden sukupolvien ajan. Haluamme varmistaa, ett\u00e4 jokaisella kissalla on parhaat mahdolliset edellytykset hyvinvointiin ja ett\u00e4 ne saavat kaiken sen huolenpidon jonka ne tarvitsevat ja ansaitsevat.<\/p>\n<\/div>\n<\/div>\n<\/div>\n<\/div>\n<\/p>                        <\/div>\n                    <\/div>\n                <\/div>\n            <\/div>\n                            <div class=\"mobile-content\">\n                    <div class=\"container\">\n                        <p><div class=\"page\" title=\"Page 3\">\n<div class=\"section\">\n<div class=\"layoutArea\">\n<div class=\"column\">\n<p>Me Mjaulla olemme sitoutuneita siihen, ett\u00e4 jokaisella kissa on oikeus el\u00e4m\u00e4\u00e4n, joka on t\u00e4ynn\u00e4 rakkautta, turvallisuutta ja eritt\u00e4in hyv\u00e4\u00e4 ruokaa. Siksi valmistamme kissanruokamme luonnollisista raaka-aineista, ilman tarpeettomia lis\u00e4aineita. \u00a0Olemme valmistaneet ravinteikasta ruokaa kissoille V\u00e5rg\u00e5rdassa jo useiden sukupolvien ajan. Haluamme varmistaa, ett\u00e4 jokaisella kissalla on parhaat mahdolliset edellytykset hyvinvointiin ja ett\u00e4 ne saavat kaiken sen huolenpidon jonka ne tarvitsevat ja ansaitsevat.<\/p>\n<\/div>\n<\/div>\n<\/div>\n<\/div>\n<\/p>                    <\/div>\n                <\/div>\n                    <\/section>\n    \n\n<div class=\"text-box section-heading\">\n    <div class=\"container\">\n        <h2 class=\"section-heading-title font-lg-primary\">Ruokaa lemmikeille jo vuodesta 1903<\/h2>\n    <\/div>\n<\/div>\n\n\n    <section class=\"block two-column-text \">\n        <div class=\"container\">\n            <div class=\"row\">\n                                                        <div class=\"col-md-6\">\n                        <p><strong>Partner in Pet Food Nordics AB:lla on historia, josta olemme eritt\u00e4in ylpeit\u00e4. Olemme valmistaneet ruokaa lemmikeille jo yli 120 vuotta &#8211; aina vuodesta 1903 l\u00e4htien.<\/strong><\/p>\n<p>Historiamme alkaa p\u00e4iv\u00e4st\u00e4 1800-luvun puolessav\u00e4liss\u00e4, kun nuori Aron Heyman astui junasta V\u00e5rg\u00e5rdan asemalla. Hedelm\u00e4lliselle L\u00e4nsi-G\u00f6tanmaalle h\u00e4n perusti kauramyllyn jo vuonna 1871.<\/p>\n                                            <\/div>\n                    <div class=\"col-md-6\">\n                        <p>Aron matkusti Skotlantiin, jossa h\u00e4n oppi valmistamaan h\u00f6yryk\u00e4siteltyj\u00e4 kauraryynej\u00e4, ja myllyn ylij\u00e4\u00e4m\u00e4 talteenottamalla voitiin vuonna 1903 esitell\u00e4 aivan ensimm\u00e4inen koiranruokamme,\u00a0 V\u00e5rg\u00e5rda Hundmj\u00f6l.<\/p>\n<p>Siit\u00e4 tuli ensimm\u00e4inen askelma t\u00e4m\u00e4n p\u00e4iv\u00e4n Partner in Pet Food Nordics AB:lle. Aron Heymanin ideoita ja visioita vaalivat ja kehittiv\u00e4t nelj\u00e4 sukupolvea Heymaneita, joista yritys t\u00e4n\u00e4kin p\u00e4iv\u00e4n\u00e4, yli vuosisata my\u00f6hemmin, tunnetaan: korkealuokkaisesta koiran- ja kissanruoasta.<\/p>\n<p>&nbsp;<\/p>\n                                            <\/div>\n                     \n                                                <\/div>\n         \n        <\/div>\n    <\/section>\n\n\n\n            <section class=\"youtube-video-wrap\">\n                <div class=\"container\">\n                    <div class=\"text-center\">\n                        <div class=\"cookieconsent-optout-marketing\" style=\"height:600px; max-width:1200px;\">\n                            <i class=\"fas fa-play\"><\/i>\n                                                            <p>Please <a onclick=\"Cookiebot.renew()\">accept marketing cookies<\/a> to view this content. <\/p>\n                            \n                        <\/div>\n\n                        <iframe width=\"1200\" height=\"600\" data-cookieblock-src=\"https:\/\/www.youtube.com\/embed\/_DFE2qmCLIE\" data-cookieconsent=\"marketing\" title=\"YouTube video player\" frameborder=\"0\" allow=\"accelerometer; autoplay; clipboard-write; encrypted-media; gyroscope; picture-in-picture\" allowfullscreen><\/iframe>\n                    <\/div>\n                <\/div>\n            <\/section>\n        \n\n    <section class=\"block two-column-text \">\n        <div class=\"container\">\n            <div class=\"row\">\n                                                        <div class=\"col-md-6\">\n                        <p>T\u00e4\u00e4ll\u00e4 meill\u00e4 on kaikki tarvittava tieto, jotta voimme valmistaa korkealuokkaista ruokaa nelijalkaisille yst\u00e4villemme. T\u00e4t\u00e4 pient\u00e4 paikkakuntaa L\u00e4nsi-G\u00f6tanmaan syd\u00e4mess\u00e4 leimaa edistyksellisyys, p\u00e4\u00e4tt\u00e4v\u00e4isyys ja yhteis\u00f6llisyys, joka n\u00e4kyy my\u00f6s Partner in Pet Food Nordics AB:n toiminnassa.<\/p>\n<p>Haastamme itse\u00e4mme jatkuvasti ajattelemaan asioita uudelta kantilta, ja p\u00e4iv\u00e4 p\u00e4iv\u00e4lt\u00e4 parantamaan toimintaamme, ei v\u00e4hiten mit\u00e4 tulee kest\u00e4viin valintoihin niin tuotannon, kuljetusten kuin pakkausten suhteen. Samalla vaalimme my\u00f6s alkuper\u00e4\u00e4mme ja pid\u00e4mme lujasti kiinni perinteest\u00e4 valmistaa ruokaa lemmikeille t\u00e4\u00e4ll\u00e4 V\u00e5rg\u00e5rdassa.<\/p>\n<p>Vakiintuneilla tuotemerkeill\u00e4\u00e4n, <a href=\"https:\/\/doggy.se\/\">Doggy<\/a>, Mjau ja <a href=\"https:\/\/bozita.com\/se\/\">Bozita<\/a>, Partner in Pet Food Nordics AB on Ruotsin suurin koiran- ja kissanruoan valmistaja.<\/p>\n                                            <\/div>\n                    <div class=\"col-md-6\">\n                        <p>Eritt\u00e4in laadukkaiden raaka-aineiden ja ymp\u00e4rist\u00f6tietoisuutemme vuoksi olemme luonnollinen ja luotettava, korkealuokkaisen lemmikkiruoan valmistaja. &#8220;Rakkautta V\u00e5rg\u00e5rdasta jokaisessa kupissa&#8221; on selke\u00e4 visiomme, ja sen mahdollistaa jokainen p\u00e4iv\u00e4 yli 200 sitoutunutta ty\u00f6ntekij\u00e4\u00e4mme, joiden syd\u00e4met ly\u00f6v\u00e4t lemmikkien hyv\u00e4ksi.<\/p>\n<p>T\u00e4m\u00e4 on ollut johtot\u00e4htemme jo yli 120 vuoden ajan, ja sit\u00e4 se on jatkossakin. Jokainen p\u00e4iv\u00e4, vuosi toisensa j\u00e4lkeen.<\/p>\n                                            <\/div>\n                     \n                                                <\/div>\n         \n        <\/div>\n    <\/section>\n\n\n\n\n        <section class=\"cta-image-wrap\">\n                            <img decoding=\"async\" class=\"background-image\" src=\"https:\/\/mjau.se\/fi\/wp-content\/uploads\/sites\/2\/2023\/06\/Promo_BGImage-2.jpg\" alt=\"\">\n                        <div class=\"overlay\">\n                <div class=\"container text-center\">\n                    <div class=\"row\">\n\n\n                        <div class=\"col-sm-2\"><\/div>\n                        <div class=\"col-sm-8\">\n                            <h3>Pid\u00e4mme huolta kissoista ja luonnosta<\/h3><p>Teemme kaikkemme kissojen parhaaksi ja suojellaksemme luontoa. Meille on itsest\u00e4\u00e4nselv\u00e4\u00e4, ett\u00e4 kissanruoka valmistetaan ja pakataan luonto ja yhteinen tulevaisuutemme fokuksessa.<\/p>\n                                <a target=\"\" href=\"https:\/\/mjau.se\/fi\/kissanruoka\/kestavasti-valmistettua-kissanruokaa\/\" class=\"btn btn-default\">\n                                    Lue lis\u00e4\u00e4                                <\/a>\n                                                    <\/div>\n                    <\/div>\n                <\/div>\n            <\/div>\n        <\/section>\n\n","protected":false},"excerpt":{"rendered":"","protected":false},"author":1,"featured_media":0,"parent":0,"menu_order":0,"comment_status":"closed","ping_status":"closed","template":"guternberg.php","meta":{"footnotes":""},"acf":[],"yoast_head":"<!-- This site is optimized with the Yoast SEO plugin v20.10 - https:\/\/yoast.com\/wordpress\/plugins\/seo\/ -->\n<title>Mjau - Mjau Finland<\/title>\n<meta name=\"description\" content=\"Mjau valmistaa korkealuokkaista kissanruokaa luonnollisista raaka-aineista ilman tarpeettomia lis\u00e4aineita, jotta voimme varmistaa parhaat edellytykset kissasi hyvinvointiin.\" \/>\n<meta name=\"robots\" content=\"index, follow, max-snippet:-1, max-image-preview:large, max-video-preview:-1\" \/>\n<link rel=\"canonical\" href=\"https:\/\/mjau.se\/fi\/om-mjau\/\" \/>\n<meta property=\"og:locale\" content=\"en_US\" \/>\n<meta property=\"og:type\" content=\"article\" \/>\n<meta property=\"og:title\" content=\"Mjau - Mjau Finland\" \/>\n<meta property=\"og:description\" content=\"Mjau valmistaa korkealuokkaista kissanruokaa luonnollisista raaka-aineista ilman tarpeettomia lis\u00e4aineita, jotta voimme varmistaa parhaat edellytykset kissasi hyvinvointiin.\" \/>\n<meta property=\"og:url\" content=\"https:\/\/mjau.se\/fi\/om-mjau\/\" \/>\n<meta property=\"og:site_name\" content=\"Mjau Finland\" \/>\n<meta property=\"article:modified_time\" content=\"2025-01-17T07:46:26+00:00\" \/>\n<meta name=\"twitter:card\" content=\"summary_large_image\" \/>\n<!-- \/ Yoast SEO plugin. -->","yoast_head_json":{"title":"Mjau - Mjau Finland","description":"Mjau valmistaa korkealuokkaista kissanruokaa luonnollisista raaka-aineista ilman tarpeettomia lis\u00e4aineita, jotta voimme varmistaa parhaat edellytykset kissasi hyvinvointiin.","robots":{"index":"index","follow":"follow","max-snippet":"max-snippet:-1","max-image-preview":"max-image-preview:large","max-video-preview":"max-video-preview:-1"},"canonical":"https:\/\/mjau.se\/fi\/om-mjau\/","og_locale":"en_US","og_type":"article","og_title":"Mjau - Mjau Finland","og_description":"Mjau valmistaa korkealuokkaista kissanruokaa luonnollisista raaka-aineista ilman tarpeettomia lis\u00e4aineita, jotta voimme varmistaa parhaat edellytykset kissasi hyvinvointiin.","og_url":"https:\/\/mjau.se\/fi\/om-mjau\/","og_site_name":"Mjau Finland","article_modified_time":"2025-01-17T07:46:26+00:00","twitter_card":"summary_large_image","schema":{"@context":"https:\/\/schema.org","@graph":[{"@type":"WebPage","@id":"https:\/\/mjau.se\/fi\/om-mjau\/","url":"https:\/\/mjau.se\/fi\/om-mjau\/","name":"Mjau - Mjau Finland","isPartOf":{"@id":"https:\/\/mjau.se\/fi\/#website"},"datePublished":"2023-06-06T06:31:45+00:00","dateModified":"2025-01-17T07:46:26+00:00","description":"Mjau valmistaa korkealuokkaista kissanruokaa luonnollisista raaka-aineista ilman tarpeettomia lis\u00e4aineita, jotta voimme varmistaa parhaat edellytykset kissasi hyvinvointiin.","breadcrumb":{"@id":"https:\/\/mjau.se\/fi\/om-mjau\/#breadcrumb"},"inLanguage":"en-US","potentialAction":[{"@type":"ReadAction","target":["https:\/\/mjau.se\/fi\/om-mjau\/"]}]},{"@type":"BreadcrumbList","@id":"https:\/\/mjau.se\/fi\/om-mjau\/#breadcrumb","itemListElement":[{"@type":"ListItem","position":1,"name":"Home","item":"https:\/\/mjau.se\/fi\/"},{"@type":"ListItem","position":2,"name":"Mjau"}]},{"@type":"WebSite","@id":"https:\/\/mjau.se\/fi\/#website","url":"https:\/\/mjau.se\/fi\/","name":"Mjau Finland","description":"","potentialAction":[{"@type":"SearchAction","target":{"@type":"EntryPoint","urlTemplate":"https:\/\/mjau.se\/fi\/?s={search_term_string}"},"query-input":"required name=search_term_string"}],"inLanguage":"en-US"}]}},"_links":{"self":[{"href":"https:\/\/mjau.se\/fi\/wp-json\/wp\/v2\/pages\/592"}],"collection":[{"href":"https:\/\/mjau.se\/fi\/wp-json\/wp\/v2\/pages"}],"about":[{"href":"https:\/\/mjau.se\/fi\/wp-json\/wp\/v2\/types\/page"}],"author":[{"embeddable":true,"href":"https:\/\/mjau.se\/fi\/wp-json\/wp\/v2\/users\/1"}],"replies":[{"embeddable":true,"href":"https:\/\/mjau.se\/fi\/wp-json\/wp\/v2\/comments?post=592"}],"version-history":[{"count":130,"href":"https:\/\/mjau.se\/fi\/wp-json\/wp\/v2\/pages\/592\/revisions"}],"predecessor-version":[{"id":5593,"href":"https:\/\/mjau.se\/fi\/wp-json\/wp\/v2\/pages\/592\/revisions\/5593"}],"wp:attachment":[{"href":"https:\/\/mjau.se\/fi\/wp-json\/wp\/v2\/media?parent=592"}],"curies":[{"name":"wp","href":"https:\/\/api.w.org\/{rel}","templated":true}]}}