{"id":588,"date":"2023-06-06T06:31:07","date_gmt":"2023-06-06T06:31:07","guid":{"rendered":"https:\/\/mjau.se\/fi\/?page_id=588"},"modified":"2024-04-22T06:52:09","modified_gmt":"2024-04-22T06:52:09","slug":"kaikki-kissoista","status":"publish","type":"page","link":"https:\/\/mjau.se\/fi\/kaikki-kissoista\/","title":{"rendered":"Kaikki kissoista"},"content":{"rendered":"        <section class=\"sub-page-hero-with-image\">\n            \n            <div class=\"overlay-v1 overlay-dark\" >\n                                    <img decoding=\"async\" class=\"background-image\" src=\"https:\/\/mjau.se\/fi\/wp-content\/uploads\/sites\/2\/2023\/06\/SubPage_Hero_BGImage.png\" alt=\"\">\n                                <div class=\"container\">\n                    \n                    <div class=\"row\">\n                        <div class=\"col-md-8 col-lg-6 \">\n                            <h1 class=\"font-xl-primary\">Kaikki kissoista<\/h1><p><p>T\u00e4\u00e4lt\u00e4 l\u00f6yd\u00e4t vinkkej\u00e4 ja tietoa, kuinka voit parhaiten hoitaa kissaasi. Lue lis\u00e4\u00e4 kissojen k\u00e4yt\u00f6ksest\u00e4, niiden terveydest\u00e4 ja mit\u00e4 sinun tulee ottaa huomioon hankkiessasi kissan.<\/p>\n<\/p>                        <\/div>\n                    <\/div>\n                <\/div>\n            <\/div>\n                            <div class=\"mobile-content\">\n                    <div class=\"container\">\n                        <p><p>T\u00e4\u00e4lt\u00e4 l\u00f6yd\u00e4t vinkkej\u00e4 ja tietoa, kuinka voit parhaiten hoitaa kissaasi. Lue lis\u00e4\u00e4 kissojen k\u00e4yt\u00f6ksest\u00e4, niiden terveydest\u00e4 ja mit\u00e4 sinun tulee ottaa huomioon hankkiessasi kissan.<\/p>\n<\/p>                    <\/div>\n                <\/div>\n                    <\/section>\n    \n\n\n<section class=\"block two-column-image-with-textbox\">\n    <div class=\"container\">\n             <div class=\"row align-items-center \">\n            <div class=\"col-md-6\">\n                                            <figure>\n                                    <img decoding=\"async\" src=\"https:\/\/mjau.se\/fi\/wp-content\/uploads\/sites\/2\/2023\/06\/SmallPagePromo_BGImage2.png\" alt=\"\">\n                                <\/figure>\n                                        <\/div>\n            <div class=\"col-md-6\">\n                <div class=\"content-wrap\">\n                <h2>Kissan k\u00e4yt\u00f6s <\/h2><p><p>Mit\u00e4 paremmin tunnet kissasi luonnollisen tavan olla ja k\u00e4ytt\u00e4yty\u00e4, sit\u00e4 helpommin ymm\u00e4rr\u00e4t miksi se tekee kuten tekee ja mit\u00e4 se tarvitsee voidakseen hyvin. T\u00e4\u00e4lt\u00e4 saat neuvoja ja vinkkej\u00e4 ymm\u00e4rt\u00e4\u00e4ksesi paremmin kissan k\u00e4ytt\u00e4ytymist\u00e4.<\/p>\n <\/p>                    <a target=\"\" href=\"https:\/\/mjau.se\/fi\/kaikki-kissoista\/kissan-kayttaytyminen\/\" class=\"btn btn-default\">Tutustu kissaasi paremmin<\/a>\n                                <\/div>\n            <\/div>\n        <\/div>\n               \n    <\/div>\n<\/section>\n\n\n    <section class=\"block full-section-promo primary-background\">\n        <div class=\"content-wrap\">\n            <div class=\"container\">\n                <div class=\"row gx-lg-3 gx-xl-5 align-items-center flex-md-row-reverse\">\n                    <div class=\"col-md-6\">\n                                                    <img decoding=\"async\" src=\"https:\/\/mjau.se\/fi\/wp-content\/uploads\/sites\/2\/2023\/06\/mjau-palsvard-motverkar-harbollar-700x400.jpg\" alt=\"\">\n                                            <\/div>\n                    <div class=\"col-md-6\">\n                        <h2 class=\"font-xl-primary\">Kissan terveys <\/h2><p>Lue lis\u00e4\u00e4 kissojen terveydest\u00e4, kastroinnista, rokotuksista, ruokinnasta ja muusta, joka auttaa sinua pit\u00e4m\u00e4\u00e4n kissasi terveen\u00e4 jotta voitte viett\u00e4\u00e4 monia ihania vuosia yhdess\u00e4. <\/p>                            <a target=\"\" href=\"https:\/\/mjau.se\/fi\/kaikki-kissoista\/kissan-terveys\/\" class=\"btn btn-default\">Pid\u00e4 kissasi terveen\u00e4<\/a>\n                                            <\/div>\n                <\/div>\n\n\n            <\/div>\n        <\/div>\n    <\/section>\n\n\n\n<section class=\"block two-column-image-with-textbox\">\n    <div class=\"container\">\n             <div class=\"row align-items-center \">\n            <div class=\"col-md-6\">\n                                            <figure>\n                                    <img decoding=\"async\" src=\"https:\/\/mjau.se\/fi\/wp-content\/uploads\/sites\/2\/2023\/06\/mjau-kastrerd-katt-naringsbehov-amnesomsattning.jpg\" alt=\"\">\n                                <\/figure>\n                                        <\/div>\n            <div class=\"col-md-6\">\n                <div class=\"content-wrap\">\n                <h2>Kissan hankinta <\/h2><p><p>Harkitsetko kissan hankkimista, mutta et ole varma mit\u00e4 kaikkea se sinulta vaatii. T\u00e4\u00e4lt\u00e4 l\u00f6yd\u00e4t vastauksia asioihin, jotka saattavat askarruttaa, kuten kuinka paljon kissan hankinta maksaa ja kuinka paljon seuraa se tarvitsee?<\/p>\n <\/p>                    <a target=\"\" href=\"https:\/\/mjau.se\/fi\/kaikki-kissoista\/kissan-hankinta\/\" class=\"btn btn-default\">Lue lis\u00e4\u00e4<\/a>\n                                <\/div>\n            <\/div>\n        <\/div>\n               \n    <\/div>\n<\/section>\n","protected":false},"excerpt":{"rendered":"","protected":false},"author":1,"featured_media":0,"parent":0,"menu_order":0,"comment_status":"closed","ping_status":"closed","template":"guternberg.php","meta":{"footnotes":""},"acf":[],"yoast_head":"<!-- This site is optimized with the Yoast SEO plugin v20.10 - https:\/\/yoast.com\/wordpress\/plugins\/seo\/ -->\n<title>Kaikki kissoista - Mjau Finland<\/title>\n<meta name=\"description\" content=\"T\u00e4nne olemme ker\u00e4nneet parhaat neuvomme kissojen terveydest\u00e4, k\u00e4yt\u00f6ksest\u00e4 ja yleist\u00e4 tietoa kissan hankinnasta.\" \/>\n<meta name=\"robots\" content=\"index, follow, max-snippet:-1, max-image-preview:large, max-video-preview:-1\" \/>\n<link rel=\"canonical\" href=\"https:\/\/mjau.se\/fi\/kaikki-kissoista\/\" \/>\n<meta property=\"og:locale\" content=\"en_US\" \/>\n<meta property=\"og:type\" content=\"article\" \/>\n<meta property=\"og:title\" content=\"Kaikki kissoista - Mjau Finland\" \/>\n<meta property=\"og:description\" content=\"T\u00e4nne olemme ker\u00e4nneet parhaat neuvomme kissojen terveydest\u00e4, k\u00e4yt\u00f6ksest\u00e4 ja yleist\u00e4 tietoa kissan hankinnasta.\" \/>\n<meta property=\"og:url\" content=\"https:\/\/mjau.se\/fi\/kaikki-kissoista\/\" \/>\n<meta property=\"og:site_name\" content=\"Mjau Finland\" \/>\n<meta property=\"article:modified_time\" content=\"2024-04-22T06:52:09+00:00\" \/>\n<meta name=\"twitter:card\" content=\"summary_large_image\" \/>\n<!-- \/ Yoast SEO plugin. -->","yoast_head_json":{"title":"Kaikki kissoista - Mjau Finland","description":"T\u00e4nne olemme ker\u00e4nneet parhaat neuvomme kissojen terveydest\u00e4, k\u00e4yt\u00f6ksest\u00e4 ja yleist\u00e4 tietoa kissan hankinnasta.","robots":{"index":"index","follow":"follow","max-snippet":"max-snippet:-1","max-image-preview":"max-image-preview:large","max-video-preview":"max-video-preview:-1"},"canonical":"https:\/\/mjau.se\/fi\/kaikki-kissoista\/","og_locale":"en_US","og_type":"article","og_title":"Kaikki kissoista - Mjau Finland","og_description":"T\u00e4nne olemme ker\u00e4nneet parhaat neuvomme kissojen terveydest\u00e4, k\u00e4yt\u00f6ksest\u00e4 ja yleist\u00e4 tietoa kissan hankinnasta.","og_url":"https:\/\/mjau.se\/fi\/kaikki-kissoista\/","og_site_name":"Mjau Finland","article_modified_time":"2024-04-22T06:52:09+00:00","twitter_card":"summary_large_image","schema":{"@context":"https:\/\/schema.org","@graph":[{"@type":"WebPage","@id":"https:\/\/mjau.se\/fi\/kaikki-kissoista\/","url":"https:\/\/mjau.se\/fi\/kaikki-kissoista\/","name":"Kaikki kissoista - Mjau Finland","isPartOf":{"@id":"https:\/\/mjau.se\/fi\/#website"},"datePublished":"2023-06-06T06:31:07+00:00","dateModified":"2024-04-22T06:52:09+00:00","description":"T\u00e4nne olemme ker\u00e4nneet parhaat neuvomme kissojen terveydest\u00e4, k\u00e4yt\u00f6ksest\u00e4 ja yleist\u00e4 tietoa kissan hankinnasta.","breadcrumb":{"@id":"https:\/\/mjau.se\/fi\/kaikki-kissoista\/#breadcrumb"},"inLanguage":"en-US","potentialAction":[{"@type":"ReadAction","target":["https:\/\/mjau.se\/fi\/kaikki-kissoista\/"]}]},{"@type":"BreadcrumbList","@id":"https:\/\/mjau.se\/fi\/kaikki-kissoista\/#breadcrumb","itemListElement":[{"@type":"ListItem","position":1,"name":"Home","item":"https:\/\/mjau.se\/fi\/"},{"@type":"ListItem","position":2,"name":"Kaikki kissoista"}]},{"@type":"WebSite","@id":"https:\/\/mjau.se\/fi\/#website","url":"https:\/\/mjau.se\/fi\/","name":"Mjau Finland","description":"","potentialAction":[{"@type":"SearchAction","target":{"@type":"EntryPoint","urlTemplate":"https:\/\/mjau.se\/fi\/?s={search_term_string}"},"query-input":"required name=search_term_string"}],"inLanguage":"en-US"}]}},"_links":{"self":[{"href":"https:\/\/mjau.se\/fi\/wp-json\/wp\/v2\/pages\/588"}],"collection":[{"href":"https:\/\/mjau.se\/fi\/wp-json\/wp\/v2\/pages"}],"about":[{"href":"https:\/\/mjau.se\/fi\/wp-json\/wp\/v2\/types\/page"}],"author":[{"embeddable":true,"href":"https:\/\/mjau.se\/fi\/wp-json\/wp\/v2\/users\/1"}],"replies":[{"embeddable":true,"href":"https:\/\/mjau.se\/fi\/wp-json\/wp\/v2\/comments?post=588"}],"version-history":[{"count":62,"href":"https:\/\/mjau.se\/fi\/wp-json\/wp\/v2\/pages\/588\/revisions"}],"predecessor-version":[{"id":5201,"href":"https:\/\/mjau.se\/fi\/wp-json\/wp\/v2\/pages\/588\/revisions\/5201"}],"wp:attachment":[{"href":"https:\/\/mjau.se\/fi\/wp-json\/wp\/v2\/media?parent=588"}],"curies":[{"name":"wp","href":"https:\/\/api.w.org\/{rel}","templated":true}]}}