{"id":1271,"date":"2023-06-12T10:35:46","date_gmt":"2023-06-12T10:35:46","guid":{"rendered":"https:\/\/mjau.se\/fi\/?page_id=1271"},"modified":"2024-05-15T10:33:30","modified_gmt":"2024-05-15T10:33:30","slug":"katter-och-fastingar","status":"publish","type":"page","link":"https:\/\/mjau.se\/fi\/kaikki-kissoista\/kissan-terveys\/omvardnad\/katter-och-fastingar\/","title":{"rendered":"Kissat ja puutiaiset"},"content":{"rendered":"        <section class=\"sub-page-hero\">\n            <div class=\"container\">\n                \n                <div class=\"row\">\n                    <div class=\"col-md-8\">\n                        <h1 class=\"font-xl-primary\">Punkit &#8211; ehk\u00e4isy ja suojautuminen<\/h1><p>Vaikka kes\u00e4 onkin tunnetusti puutiaisten aktiivisinta aikaa, voi niit\u00e4 esiinty\u00e4 maaliskuulta aina lokakuulle. Jotta kissasi v\u00e4lttyisi saamasta punkkeja, on t\u00e4rke\u00e4\u00e4 ett\u00e4 olet tarkkana ja poistat punkit kissasta niin pian kuin mahdollista. Nopea poistaminen on t\u00e4rke\u00e4\u00e4, koska punkit voivat tartuttaa kissaan sairauksia kuten anaplasmoosi ja borrelioosi, ja ne voivat my\u00f6s my\u00f6hemmin kiinnitty\u00e4 perheen muihin lemmikkiel\u00e4imiin ja ihmisiin. T\u00e4ss\u00e4 vinkkej\u00e4 kuinka parhaiten suojaat kissaasi punkeilta!<\/p>\n                    <\/div>\n                <\/div>\n            <\/div>\n        <\/section>\n    \n\n    <div class=\"single-column-warp\">\n        <div class=\"container\">\n            <div class=\"text-content\">\n               <h2>Suojaa kissasi punkeilta<\/h2>\n<p>Jos asut alueella, jossa on runsaasti punkkeja, on t\u00e4rke\u00e4\u00e4 suojata kissa niilt\u00e4 ennen kuin se on my\u00f6h\u00e4ist\u00e4. Markkinoilla on monenlaisia vaihtoehtoja punkeilta suojautumiseen, ja voit valita niist\u00e4 kissallesi parhaiten sopivan.<\/p>\n<p>Kissan voi suojata punkeilta esimerkiksi k\u00e4ytt\u00e4m\u00e4ll\u00e4 kissoille sopivaa valeluliuosta, joka annostellaan kissan iholle ja josta se levi\u00e4\u00e4 ihon rasvakerrokseen ja turkkiin. Muista kuitenkin varmistua, ett\u00e4 valmiste sopii juuri kissoille, sill\u00e4 jotkut valeluliuokset voivat olla kissalle myrkyllisi\u00e4. Kissoille on my\u00f6s saatavilla punkkipantoja ja niille on my\u00f6s olemassa oma punkkitabletti.<\/p>\n<h2>Poista punkit mahdollisimman pian<\/h2>\n<p>Ota tavaksi k\u00e4yd\u00e4 kissan turkki l\u00e4pi s\u00e4\u00e4nn\u00f6llisesti, mielell\u00e4\u00e4n useamman kerran p\u00e4iv\u00e4ss\u00e4, jotta voit samalla tarkistaa onko siihen kiinnittynyt punkkeja. Kissalle t\u00e4m\u00e4 rutiini on ylim\u00e4\u00e4r\u00e4inen hellyttelyhetki. Turkki on hyv\u00e4 k\u00e4yd\u00e4 l\u00e4pi tihe\u00e4ll\u00e4 kammalla, joka poistaa viel\u00e4 kiinnittym\u00e4tt\u00f6m\u00e4t punkit, mutta tarkista my\u00f6s onko punkkeja jo ehtinyt kiinnitty\u00e4 kisan ihoon.<\/p>\n<p>Poista punkit v\u00e4litt\u00f6m\u00e4sti. Poistamista varten voit ostaa apteekista siihen erityisesti tarkoitetun poistajan, mutta my\u00f6s tavalliset pinsetit k\u00e4yv\u00e4t. Pysy rauhallisena ja silittele kissaasi rauhoittavasti samalla kun poistat punkin. N\u00e4in toimittuna kissasi ei tunne itse\u00e4\u00e4n vaivautuneeksi hoitotoimenpiteest\u00e4. Tiukasti kiinnittyneen punkin poisto voi olla vaikeaa, mutta yrit\u00e4 poistaa se niin l\u00e4helt\u00e4 ihoa kuin mahdollista ja ved\u00e4 punkki mahdollisimman kokonaisena pois.<\/p>\n<h2>Pit\u00e4\u00e4k\u00f6 k\u00e4yd\u00e4 el\u00e4inl\u00e4\u00e4k\u00e4rill\u00e4<\/h2>\n<p>Kun olet poistanut punkin kissasta, voi puremakohta punoittaa ja siihen voi tulla rupi, joka kutisee. Se on t\u00e4ysin tavallista ja oireet katoavat parissa p\u00e4iv\u00e4ss\u00e4. Mik\u00e4li haava tulehtuu on t\u00e4rke\u00e4\u00e4 puhdistaa sit\u00e4 ja tarkkailla sen paranemista.<\/p>\n<p>Toisinaan my\u00f6s punkin osia, kuten jalka tai p\u00e4\u00e4, voivat j\u00e4\u00e4d\u00e4 kiinni kissan ihoon. Se ei ole vaarallista ja tavallisimmin ongelma hoituu itsest\u00e4\u00e4n.<br \/>\nOle kuitenkin tarkkaavainen! Yleens\u00e4 omistajat tuntevat kissansa niin hyvin, ett\u00e4 huomaavat jos jokin on huonosti. K\u00e4y el\u00e4inl\u00e4\u00e4k\u00e4riss\u00e4, jos kissallasi on kuumetta, lihaskipuja tai se on tavallista v\u00e4syneempi.<\/p>\n                <\/div>\n            <\/div>\n        <\/div>\n\n\n\n        <section class=\"block post-promos\">\n        <div class=\"container\">\n            <h2 class=\"font-xl-primary\"><\/h2>\n            <div class=\"row gx-md-3\">\n                            <\/div>\n                    <\/div>\n    <\/section>\n","protected":false},"excerpt":{"rendered":"<p>Puutiaiskausi voi kest\u00e4\u00e4 varhaisesta kev\u00e4\u00e4st\u00e4 my\u00f6h\u00e4iseen syksyyn. V\u00e4ltty\u00e4ksesi sairauksilta, on t\u00e4rke\u00e4\u00e4 ett\u00e4 suojaat kissaasi punkkitartunnoilta ja tarkistat sen s\u00e4\u00e4nn\u00f6llisesti. Punkkitiheill\u00e4 alueilla on syyt\u00e4 torjua tartuntoja k\u00e4ytt\u00e4m\u00e4ll\u00e4 punkkeja h\u00e4\u00e4t\u00e4vi\u00e4 aineita ennaltaehk\u00e4isev\u00e4sti.<\/p>\n","protected":false},"author":1,"featured_media":1499,"parent":1237,"menu_order":0,"comment_status":"closed","ping_status":"closed","template":"guternberg.php","meta":{"footnotes":""},"acf":[],"yoast_head":"<!-- This site is optimized with the Yoast SEO plugin v20.10 - https:\/\/yoast.com\/wordpress\/plugins\/seo\/ -->\n<title>Ta bort f\u00e4stingar p\u00e5 katt - f\u00f6rebygg och skydda - Mjau Finland<\/title>\n<meta name=\"description\" content=\"F\u00e4stings\u00e4songen str\u00e4cker sig fr\u00e5n mars-oktober. Undvik sjukdomar genom att unders\u00f6ka din katt dagligen. Ta bort f\u00e4stingar p\u00e5 katten och f\u00f6rebygg s\u00e5h\u00e4r.\" \/>\n<meta name=\"robots\" content=\"index, follow, max-snippet:-1, max-image-preview:large, max-video-preview:-1\" \/>\n<link rel=\"canonical\" href=\"https:\/\/mjau.se\/fi\/kaikki-kissoista\/kissan-terveys\/omvardnad\/katter-och-fastingar\/\" \/>\n<meta property=\"og:locale\" content=\"en_US\" \/>\n<meta property=\"og:type\" content=\"article\" \/>\n<meta property=\"og:title\" content=\"Ta bort f\u00e4stingar p\u00e5 katt - f\u00f6rebygg och skydda - Mjau Finland\" \/>\n<meta property=\"og:description\" content=\"F\u00e4stings\u00e4songen str\u00e4cker sig fr\u00e5n mars-oktober. Undvik sjukdomar genom att unders\u00f6ka din katt dagligen. Ta bort f\u00e4stingar p\u00e5 katten och f\u00f6rebygg s\u00e5h\u00e4r.\" \/>\n<meta property=\"og:url\" content=\"https:\/\/mjau.se\/fi\/kaikki-kissoista\/kissan-terveys\/omvardnad\/katter-och-fastingar\/\" \/>\n<meta property=\"og:site_name\" content=\"Mjau Finland\" \/>\n<meta property=\"article:modified_time\" content=\"2024-05-15T10:33:30+00:00\" \/>\n<meta property=\"og:image\" content=\"https:\/\/mjau.se\/fi\/wp-content\/uploads\/sites\/2\/2023\/06\/mjau-fasting-och-katter.jpg\" \/>\n\t<meta property=\"og:image:width\" content=\"800\" \/>\n\t<meta property=\"og:image:height\" content=\"531\" \/>\n\t<meta property=\"og:image:type\" content=\"image\/jpeg\" \/>\n<meta name=\"twitter:card\" content=\"summary_large_image\" \/>\n<!-- \/ Yoast SEO plugin. -->","yoast_head_json":{"title":"Ta bort f\u00e4stingar p\u00e5 katt - f\u00f6rebygg och skydda - Mjau Finland","description":"F\u00e4stings\u00e4songen str\u00e4cker sig fr\u00e5n mars-oktober. Undvik sjukdomar genom att unders\u00f6ka din katt dagligen. Ta bort f\u00e4stingar p\u00e5 katten och f\u00f6rebygg s\u00e5h\u00e4r.","robots":{"index":"index","follow":"follow","max-snippet":"max-snippet:-1","max-image-preview":"max-image-preview:large","max-video-preview":"max-video-preview:-1"},"canonical":"https:\/\/mjau.se\/fi\/kaikki-kissoista\/kissan-terveys\/omvardnad\/katter-och-fastingar\/","og_locale":"en_US","og_type":"article","og_title":"Ta bort f\u00e4stingar p\u00e5 katt - f\u00f6rebygg och skydda - Mjau Finland","og_description":"F\u00e4stings\u00e4songen str\u00e4cker sig fr\u00e5n mars-oktober. Undvik sjukdomar genom att unders\u00f6ka din katt dagligen. Ta bort f\u00e4stingar p\u00e5 katten och f\u00f6rebygg s\u00e5h\u00e4r.","og_url":"https:\/\/mjau.se\/fi\/kaikki-kissoista\/kissan-terveys\/omvardnad\/katter-och-fastingar\/","og_site_name":"Mjau Finland","article_modified_time":"2024-05-15T10:33:30+00:00","og_image":[{"width":800,"height":531,"url":"https:\/\/mjau.se\/fi\/wp-content\/uploads\/sites\/2\/2023\/06\/mjau-fasting-och-katter.jpg","type":"image\/jpeg"}],"twitter_card":"summary_large_image","schema":{"@context":"https:\/\/schema.org","@graph":[{"@type":"WebPage","@id":"https:\/\/mjau.se\/fi\/kaikki-kissoista\/kissan-terveys\/omvardnad\/katter-och-fastingar\/","url":"https:\/\/mjau.se\/fi\/kaikki-kissoista\/kissan-terveys\/omvardnad\/katter-och-fastingar\/","name":"Ta bort f\u00e4stingar p\u00e5 katt - f\u00f6rebygg och skydda - Mjau Finland","isPartOf":{"@id":"https:\/\/mjau.se\/fi\/#website"},"datePublished":"2023-06-12T10:35:46+00:00","dateModified":"2024-05-15T10:33:30+00:00","description":"F\u00e4stings\u00e4songen str\u00e4cker sig fr\u00e5n mars-oktober. Undvik sjukdomar genom att unders\u00f6ka din katt dagligen. Ta bort f\u00e4stingar p\u00e5 katten och f\u00f6rebygg s\u00e5h\u00e4r.","breadcrumb":{"@id":"https:\/\/mjau.se\/fi\/kaikki-kissoista\/kissan-terveys\/omvardnad\/katter-och-fastingar\/#breadcrumb"},"inLanguage":"en-US","potentialAction":[{"@type":"ReadAction","target":["https:\/\/mjau.se\/fi\/kaikki-kissoista\/kissan-terveys\/omvardnad\/katter-och-fastingar\/"]}]},{"@type":"BreadcrumbList","@id":"https:\/\/mjau.se\/fi\/kaikki-kissoista\/kissan-terveys\/omvardnad\/katter-och-fastingar\/#breadcrumb","itemListElement":[{"@type":"ListItem","position":1,"name":"Home","item":"https:\/\/mjau.se\/fi\/"},{"@type":"ListItem","position":2,"name":"Kaikki kissoista","item":"https:\/\/mjau.se\/fi\/kaikki-kissoista\/"},{"@type":"ListItem","position":3,"name":"Kissan terveys","item":"https:\/\/mjau.se\/fi\/kaikki-kissoista\/kissan-terveys\/"},{"@type":"ListItem","position":4,"name":"Kissan hoitaminen","item":"https:\/\/mjau.se\/fi\/kaikki-kissoista\/kissan-terveys\/omvardnad\/"},{"@type":"ListItem","position":5,"name":"Kissat ja puutiaiset"}]},{"@type":"WebSite","@id":"https:\/\/mjau.se\/fi\/#website","url":"https:\/\/mjau.se\/fi\/","name":"Mjau Finland","description":"","potentialAction":[{"@type":"SearchAction","target":{"@type":"EntryPoint","urlTemplate":"https:\/\/mjau.se\/fi\/?s={search_term_string}"},"query-input":"required name=search_term_string"}],"inLanguage":"en-US"}]}},"_links":{"self":[{"href":"https:\/\/mjau.se\/fi\/wp-json\/wp\/v2\/pages\/1271"}],"collection":[{"href":"https:\/\/mjau.se\/fi\/wp-json\/wp\/v2\/pages"}],"about":[{"href":"https:\/\/mjau.se\/fi\/wp-json\/wp\/v2\/types\/page"}],"author":[{"embeddable":true,"href":"https:\/\/mjau.se\/fi\/wp-json\/wp\/v2\/users\/1"}],"replies":[{"embeddable":true,"href":"https:\/\/mjau.se\/fi\/wp-json\/wp\/v2\/comments?post=1271"}],"version-history":[{"count":9,"href":"https:\/\/mjau.se\/fi\/wp-json\/wp\/v2\/pages\/1271\/revisions"}],"predecessor-version":[{"id":5480,"href":"https:\/\/mjau.se\/fi\/wp-json\/wp\/v2\/pages\/1271\/revisions\/5480"}],"up":[{"embeddable":true,"href":"https:\/\/mjau.se\/fi\/wp-json\/wp\/v2\/pages\/1237"}],"wp:featuredmedia":[{"embeddable":true,"href":"https:\/\/mjau.se\/fi\/wp-json\/wp\/v2\/media\/1499"}],"wp:attachment":[{"href":"https:\/\/mjau.se\/fi\/wp-json\/wp\/v2\/media?parent=1271"}],"curies":[{"name":"wp","href":"https:\/\/api.w.org\/{rel}","templated":true}]}}