{"id":1255,"date":"2023-06-12T10:12:49","date_gmt":"2023-06-12T10:12:49","guid":{"rendered":"https:\/\/mjau.se\/fi\/?page_id=1255"},"modified":"2024-08-07T09:53:57","modified_gmt":"2024-08-07T09:53:57","slug":"klippa-kattens-klor","status":"publish","type":"page","link":"https:\/\/mjau.se\/fi\/kaikki-kissoista\/kissan-terveys\/omvardnad\/klippa-kattens-klor\/","title":{"rendered":"Kissan kynsien leikkaaminen"},"content":{"rendered":"        <section class=\"sub-page-hero\">\n            <div class=\"container\">\n                \n                <div class=\"row\">\n                    <div class=\"col-md-8\">\n                        <h1 class=\"font-xl-primary\">Kissan kynsien leikkaaminen &#8211; mit\u00e4 sinun tulee tiet\u00e4\u00e4<\/h1><p>Vaikka kissan kynsien leikkaaminen voi tuntua ep\u00e4mukavalta sek\u00e4 sinusta ett\u00e4 kissastasi, se on kuitenkin v\u00e4ltt\u00e4m\u00e4t\u00f6nt\u00e4. Jotta kissan kynsilt\u00e4 v\u00e4lttyisiv\u00e4t huonekalut, kissakaverit ja muut perheenj\u00e4senet, on kissan kynsi\u00e4 syyt\u00e4 tarkkailla ja leikata niit\u00e4 toisinaan.<\/p>\n                    <\/div>\n                <\/div>\n            <\/div>\n        <\/section>\n    \n\n    <div class=\"single-column-warp\">\n        <div class=\"container\">\n            <div class=\"text-content\">\n               <h2>Kuinka usein kissan kynnet tulee leikata?<\/h2>\n<p>Kuinka usein kissasi kynnet tulee leikata riippuu siit\u00e4, kuinka aktiinen se on. Ulkokissan kynsi\u00e4 tarvitsee harvoin leikata, koska ne kuluvat itsest\u00e4\u00e4n. Lis\u00e4ksi kiipeilless\u00e4\u00e4n puissa ja puolustessaan itse\u00e4\u00e4n niille on hy\u00f6ty\u00e4 pidemmist\u00e4 kynsist\u00e4. Pid\u00e4 kuitenkin silm\u00e4ll\u00e4 kissasi kynsi\u00e4, jotta ne eiv\u00e4t p\u00e4\u00e4se kasvamaan niin pitkiksi, ett\u00e4 ne vaurioittavat kissan polkuanturoita. Mik\u00e4li huomaat n\u00e4in tapahtuvan, on aika leikata kissan kynnet.<\/p>\n<p>Sen sijaan sis\u00e4kissan kynnet kasvavat nopeammin, koska ne eiv\u00e4t kulu ja siksi onkin syyt\u00e4 pit\u00e4\u00e4 silm\u00e4ll\u00e4 kissan kynsi\u00e4. Jos kissa on p\u00e4\u00e4osin sis\u00e4kissana, voi olla hyv\u00e4 ajatus leikata sen kynnet s\u00e4\u00e4nn\u00f6llisesti. Muuten riskin\u00e4 voi olla kissan omatoiminen kynsien huolto, jonka se toteuttaa raapimalla huonekaluja. Ja se ei ole toivottavaa. Yksi keino t\u00e4h\u00e4n voi olla raapimapuun tai raapimalaudan hankkiminen, jotta kissan tassut pysyv\u00e4t sallituissa paikoissa.<\/p>\n<p><a title=\"Beh\u00f6ver katten en kl\u00f6sbr\u00e4da\" href=\"https:\/\/mjau.se\/fi\/kaikki-kissoista\/kissan-hankinta\/tarvitseeko-kissa-raapimalaudan\/\" data-udi=\"umb:\/\/document\/5f7d327b960d4a21aa73dc6c42054879\">Tarvitseeko kissa raapimalaudan?<\/a><\/p>\n<h2>N\u00e4in leikkaat kissan kynnet &#8211; 3 yksinkertaista askelta<\/h2>\n<p>Leikkaa kissan kynnet kun se on rauhallinen ja rento, esimerkiksi kun se on juuri her\u00e4nnyt. Keskeytt\u00e4m\u00e4ll\u00e4 kissan leikkihetken kynsien leikkuun vuoksi, se voi protestoida siit\u00e4. Hyv\u00e4 keino on my\u00f6s se, ett\u00e4 kynsien leikkuussa on kaksi ihmist\u00e4 ja mik\u00e4li kissan mielest\u00e4 leikkaaminen tuntuu ik\u00e4v\u00e4lt\u00e4, voi aloittaa leikkaamalla muutaman kynnen kerrallaan.<\/p>\n<ol>\n<li>Aloita varovasti hieromalla kissan tassuja peukalolla ja etusormella. N\u00e4in kissasi tottuu kosketukseesi eik\u00e4 pid\u00e4 sit\u00e4 ep\u00e4miellytt\u00e4v\u00e4n\u00e4.<\/li>\n<li>Pid\u00e4 sitten kissasi tassua hell\u00e4sti ja p\u00e4\u00e4tt\u00e4v\u00e4isesti ja paina varovasti varvasta saadaksesi kynnen esiin.<\/li>\n<li>Leikkaa kynnen k\u00e4rki. Ole huolellinen, ettet leikkaa kynnen sis\u00e4ll\u00e4 olevaan punertava ydint\u00e4. Tummista kynsist\u00e4 voi olla vaikeaa n\u00e4hd\u00e4 miss\u00e4 ydin on, mutta voit valaista kyntt\u00e4 lampulla, jonka avulla voit paremmin erottaa ytimen. Leikkaa v\u00e4h\u00e4n kerralla v\u00e4ltt\u00e4\u00e4ksesi vahinkoja.<\/li>\n<\/ol>\n<h2>Totuta kissa kynsien leikkuuseen mahdollisimman nuorena<\/h2>\n<p>On j\u00e4rkev\u00e4\u00e4 aloittaa kynsien leikkuu jo varhaisessa vaiheessa, jolloin kynsien leikkuusta muodostuu mukava rutiini. Silit\u00e4 ja palkitse kissanpentua herkuilla ja ota rauhallisesti jos huomaat kissassasi stressaamisen merkkej\u00e4. Voit aloittaa yksinkertaisesti vain pit\u00e4m\u00e4ll\u00e4 kiinni se tassusta. Kun se tuntuu kissastasi mukavalta, voit aloittaa kynsisaksiin tutustumisen koskettamalla saksilla varovasti kissan kynsi\u00e4. Kun sekin tuntuu mukavalta, voit yritt\u00e4\u00e4 leikata yhden kynnen ja sen j\u00e4lkeen palkitse kissa herkkupalalla. Etene hitaasti ja ennen pitk\u00e4\u00e4 huomaat, ett\u00e4 kissan kynnet ovat leikattu!<\/p>\n                <\/div>\n            <\/div>\n        <\/div>\n\n\n\n        <section class=\"block post-promos\">\n        <div class=\"container\">\n            <h2 class=\"font-xl-primary\"><\/h2>\n            <div class=\"row gx-md-3\">\n                                        <div class=\"col-md-6 \">\n                            <a href=\"https:\/\/mjau.se\/fi\/kaikki-kissoista\/kissan-kayttaytyminen\/leikkeja-kissoille\/\">\n                                <div class=\"card \">\n                                    <img loading=\"lazy\" decoding=\"async\" width=\"450\" height=\"300\" src=\"https:\/\/mjau.se\/fi\/wp-content\/uploads\/sites\/2\/2023\/06\/mjau-kurragomma-kattlekar-450x300.jpg\" class=\"attachment-promo-thumbnail size-promo-thumbnail wp-post-image\" alt=\"Leikkej\u00e4 kissoille\" srcset=\"https:\/\/mjau.se\/fi\/wp-content\/uploads\/sites\/2\/2023\/06\/mjau-kurragomma-kattlekar-450x300.jpg 450w, https:\/\/mjau.se\/fi\/wp-content\/uploads\/sites\/2\/2023\/06\/mjau-kurragomma-kattlekar-768x511.jpg 768w, https:\/\/mjau.se\/fi\/wp-content\/uploads\/sites\/2\/2023\/06\/mjau-kurragomma-kattlekar.jpg 800w\" sizes=\"(max-width: 450px) 100vw, 450px\" \/>                                                                        <div class=\"card-body\">\n\n                                                                                <h6>Leikkej\u00e4 kissoille<\/h6>\n                                        <p>Kissat rakastavat touhuta ja saalistaa. T\u00e4\u00e4lt\u00e4 l\u00f6yd\u00e4t vinkkej\u00e4 kymmeneen kivaan leikkiin jotka antavat kissojen harjoittaa saalisvaistiaan ja samalla autta teit\u00e4 vahvistamaan suhdettanne. <\/p>\n                                                                                    <a href=\"https:\/\/mjau.se\/fi\/kaikki-kissoista\/kissan-kayttaytyminen\/leikkeja-kissoille\/\" class=\"btn btn-default\"><\/a>\n                                        \n                                    <\/div>\n                                <\/div>\n                            <\/a>\n                        <\/div>\n                                        <div class=\"col-md-6 \">\n                            <a href=\"https:\/\/mjau.se\/fi\/kaikki-kissoista\/kissan-kayttaytyminen\/sisakissan-aktivointi\/\">\n                                <div class=\"card \">\n                                    <img loading=\"lazy\" decoding=\"async\" width=\"450\" height=\"300\" src=\"https:\/\/mjau.se\/fi\/wp-content\/uploads\/sites\/2\/2023\/06\/mjau-aktiviteter-innekatt-450x300.jpg\" class=\"attachment-promo-thumbnail size-promo-thumbnail wp-post-image\" alt=\"Sis\u00e4kissan aktivointi\" srcset=\"https:\/\/mjau.se\/fi\/wp-content\/uploads\/sites\/2\/2023\/06\/mjau-aktiviteter-innekatt-450x300.jpg 450w, https:\/\/mjau.se\/fi\/wp-content\/uploads\/sites\/2\/2023\/06\/mjau-aktiviteter-innekatt-768x512.jpg 768w, https:\/\/mjau.se\/fi\/wp-content\/uploads\/sites\/2\/2023\/06\/mjau-aktiviteter-innekatt.jpg 800w\" sizes=\"(max-width: 450px) 100vw, 450px\" \/>                                                                        <div class=\"card-body\">\n\n                                                                                <h6>Sis\u00e4kissan aktivointi<\/h6>\n                                        <p>Sis\u00e4kissa ei pysty toteuttamaan saalistusvietti\u00e4\u00e4n samalla tavalla kuin ulkokissa. Toisinaan se voi johtaa siihen, ett\u00e4 kissa keksii itse itselleen tekemist\u00e4 liikaenergiansa purkamiseksi. Ellet sin\u00e4 ehdi ensin!<\/p>\n                                                                                    <a href=\"https:\/\/mjau.se\/fi\/kaikki-kissoista\/kissan-kayttaytyminen\/sisakissan-aktivointi\/\" class=\"btn btn-default\"><\/a>\n                                        \n                                    <\/div>\n                                <\/div>\n                            <\/a>\n                        <\/div>\n                            <\/div>\n                    <\/div>\n    <\/section>\n","protected":false},"excerpt":{"rendered":"<p>Kissan kynsien leikkaaminen voi tuntua ep\u00e4mukavalta sek\u00e4 sinusta ett\u00e4 kissastasi, mutta se on kuitenkin v\u00e4ltt\u00e4m\u00e4t\u00f6nt\u00e4. Jotta kissan kynsilt\u00e4 v\u00e4lttyisiv\u00e4t huonekalut, kissakaverit ja muut perheenj\u00e4senet, on kissan kynsi\u00e4 syyt\u00e4 tarkkailla ja leikata niit\u00e4 toisinaan.<\/p>\n","protected":false},"author":1,"featured_media":1502,"parent":1237,"menu_order":0,"comment_status":"closed","ping_status":"closed","template":"guternberg.php","meta":{"footnotes":""},"acf":[],"yoast_head":"<!-- This site is optimized with the Yoast SEO plugin v20.10 - https:\/\/yoast.com\/wordpress\/plugins\/seo\/ -->\n<title>Klippa klor p\u00e5 katten \u2013 klipp kattklor s\u00e5h\u00e4r- Mjau Finland<\/title>\n<meta name=\"description\" content=\"Kaikki mit\u00e4 sinun pit\u00e4\u00e4 tiet\u00e4\u00e4 kissan kynsien leikkaamisesta. Kynsien leikkuu saattaa tuntua hankalalta - seuraa 3 yksinkertaista ohjetta kun aiot leikata kissan kynsi\u00e4.\" \/>\n<meta name=\"robots\" content=\"index, follow, max-snippet:-1, max-image-preview:large, max-video-preview:-1\" \/>\n<link rel=\"canonical\" href=\"https:\/\/mjau.se\/fi\/kaikki-kissoista\/kissan-terveys\/omvardnad\/klippa-kattens-klor\/\" \/>\n<meta property=\"og:locale\" content=\"en_US\" \/>\n<meta property=\"og:type\" content=\"article\" \/>\n<meta property=\"og:title\" content=\"Klippa klor p\u00e5 katten \u2013 klipp kattklor s\u00e5h\u00e4r- Mjau Finland\" \/>\n<meta property=\"og:description\" content=\"Kaikki mit\u00e4 sinun pit\u00e4\u00e4 tiet\u00e4\u00e4 kissan kynsien leikkaamisesta. Kynsien leikkuu saattaa tuntua hankalalta - seuraa 3 yksinkertaista ohjetta kun aiot leikata kissan kynsi\u00e4.\" \/>\n<meta property=\"og:url\" content=\"https:\/\/mjau.se\/fi\/kaikki-kissoista\/kissan-terveys\/omvardnad\/klippa-kattens-klor\/\" \/>\n<meta property=\"og:site_name\" content=\"Mjau Finland\" \/>\n<meta property=\"article:modified_time\" content=\"2024-08-07T09:53:57+00:00\" \/>\n<meta property=\"og:image\" content=\"https:\/\/mjau.se\/fi\/wp-content\/uploads\/sites\/2\/2023\/06\/mjau-klippa-kattens-klor.jpg\" \/>\n\t<meta property=\"og:image:width\" content=\"800\" \/>\n\t<meta property=\"og:image:height\" content=\"533\" \/>\n\t<meta property=\"og:image:type\" content=\"image\/jpeg\" \/>\n<meta name=\"twitter:card\" content=\"summary_large_image\" \/>\n<!-- \/ Yoast SEO plugin. -->","yoast_head_json":{"title":"Klippa klor p\u00e5 katten \u2013 klipp kattklor s\u00e5h\u00e4r- Mjau Finland","description":"Kaikki mit\u00e4 sinun pit\u00e4\u00e4 tiet\u00e4\u00e4 kissan kynsien leikkaamisesta. Kynsien leikkuu saattaa tuntua hankalalta - seuraa 3 yksinkertaista ohjetta kun aiot leikata kissan kynsi\u00e4.","robots":{"index":"index","follow":"follow","max-snippet":"max-snippet:-1","max-image-preview":"max-image-preview:large","max-video-preview":"max-video-preview:-1"},"canonical":"https:\/\/mjau.se\/fi\/kaikki-kissoista\/kissan-terveys\/omvardnad\/klippa-kattens-klor\/","og_locale":"en_US","og_type":"article","og_title":"Klippa klor p\u00e5 katten \u2013 klipp kattklor s\u00e5h\u00e4r- Mjau Finland","og_description":"Kaikki mit\u00e4 sinun pit\u00e4\u00e4 tiet\u00e4\u00e4 kissan kynsien leikkaamisesta. Kynsien leikkuu saattaa tuntua hankalalta - seuraa 3 yksinkertaista ohjetta kun aiot leikata kissan kynsi\u00e4.","og_url":"https:\/\/mjau.se\/fi\/kaikki-kissoista\/kissan-terveys\/omvardnad\/klippa-kattens-klor\/","og_site_name":"Mjau Finland","article_modified_time":"2024-08-07T09:53:57+00:00","og_image":[{"width":800,"height":533,"url":"https:\/\/mjau.se\/fi\/wp-content\/uploads\/sites\/2\/2023\/06\/mjau-klippa-kattens-klor.jpg","type":"image\/jpeg"}],"twitter_card":"summary_large_image","schema":{"@context":"https:\/\/schema.org","@graph":[{"@type":"WebPage","@id":"https:\/\/mjau.se\/fi\/kaikki-kissoista\/kissan-terveys\/omvardnad\/klippa-kattens-klor\/","url":"https:\/\/mjau.se\/fi\/kaikki-kissoista\/kissan-terveys\/omvardnad\/klippa-kattens-klor\/","name":"Klippa klor p\u00e5 katten \u2013 klipp kattklor s\u00e5h\u00e4r- Mjau Finland","isPartOf":{"@id":"https:\/\/mjau.se\/fi\/#website"},"datePublished":"2023-06-12T10:12:49+00:00","dateModified":"2024-08-07T09:53:57+00:00","description":"Kaikki mit\u00e4 sinun pit\u00e4\u00e4 tiet\u00e4\u00e4 kissan kynsien leikkaamisesta. Kynsien leikkuu saattaa tuntua hankalalta - seuraa 3 yksinkertaista ohjetta kun aiot leikata kissan kynsi\u00e4.","breadcrumb":{"@id":"https:\/\/mjau.se\/fi\/kaikki-kissoista\/kissan-terveys\/omvardnad\/klippa-kattens-klor\/#breadcrumb"},"inLanguage":"en-US","potentialAction":[{"@type":"ReadAction","target":["https:\/\/mjau.se\/fi\/kaikki-kissoista\/kissan-terveys\/omvardnad\/klippa-kattens-klor\/"]}]},{"@type":"BreadcrumbList","@id":"https:\/\/mjau.se\/fi\/kaikki-kissoista\/kissan-terveys\/omvardnad\/klippa-kattens-klor\/#breadcrumb","itemListElement":[{"@type":"ListItem","position":1,"name":"Home","item":"https:\/\/mjau.se\/fi\/"},{"@type":"ListItem","position":2,"name":"Kaikki kissoista","item":"https:\/\/mjau.se\/fi\/kaikki-kissoista\/"},{"@type":"ListItem","position":3,"name":"Kissan terveys","item":"https:\/\/mjau.se\/fi\/kaikki-kissoista\/kissan-terveys\/"},{"@type":"ListItem","position":4,"name":"Kissan hoitaminen","item":"https:\/\/mjau.se\/fi\/kaikki-kissoista\/kissan-terveys\/omvardnad\/"},{"@type":"ListItem","position":5,"name":"Kissan kynsien leikkaaminen"}]},{"@type":"WebSite","@id":"https:\/\/mjau.se\/fi\/#website","url":"https:\/\/mjau.se\/fi\/","name":"Mjau Finland","description":"","potentialAction":[{"@type":"SearchAction","target":{"@type":"EntryPoint","urlTemplate":"https:\/\/mjau.se\/fi\/?s={search_term_string}"},"query-input":"required name=search_term_string"}],"inLanguage":"en-US"}]}},"_links":{"self":[{"href":"https:\/\/mjau.se\/fi\/wp-json\/wp\/v2\/pages\/1255"}],"collection":[{"href":"https:\/\/mjau.se\/fi\/wp-json\/wp\/v2\/pages"}],"about":[{"href":"https:\/\/mjau.se\/fi\/wp-json\/wp\/v2\/types\/page"}],"author":[{"embeddable":true,"href":"https:\/\/mjau.se\/fi\/wp-json\/wp\/v2\/users\/1"}],"replies":[{"embeddable":true,"href":"https:\/\/mjau.se\/fi\/wp-json\/wp\/v2\/comments?post=1255"}],"version-history":[{"count":13,"href":"https:\/\/mjau.se\/fi\/wp-json\/wp\/v2\/pages\/1255\/revisions"}],"predecessor-version":[{"id":5533,"href":"https:\/\/mjau.se\/fi\/wp-json\/wp\/v2\/pages\/1255\/revisions\/5533"}],"up":[{"embeddable":true,"href":"https:\/\/mjau.se\/fi\/wp-json\/wp\/v2\/pages\/1237"}],"wp:featuredmedia":[{"embeddable":true,"href":"https:\/\/mjau.se\/fi\/wp-json\/wp\/v2\/media\/1502"}],"wp:attachment":[{"href":"https:\/\/mjau.se\/fi\/wp-json\/wp\/v2\/media?parent=1255"}],"curies":[{"name":"wp","href":"https:\/\/api.w.org\/{rel}","templated":true}]}}