{"id":1252,"date":"2023-06-12T10:09:06","date_gmt":"2023-06-12T10:09:06","guid":{"rendered":"https:\/\/mjau.se\/fi\/?page_id=1252"},"modified":"2024-05-15T08:38:10","modified_gmt":"2024-05-15T08:38:10","slug":"katters-livslangd","status":"publish","type":"page","link":"https:\/\/mjau.se\/fi\/kaikki-kissoista\/kissan-terveys\/omvardnad\/katters-livslangd\/","title":{"rendered":"Kissan elinik\u00e4"},"content":{"rendered":"        <section class=\"sub-page-hero\">\n            <div class=\"container\">\n                \n                <div class=\"row\">\n                    <div class=\"col-md-8\">\n                        <h1 class=\"font-xl-primary\">Kuinka vanhaksi kissa el\u00e4\u00e4?<\/h1><p>Sin\u00e4 ja kissasi viet\u00e4tte paljon aikaa yhdess\u00e4 ja useimpien mielest\u00e4 kissan onkin paras yst\u00e4v\u00e4, nelj\u00e4ll\u00e4 jalalla. Kissan elinik\u00e4 on eritt\u00e4in yksil\u00f6llinen, mutta jotta voisit vauttia kissasi seurasta monen vuoden ajan, on t\u00e4rke\u00e4\u00e4 hoitaa sit\u00e4 oikein. Joten, kuinka vanhaksi kissa siis el\u00e4\u00e4?<\/p>\n                    <\/div>\n                <\/div>\n            <\/div>\n        <\/section>\n    \n\n    <div class=\"single-column-warp\">\n        <div class=\"container\">\n            <div class=\"text-content\">\n               <h2>Kissan ik\u00e4 riippuu monista tekij\u00f6ist\u00e4<\/h2>\n<p>Kissan keskim\u00e4\u00e4r\u00e4inen ik\u00e4 on yleensi\u00e4 noin 12-15 vuotta, mutta on my\u00f6s kissoja, jotka el\u00e4v\u00e4t huomattavasti kauemmin.<\/p>\n<p>Kissan elinik\u00e4 riippuu siit\u00e4, millaista el\u00e4m\u00e4\u00e4 se el\u00e4\u00e4 ja kuinka siit\u00e4 pidet\u00e4\u00e4n huolta. Ulkokissoilla on esimerkiksi suurempi riski ulkona oleville vaaroille ja onnettomuuksille. Sis\u00e4kissat viett\u00e4v\u00e4t huomattavasti suojatumpaa el\u00e4m\u00e4\u00e4, ja ne el\u00e4v\u00e4tkin usein ulkokissoja kauemmin.<\/p>\n<h2>Paranna kissan mahdollisuutta el\u00e4\u00e4 pitk\u00e4\u00e4n &#8211; pid\u00e4 siit\u00e4 huolta<\/h2>\n<p>Jotta kissasi el\u00e4isi mahdollisimman vanhaksi ja saisitte viett\u00e4\u00e4 pitk\u00e4n el\u00e4m\u00e4n yhdess\u00e4, on t\u00e4rke\u00e4\u00e4, ett\u00e4 teet kaiken voitavasi jotta kissasi voisi mahdollisimman hyvin. Oikeanlaisen ravinnon lis\u00e4ksi on my\u00f6s t\u00e4rke\u00e4\u00e4, ett\u00e4 kissaa aktivoidaan, erityisesti jos se el\u00e4\u00e4 sis\u00e4kissana. Fyysisen aktivointi v\u00e4hent\u00e4\u00e4 ylipainon riski\u00e4 ja siihen liittyvi\u00e4 sairauksia.<\/p>\n<p><a title=\"Fyra aktiveringstips f\u00f6r innekatter\" href=\"https:\/\/mjau.se\/fi\/allt-om-katten\/kattens-beteende\/fyra-aktiveringstips-for-innekatter\/\" data-udi=\"umb:\/\/document\/df0af841f151421ea7ab561f5d0bb8ed\">N\u00e4in aktivoit kissaasi &#8211; 4 helppoa niksi\u00e4<\/a><\/p>\n<p>Kastroidut ja steriloidut kissat el\u00e4v\u00e4t my\u00f6s yleens\u00e4 vanhemmiksi, koska ne ovat rauhallisempia eiv\u00e4tk\u00e4 siksi ajaudu riskialttiille seikkailuretkille. Lis\u00e4ksi on t\u00e4rke\u00e4\u00e4 varmistaa, ett\u00e4 kissalle on tarjolla raikasta vett\u00e4 joka p\u00e4iv\u00e4 ja ett\u00e4 kissa madotetaan ja rokotetaan suositusten mukaisesti. N\u00e4m\u00e4 toimet varmistavat kissan edellytyksi\u00e4 pitk\u00e4\u00e4n ja hyv\u00e4\u00e4n el\u00e4m\u00e4\u00e4n.<\/p>\n<p><a title=\"Anledningar att kastrera sin katt\" href=\"https:\/\/mjau.se\/fi\/allt-om-katten\/kattens-halsa\/kastrerad-katt\/anledningar-att-kastrera-sin-katt\/\" data-udi=\"umb:\/\/document\/987005ee0a2d4d80a5d0d523117e9057\">Miksi kastrointi tai sterilointi on kissalle hyv\u00e4ksi<\/a><\/p>\n<h2>Kissan ik\u00e4 vs. ihmisen ik\u00e4<\/h2>\n<p>On hieman hankalaa verrata kissan ik\u00e4vuosia ihmisten vuosiin. Yleens\u00e4 sanotaan, ett\u00e4 ihmisen vuoteen mahtuu 7 kissan vuotta, mutta koska kissa ik\u00e4\u00e4ntyy nopeimmin kahden ensimm\u00e4isen elinvuotensa aikana, t\u00e4m\u00e4 malli ei aivan suoraviivaisesti toimi. Kissan ik\u00e4\u00e4ntyminen riippuu lis\u00e4ksi my\u00f6s esimerkiksi sen rodusta ja muista tekij\u00f6ist\u00e4, mutta jos haluat tiet\u00e4\u00e4 suurinpiirtein mink\u00e4 ik\u00e4inen nelijalkainen karvakamusi on verrattuna omaan ik\u00e4\u00e4si, voit t\u00e4m\u00e4 malli antaa osviittaa siit\u00e4. Jos kissasi on nelivuotias, se vastaa noin 28 ihmisvuotta. Ehk\u00e4p\u00e4 kissasi el\u00e4\u00e4 yht\u00e4 vanhaksi kuin sin\u00e4?<\/p>\n                <\/div>\n            <\/div>\n        <\/div>\n\n\n\n        <section class=\"block post-promos\">\n        <div class=\"container\">\n            <h2 class=\"font-xl-primary\"><\/h2>\n            <div class=\"row gx-md-3\">\n                                        <div class=\"col-md-6 \">\n                            <a href=\"https:\/\/mjau.se\/fi\/kaikki-kissoista\/kissan-terveys\/omvardnad\/avmaska-katt\/\">\n                                <div class=\"card \">\n                                    <img loading=\"lazy\" decoding=\"async\" width=\"450\" height=\"300\" src=\"https:\/\/mjau.se\/fi\/wp-content\/uploads\/sites\/2\/2023\/06\/mjau-avmaska-katt-450x300.jpg\" class=\"attachment-promo-thumbnail size-promo-thumbnail wp-post-image\" alt=\"Kissan madottaminen\" srcset=\"https:\/\/mjau.se\/fi\/wp-content\/uploads\/sites\/2\/2023\/06\/mjau-avmaska-katt-450x300.jpg 450w, https:\/\/mjau.se\/fi\/wp-content\/uploads\/sites\/2\/2023\/06\/mjau-avmaska-katt-768x512.jpg 768w, https:\/\/mjau.se\/fi\/wp-content\/uploads\/sites\/2\/2023\/06\/mjau-avmaska-katt.jpg 800w\" sizes=\"(max-width: 450px) 100vw, 450px\" \/>                                                                        <div class=\"card-body\">\n\n                                                                                <h6>Kissan madottaminen<\/h6>\n                                        <p>Suurin osa kissoista saa matoja jossain vaiheessa el\u00e4m\u00e4\u00e4ns\u00e4. Tavanomaisempaa se on nuoremmilla kissoilla. Jos kissallasi on lis\u00e4ksi usein hiiri\u00e4 kiikarissa, on todenn\u00e4k\u00f6isyys matoihin suurempi ja silloin on t\u00e4rke\u00e4\u00e4 pit\u00e4\u00e4 huolta kissan madottamisesta. Kissan madottamisen tarve riippuu sen i\u00e4st\u00e4 ja onko se sis\u00e4- vai ulkokissa.<\/p>\n                                                                                    <a href=\"https:\/\/mjau.se\/fi\/kaikki-kissoista\/kissan-terveys\/omvardnad\/avmaska-katt\/\" class=\"btn btn-default\"><\/a>\n                                        \n                                    <\/div>\n                                <\/div>\n                            <\/a>\n                        <\/div>\n                                        <div class=\"col-md-6 \">\n                            <a href=\"https:\/\/mjau.se\/fi\/kaikki-kissoista\/kissan-hankinta\/kissaturvallinen-koti\/\">\n                                <div class=\"card \">\n                                    <img loading=\"lazy\" decoding=\"async\" width=\"450\" height=\"300\" src=\"https:\/\/mjau.se\/fi\/wp-content\/uploads\/sites\/2\/2023\/06\/mjau-kattsakra-hemmet-450x300.jpg\" class=\"attachment-promo-thumbnail size-promo-thumbnail wp-post-image\" alt=\"Kissaturvallinen koti\" srcset=\"https:\/\/mjau.se\/fi\/wp-content\/uploads\/sites\/2\/2023\/06\/mjau-kattsakra-hemmet-450x300.jpg 450w, https:\/\/mjau.se\/fi\/wp-content\/uploads\/sites\/2\/2023\/06\/mjau-kattsakra-hemmet-768x511.jpg 768w, https:\/\/mjau.se\/fi\/wp-content\/uploads\/sites\/2\/2023\/06\/mjau-kattsakra-hemmet.jpg 800w\" sizes=\"(max-width: 450px) 100vw, 450px\" \/>                                                                        <div class=\"card-body\">\n\n                                                                                <h6>Kissaturvallinen koti<\/h6>\n                                        <p>Kissa on utelias ja pit\u00e4\u00e4 ymp\u00e4rist\u00f6ns\u00e4 tutkimisesta! Tee kodistasi kissaturvallinen, poistamalla kaikki sellaiset tavarat jotka voivat vahingoittaa kissaa, ja my\u00f6s sellaiset tavarat, jotka kissa voi rikkoa s\u00e4\u00e4sty\u00e4ksesi turhilta harmeilta.<\/p>\n                                                                                    <a href=\"https:\/\/mjau.se\/fi\/kaikki-kissoista\/kissan-hankinta\/kissaturvallinen-koti\/\" class=\"btn btn-default\"><\/a>\n                                        \n                                    <\/div>\n                                <\/div>\n                            <\/a>\n                        <\/div>\n                            <\/div>\n                    <\/div>\n    <\/section>\n","protected":false},"excerpt":{"rendered":"<p>Kissan elinik\u00e4 on eritt\u00e4in yksil\u00f6llinen ja riippuu monista eri asioista, kuten esimerkiksi sen rodusta ja onko se kastroitu\/steriloitu vai ei. Ja ennen kaikkea sen ik\u00e4 riippuu siit\u00e4, miten siit\u00e4 pidet\u00e4\u00e4n huolta!<\/p>\n","protected":false},"author":1,"featured_media":1456,"parent":1237,"menu_order":0,"comment_status":"closed","ping_status":"closed","template":"guternberg.php","meta":{"footnotes":""},"acf":[],"yoast_head":"<!-- This site is optimized with the Yoast SEO plugin v20.10 - https:\/\/yoast.com\/wordpress\/plugins\/seo\/ -->\n<title>Hur gammal blir en katt i katt\u00e5r och m\u00e4nnisko\u00e5r? - Mjau Finland<\/title>\n<meta name=\"description\" content=\"Hur gammal en katt blir \u00e4r individuellt, i snitt blir katten 12\u201315 \u00e5r. Aktiva katter som f\u00e5r bra mat har b\u00e4ttre f\u00f6ruts\u00e4ttningar att leva ett l\u00e5ngt liv.\" \/>\n<meta name=\"robots\" content=\"index, follow, max-snippet:-1, max-image-preview:large, max-video-preview:-1\" \/>\n<link rel=\"canonical\" href=\"https:\/\/mjau.se\/fi\/kaikki-kissoista\/kissan-terveys\/omvardnad\/katters-livslangd\/\" \/>\n<meta property=\"og:locale\" content=\"en_US\" \/>\n<meta property=\"og:type\" content=\"article\" \/>\n<meta property=\"og:title\" content=\"Hur gammal blir en katt i katt\u00e5r och m\u00e4nnisko\u00e5r? - Mjau Finland\" \/>\n<meta property=\"og:description\" content=\"Hur gammal en katt blir \u00e4r individuellt, i snitt blir katten 12\u201315 \u00e5r. Aktiva katter som f\u00e5r bra mat har b\u00e4ttre f\u00f6ruts\u00e4ttningar att leva ett l\u00e5ngt liv.\" \/>\n<meta property=\"og:url\" content=\"https:\/\/mjau.se\/fi\/kaikki-kissoista\/kissan-terveys\/omvardnad\/katters-livslangd\/\" \/>\n<meta property=\"og:site_name\" content=\"Mjau Finland\" \/>\n<meta property=\"article:modified_time\" content=\"2024-05-15T08:38:10+00:00\" \/>\n<meta property=\"og:image\" content=\"https:\/\/mjau.se\/fi\/wp-content\/uploads\/sites\/2\/2023\/06\/mjau-katters-livslangd.jpg\" \/>\n\t<meta property=\"og:image:width\" content=\"800\" \/>\n\t<meta property=\"og:image:height\" content=\"533\" \/>\n\t<meta property=\"og:image:type\" content=\"image\/jpeg\" \/>\n<meta name=\"twitter:card\" content=\"summary_large_image\" \/>\n<!-- \/ Yoast SEO plugin. -->","yoast_head_json":{"title":"Hur gammal blir en katt i katt\u00e5r och m\u00e4nnisko\u00e5r? - Mjau Finland","description":"Hur gammal en katt blir \u00e4r individuellt, i snitt blir katten 12\u201315 \u00e5r. Aktiva katter som f\u00e5r bra mat har b\u00e4ttre f\u00f6ruts\u00e4ttningar att leva ett l\u00e5ngt liv.","robots":{"index":"index","follow":"follow","max-snippet":"max-snippet:-1","max-image-preview":"max-image-preview:large","max-video-preview":"max-video-preview:-1"},"canonical":"https:\/\/mjau.se\/fi\/kaikki-kissoista\/kissan-terveys\/omvardnad\/katters-livslangd\/","og_locale":"en_US","og_type":"article","og_title":"Hur gammal blir en katt i katt\u00e5r och m\u00e4nnisko\u00e5r? - Mjau Finland","og_description":"Hur gammal en katt blir \u00e4r individuellt, i snitt blir katten 12\u201315 \u00e5r. Aktiva katter som f\u00e5r bra mat har b\u00e4ttre f\u00f6ruts\u00e4ttningar att leva ett l\u00e5ngt liv.","og_url":"https:\/\/mjau.se\/fi\/kaikki-kissoista\/kissan-terveys\/omvardnad\/katters-livslangd\/","og_site_name":"Mjau Finland","article_modified_time":"2024-05-15T08:38:10+00:00","og_image":[{"width":800,"height":533,"url":"https:\/\/mjau.se\/fi\/wp-content\/uploads\/sites\/2\/2023\/06\/mjau-katters-livslangd.jpg","type":"image\/jpeg"}],"twitter_card":"summary_large_image","schema":{"@context":"https:\/\/schema.org","@graph":[{"@type":"WebPage","@id":"https:\/\/mjau.se\/fi\/kaikki-kissoista\/kissan-terveys\/omvardnad\/katters-livslangd\/","url":"https:\/\/mjau.se\/fi\/kaikki-kissoista\/kissan-terveys\/omvardnad\/katters-livslangd\/","name":"Hur gammal blir en katt i katt\u00e5r och m\u00e4nnisko\u00e5r? - Mjau Finland","isPartOf":{"@id":"https:\/\/mjau.se\/fi\/#website"},"datePublished":"2023-06-12T10:09:06+00:00","dateModified":"2024-05-15T08:38:10+00:00","description":"Hur gammal en katt blir \u00e4r individuellt, i snitt blir katten 12\u201315 \u00e5r. Aktiva katter som f\u00e5r bra mat har b\u00e4ttre f\u00f6ruts\u00e4ttningar att leva ett l\u00e5ngt liv.","breadcrumb":{"@id":"https:\/\/mjau.se\/fi\/kaikki-kissoista\/kissan-terveys\/omvardnad\/katters-livslangd\/#breadcrumb"},"inLanguage":"en-US","potentialAction":[{"@type":"ReadAction","target":["https:\/\/mjau.se\/fi\/kaikki-kissoista\/kissan-terveys\/omvardnad\/katters-livslangd\/"]}]},{"@type":"BreadcrumbList","@id":"https:\/\/mjau.se\/fi\/kaikki-kissoista\/kissan-terveys\/omvardnad\/katters-livslangd\/#breadcrumb","itemListElement":[{"@type":"ListItem","position":1,"name":"Home","item":"https:\/\/mjau.se\/fi\/"},{"@type":"ListItem","position":2,"name":"Kaikki kissoista","item":"https:\/\/mjau.se\/fi\/kaikki-kissoista\/"},{"@type":"ListItem","position":3,"name":"Kissan terveys","item":"https:\/\/mjau.se\/fi\/kaikki-kissoista\/kissan-terveys\/"},{"@type":"ListItem","position":4,"name":"Kissan hoitaminen","item":"https:\/\/mjau.se\/fi\/kaikki-kissoista\/kissan-terveys\/omvardnad\/"},{"@type":"ListItem","position":5,"name":"Kissan elinik\u00e4"}]},{"@type":"WebSite","@id":"https:\/\/mjau.se\/fi\/#website","url":"https:\/\/mjau.se\/fi\/","name":"Mjau Finland","description":"","potentialAction":[{"@type":"SearchAction","target":{"@type":"EntryPoint","urlTemplate":"https:\/\/mjau.se\/fi\/?s={search_term_string}"},"query-input":"required name=search_term_string"}],"inLanguage":"en-US"}]}},"_links":{"self":[{"href":"https:\/\/mjau.se\/fi\/wp-json\/wp\/v2\/pages\/1252"}],"collection":[{"href":"https:\/\/mjau.se\/fi\/wp-json\/wp\/v2\/pages"}],"about":[{"href":"https:\/\/mjau.se\/fi\/wp-json\/wp\/v2\/types\/page"}],"author":[{"embeddable":true,"href":"https:\/\/mjau.se\/fi\/wp-json\/wp\/v2\/users\/1"}],"replies":[{"embeddable":true,"href":"https:\/\/mjau.se\/fi\/wp-json\/wp\/v2\/comments?post=1252"}],"version-history":[{"count":13,"href":"https:\/\/mjau.se\/fi\/wp-json\/wp\/v2\/pages\/1252\/revisions"}],"predecessor-version":[{"id":5470,"href":"https:\/\/mjau.se\/fi\/wp-json\/wp\/v2\/pages\/1252\/revisions\/5470"}],"up":[{"embeddable":true,"href":"https:\/\/mjau.se\/fi\/wp-json\/wp\/v2\/pages\/1237"}],"wp:featuredmedia":[{"embeddable":true,"href":"https:\/\/mjau.se\/fi\/wp-json\/wp\/v2\/media\/1456"}],"wp:attachment":[{"href":"https:\/\/mjau.se\/fi\/wp-json\/wp\/v2\/media?parent=1252"}],"curies":[{"name":"wp","href":"https:\/\/api.w.org\/{rel}","templated":true}]}}