{"id":1233,"date":"2023-06-12T09:32:38","date_gmt":"2023-06-12T09:32:38","guid":{"rendered":"https:\/\/mjau.se\/fi\/?page_id=1233"},"modified":"2024-05-14T15:12:39","modified_gmt":"2024-05-14T15:12:39","slug":"kissanpennun-ruokinta","status":"publish","type":"page","link":"https:\/\/mjau.se\/fi\/kaikki-kissoista\/kissan-terveys\/kissanruoka-tietoutta\/kissanpennun-ruokinta\/","title":{"rendered":"Kissanpennun ruokinta"},"content":{"rendered":"        <section class=\"sub-page-hero\">\n            <div class=\"container\">\n                \n                <div class=\"row\">\n                    <div class=\"col-md-8\">\n                        <h1 class=\"font-xl-primary\">Mit\u00e4 ruokaa kissanpennulle?<\/h1><p>Ensimm\u00e4isten viikkojen aikana kissanpennun ainoa ravinnonl\u00e4hde on emon maito. Sen j\u00e4lkeen on aika tutustuttaa pentu ravinteikkaaseen ruokaan, jonka avulla se saa parhaat mahdolliset edellytyksen kasvulleen t\u00e4rke\u00e4n ensimm\u00e4isen vuoden aikana. Mutta mit\u00e4 ruokaa kissanpennulle voi antaa?<\/p>\n                    <\/div>\n                <\/div>\n            <\/div>\n        <\/section>\n    \n\n    <div class=\"single-column-warp\">\n        <div class=\"container\">\n            <div class=\"text-content\">\n               <h2>Ruokaa kissanpennulle<\/h2>\n<p>Kun kissanpentusi on noin 4 viikon ik\u00e4inen, se voi alkaa tutustumaan kiinte\u00e4\u00e4n ravintoon. Aloita tutustuminen rauhallisesti pienill\u00e4 annoksilla useamman kerran p\u00e4iv\u00e4ss\u00e4, Pienen kissan vatsakin on kovin pieni, eik\u00e4 se jaksa sy\u00f6d\u00e4 kissanpennuille tarkoitettua ruokaa kuin v\u00e4h\u00e4n kerrallaan, mutta se tarvitsee kuitenkin runsaasti energiaa jaksaakseen touhuta koko p\u00e4iv\u00e4n. Siksi on t\u00e4rke\u00e4\u00e4, ett\u00e4 ne saavt sy\u00f6d\u00e4 energiapitoista ruokaa, joka sis\u00e4lt\u00e4\u00e4 lis\u00e4ksi my\u00f6s runsaasti proteiinia ja tasapainotetun vitamiini- ja kivenn\u00e4issis\u00e4ll\u00f6n.<\/p>\n<p>Kun kissasi on oppinut sy\u00f6m\u00e4\u00e4n kiinte\u00e4\u00e4 ravintoa, anna sille kissanpennuille tarkoitettua ruokaa, joka on sovitettu vastaamaan juurikin niiden ravinnontarvetta. Jos olet vasta saanut kotiin kissanpentusi sen kasvattajalta, on sille hyv\u00e4 ensisijaisesti antaa samaa kissanpennun ruokaa, jota se on kasvattajallaan sy\u00f6nyt. Mik\u00e4li haluat vaihtaa johonkin toiseen kissanpennunruokaan, tee se vasta noin kuukauden p\u00e4\u00e4st\u00e4 kissan kotiutumisesta.<\/p>\n<p><a title=\"Byta foder till kattunge\" href=\"https:\/\/mjau.se\/fi\/kaikki-kissoista\/kissan-terveys\/kissanruoka-tietoutta\/taysikasvuisen-kissan-ruoan-vaihto\/\" data-udi=\"umb:\/\/document\/1ad252d1689944aea0986b6d3781a0fa\">\u00a0Kissan ruoan vaihtaminen<\/a><\/p>\n<h2>Koska kissanpentu alka sy\u00f6m\u00e4\u00e4n kiinte\u00e4\u00e4 ruokaa?<\/h2>\n<p>Kissaemot ovat usein hyvin \u00e4idillisi\u00e4, ne voivat jatkaa imett\u00e4mist\u00e4 senkin j\u00e4lkeen, kun pennut on totutettu kiinte\u00e4n ravinnon sy\u00f6miseen. Imetys ei en\u00e4\u00e4 ole niink\u00e4\u00e4n pentujen ruokintaa, vaan p\u00e4\u00e4asiallisesti sill\u00e4 t\u00e4ytet\u00e4\u00e4n l\u00e4heisyyden ja sosiaalisten kontaktien tarvetta. Pentujen kasvun my\u00f6t\u00e4 se v\u00e4henee, ja yleens\u00e4 noin 8 viikon ik\u00e4isin\u00e4 pennut lopettavat imemisen ja alkavat sy\u00f6m\u00e4\u00e4n pelkk\u00e4\u00e4 kissanpennuille tarkoitettua ruokaa.<\/p>\n<p>Otathan my\u00f6s huomioon, ett\u00e4 4 kuukauden ik\u00e4isen\u00e4 kissa ei en\u00e4\u00e4 pysty pilkkomaan maidon sis\u00e4lt\u00e4m\u00e4\u00e4 laktoosia, eik\u00e4 sille sen vuoksi tule tarjoilla maitoa.<\/p>\n<h2>Kuinka kauan kissanpennun ruokaa?<\/h2>\n<p>Niin kauan kuin kissasi kasvaa, se tarvitsee kissanpennun ruokaa. Yleens\u00e4 aina 12 kk:n ik\u00e4iseksi. Kun kissa on t\u00e4ysikasvuinen ja riitt\u00e4v\u00e4n vahva, on aika siirty\u00e4 sy\u00f6m\u00e4\u00e4n samaa ruokaa, kuin\u00a0 vanhemmatkin kissakaverit. Jos olet kastroinut\/steriloinut kissanpentusi, valitse tavallisen ruoan sijaan ruoka, joka on sovitettu niiden tarpeisiin.<\/p>\n<p><a title=\"Kastrerade katter har andra n\u00e4ringsbehov\" href=\"https:\/\/mjau.se\/fi\/kaikki-kissoista\/kissan-terveys\/kissanruoka-tietoutta\/kissanpennun-ruokinta\/\" data-udi=\"umb:\/\/document\/0f0b5ff6d04c4d038c491effcf4c6f21\">Kastroiduilla kissoilla on erilainen ravinnontarve<\/a><\/p>\n                <\/div>\n            <\/div>\n        <\/div>\n\n\n\t<section class=\"product-carousel-wrap default\">\n\t\t<div class=\"container\">\n\t\t\t\t\t\t<div class=\"carousel-wrap\">\n\t\t\t\t\t\t\t\t\t<div class=\"swiper product-carousel\">\n\t\t\t\t\t\t<div class=\"swiper-wrapper\">\n\t\t\t\t\t\t\t\t\t\t\t\t\t\t\t<div class=\"swiper-slide\">\n\t\t\t\t\t\t\t\t\t<a href=\"https:\/\/mjau.se\/fi\/kattmat\/mjau\/mjau-kattunge\/\">\n\t\t\t\t\t\t\t\t\t\t<div class=\"card\">\n\t\t\t\t\t\t\t\t\t\t\t<figure>\n\t\t\t\t\t\t\t\t\t\t\t\t<img loading=\"lazy\" decoding=\"async\" width=\"400\" height=\"400\" src=\"https:\/\/mjau.se\/fi\/wp-content\/uploads\/sites\/2\/2023\/06\/17914_mjau-kattunge_14kg_cat_bag_210304_LOWD-1_400.png\" class=\"attachment-post-thumbnail size-post-thumbnail wp-post-image\" alt=\"\" srcset=\"https:\/\/mjau.se\/fi\/wp-content\/uploads\/sites\/2\/2023\/06\/17914_mjau-kattunge_14kg_cat_bag_210304_LOWD-1_400.png 400w, https:\/\/mjau.se\/fi\/wp-content\/uploads\/sites\/2\/2023\/06\/17914_mjau-kattunge_14kg_cat_bag_210304_LOWD-1_400-150x150.png 150w\" sizes=\"(max-width: 400px) 100vw, 400px\" \/>\n\t\t\t\t\t\t\t\t\t\t\t\t\n\t\t\t\t\t\t\t\t\t\t\t<\/figure>\n\t\t\t\t\t\t\t\t\t\t\t<div class=\"card-body\">\n\t\t\t\t\t\t\t\t\t\t\t\t\t\t\t\t\t\t\t\t\t\t\t\t\t<span class=\"category\">\n\t\t\t\t\t\t\t\t\t\t\t\t\t\tSiipikarja<span class=\"seperator\"><\/span>\t\t\t\t\t\t\t\t\t\t\t\t\t<\/span>\n\t\t\t\t\t\t\t\t\t\t\t\t\t\t\t\t\t\t\t\t\t\t\t\t\t<h5 class=\"card-title\">Mjau kissanpentu, kuivaruoka<\/h5>\n\t\t\t\t\t\t\t\t\t\t\t<\/div>\n\t\t\t\t\t\t\t\t\t\t<\/div>\n\t\t\t\t\t\t\t\t\t<\/a>\n\t\t\t\t\t\t\t\t<\/div>\n\t\t\t\t\t\t\t\t\t\t\t\t\t\t\t<div class=\"swiper-slide\">\n\t\t\t\t\t\t\t\t\t<a href=\"https:\/\/mjau.se\/fi\/kattmat\/mjau\/mjaukattungemultibox\/\">\n\t\t\t\t\t\t\t\t\t\t<div class=\"card\">\n\t\t\t\t\t\t\t\t\t\t\t<figure>\n\t\t\t\t\t\t\t\t\t\t\t\t<img loading=\"lazy\" decoding=\"async\" width=\"400\" height=\"400\" src=\"https:\/\/mjau.se\/fi\/wp-content\/uploads\/sites\/2\/2023\/06\/3527_Mjau_Kattunge-Gele_85g_Cat_Multipack-_Collabra_3D_20230616-1_400.png\" class=\"attachment-post-thumbnail size-post-thumbnail wp-post-image\" alt=\"\" srcset=\"https:\/\/mjau.se\/fi\/wp-content\/uploads\/sites\/2\/2023\/06\/3527_Mjau_Kattunge-Gele_85g_Cat_Multipack-_Collabra_3D_20230616-1_400.png 400w, https:\/\/mjau.se\/fi\/wp-content\/uploads\/sites\/2\/2023\/06\/3527_Mjau_Kattunge-Gele_85g_Cat_Multipack-_Collabra_3D_20230616-1_400-150x150.png 150w\" sizes=\"(max-width: 400px) 100vw, 400px\" \/>\n\t\t\t\t\t\t\t\t\t\t\t\t\n\t\t\t\t\t\t\t\t\t\t\t<\/figure>\n\t\t\t\t\t\t\t\t\t\t\t<div class=\"card-body\">\n\t\t\t\t\t\t\t\t\t\t\t\t\t\t\t\t\t\t\t\t\t\t\t\t\t<span class=\"category\">\n\t\t\t\t\t\t\t\t\t\t\t\t\t\tKala<span class=\"seperator\"><\/span> Liha<span class=\"seperator\"><\/span>\t\t\t\t\t\t\t\t\t\t\t\t\t<\/span>\n\t\t\t\t\t\t\t\t\t\t\t\t\t\t\t\t\t\t\t\t\t\t\t\t\t<h5 class=\"card-title\">Mjau multibox kissanpentu \u2013 12 kalan ja lihanmakuista annospussia paloja hyytel\u00f6ss\u00e4<\/h5>\n\t\t\t\t\t\t\t\t\t\t\t<\/div>\n\t\t\t\t\t\t\t\t\t\t<\/div>\n\t\t\t\t\t\t\t\t\t<\/a>\n\t\t\t\t\t\t\t\t<\/div>\n\t\t\t\t\t\t\t\t\t\t\t\t\t<\/div>\n\n\t\t\t\t\t<\/div>\n\n\t\t\t\t\t\t\t\t<!-- If we need navigation buttons -->\n\n\t\t\t\t<div class=\"swiper-button-prev d-none d-md-flex\"> <i class=\"fa-solid fa-arrow-left\"><\/i><\/div>\n\t\t\t\t<div class=\"swiper-button-next d-none d-md-flex\"><i class=\"fa-solid fa-arrow-right\"><\/i><\/div>\n\t\t\t<\/div>\n\t\t\t\t\t<\/div>\t\t\n\t<\/section>\n\n\n\n        <section class=\"block post-promos\">\n        <div class=\"container\">\n            <h2 class=\"font-xl-primary\"><\/h2>\n            <div class=\"row gx-md-3\">\n                                        <div class=\"col-md-6 col-lg-4\">\n                            <a href=\"https:\/\/mjau.se\/fi\/kaikki-kissoista\/kissan-terveys\/kissanruoka-tietoutta\/sijoita-kissan-ruokakuppi-ja-vesikuppi-oikein\/\">\n                                <div class=\"card \">\n                                    <img loading=\"lazy\" decoding=\"async\" width=\"450\" height=\"300\" src=\"https:\/\/mjau.se\/fi\/wp-content\/uploads\/sites\/2\/2023\/06\/mjau-matskal-vattenskal-placering-450x300.jpg\" class=\"attachment-promo-thumbnail size-promo-thumbnail wp-post-image\" alt=\"Sijoita kissan ruokakuppi ja vesikuppi oikein\" srcset=\"https:\/\/mjau.se\/fi\/wp-content\/uploads\/sites\/2\/2023\/06\/mjau-matskal-vattenskal-placering-450x300.jpg 450w, https:\/\/mjau.se\/fi\/wp-content\/uploads\/sites\/2\/2023\/06\/mjau-matskal-vattenskal-placering-768x512.jpg 768w, https:\/\/mjau.se\/fi\/wp-content\/uploads\/sites\/2\/2023\/06\/mjau-matskal-vattenskal-placering.jpg 800w\" sizes=\"(max-width: 450px) 100vw, 450px\" \/>                                                                        <div class=\"card-body\">\n\n                                                                                <h6>Sijoita kissan ruokakuppi ja vesikuppi oikein<\/h6>\n                                        <p>Kissoilla tulee aina olla saatavilla ruokaa ja raikasta vett\u00e4, mutta tiesitk\u00f6, ett\u00e4 ruoka- ja vesikupin paikalla on iso merkitys? Vesikuppi tulee sijoittaa v\u00e4hint\u00e4\u00e4n metrin p\u00e4\u00e4h\u00e4n ruokakupista. Mutta mit\u00e4 tehd\u00e4, jos kissa ei sy\u00f6?<\/p>\n                                        \n                                    <\/div>\n                                <\/div>\n                            <\/a>\n                        <\/div>\n                                        <div class=\"col-md-6 col-lg-4\">\n                            <a href=\"https:\/\/mjau.se\/fi\/kaikki-kissoista\/kissan-hankinta\/kissaturvallinen-koti\/\">\n                                <div class=\"card \">\n                                    <img loading=\"lazy\" decoding=\"async\" width=\"450\" height=\"300\" src=\"https:\/\/mjau.se\/fi\/wp-content\/uploads\/sites\/2\/2023\/06\/mjau-kattsakra-hemmet-450x300.jpg\" class=\"attachment-promo-thumbnail size-promo-thumbnail wp-post-image\" alt=\"Kissaturvallinen koti\" srcset=\"https:\/\/mjau.se\/fi\/wp-content\/uploads\/sites\/2\/2023\/06\/mjau-kattsakra-hemmet-450x300.jpg 450w, https:\/\/mjau.se\/fi\/wp-content\/uploads\/sites\/2\/2023\/06\/mjau-kattsakra-hemmet-768x511.jpg 768w, https:\/\/mjau.se\/fi\/wp-content\/uploads\/sites\/2\/2023\/06\/mjau-kattsakra-hemmet.jpg 800w\" sizes=\"(max-width: 450px) 100vw, 450px\" \/>                                                                        <div class=\"card-body\">\n\n                                                                                <h6>Kissaturvallinen koti<\/h6>\n                                        <p>Kissa on utelias ja pit\u00e4\u00e4 ymp\u00e4rist\u00f6ns\u00e4 tutkimisesta! Tee kodistasi kissaturvallinen, poistamalla kaikki sellaiset tavarat jotka voivat vahingoittaa kissaa, ja my\u00f6s sellaiset tavarat, jotka kissa voi rikkoa s\u00e4\u00e4sty\u00e4ksesi turhilta harmeilta.<\/p>\n                                        \n                                    <\/div>\n                                <\/div>\n                            <\/a>\n                        <\/div>\n                                        <div class=\"col-md-6 col-lg-4\">\n                            <a href=\"https:\/\/mjau.se\/fi\/kaikki-kissoista\/kissan-hankinta\/hiekkalaatikolla-kaynti\/\">\n                                <div class=\"card \">\n                                    <img loading=\"lazy\" decoding=\"async\" width=\"450\" height=\"300\" src=\"https:\/\/mjau.se\/fi\/wp-content\/uploads\/sites\/2\/2023\/06\/mjau-kattlada-rumsren-450x300.jpg\" class=\"attachment-promo-thumbnail size-promo-thumbnail wp-post-image\" alt=\"Hiekkalaatikolla k\u00e4ynti\" srcset=\"https:\/\/mjau.se\/fi\/wp-content\/uploads\/sites\/2\/2023\/06\/mjau-kattlada-rumsren-450x300.jpg 450w, https:\/\/mjau.se\/fi\/wp-content\/uploads\/sites\/2\/2023\/06\/mjau-kattlada-rumsren-768x511.jpg 768w, https:\/\/mjau.se\/fi\/wp-content\/uploads\/sites\/2\/2023\/06\/mjau-kattlada-rumsren.jpg 800w\" sizes=\"(max-width: 450px) 100vw, 450px\" \/>                                                                        <div class=\"card-body\">\n\n                                                                                <h6>Hiekkalaatikolla k\u00e4ynti<\/h6>\n                                        <p>Jos olet hankkinut t\u00e4ysikasvuisen tai yli 14 viikon ik\u00e4isen kissanpennun, on se luultavimmin jo sis\u00e4siisti. Silti uudessa kodissa kissalle tarvitsee opettaa hiekkalaatikolla k\u00e4ynti. Se tapahtuu yleens\u00e4 nopeasti ja helposti, koska kissat ovat siistej\u00e4 el\u00e4imi\u00e4. Muista sijoittaa hiekkalaatikko rauhalliseen paikkaan ja k\u00e4ytt\u00e4\u00e4 hiekkaa josta kissasi pit\u00e4\u00e4.<\/p>\n                                        \n                                    <\/div>\n                                <\/div>\n                            <\/a>\n                        <\/div>\n                            <\/div>\n                    <\/div>\n    <\/section>\n","protected":false},"excerpt":{"rendered":"<p>Kun kissanpentu muuttaa omaan loppuel\u00e4m\u00e4n kotiinsa, sy\u00f6v\u00e4t ne jo ainoastaan kiinte\u00e4\u00e4 ruokaa \u2013 mutta pieni kissa tarvitsee erityist\u00e4 kissanpennuille valmistettua ruokaa, josta se saa kaikki kasvulleen t\u00e4rke\u00e4t ravinteet.<\/p>\n","protected":false},"author":1,"featured_media":1728,"parent":1222,"menu_order":0,"comment_status":"closed","ping_status":"closed","template":"guternberg.php","meta":{"footnotes":""},"acf":[],"yoast_head":"<!-- This site is optimized with the Yoast SEO plugin v20.10 - https:\/\/yoast.com\/wordpress\/plugins\/seo\/ -->\n<title>Kattungemat - vad ska du ge din kattunge f\u00f6r mat? - Mjau Finland<\/title>\n<meta name=\"description\" content=\"Vilken kattmat ska du ge till din kattunge? N\u00e4r kattungar l\u00e4rt sig \u00e4ta fast f\u00f6da ska de ha kattungefoder speciellt anpassat f\u00f6r kattungar. L\u00e4s v\u00e5ra tips &amp; r\u00e5d.\" \/>\n<meta name=\"robots\" content=\"index, follow, max-snippet:-1, max-image-preview:large, max-video-preview:-1\" \/>\n<link rel=\"canonical\" href=\"https:\/\/mjau.se\/fi\/kaikki-kissoista\/kissan-terveys\/kissanruoka-tietoutta\/kissanpennun-ruokinta\/\" \/>\n<meta property=\"og:locale\" content=\"en_US\" \/>\n<meta property=\"og:type\" content=\"article\" \/>\n<meta property=\"og:title\" content=\"Kattungemat - vad ska du ge din kattunge f\u00f6r mat? - Mjau Finland\" \/>\n<meta property=\"og:description\" content=\"Vilken kattmat ska du ge till din kattunge? N\u00e4r kattungar l\u00e4rt sig \u00e4ta fast f\u00f6da ska de ha kattungefoder speciellt anpassat f\u00f6r kattungar. L\u00e4s v\u00e5ra tips &amp; r\u00e5d.\" \/>\n<meta property=\"og:url\" content=\"https:\/\/mjau.se\/fi\/kaikki-kissoista\/kissan-terveys\/kissanruoka-tietoutta\/kissanpennun-ruokinta\/\" \/>\n<meta property=\"og:site_name\" content=\"Mjau Finland\" \/>\n<meta property=\"article:modified_time\" content=\"2024-05-14T15:12:39+00:00\" \/>\n<meta property=\"og:image\" content=\"https:\/\/mjau.se\/fi\/wp-content\/uploads\/sites\/2\/2023\/06\/mjau-utfodra-kattunge.jpg\" \/>\n\t<meta property=\"og:image:width\" content=\"800\" \/>\n\t<meta property=\"og:image:height\" content=\"533\" \/>\n\t<meta property=\"og:image:type\" content=\"image\/jpeg\" \/>\n<meta name=\"twitter:card\" content=\"summary_large_image\" \/>\n<!-- \/ Yoast SEO plugin. -->","yoast_head_json":{"title":"Kattungemat - vad ska du ge din kattunge f\u00f6r mat? - Mjau Finland","description":"Vilken kattmat ska du ge till din kattunge? N\u00e4r kattungar l\u00e4rt sig \u00e4ta fast f\u00f6da ska de ha kattungefoder speciellt anpassat f\u00f6r kattungar. L\u00e4s v\u00e5ra tips & r\u00e5d.","robots":{"index":"index","follow":"follow","max-snippet":"max-snippet:-1","max-image-preview":"max-image-preview:large","max-video-preview":"max-video-preview:-1"},"canonical":"https:\/\/mjau.se\/fi\/kaikki-kissoista\/kissan-terveys\/kissanruoka-tietoutta\/kissanpennun-ruokinta\/","og_locale":"en_US","og_type":"article","og_title":"Kattungemat - vad ska du ge din kattunge f\u00f6r mat? - Mjau Finland","og_description":"Vilken kattmat ska du ge till din kattunge? N\u00e4r kattungar l\u00e4rt sig \u00e4ta fast f\u00f6da ska de ha kattungefoder speciellt anpassat f\u00f6r kattungar. L\u00e4s v\u00e5ra tips & r\u00e5d.","og_url":"https:\/\/mjau.se\/fi\/kaikki-kissoista\/kissan-terveys\/kissanruoka-tietoutta\/kissanpennun-ruokinta\/","og_site_name":"Mjau Finland","article_modified_time":"2024-05-14T15:12:39+00:00","og_image":[{"width":800,"height":533,"url":"https:\/\/mjau.se\/fi\/wp-content\/uploads\/sites\/2\/2023\/06\/mjau-utfodra-kattunge.jpg","type":"image\/jpeg"}],"twitter_card":"summary_large_image","schema":{"@context":"https:\/\/schema.org","@graph":[{"@type":"WebPage","@id":"https:\/\/mjau.se\/fi\/kaikki-kissoista\/kissan-terveys\/kissanruoka-tietoutta\/kissanpennun-ruokinta\/","url":"https:\/\/mjau.se\/fi\/kaikki-kissoista\/kissan-terveys\/kissanruoka-tietoutta\/kissanpennun-ruokinta\/","name":"Kattungemat - vad ska du ge din kattunge f\u00f6r mat? - Mjau Finland","isPartOf":{"@id":"https:\/\/mjau.se\/fi\/#website"},"datePublished":"2023-06-12T09:32:38+00:00","dateModified":"2024-05-14T15:12:39+00:00","description":"Vilken kattmat ska du ge till din kattunge? N\u00e4r kattungar l\u00e4rt sig \u00e4ta fast f\u00f6da ska de ha kattungefoder speciellt anpassat f\u00f6r kattungar. L\u00e4s v\u00e5ra tips & r\u00e5d.","breadcrumb":{"@id":"https:\/\/mjau.se\/fi\/kaikki-kissoista\/kissan-terveys\/kissanruoka-tietoutta\/kissanpennun-ruokinta\/#breadcrumb"},"inLanguage":"en-US","potentialAction":[{"@type":"ReadAction","target":["https:\/\/mjau.se\/fi\/kaikki-kissoista\/kissan-terveys\/kissanruoka-tietoutta\/kissanpennun-ruokinta\/"]}]},{"@type":"BreadcrumbList","@id":"https:\/\/mjau.se\/fi\/kaikki-kissoista\/kissan-terveys\/kissanruoka-tietoutta\/kissanpennun-ruokinta\/#breadcrumb","itemListElement":[{"@type":"ListItem","position":1,"name":"Home","item":"https:\/\/mjau.se\/fi\/"},{"@type":"ListItem","position":2,"name":"Kaikki kissoista","item":"https:\/\/mjau.se\/fi\/kaikki-kissoista\/"},{"@type":"ListItem","position":3,"name":"Kissan terveys","item":"https:\/\/mjau.se\/fi\/kaikki-kissoista\/kissan-terveys\/"},{"@type":"ListItem","position":4,"name":"Kissanruoka tietoutta","item":"https:\/\/mjau.se\/fi\/kaikki-kissoista\/kissan-terveys\/kissanruoka-tietoutta\/"},{"@type":"ListItem","position":5,"name":"Kissanpennun ruokinta"}]},{"@type":"WebSite","@id":"https:\/\/mjau.se\/fi\/#website","url":"https:\/\/mjau.se\/fi\/","name":"Mjau Finland","description":"","potentialAction":[{"@type":"SearchAction","target":{"@type":"EntryPoint","urlTemplate":"https:\/\/mjau.se\/fi\/?s={search_term_string}"},"query-input":"required name=search_term_string"}],"inLanguage":"en-US"}]}},"_links":{"self":[{"href":"https:\/\/mjau.se\/fi\/wp-json\/wp\/v2\/pages\/1233"}],"collection":[{"href":"https:\/\/mjau.se\/fi\/wp-json\/wp\/v2\/pages"}],"about":[{"href":"https:\/\/mjau.se\/fi\/wp-json\/wp\/v2\/types\/page"}],"author":[{"embeddable":true,"href":"https:\/\/mjau.se\/fi\/wp-json\/wp\/v2\/users\/1"}],"replies":[{"embeddable":true,"href":"https:\/\/mjau.se\/fi\/wp-json\/wp\/v2\/comments?post=1233"}],"version-history":[{"count":34,"href":"https:\/\/mjau.se\/fi\/wp-json\/wp\/v2\/pages\/1233\/revisions"}],"predecessor-version":[{"id":5462,"href":"https:\/\/mjau.se\/fi\/wp-json\/wp\/v2\/pages\/1233\/revisions\/5462"}],"up":[{"embeddable":true,"href":"https:\/\/mjau.se\/fi\/wp-json\/wp\/v2\/pages\/1222"}],"wp:featuredmedia":[{"embeddable":true,"href":"https:\/\/mjau.se\/fi\/wp-json\/wp\/v2\/media\/1728"}],"wp:attachment":[{"href":"https:\/\/mjau.se\/fi\/wp-json\/wp\/v2\/media?parent=1233"}],"curies":[{"name":"wp","href":"https:\/\/api.w.org\/{rel}","templated":true}]}}