{"id":1230,"date":"2023-06-12T09:27:26","date_gmt":"2023-06-12T09:27:26","guid":{"rendered":"https:\/\/mjau.se\/fi\/?page_id=1230"},"modified":"2024-04-22T10:36:26","modified_gmt":"2024-04-22T10:36:26","slug":"sijoita-kissan-ruokakuppi-ja-vesikuppi-oikein","status":"publish","type":"page","link":"https:\/\/mjau.se\/fi\/kaikki-kissoista\/kissan-terveys\/kissanruoka-tietoutta\/sijoita-kissan-ruokakuppi-ja-vesikuppi-oikein\/","title":{"rendered":"Sijoita kissan ruokakuppi ja vesikuppi oikein"},"content":{"rendered":"        <section class=\"sub-page-hero\">\n            <div class=\"container\">\n                \n                <div class=\"row\">\n                    <div class=\"col-md-8\">\n                        <h1 class=\"font-xl-primary\">Apua &#8211; kissani ei sy\u00f6&#8230;<\/h1><p>Kissalla tulee aina olla tarjolla ruokaa ja raikasta vett\u00e4, mutta tiesitk\u00f6 kuinka iso merkitys ruoka- ja vesikupin sijoittamisella on? Vesikuppi tulee sijoittaa v\u00e4hint\u00e4\u00e4n metrin p\u00e4\u00e4h\u00e4n ruokakupista. Mutta mit\u00e4 tehd\u00e4, jos kissa ei sy\u00f6?<\/p>\n                    <\/div>\n                <\/div>\n            <\/div>\n        <\/section>\n    \n\n    <div class=\"single-column-warp\">\n        <div class=\"container\">\n            <div class=\"text-content\">\n               <h2>Useampi ruokakuppi stimuloi kissan luontaisia vaistoja<\/h2>\n<p>Kissat ovat saalistajia, ja tottuneita mets\u00e4st\u00e4m\u00e4\u00e4n ruokansa luonnossa. Jos kissasi on huono sy\u00f6m\u00e4\u00e4n, voit kokeilla stimuloisiko sen ruokahalua useampi ruokakuppi eri paikoissa kotia. Sijoita lis\u00e4ksi kupit eri korkeuksille &#8211; se aktivoi kissaa viel\u00e4kin enemm\u00e4n n\u00e4kem\u00e4\u00e4n vaivaaruoan mets\u00e4st\u00e4miseen.<\/p>\n<h2>Kuinka saan kissan juomaan<\/h2>\n<p>Kissan saa juomaan enemm\u00e4n sijoittamalla vesikupin riitt\u00e4v\u00e4n kauas ruokakupista. Niiden tulee sijaita v\u00e4hint\u00e4\u00e4n metrin et\u00e4isyydell\u00e4 toisistaan, mieluiten viel\u00e4 kauempana. Kissat eiv\u00e4t nimitt\u00e4in haluat sy\u00f6d\u00e4 ja juoda samassa paikassa.<\/p>\n<p>jos sinulla on vaikeuksia saada kissasi juomaan tarpeeksi, voit kokeilla jos sit\u00e4 kiinnostaisi enemm\u00e4n juokseva vesi. En vattenfont\u00e4n \u00e4r inte allt f\u00f6r dyr och kan locka \u00e4ven den mest kr\u00e4sna.<\/p>\n<h2>Pid\u00e4 kissan ruokapaikka puhtaana<\/h2>\n<p>Lopuksi: Jos kissasi ei oikein tahdo sy\u00f6d\u00e4 riitt\u00e4v\u00e4sti, muistathan, ett\u00e4 kissat ovat siisteytt\u00e4 rakastavia. Huolehdi siis siit\u00e4, ett\u00e4 ruoka- ja vesikupit ovat aina puhtaita eiv\u00e4tk\u00e4 ne ole l\u00e4hell\u00e4 kissan hiekkalaatikkoa.<\/p>\n                <\/div>\n            <\/div>\n        <\/div>\n\n\n\n        <section class=\"block post-promos\">\n        <div class=\"container\">\n            <h2 class=\"font-xl-primary\"><\/h2>\n            <div class=\"row gx-md-3\">\n                                        <div class=\"col-md-6 col-lg-4\">\n                            <a href=\"https:\/\/mjau.se\/fi\/kaikki-kissoista\/kissan-terveys\/kissanruoka-tietoutta\/kissanpennun-ruokinta\/\">\n                                <div class=\"card \">\n                                    <img loading=\"lazy\" decoding=\"async\" width=\"450\" height=\"300\" src=\"https:\/\/mjau.se\/fi\/wp-content\/uploads\/sites\/2\/2023\/06\/mjau-utfodra-kattunge-450x300.jpg\" class=\"attachment-promo-thumbnail size-promo-thumbnail wp-post-image\" alt=\"Kissanpennun ruokinta\" srcset=\"https:\/\/mjau.se\/fi\/wp-content\/uploads\/sites\/2\/2023\/06\/mjau-utfodra-kattunge-450x300.jpg 450w, https:\/\/mjau.se\/fi\/wp-content\/uploads\/sites\/2\/2023\/06\/mjau-utfodra-kattunge-768x512.jpg 768w, https:\/\/mjau.se\/fi\/wp-content\/uploads\/sites\/2\/2023\/06\/mjau-utfodra-kattunge.jpg 800w\" sizes=\"(max-width: 450px) 100vw, 450px\" \/>                                                                        <div class=\"card-body\">\n\n                                                                                <h6>Kissanpennun ruokinta<\/h6>\n                                        <p>Kun kissanpentu muuttaa omaan loppuel\u00e4m\u00e4n kotiinsa, sy\u00f6v\u00e4t ne jo ainoastaan kiinte\u00e4\u00e4 ruokaa \u2013 mutta pieni kissa tarvitsee erityist\u00e4 kissanpennuille valmistettua ruokaa, josta se saa kaikki kasvulleen t\u00e4rke\u00e4t ravinteet.<\/p>\n                                        \n                                    <\/div>\n                                <\/div>\n                            <\/a>\n                        <\/div>\n                                        <div class=\"col-md-6 col-lg-4\">\n                            <a href=\"https:\/\/mjau.se\/fi\/kaikki-kissoista\/kissan-terveys\/kissanruoka-tietoutta\/taysikasvuisen-kissan-ruoan-vaihto\/\">\n                                <div class=\"card \">\n                                    <img loading=\"lazy\" decoding=\"async\" width=\"450\" height=\"300\" src=\"https:\/\/mjau.se\/fi\/wp-content\/uploads\/sites\/2\/2023\/06\/mjau-byta-foder-vuxen-katt-450x300.jpg\" class=\"attachment-promo-thumbnail size-promo-thumbnail wp-post-image\" alt=\"T\u00e4ysikasvuisen kissan ruoan vaihto\" srcset=\"https:\/\/mjau.se\/fi\/wp-content\/uploads\/sites\/2\/2023\/06\/mjau-byta-foder-vuxen-katt-450x300.jpg 450w, https:\/\/mjau.se\/fi\/wp-content\/uploads\/sites\/2\/2023\/06\/mjau-byta-foder-vuxen-katt-768x511.jpg 768w, https:\/\/mjau.se\/fi\/wp-content\/uploads\/sites\/2\/2023\/06\/mjau-byta-foder-vuxen-katt.jpg 800w\" sizes=\"(max-width: 450px) 100vw, 450px\" \/>                                                                        <div class=\"card-body\">\n\n                                                                                <h6>T\u00e4ysikasvuisen kissan ruoan vaihto<\/h6>\n                                        <p>Toisinaan kissan ruoka on vaihdettava syyst\u00e4 tai toisesta. Jos n\u00e4in k\u00e4y, seuraa t\u00e4st\u00e4 Mjaun k\u00e4yt\u00e4nn\u00f6llist\u00e4 ohjetta ruoan vaihtamiseen, jotta kissasi v\u00e4lttyisi turhilta vatsanpuruilta. <\/p>\n                                        \n                                    <\/div>\n                                <\/div>\n                            <\/a>\n                        <\/div>\n                                        <div class=\"col-md-6 col-lg-4\">\n                            <a href=\"https:\/\/mjau.se\/fi\/kaikki-kissoista\/kissan-hankinta\/kissan-tarvitsemia-tavaroita\/\">\n                                <div class=\"card \">\n                                    <img loading=\"lazy\" decoding=\"async\" width=\"450\" height=\"300\" src=\"https:\/\/mjau.se\/fi\/wp-content\/uploads\/sites\/2\/2023\/06\/mjau-saker-katten-behover-450x300.jpg\" class=\"attachment-promo-thumbnail size-promo-thumbnail wp-post-image\" alt=\"Kissan tarvitsemia tavaroita\" \/>                                                                        <div class=\"card-body\">\n\n                                                                                <h6>Kissan tarvitsemia tavaroita<\/h6>\n                                        <p>Kissankoppa, nukkumapaikka, hiekkalaatikko, ruokakuppi &#8211; joitakin niist\u00e4 tavaroista, joita kissasi tarvitsee. Mjau on kasannut k\u00e4yt\u00e4nn\u00f6llisen ostoslistan niist\u00e4 t\u00e4rkeimmist\u00e4 tavaroista, jotka sinun tulee hankkia ja valmistella ennen kuin kissa tulee kotiin.<\/p>\n                                        \n                                    <\/div>\n                                <\/div>\n                            <\/a>\n                        <\/div>\n                            <\/div>\n                    <\/div>\n    <\/section>\n","protected":false},"excerpt":{"rendered":"<p>Kissoilla tulee aina olla saatavilla ruokaa ja raikasta vett\u00e4, mutta tiesitk\u00f6, ett\u00e4 ruoka- ja vesikupin paikalla on iso merkitys? Vesikuppi tulee sijoittaa v\u00e4hint\u00e4\u00e4n metrin p\u00e4\u00e4h\u00e4n ruokakupista. Mutta mit\u00e4 tehd\u00e4, jos kissa ei sy\u00f6?<\/p>\n","protected":false},"author":1,"featured_media":1713,"parent":1222,"menu_order":0,"comment_status":"closed","ping_status":"closed","template":"guternberg.php","meta":{"footnotes":""},"acf":[],"yoast_head":"<!-- This site is optimized with the Yoast SEO plugin v20.10 - https:\/\/yoast.com\/wordpress\/plugins\/seo\/ -->\n<title>Om en katt inte \u00e4ter - matplatsen \u00e4r viktig - Mjau Finland<\/title>\n<meta name=\"description\" content=\"Katten \u00e4ter inte? Visste du att kattens matplats \u00e4r viktig f\u00f6r att f\u00e5 katten att dricka och \u00e4ta som den ska? Skapa en lugn och trevlig matplats - l\u00e4s v\u00e5ra tips.\" \/>\n<meta name=\"robots\" content=\"index, follow, max-snippet:-1, max-image-preview:large, max-video-preview:-1\" \/>\n<link rel=\"canonical\" href=\"https:\/\/mjau.se\/fi\/kaikki-kissoista\/kissan-terveys\/kissanruoka-tietoutta\/sijoita-kissan-ruokakuppi-ja-vesikuppi-oikein\/\" \/>\n<meta property=\"og:locale\" content=\"en_US\" \/>\n<meta property=\"og:type\" content=\"article\" \/>\n<meta property=\"og:title\" content=\"Om en katt inte \u00e4ter - matplatsen \u00e4r viktig - Mjau Finland\" \/>\n<meta property=\"og:description\" content=\"Katten \u00e4ter inte? Visste du att kattens matplats \u00e4r viktig f\u00f6r att f\u00e5 katten att dricka och \u00e4ta som den ska? Skapa en lugn och trevlig matplats - l\u00e4s v\u00e5ra tips.\" \/>\n<meta property=\"og:url\" content=\"https:\/\/mjau.se\/fi\/kaikki-kissoista\/kissan-terveys\/kissanruoka-tietoutta\/sijoita-kissan-ruokakuppi-ja-vesikuppi-oikein\/\" \/>\n<meta property=\"og:site_name\" content=\"Mjau Finland\" \/>\n<meta property=\"article:modified_time\" content=\"2024-04-22T10:36:26+00:00\" \/>\n<meta property=\"og:image\" content=\"https:\/\/mjau.se\/fi\/wp-content\/uploads\/sites\/2\/2023\/06\/mjau-matskal-vattenskal-placering.jpg\" \/>\n\t<meta property=\"og:image:width\" content=\"800\" \/>\n\t<meta property=\"og:image:height\" content=\"533\" \/>\n\t<meta property=\"og:image:type\" content=\"image\/jpeg\" \/>\n<meta name=\"twitter:card\" content=\"summary_large_image\" \/>\n<!-- \/ Yoast SEO plugin. -->","yoast_head_json":{"title":"Om en katt inte \u00e4ter - matplatsen \u00e4r viktig - Mjau Finland","description":"Katten \u00e4ter inte? Visste du att kattens matplats \u00e4r viktig f\u00f6r att f\u00e5 katten att dricka och \u00e4ta som den ska? Skapa en lugn och trevlig matplats - l\u00e4s v\u00e5ra tips.","robots":{"index":"index","follow":"follow","max-snippet":"max-snippet:-1","max-image-preview":"max-image-preview:large","max-video-preview":"max-video-preview:-1"},"canonical":"https:\/\/mjau.se\/fi\/kaikki-kissoista\/kissan-terveys\/kissanruoka-tietoutta\/sijoita-kissan-ruokakuppi-ja-vesikuppi-oikein\/","og_locale":"en_US","og_type":"article","og_title":"Om en katt inte \u00e4ter - matplatsen \u00e4r viktig - Mjau Finland","og_description":"Katten \u00e4ter inte? Visste du att kattens matplats \u00e4r viktig f\u00f6r att f\u00e5 katten att dricka och \u00e4ta som den ska? Skapa en lugn och trevlig matplats - l\u00e4s v\u00e5ra tips.","og_url":"https:\/\/mjau.se\/fi\/kaikki-kissoista\/kissan-terveys\/kissanruoka-tietoutta\/sijoita-kissan-ruokakuppi-ja-vesikuppi-oikein\/","og_site_name":"Mjau Finland","article_modified_time":"2024-04-22T10:36:26+00:00","og_image":[{"width":800,"height":533,"url":"https:\/\/mjau.se\/fi\/wp-content\/uploads\/sites\/2\/2023\/06\/mjau-matskal-vattenskal-placering.jpg","type":"image\/jpeg"}],"twitter_card":"summary_large_image","schema":{"@context":"https:\/\/schema.org","@graph":[{"@type":"WebPage","@id":"https:\/\/mjau.se\/fi\/kaikki-kissoista\/kissan-terveys\/kissanruoka-tietoutta\/sijoita-kissan-ruokakuppi-ja-vesikuppi-oikein\/","url":"https:\/\/mjau.se\/fi\/kaikki-kissoista\/kissan-terveys\/kissanruoka-tietoutta\/sijoita-kissan-ruokakuppi-ja-vesikuppi-oikein\/","name":"Om en katt inte \u00e4ter - matplatsen \u00e4r viktig - Mjau Finland","isPartOf":{"@id":"https:\/\/mjau.se\/fi\/#website"},"datePublished":"2023-06-12T09:27:26+00:00","dateModified":"2024-04-22T10:36:26+00:00","description":"Katten \u00e4ter inte? Visste du att kattens matplats \u00e4r viktig f\u00f6r att f\u00e5 katten att dricka och \u00e4ta som den ska? Skapa en lugn och trevlig matplats - l\u00e4s v\u00e5ra tips.","breadcrumb":{"@id":"https:\/\/mjau.se\/fi\/kaikki-kissoista\/kissan-terveys\/kissanruoka-tietoutta\/sijoita-kissan-ruokakuppi-ja-vesikuppi-oikein\/#breadcrumb"},"inLanguage":"en-US","potentialAction":[{"@type":"ReadAction","target":["https:\/\/mjau.se\/fi\/kaikki-kissoista\/kissan-terveys\/kissanruoka-tietoutta\/sijoita-kissan-ruokakuppi-ja-vesikuppi-oikein\/"]}]},{"@type":"BreadcrumbList","@id":"https:\/\/mjau.se\/fi\/kaikki-kissoista\/kissan-terveys\/kissanruoka-tietoutta\/sijoita-kissan-ruokakuppi-ja-vesikuppi-oikein\/#breadcrumb","itemListElement":[{"@type":"ListItem","position":1,"name":"Home","item":"https:\/\/mjau.se\/fi\/"},{"@type":"ListItem","position":2,"name":"Kaikki kissoista","item":"https:\/\/mjau.se\/fi\/kaikki-kissoista\/"},{"@type":"ListItem","position":3,"name":"Kissan terveys","item":"https:\/\/mjau.se\/fi\/kaikki-kissoista\/kissan-terveys\/"},{"@type":"ListItem","position":4,"name":"Kissanruoka tietoutta","item":"https:\/\/mjau.se\/fi\/kaikki-kissoista\/kissan-terveys\/kissanruoka-tietoutta\/"},{"@type":"ListItem","position":5,"name":"Sijoita kissan ruokakuppi ja vesikuppi oikein"}]},{"@type":"WebSite","@id":"https:\/\/mjau.se\/fi\/#website","url":"https:\/\/mjau.se\/fi\/","name":"Mjau Finland","description":"","potentialAction":[{"@type":"SearchAction","target":{"@type":"EntryPoint","urlTemplate":"https:\/\/mjau.se\/fi\/?s={search_term_string}"},"query-input":"required name=search_term_string"}],"inLanguage":"en-US"}]}},"_links":{"self":[{"href":"https:\/\/mjau.se\/fi\/wp-json\/wp\/v2\/pages\/1230"}],"collection":[{"href":"https:\/\/mjau.se\/fi\/wp-json\/wp\/v2\/pages"}],"about":[{"href":"https:\/\/mjau.se\/fi\/wp-json\/wp\/v2\/types\/page"}],"author":[{"embeddable":true,"href":"https:\/\/mjau.se\/fi\/wp-json\/wp\/v2\/users\/1"}],"replies":[{"embeddable":true,"href":"https:\/\/mjau.se\/fi\/wp-json\/wp\/v2\/comments?post=1230"}],"version-history":[{"count":13,"href":"https:\/\/mjau.se\/fi\/wp-json\/wp\/v2\/pages\/1230\/revisions"}],"predecessor-version":[{"id":5013,"href":"https:\/\/mjau.se\/fi\/wp-json\/wp\/v2\/pages\/1230\/revisions\/5013"}],"up":[{"embeddable":true,"href":"https:\/\/mjau.se\/fi\/wp-json\/wp\/v2\/pages\/1222"}],"wp:featuredmedia":[{"embeddable":true,"href":"https:\/\/mjau.se\/fi\/wp-json\/wp\/v2\/media\/1713"}],"wp:attachment":[{"href":"https:\/\/mjau.se\/fi\/wp-json\/wp\/v2\/media?parent=1230"}],"curies":[{"name":"wp","href":"https:\/\/api.w.org\/{rel}","templated":true}]}}