{"id":1227,"date":"2023-06-12T09:21:17","date_gmt":"2023-06-12T09:21:17","guid":{"rendered":"https:\/\/mjau.se\/fi\/?page_id=1227"},"modified":"2024-05-16T14:14:53","modified_gmt":"2024-05-16T14:14:53","slug":"taysikasvuisen-kissan-ruoan-vaihto","status":"publish","type":"page","link":"https:\/\/mjau.se\/fi\/kaikki-kissoista\/kissan-terveys\/kissanruoka-tietoutta\/taysikasvuisen-kissan-ruoan-vaihto\/","title":{"rendered":"T\u00e4ysikasvuisen kissan ruoan vaihto"},"content":{"rendered":"        <section class=\"sub-page-hero\">\n            <div class=\"container\">\n                \n                <div class=\"row\">\n                    <div class=\"col-md-8\">\n                        <h1 class=\"font-xl-primary\">N\u00e4in vaihdat t\u00e4ysikasvuisen kissan ruoan &#8211; vaihe vaiheelta <\/h1>                    <\/div>\n                <\/div>\n            <\/div>\n        <\/section>\n    \n\n    <div class=\"single-column-warp\">\n        <div class=\"container\">\n            <div class=\"text-content\">\n               <p>On t\u00e4ysin tavallista, ett\u00e4 kissan ruoka vaihdetaan muutaman kerran sen el\u00e4m\u00e4n aikana. Vaihtotarve voi johtua kissan el\u00e4m\u00e4nvaiheesta, tai el\u00e4inl\u00e4\u00e4k\u00e4ri mahdollisesti suosittelee sille paremmin sopivaa ruokaa, tai se saa j\u00e4lkel\u00e4isi\u00e4. Huolimatta vaihdon syyst\u00e4, se on teht\u00e4v\u00e4 oikein, jottet h\u00e4iritse kissan herkk\u00e4\u00e4 vatsaa ja aiheuta sille tarpeettomia ruoansulatusongelmia.<\/p>\n<h2>Ruoan vaihto kissayst\u00e4v\u00e4llisesti<\/h2>\n<p>Vaihtotarpeesta huolimatta vaihtaminen tulee tehd\u00e4 rauhallisesti vaiheittain. Jos vaihdat kissan ruoan liian nopeasti, se voi aiheuttaa vatsa- ja suolisto-oireita, jotka voivat johtaa oksentamiseen, ummetukseen tai ripuliin.<\/p>\n<p>Mjaun suositus ruoan vaihtamiseen on v\u00e4hint\u00e4\u00e4n kaksi viikkoa, mutta mieluiten nelj\u00e4 viikkoa. Varovaisella siirtym\u00e4ll\u00e4 kissan herkk\u00e4 vatsa saa rauhassa tottua uuteen ruokaan, joka minimoi vatsan ja suoliston ep\u00e4tasapainoa.<\/p>\n<p>Mik\u00e4li kotiin tulee kissanpentu, \u00e4l\u00e4 vaihda sen ruokaa ainakaan ensimm\u00e4isen kahden viikon aikana. Pentu on vasta erotettu em\u00e4st\u00e4\u00e4n ja sisaruksistaan, ja kissa voi reagoida t\u00e4h\u00e4n muutokseen vatsallaan.<\/p>\n<h2>Muutamia huomioitavia asioita ruokaa vaihtaessasi<\/h2>\n<ul>\n<li><strong>Ei herkkuja tai ruoant\u00e4hteit\u00e4<\/strong><br \/>\nRuokaa vaihtaessa on hyv\u00e4 pid\u00e4tt\u00e4yty\u00e4 antamasta kissalle mit\u00e4\u00e4n ylim\u00e4\u00e4r\u00e4ist\u00e4, kuten herkkuja tai ruoant\u00e4hteit\u00e4. N\u00e4in kissan vatsa saa rauhassa tottua uuteen ruokaan ja sinun on helpompaa n\u00e4hd\u00e4, kuinka se sopii kissallesi.<\/li>\n<li><strong>Sopeuta muutostahti kissasi mukaan<\/strong><br \/>\nKissat ovat yksil\u00f6it\u00e4 ja reagoivat eri tavoin ruoan vaihtoon. Siksi voi olla tarpeen mukauttaa muutosnopeus kissasi tarpeisiin. Kissan suolistobakteerien on saatava aikaa sopeutuakseen muutokseen. Tarkkaile kissaasi vaihdon aikana. Oksentaminen, ripulointi tai ummetus voivat olla merkki liian nopeasta vaihdosta. Kokeile silloin hidastaa vauhtia, joka antaa kissalle enemm\u00e4n aikaa tottua muutokseen. Mik\u00e4li sek\u00e4\u00e4n ei auta, on syyt\u00e4 k\u00e4\u00e4nty\u00e4 el\u00e4inl\u00e4\u00e4k\u00e4rin puoleen.<\/li>\n<\/ul>\n                <\/div>\n            <\/div>\n        <\/div>\n\n\n    <section class=\"card-promo-wrap\">\n        <div class=\"container\">\n            <div class=\"row gx-md-4\">\n                                                                <div class=\"col-md-6\">\n                            <div class=\"card  primary\">\n                                                                \n                                <div class=\"card-body\">\n                                                                        <h5 class=\"card-title section-title\">P\u00e4iv\u00e4t 1\u20133<\/h5>\n                                    <p>20% uutta ruokaa ja 80% vanhaa ruokaa<\/p>\n                                                                    <\/div>\n                            <\/div>\n                        <\/div>\n                                                                <div class=\"col-md-6\">\n                            <div class=\"card  primary\">\n                                                                \n                                <div class=\"card-body\">\n                                                                        <h5 class=\"card-title section-title\">P\u00e4iv\u00e4t 4\u20137<\/h5>\n                                    <p>40% uutta ruokaa ja 60% vanhaa ruokaa<\/p>\n                                                                    <\/div>\n                            <\/div>\n                        <\/div>\n                                                                <div class=\"col-md-6\">\n                            <div class=\"card  primary\">\n                                                                \n                                <div class=\"card-body\">\n                                                                        <h5 class=\"card-title section-title\">P\u00e4iv\u00e4t 8\u201310<\/h5>\n                                    <p>60% uutta ruokaa ja 40% vanhaa ruokaa<\/p>\n                                                                    <\/div>\n                            <\/div>\n                        <\/div>\n                                                                <div class=\"col-md-6\">\n                            <div class=\"card  primary\">\n                                                                \n                                <div class=\"card-body\">\n                                                                        <h5 class=\"card-title section-title\">P\u00e4iv\u00e4t 11\u201314<\/h5>\n                                    <p>80% uutta ruokaa ja 20% vanhaa ruokaa<\/p>\n                                                                    <\/div>\n                            <\/div>\n                        <\/div>\n                                                                <div class=\"col-md-12 full-width-card\">\n                            <div class=\"card  primary\">\n                                                                \n                                <div class=\"card-body\">\n                                                                        <h5 class=\"card-title section-title\">P\u00e4iv\u00e4st\u00e4 15 eteenp\u00e4in<\/h5>\n                                    <p>100% uutta ruokaa kupissa<\/p>\n                                                                    <\/div>\n                            <\/div>\n                        <\/div>\n                \n            <\/div>\n\n        <\/div>\n    <\/section>\n\n\n\n        <section class=\"block post-promos\">\n        <div class=\"container\">\n            <h2 class=\"font-xl-primary\"><\/h2>\n            <div class=\"row gx-md-3\">\n                                        <div class=\"col-md-6 \">\n                            <a href=\"https:\/\/mjau.se\/fi\/kaikki-kissoista\/kissan-terveys\/kissanruoka-tietoutta\/taysikasvuisen-kissan-ruoan-vaihto\/\">\n                                <div class=\"card \">\n                                    <img loading=\"lazy\" decoding=\"async\" width=\"450\" height=\"300\" src=\"https:\/\/mjau.se\/fi\/wp-content\/uploads\/sites\/2\/2023\/06\/mjau-byta-foder-vuxen-katt-450x300.jpg\" class=\"attachment-promo-thumbnail size-promo-thumbnail wp-post-image\" alt=\"T\u00e4ysikasvuisen kissan ruoan vaihto\" srcset=\"https:\/\/mjau.se\/fi\/wp-content\/uploads\/sites\/2\/2023\/06\/mjau-byta-foder-vuxen-katt-450x300.jpg 450w, https:\/\/mjau.se\/fi\/wp-content\/uploads\/sites\/2\/2023\/06\/mjau-byta-foder-vuxen-katt-768x511.jpg 768w, https:\/\/mjau.se\/fi\/wp-content\/uploads\/sites\/2\/2023\/06\/mjau-byta-foder-vuxen-katt.jpg 800w\" sizes=\"(max-width: 450px) 100vw, 450px\" \/>                                                                        <div class=\"card-body\">\n\n                                                                                <h6>T\u00e4ysikasvuisen kissan ruoan vaihto<\/h6>\n                                        <p>Toisinaan kissan ruoka on vaihdettava syyst\u00e4 tai toisesta. Jos n\u00e4in k\u00e4y, seuraa t\u00e4st\u00e4 Mjaun k\u00e4yt\u00e4nn\u00f6llist\u00e4 ohjetta ruoan vaihtamiseen, jotta kissasi v\u00e4lttyisi turhilta vatsanpuruilta. <\/p>\n                                                                                    <a href=\"https:\/\/mjau.se\/fi\/kaikki-kissoista\/kissan-terveys\/kissanruoka-tietoutta\/taysikasvuisen-kissan-ruoan-vaihto\/\" class=\"btn btn-default\">Lue lis\u00e4\u00e4<\/a>\n                                        \n                                    <\/div>\n                                <\/div>\n                            <\/a>\n                        <\/div>\n                                        <div class=\"col-md-6 \">\n                            <a href=\"https:\/\/mjau.se\/fi\/kaikki-kissoista\/kissan-terveys\/kastroitu-kissa\/kuiva-ja-markaruoka-kastroidulle-kissalle\/\">\n                                <div class=\"card \">\n                                    <img loading=\"lazy\" decoding=\"async\" width=\"450\" height=\"300\" src=\"https:\/\/mjau.se\/fi\/wp-content\/uploads\/sites\/2\/2023\/06\/mjau-kastrerd-katt-naringsbehov-amnesomsattning-450x300.jpg\" class=\"attachment-promo-thumbnail size-promo-thumbnail wp-post-image\" alt=\"Kuiva- ja m\u00e4rk\u00e4ruoka kastroidulle ja steriloidulle kissalle\" srcset=\"https:\/\/mjau.se\/fi\/wp-content\/uploads\/sites\/2\/2023\/06\/mjau-kastrerd-katt-naringsbehov-amnesomsattning-450x300.jpg 450w, https:\/\/mjau.se\/fi\/wp-content\/uploads\/sites\/2\/2023\/06\/mjau-kastrerd-katt-naringsbehov-amnesomsattning-768x512.jpg 768w, https:\/\/mjau.se\/fi\/wp-content\/uploads\/sites\/2\/2023\/06\/mjau-kastrerd-katt-naringsbehov-amnesomsattning.jpg 800w\" sizes=\"(max-width: 450px) 100vw, 450px\" \/>                                                                        <div class=\"card-body\">\n\n                                                                                <h6>Kuiva- ja m\u00e4rk\u00e4ruoka kastroidulle ja steriloidulle kissalle<\/h6>\n                                        <p>Kastroidun kissan aineenvaihdunta on 30% alhaisempi kuin kastroimattomien. Jos kissasi on kastroitu, tulee sinun pit\u00e4\u00e4 silm\u00e4ll\u00e4 sen painoa. Mjaun valikoimista l\u00f6ytyy sek\u00e4 kuivaruokia ja m\u00e4rk\u00e4ruokia, jotka on sovitettu erityisesti kastroitujen kissojen tarpeisiin.<\/p>\n                                                                                    <a href=\"https:\/\/mjau.se\/fi\/kaikki-kissoista\/kissan-terveys\/kastroitu-kissa\/kuiva-ja-markaruoka-kastroidulle-kissalle\/\" class=\"btn btn-default\">Lue lis\u00e4\u00e4<\/a>\n                                        \n                                    <\/div>\n                                <\/div>\n                            <\/a>\n                        <\/div>\n                            <\/div>\n                    <\/div>\n    <\/section>\n","protected":false},"excerpt":{"rendered":"<p>Toisinaan kissan ruoka on vaihdettava syyst\u00e4 tai toisesta. Jos n\u00e4in k\u00e4y, seuraa t\u00e4st\u00e4 Mjaun k\u00e4yt\u00e4nn\u00f6llist\u00e4 ohjetta ruoan vaihtamiseen, jotta kissasi v\u00e4lttyisi turhilta vatsanpuruilta. <\/p>\n","protected":false},"author":1,"featured_media":1445,"parent":1222,"menu_order":0,"comment_status":"closed","ping_status":"closed","template":"guternberg.php","meta":{"footnotes":""},"acf":[],"yoast_head":"<!-- This site is optimized with the Yoast SEO plugin v20.10 - https:\/\/yoast.com\/wordpress\/plugins\/seo\/ -->\n<title>Byta foder till din katt? Byt kattmat s\u00e5h\u00e4r. - Mjau Finland<\/title>\n<meta name=\"description\" content=\"N\u00e4r du beh\u00f6ver byta foder till katten \u00e4r det viktigt att du g\u00f6r det l\u00e5ngsamt. D\u00e5 hinner kattens mage v\u00e4nja sig vid det nya fodret. F\u00f6lj v\u00e5r praktiska tabell.\" \/>\n<meta name=\"robots\" content=\"index, follow, max-snippet:-1, max-image-preview:large, max-video-preview:-1\" \/>\n<link rel=\"canonical\" href=\"https:\/\/mjau.se\/fi\/kaikki-kissoista\/kissan-terveys\/kissanruoka-tietoutta\/taysikasvuisen-kissan-ruoan-vaihto\/\" \/>\n<meta property=\"og:locale\" content=\"en_US\" \/>\n<meta property=\"og:type\" content=\"article\" \/>\n<meta property=\"og:title\" content=\"Byta foder till din katt? Byt kattmat s\u00e5h\u00e4r. - Mjau Finland\" \/>\n<meta property=\"og:description\" content=\"N\u00e4r du beh\u00f6ver byta foder till katten \u00e4r det viktigt att du g\u00f6r det l\u00e5ngsamt. D\u00e5 hinner kattens mage v\u00e4nja sig vid det nya fodret. F\u00f6lj v\u00e5r praktiska tabell.\" \/>\n<meta property=\"og:url\" content=\"https:\/\/mjau.se\/fi\/kaikki-kissoista\/kissan-terveys\/kissanruoka-tietoutta\/taysikasvuisen-kissan-ruoan-vaihto\/\" \/>\n<meta property=\"og:site_name\" content=\"Mjau Finland\" \/>\n<meta property=\"article:modified_time\" content=\"2024-05-16T14:14:53+00:00\" \/>\n<meta property=\"og:image\" content=\"https:\/\/mjau.se\/fi\/wp-content\/uploads\/sites\/2\/2023\/06\/mjau-byta-foder-vuxen-katt.jpg\" \/>\n\t<meta property=\"og:image:width\" content=\"800\" \/>\n\t<meta property=\"og:image:height\" content=\"532\" \/>\n\t<meta property=\"og:image:type\" content=\"image\/jpeg\" \/>\n<meta name=\"twitter:card\" content=\"summary_large_image\" \/>\n<!-- \/ Yoast SEO plugin. -->","yoast_head_json":{"title":"Byta foder till din katt? Byt kattmat s\u00e5h\u00e4r. - Mjau Finland","description":"N\u00e4r du beh\u00f6ver byta foder till katten \u00e4r det viktigt att du g\u00f6r det l\u00e5ngsamt. D\u00e5 hinner kattens mage v\u00e4nja sig vid det nya fodret. F\u00f6lj v\u00e5r praktiska tabell.","robots":{"index":"index","follow":"follow","max-snippet":"max-snippet:-1","max-image-preview":"max-image-preview:large","max-video-preview":"max-video-preview:-1"},"canonical":"https:\/\/mjau.se\/fi\/kaikki-kissoista\/kissan-terveys\/kissanruoka-tietoutta\/taysikasvuisen-kissan-ruoan-vaihto\/","og_locale":"en_US","og_type":"article","og_title":"Byta foder till din katt? Byt kattmat s\u00e5h\u00e4r. - Mjau Finland","og_description":"N\u00e4r du beh\u00f6ver byta foder till katten \u00e4r det viktigt att du g\u00f6r det l\u00e5ngsamt. D\u00e5 hinner kattens mage v\u00e4nja sig vid det nya fodret. F\u00f6lj v\u00e5r praktiska tabell.","og_url":"https:\/\/mjau.se\/fi\/kaikki-kissoista\/kissan-terveys\/kissanruoka-tietoutta\/taysikasvuisen-kissan-ruoan-vaihto\/","og_site_name":"Mjau Finland","article_modified_time":"2024-05-16T14:14:53+00:00","og_image":[{"width":800,"height":532,"url":"https:\/\/mjau.se\/fi\/wp-content\/uploads\/sites\/2\/2023\/06\/mjau-byta-foder-vuxen-katt.jpg","type":"image\/jpeg"}],"twitter_card":"summary_large_image","schema":{"@context":"https:\/\/schema.org","@graph":[{"@type":"WebPage","@id":"https:\/\/mjau.se\/fi\/kaikki-kissoista\/kissan-terveys\/kissanruoka-tietoutta\/taysikasvuisen-kissan-ruoan-vaihto\/","url":"https:\/\/mjau.se\/fi\/kaikki-kissoista\/kissan-terveys\/kissanruoka-tietoutta\/taysikasvuisen-kissan-ruoan-vaihto\/","name":"Byta foder till din katt? Byt kattmat s\u00e5h\u00e4r. - Mjau Finland","isPartOf":{"@id":"https:\/\/mjau.se\/fi\/#website"},"datePublished":"2023-06-12T09:21:17+00:00","dateModified":"2024-05-16T14:14:53+00:00","description":"N\u00e4r du beh\u00f6ver byta foder till katten \u00e4r det viktigt att du g\u00f6r det l\u00e5ngsamt. D\u00e5 hinner kattens mage v\u00e4nja sig vid det nya fodret. F\u00f6lj v\u00e5r praktiska tabell.","breadcrumb":{"@id":"https:\/\/mjau.se\/fi\/kaikki-kissoista\/kissan-terveys\/kissanruoka-tietoutta\/taysikasvuisen-kissan-ruoan-vaihto\/#breadcrumb"},"inLanguage":"en-US","potentialAction":[{"@type":"ReadAction","target":["https:\/\/mjau.se\/fi\/kaikki-kissoista\/kissan-terveys\/kissanruoka-tietoutta\/taysikasvuisen-kissan-ruoan-vaihto\/"]}]},{"@type":"BreadcrumbList","@id":"https:\/\/mjau.se\/fi\/kaikki-kissoista\/kissan-terveys\/kissanruoka-tietoutta\/taysikasvuisen-kissan-ruoan-vaihto\/#breadcrumb","itemListElement":[{"@type":"ListItem","position":1,"name":"Home","item":"https:\/\/mjau.se\/fi\/"},{"@type":"ListItem","position":2,"name":"Kaikki kissoista","item":"https:\/\/mjau.se\/fi\/kaikki-kissoista\/"},{"@type":"ListItem","position":3,"name":"Kissan terveys","item":"https:\/\/mjau.se\/fi\/kaikki-kissoista\/kissan-terveys\/"},{"@type":"ListItem","position":4,"name":"Kissanruoka tietoutta","item":"https:\/\/mjau.se\/fi\/kaikki-kissoista\/kissan-terveys\/kissanruoka-tietoutta\/"},{"@type":"ListItem","position":5,"name":"T\u00e4ysikasvuisen kissan ruoan vaihto"}]},{"@type":"WebSite","@id":"https:\/\/mjau.se\/fi\/#website","url":"https:\/\/mjau.se\/fi\/","name":"Mjau Finland","description":"","potentialAction":[{"@type":"SearchAction","target":{"@type":"EntryPoint","urlTemplate":"https:\/\/mjau.se\/fi\/?s={search_term_string}"},"query-input":"required name=search_term_string"}],"inLanguage":"en-US"}]}},"_links":{"self":[{"href":"https:\/\/mjau.se\/fi\/wp-json\/wp\/v2\/pages\/1227"}],"collection":[{"href":"https:\/\/mjau.se\/fi\/wp-json\/wp\/v2\/pages"}],"about":[{"href":"https:\/\/mjau.se\/fi\/wp-json\/wp\/v2\/types\/page"}],"author":[{"embeddable":true,"href":"https:\/\/mjau.se\/fi\/wp-json\/wp\/v2\/users\/1"}],"replies":[{"embeddable":true,"href":"https:\/\/mjau.se\/fi\/wp-json\/wp\/v2\/comments?post=1227"}],"version-history":[{"count":24,"href":"https:\/\/mjau.se\/fi\/wp-json\/wp\/v2\/pages\/1227\/revisions"}],"predecessor-version":[{"id":5497,"href":"https:\/\/mjau.se\/fi\/wp-json\/wp\/v2\/pages\/1227\/revisions\/5497"}],"up":[{"embeddable":true,"href":"https:\/\/mjau.se\/fi\/wp-json\/wp\/v2\/pages\/1222"}],"wp:featuredmedia":[{"embeddable":true,"href":"https:\/\/mjau.se\/fi\/wp-json\/wp\/v2\/media\/1445"}],"wp:attachment":[{"href":"https:\/\/mjau.se\/fi\/wp-json\/wp\/v2\/media?parent=1227"}],"curies":[{"name":"wp","href":"https:\/\/api.w.org\/{rel}","templated":true}]}}