{"id":1222,"date":"2023-06-12T09:17:17","date_gmt":"2023-06-12T09:17:17","guid":{"rendered":"https:\/\/mjau.se\/fi\/?page_id=1222"},"modified":"2024-05-13T06:55:59","modified_gmt":"2024-05-13T06:55:59","slug":"kissanruoka-tietoutta","status":"publish","type":"page","link":"https:\/\/mjau.se\/fi\/kaikki-kissoista\/kissan-terveys\/kissanruoka-tietoutta\/","title":{"rendered":"Kissanruoka tietoutta"},"content":{"rendered":"        <section class=\"sub-page-hero-with-image\">\n            \n            <div class=\"overlay-v1 overlay-dark\" >\n                                    <img decoding=\"async\" class=\"background-image\" src=\"https:\/\/mjau.se\/fi\/wp-content\/uploads\/sites\/2\/2023\/06\/mjau-kattfoder-kunskap.jpg\" alt=\"\">\n                                <div class=\"container\">\n                    \n                    <div class=\"row\">\n                        <div class=\"col-md-8 col-lg-6 \">\n                            <h1 class=\"font-xl-primary\">Mit\u00e4 kissa sy\u00f6<\/h1>                        <\/div>\n                    <\/div>\n                <\/div>\n            <\/div>\n                    <\/section>\n    \n\n    <div class=\"single-column-warp\">\n        <div class=\"container\">\n            <div class=\"text-content\">\n               <p>Hyv\u00e4 ruoka ja tasapainoinen ravinto on t\u00e4rke\u00e4\u00e4 harmoniseen kissanel\u00e4m\u00e4\u00e4n. Me Mjaulla haluamme ett\u00e4 sin\u00e4 ja kissasi voitte hyvin yhdess\u00e4, ja olemme siksi ker\u00e4nneet tietoa mik\u00e4 kissanruoka sopisi juuri sinun kissallesi. Mutta, mit\u00e4 kissa sy\u00f6?<\/p>\n<p>T\u00e4\u00e4lt\u00e4 l\u00f6yd\u00e4t vastauksia siihen, mit\u00e4 kissat sy\u00f6v\u00e4t, kuinka paljon kissan tulisi sy\u00f6d\u00e4 ja <a title=\"Byta foder vuxen katt\" href=\"https:\/\/mjau.se\/fi\/kaikki-kissoista\/kissan-terveys\/kissanruoka-tietoutta\/taysikasvuisen-kissan-ruoan-vaihto\/\" data-udi=\"umb:\/\/document\/4c58ea00a6904be691e5e97e397baf9a\">kuinka vaihdat sen ruoan<\/a>. Opi lis\u00e4\u00e4 ruokien erilaisista ominaisuuksista ja kuinka valitset oikean ruoan omalle kissallesi.<\/p>\n<p>&nbsp;<\/p>\n                <\/div>\n            <\/div>\n        <\/div>\n\n\n\n        <section class=\"block post-promos\">\n        <div class=\"container\">\n            <h2 class=\"font-xl-primary\"><\/h2>\n            <div class=\"row gx-md-3\">\n                                        <div class=\"col-md-6 \">\n                            <a href=\"https:\/\/mjau.se\/fi\/kaikki-kissoista\/kissan-terveys\/kissanruoka-tietoutta\/taysikasvuisen-kissan-ruoan-vaihto\/\">\n                                <div class=\"card \">\n                                    <img loading=\"lazy\" decoding=\"async\" width=\"450\" height=\"300\" src=\"https:\/\/mjau.se\/fi\/wp-content\/uploads\/sites\/2\/2023\/06\/mjau-byta-foder-vuxen-katt-450x300.jpg\" class=\"attachment-promo-thumbnail size-promo-thumbnail wp-post-image\" alt=\"T\u00e4ysikasvuisen kissan ruoan vaihto\" srcset=\"https:\/\/mjau.se\/fi\/wp-content\/uploads\/sites\/2\/2023\/06\/mjau-byta-foder-vuxen-katt-450x300.jpg 450w, https:\/\/mjau.se\/fi\/wp-content\/uploads\/sites\/2\/2023\/06\/mjau-byta-foder-vuxen-katt-768x511.jpg 768w, https:\/\/mjau.se\/fi\/wp-content\/uploads\/sites\/2\/2023\/06\/mjau-byta-foder-vuxen-katt.jpg 800w\" sizes=\"(max-width: 450px) 100vw, 450px\" \/>                                                                        <div class=\"card-body\">\n\n                                                                                <h6>T\u00e4ysikasvuisen kissan ruoan vaihto<\/h6>\n                                        <p>Toisinaan kissan ruoka on vaihdettava syyst\u00e4 tai toisesta. Jos n\u00e4in k\u00e4y, seuraa t\u00e4st\u00e4 Mjaun k\u00e4yt\u00e4nn\u00f6llist\u00e4 ohjetta ruoan vaihtamiseen, jotta kissasi v\u00e4lttyisi turhilta vatsanpuruilta. <\/p>\n                                                                                    <a href=\"https:\/\/mjau.se\/fi\/kaikki-kissoista\/kissan-terveys\/kissanruoka-tietoutta\/taysikasvuisen-kissan-ruoan-vaihto\/\" class=\"btn btn-default\">Lue lis\u00e4\u00e4<\/a>\n                                        \n                                    <\/div>\n                                <\/div>\n                            <\/a>\n                        <\/div>\n                                        <div class=\"col-md-6 \">\n                            <a href=\"https:\/\/mjau.se\/fi\/kaikki-kissoista\/kissan-terveys\/kissanruoka-tietoutta\/sijoita-kissan-ruokakuppi-ja-vesikuppi-oikein\/\">\n                                <div class=\"card \">\n                                    <img loading=\"lazy\" decoding=\"async\" width=\"450\" height=\"300\" src=\"https:\/\/mjau.se\/fi\/wp-content\/uploads\/sites\/2\/2023\/06\/mjau-matskal-vattenskal-placering-450x300.jpg\" class=\"attachment-promo-thumbnail size-promo-thumbnail wp-post-image\" alt=\"Sijoita kissan ruokakuppi ja vesikuppi oikein\" srcset=\"https:\/\/mjau.se\/fi\/wp-content\/uploads\/sites\/2\/2023\/06\/mjau-matskal-vattenskal-placering-450x300.jpg 450w, https:\/\/mjau.se\/fi\/wp-content\/uploads\/sites\/2\/2023\/06\/mjau-matskal-vattenskal-placering-768x512.jpg 768w, https:\/\/mjau.se\/fi\/wp-content\/uploads\/sites\/2\/2023\/06\/mjau-matskal-vattenskal-placering.jpg 800w\" sizes=\"(max-width: 450px) 100vw, 450px\" \/>                                                                        <div class=\"card-body\">\n\n                                                                                <h6>Sijoita kissan ruokakuppi ja vesikuppi oikein<\/h6>\n                                        <p>Kissoilla tulee aina olla saatavilla ruokaa ja raikasta vett\u00e4, mutta tiesitk\u00f6, ett\u00e4 ruoka- ja vesikupin paikalla on iso merkitys? Vesikuppi tulee sijoittaa v\u00e4hint\u00e4\u00e4n metrin p\u00e4\u00e4h\u00e4n ruokakupista. Mutta mit\u00e4 tehd\u00e4, jos kissa ei sy\u00f6?<\/p>\n                                                                                    <a href=\"https:\/\/mjau.se\/fi\/kaikki-kissoista\/kissan-terveys\/kissanruoka-tietoutta\/sijoita-kissan-ruokakuppi-ja-vesikuppi-oikein\/\" class=\"btn btn-default\">Lue lis\u00e4\u00e4<\/a>\n                                        \n                                    <\/div>\n                                <\/div>\n                            <\/a>\n                        <\/div>\n                                        <div class=\"col-md-6 \">\n                            <a href=\"https:\/\/mjau.se\/fi\/kissanruoka\/mjau\/\">\n                                <div class=\"card \">\n                                    <img loading=\"lazy\" decoding=\"async\" width=\"450\" height=\"300\" src=\"https:\/\/mjau.se\/fi\/wp-content\/uploads\/sites\/2\/2023\/06\/mjau-kattmat-produktutbud-450x300.png\" class=\"attachment-promo-thumbnail size-promo-thumbnail wp-post-image\" alt=\"Mjau\" srcset=\"https:\/\/mjau.se\/fi\/wp-content\/uploads\/sites\/2\/2023\/06\/mjau-kattmat-produktutbud-450x300.png 450w, https:\/\/mjau.se\/fi\/wp-content\/uploads\/sites\/2\/2023\/06\/mjau-kattmat-produktutbud-768x512.png 768w, https:\/\/mjau.se\/fi\/wp-content\/uploads\/sites\/2\/2023\/06\/mjau-kattmat-produktutbud.png 800w\" sizes=\"(max-width: 450px) 100vw, 450px\" \/>                                                                        <div class=\"card-body\">\n\n                                                                                <h6>Mjau<\/h6>\n                                        <p>Klassisesta valikoimastamme l\u00f6yd\u00e4t niin kuivaruokia, m\u00e4rk\u00e4ruokia kuin maukkaita herkkuja kissallesi. Kaikki luonnollisista raaka-aineista valmistettu, ja tietenkin ilman tarpeettomia lis\u00e4aineita.<\/p>\n                                                                                    <a href=\"https:\/\/mjau.se\/fi\/kissanruoka\/mjau\/\" class=\"btn btn-default\">Lue lis\u00e4\u00e4<\/a>\n                                        \n                                    <\/div>\n                                <\/div>\n                            <\/a>\n                        <\/div>\n                                        <div class=\"col-md-6 \">\n                            <a href=\"https:\/\/mjau.se\/fi\/kaikki-kissoista\/kissan-terveys\/kastroitu-kissa\/kuiva-ja-markaruoka-kastroidulle-kissalle\/\">\n                                <div class=\"card \">\n                                    <img loading=\"lazy\" decoding=\"async\" width=\"450\" height=\"300\" src=\"https:\/\/mjau.se\/fi\/wp-content\/uploads\/sites\/2\/2023\/06\/mjau-kastrerd-katt-naringsbehov-amnesomsattning-450x300.jpg\" class=\"attachment-promo-thumbnail size-promo-thumbnail wp-post-image\" alt=\"Kuiva- ja m\u00e4rk\u00e4ruoka kastroidulle ja steriloidulle kissalle\" srcset=\"https:\/\/mjau.se\/fi\/wp-content\/uploads\/sites\/2\/2023\/06\/mjau-kastrerd-katt-naringsbehov-amnesomsattning-450x300.jpg 450w, https:\/\/mjau.se\/fi\/wp-content\/uploads\/sites\/2\/2023\/06\/mjau-kastrerd-katt-naringsbehov-amnesomsattning-768x512.jpg 768w, https:\/\/mjau.se\/fi\/wp-content\/uploads\/sites\/2\/2023\/06\/mjau-kastrerd-katt-naringsbehov-amnesomsattning.jpg 800w\" sizes=\"(max-width: 450px) 100vw, 450px\" \/>                                                                        <div class=\"card-body\">\n\n                                                                                <h6>Kuiva- ja m\u00e4rk\u00e4ruoka kastroidulle ja steriloidulle kissalle<\/h6>\n                                        <p>Kastroidun kissan aineenvaihdunta on 30% alhaisempi kuin kastroimattomien. Jos kissasi on kastroitu, tulee sinun pit\u00e4\u00e4 silm\u00e4ll\u00e4 sen painoa. Mjaun valikoimista l\u00f6ytyy sek\u00e4 kuivaruokia ja m\u00e4rk\u00e4ruokia, jotka on sovitettu erityisesti kastroitujen kissojen tarpeisiin.<\/p>\n                                                                                    <a href=\"https:\/\/mjau.se\/fi\/kaikki-kissoista\/kissan-terveys\/kastroitu-kissa\/kuiva-ja-markaruoka-kastroidulle-kissalle\/\" class=\"btn btn-default\">Lue lis\u00e4\u00e4<\/a>\n                                        \n                                    <\/div>\n                                <\/div>\n                            <\/a>\n                        <\/div>\n                            <\/div>\n                    <\/div>\n    <\/section>\n\n\n\t<section class=\"block product-block product-block-with-background\" id=\"product-list-block\">\n\t\t<div class=\"container\">\n\t\t\t<h2 class=\"section-title\">Joitakin Mjau-suosikkeja<\/h2>\t\t\t\t\t\t\t<div class=\"row mt-5\">\n\t\t\t\t\t\t\t\t\t\t\t<div class=\"col-md-6 col-xl-3\">\n\t\t\t\t\t\t\t<a href=\"https:\/\/mjau.se\/fi\/kattmat\/mjau\/mjau-rakor\/\">\n\n\t\t\t\t\t\t\t\t<div class=\"card-thumb\">\n\t\t\t\t\t\t\t\t\t<figure>\n\t\t\t\t\t\t\t\t\t\t<img loading=\"lazy\" decoding=\"async\" width=\"300\" height=\"300\" src=\"https:\/\/mjau.se\/fi\/wp-content\/uploads\/sites\/2\/2023\/06\/17521-04_Mjau_RaI_ka-175kg_Cat_Bag_Collabra_3D_20230616-1_400.png\" class=\"attachment-medium size-medium wp-post-image\" alt=\"\" srcset=\"https:\/\/mjau.se\/fi\/wp-content\/uploads\/sites\/2\/2023\/06\/17521-04_Mjau_RaI_ka-175kg_Cat_Bag_Collabra_3D_20230616-1_400.png 400w, https:\/\/mjau.se\/fi\/wp-content\/uploads\/sites\/2\/2023\/06\/17521-04_Mjau_RaI_ka-175kg_Cat_Bag_Collabra_3D_20230616-1_400-150x150.png 150w\" sizes=\"(max-width: 300px) 100vw, 300px\" \/>\t\t\t\t\t\t\t\t\t\t\n\t\t\t\t\t\t\t\t\t\t\t\t\t\t\t\t\t\t\t<\/figure>\n\n\t\t\t\t\t\t\t\t\t<div class=\"card-body\">\n\t\t\t\t\t\t\t\t\t\t\t\t\t\t\t\t\t\t\t\t\t\t\t\t\t\t\t\t\t\t\t<span class=\"category\">\n\n\t\t\t\t\t\t\t\t\t\t\t\t\t\t\t\t\t\t\t\t\t\t\t\t\tKuivaruoka\t\t\t\t\t\t\t\t\t\t\t\t\t\t\t\t\t\t\t\t\t\t\t\t<\/span>\n\t\t\t\t\t\t\t\t\t\t\t\n\t\t\t\t\t\t\t\t\t\t<h5 class=\"font-sm\">Mjau katkarapu, kuivaruoka<\/h5>\n\t\t\t\t\t\t\t\t\t<\/div>\n\t\t\t\t\t\t\t\t<\/div>\n\t\t\t\t\t\t\t<\/a>\n\t\t\t\t\t\t<\/div>\n\t\t\t\t\t\t\t\t\t\t\t<div class=\"col-md-6 col-xl-3\">\n\t\t\t\t\t\t\t<a href=\"https:\/\/mjau.se\/fi\/kattmat\/mjau\/mjau-kattunge\/\">\n\n\t\t\t\t\t\t\t\t<div class=\"card-thumb\">\n\t\t\t\t\t\t\t\t\t<figure>\n\t\t\t\t\t\t\t\t\t\t<img loading=\"lazy\" decoding=\"async\" width=\"300\" height=\"300\" src=\"https:\/\/mjau.se\/fi\/wp-content\/uploads\/sites\/2\/2023\/06\/17914_mjau-kattunge_14kg_cat_bag_210304_LOWD-1_400.png\" class=\"attachment-medium size-medium wp-post-image\" alt=\"\" srcset=\"https:\/\/mjau.se\/fi\/wp-content\/uploads\/sites\/2\/2023\/06\/17914_mjau-kattunge_14kg_cat_bag_210304_LOWD-1_400.png 400w, https:\/\/mjau.se\/fi\/wp-content\/uploads\/sites\/2\/2023\/06\/17914_mjau-kattunge_14kg_cat_bag_210304_LOWD-1_400-150x150.png 150w\" sizes=\"(max-width: 300px) 100vw, 300px\" \/>\t\t\t\t\t\t\t\t\t\t\n\t\t\t\t\t\t\t\t\t\t\t\t\t\t\t\t\t\t\t<\/figure>\n\n\t\t\t\t\t\t\t\t\t<div class=\"card-body\">\n\t\t\t\t\t\t\t\t\t\t\t\t\t\t\t\t\t\t\t\t\t\t\t\t\t\t\t\t\t\t\t<span class=\"category\">\n\n\t\t\t\t\t\t\t\t\t\t\t\t\t\t\t\t\t\t\t\t\t\t\t\t\tKuivaruoka\t\t\t\t\t\t\t\t\t\t\t\t\t\t\t\t\t\t\t\t\t\t\t\t<\/span>\n\t\t\t\t\t\t\t\t\t\t\t\n\t\t\t\t\t\t\t\t\t\t<h5 class=\"font-sm\">Mjau kissanpentu, kuivaruoka<\/h5>\n\t\t\t\t\t\t\t\t\t<\/div>\n\t\t\t\t\t\t\t\t<\/div>\n\t\t\t\t\t\t\t<\/a>\n\t\t\t\t\t\t<\/div>\n\t\t\t\t\t\t\t\t\t\t\t<div class=\"col-md-6 col-xl-3\">\n\t\t\t\t\t\t\t<a href=\"https:\/\/mjau.se\/fi\/kattmat\/mjau\/abborre-i-gele\/\">\n\n\t\t\t\t\t\t\t\t<div class=\"card-thumb\">\n\t\t\t\t\t\t\t\t\t<figure>\n\t\t\t\t\t\t\t\t\t\t<img loading=\"lazy\" decoding=\"async\" width=\"300\" height=\"300\" src=\"https:\/\/mjau.se\/fi\/wp-content\/uploads\/sites\/2\/2023\/06\/3808-08_Mjau_Abborre-I-Gele_380g_Cat_Tetra_Collabra_3D_20230616-1_400.png\" class=\"attachment-medium size-medium wp-post-image\" alt=\"\" srcset=\"https:\/\/mjau.se\/fi\/wp-content\/uploads\/sites\/2\/2023\/06\/3808-08_Mjau_Abborre-I-Gele_380g_Cat_Tetra_Collabra_3D_20230616-1_400.png 400w, https:\/\/mjau.se\/fi\/wp-content\/uploads\/sites\/2\/2023\/06\/3808-08_Mjau_Abborre-I-Gele_380g_Cat_Tetra_Collabra_3D_20230616-1_400-150x150.png 150w\" sizes=\"(max-width: 300px) 100vw, 300px\" \/>\t\t\t\t\t\t\t\t\t\t\n\t\t\t\t\t\t\t\t\t\t\t\t\t\t\t\t\t\t\t<\/figure>\n\n\t\t\t\t\t\t\t\t\t<div class=\"card-body\">\n\t\t\t\t\t\t\t\t\t\t\t\t\t\t\t\t\t\t\t\t\t\t\t\t\t\t\t\t\t\t\t<span class=\"category\">\n\n\t\t\t\t\t\t\t\t\t\t\t\t\t\t\t\t\t\t\t\t\t\t\t\t\tM\u00e4rk\u00e4ruoka\t\t\t\t\t\t\t\t\t\t\t\t\t\t\t\t\t\t\t\t\t\t\t\t<\/span>\n\t\t\t\t\t\t\t\t\t\t\t\n\t\t\t\t\t\t\t\t\t\t<h5 class=\"font-sm\">Mjau paloja hyytel\u00f6ss\u00e4, sis\u00e4lt\u00e4\u00e4 ahventa<\/h5>\n\t\t\t\t\t\t\t\t\t<\/div>\n\t\t\t\t\t\t\t\t<\/div>\n\t\t\t\t\t\t\t<\/a>\n\t\t\t\t\t\t<\/div>\n\t\t\t\t\t\t\t\t\t\t\t<div class=\"col-md-6 col-xl-3\">\n\t\t\t\t\t\t\t<a href=\"https:\/\/mjau.se\/fi\/kattmat\/mjau\/lamm-i-pate\/\">\n\n\t\t\t\t\t\t\t\t<div class=\"card-thumb\">\n\t\t\t\t\t\t\t\t\t<figure>\n\t\t\t\t\t\t\t\t\t\t<img loading=\"lazy\" decoding=\"async\" width=\"300\" height=\"300\" src=\"https:\/\/mjau.se\/fi\/wp-content\/uploads\/sites\/2\/2023\/06\/3839-07_Mjau_Lamm-I-Pate_380g_Cat_Tetra_Collabra_3D_20230616-1_400.png\" class=\"attachment-medium size-medium wp-post-image\" alt=\"\" srcset=\"https:\/\/mjau.se\/fi\/wp-content\/uploads\/sites\/2\/2023\/06\/3839-07_Mjau_Lamm-I-Pate_380g_Cat_Tetra_Collabra_3D_20230616-1_400.png 400w, https:\/\/mjau.se\/fi\/wp-content\/uploads\/sites\/2\/2023\/06\/3839-07_Mjau_Lamm-I-Pate_380g_Cat_Tetra_Collabra_3D_20230616-1_400-150x150.png 150w\" sizes=\"(max-width: 300px) 100vw, 300px\" \/>\t\t\t\t\t\t\t\t\t\t\n\t\t\t\t\t\t\t\t\t\t\t\t\t\t\t\t\t\t\t<\/figure>\n\n\t\t\t\t\t\t\t\t\t<div class=\"card-body\">\n\t\t\t\t\t\t\t\t\t\t\t\t\t\t\t\t\t\t\t\t\t\t\t\t\t\t\t\t\t\t\t<span class=\"category\">\n\n\t\t\t\t\t\t\t\t\t\t\t\t\t\t\t\t\t\t\t\t\t\t\t\t\tM\u00e4rk\u00e4ruoka\t\t\t\t\t\t\t\t\t\t\t\t\t\t\t\t\t\t\t\t\t\t\t\t<\/span>\n\t\t\t\t\t\t\t\t\t\t\t\n\t\t\t\t\t\t\t\t\t\t<h5 class=\"font-sm\">Private: Mjau pat\u00e9 med lamm<\/h5>\n\t\t\t\t\t\t\t\t\t<\/div>\n\t\t\t\t\t\t\t\t<\/div>\n\t\t\t\t\t\t\t<\/a>\n\t\t\t\t\t\t<\/div>\n\t\t\t\t\t\t\t\t\t\t\t<div class=\"col-md-6 col-xl-3\">\n\t\t\t\t\t\t\t<a href=\"https:\/\/mjau.se\/fi\/kattmat\/mjau\/portionspase-med-kyckling-i-gele\/\">\n\n\t\t\t\t\t\t\t\t<div class=\"card-thumb\">\n\t\t\t\t\t\t\t\t\t<figure>\n\t\t\t\t\t\t\t\t\t\t<img loading=\"lazy\" decoding=\"async\" width=\"300\" height=\"300\" src=\"https:\/\/mjau.se\/fi\/wp-content\/uploads\/sites\/2\/2023\/05\/3511_mjau-kyckling-i-gelA_85g_cat_pouch_180312_800-500x500.png\" class=\"attachment-medium size-medium wp-post-image\" alt=\"Mjau paloja hyytel\u00f6ss\u00e4, sis. kananpoikaa\" srcset=\"https:\/\/mjau.se\/fi\/wp-content\/uploads\/sites\/2\/2023\/05\/3511_mjau-kyckling-i-gelA_85g_cat_pouch_180312_800-500x500.png 500w, https:\/\/mjau.se\/fi\/wp-content\/uploads\/sites\/2\/2023\/05\/3511_mjau-kyckling-i-gelA_85g_cat_pouch_180312_800-150x150.png 150w, https:\/\/mjau.se\/fi\/wp-content\/uploads\/sites\/2\/2023\/05\/3511_mjau-kyckling-i-gelA_85g_cat_pouch_180312_800-768x768.png 768w, https:\/\/mjau.se\/fi\/wp-content\/uploads\/sites\/2\/2023\/05\/3511_mjau-kyckling-i-gelA_85g_cat_pouch_180312_800.png 800w\" sizes=\"(max-width: 300px) 100vw, 300px\" \/>\t\t\t\t\t\t\t\t\t\t\n\t\t\t\t\t\t\t\t\t\t\t\t\t\t\t\t\t\t\t<\/figure>\n\n\t\t\t\t\t\t\t\t\t<div class=\"card-body\">\n\t\t\t\t\t\t\t\t\t\t\t\t\t\t\t\t\t\t\t\t\t\t\t\t\t\t\t\t\t\t\t<span class=\"category\">\n\n\t\t\t\t\t\t\t\t\t\t\t\t\t\t\t\t\t\t\t\t\t\t\t\t\tM\u00e4rk\u00e4ruoka\t\t\t\t\t\t\t\t\t\t\t\t\t\t\t\t\t\t\t\t\t\t\t\t<\/span>\n\t\t\t\t\t\t\t\t\t\t\t\n\t\t\t\t\t\t\t\t\t\t<h5 class=\"font-sm\">Mjau paloja hyytel\u00f6ss\u00e4, sis. kananpoikaa<\/h5>\n\t\t\t\t\t\t\t\t\t<\/div>\n\t\t\t\t\t\t\t\t<\/div>\n\t\t\t\t\t\t\t<\/a>\n\t\t\t\t\t\t<\/div>\n\t\t\t\t\t\t\t\t\t\t\t<div class=\"col-md-6 col-xl-3\">\n\t\t\t\t\t\t\t<a href=\"https:\/\/mjau.se\/fi\/?post_type=products&#038;p=522\">\n\n\t\t\t\t\t\t\t\t<div class=\"card-thumb\">\n\t\t\t\t\t\t\t\t\t<figure>\n\t\t\t\t\t\t\t\t\t\t<img loading=\"lazy\" decoding=\"async\" width=\"300\" height=\"300\" src=\"https:\/\/mjau.se\/fi\/wp-content\/uploads\/sites\/2\/2023\/06\/3555_mjau-noga-utvalt-rdspa-i-85g_cat_alutray_LOWD_180129_800-500x500.png\" class=\"attachment-medium size-medium wp-post-image\" alt=\"Private: Mjau Noga utvalt paloja kastikkeessa, sis\u00e4lt\u00e4\u00e4 punakampelaa\" srcset=\"https:\/\/mjau.se\/fi\/wp-content\/uploads\/sites\/2\/2023\/06\/3555_mjau-noga-utvalt-rdspa-i-85g_cat_alutray_LOWD_180129_800-500x500.png 500w, https:\/\/mjau.se\/fi\/wp-content\/uploads\/sites\/2\/2023\/06\/3555_mjau-noga-utvalt-rdspa-i-85g_cat_alutray_LOWD_180129_800-150x150.png 150w, https:\/\/mjau.se\/fi\/wp-content\/uploads\/sites\/2\/2023\/06\/3555_mjau-noga-utvalt-rdspa-i-85g_cat_alutray_LOWD_180129_800-768x768.png 768w, https:\/\/mjau.se\/fi\/wp-content\/uploads\/sites\/2\/2023\/06\/3555_mjau-noga-utvalt-rdspa-i-85g_cat_alutray_LOWD_180129_800.png 800w\" sizes=\"(max-width: 300px) 100vw, 300px\" \/>\t\t\t\t\t\t\t\t\t\t\n\t\t\t\t\t\t\t\t\t\t\t\t\t\t\t\t\t\t\t<\/figure>\n\n\t\t\t\t\t\t\t\t\t<div class=\"card-body\">\n\t\t\t\t\t\t\t\t\t\t\t\t\t\t\t\t\t\t\t\t\t\t\t\t\t\t\t\t\t\t\t<span class=\"category\">\n\n\t\t\t\t\t\t\t\t\t\t\t\t\t\t\t\t\t\t\t\t\t\t\t\t\tM\u00e4rk\u00e4ruoka\t\t\t\t\t\t\t\t\t\t\t\t\t\t\t\t\t\t\t\t\t\t\t\t<\/span>\n\t\t\t\t\t\t\t\t\t\t\t\n\t\t\t\t\t\t\t\t\t\t<h5 class=\"font-sm\">Private: Mjau Noga utvalt paloja kastikkeessa, sis\u00e4lt\u00e4\u00e4 punakampelaa<\/h5>\n\t\t\t\t\t\t\t\t\t<\/div>\n\t\t\t\t\t\t\t\t<\/div>\n\t\t\t\t\t\t\t<\/a>\n\t\t\t\t\t\t<\/div>\n\t\t\t\t\t\t\t\t\t<\/div>\n\t\t\t\t\t\t\t\t<\/div>\n\t<\/section>\n","protected":false},"excerpt":{"rendered":"","protected":false},"author":1,"featured_media":0,"parent":988,"menu_order":0,"comment_status":"closed","ping_status":"closed","template":"guternberg.php","meta":{"footnotes":""},"acf":[],"yoast_head":"<!-- This site is optimized with the Yoast SEO plugin v20.10 - https:\/\/yoast.com\/wordpress\/plugins\/seo\/ -->\n<title>Vad \u00e4ter katter - om utfodring av katter och kattmat - Mjau Finland<\/title>\n<meta name=\"description\" content=\"Lue lis\u00e4\u00e4 siit\u00e4, mit\u00e4 kissa sy\u00f6 - eri kissanruokien ominaisuuksista ja millaiset ruoat sopivat eri kissoille, kissanpennuille ja kastroiduille kissoille.\" \/>\n<meta name=\"robots\" content=\"index, follow, max-snippet:-1, max-image-preview:large, max-video-preview:-1\" \/>\n<link rel=\"canonical\" href=\"https:\/\/mjau.se\/fi\/kaikki-kissoista\/kissan-terveys\/kissanruoka-tietoutta\/\" \/>\n<meta property=\"og:locale\" content=\"en_US\" \/>\n<meta property=\"og:type\" content=\"article\" \/>\n<meta property=\"og:title\" content=\"Vad \u00e4ter katter - om utfodring av katter och kattmat - Mjau Finland\" \/>\n<meta property=\"og:description\" content=\"Lue lis\u00e4\u00e4 siit\u00e4, mit\u00e4 kissa sy\u00f6 - eri kissanruokien ominaisuuksista ja millaiset ruoat sopivat eri kissoille, kissanpennuille ja kastroiduille kissoille.\" \/>\n<meta property=\"og:url\" content=\"https:\/\/mjau.se\/fi\/kaikki-kissoista\/kissan-terveys\/kissanruoka-tietoutta\/\" \/>\n<meta property=\"og:site_name\" content=\"Mjau Finland\" \/>\n<meta property=\"article:modified_time\" content=\"2024-05-13T06:55:59+00:00\" \/>\n<meta name=\"twitter:card\" content=\"summary_large_image\" \/>\n<!-- \/ Yoast SEO plugin. -->","yoast_head_json":{"title":"Vad \u00e4ter katter - om utfodring av katter och kattmat - Mjau Finland","description":"Lue lis\u00e4\u00e4 siit\u00e4, mit\u00e4 kissa sy\u00f6 - eri kissanruokien ominaisuuksista ja millaiset ruoat sopivat eri kissoille, kissanpennuille ja kastroiduille kissoille.","robots":{"index":"index","follow":"follow","max-snippet":"max-snippet:-1","max-image-preview":"max-image-preview:large","max-video-preview":"max-video-preview:-1"},"canonical":"https:\/\/mjau.se\/fi\/kaikki-kissoista\/kissan-terveys\/kissanruoka-tietoutta\/","og_locale":"en_US","og_type":"article","og_title":"Vad \u00e4ter katter - om utfodring av katter och kattmat - Mjau Finland","og_description":"Lue lis\u00e4\u00e4 siit\u00e4, mit\u00e4 kissa sy\u00f6 - eri kissanruokien ominaisuuksista ja millaiset ruoat sopivat eri kissoille, kissanpennuille ja kastroiduille kissoille.","og_url":"https:\/\/mjau.se\/fi\/kaikki-kissoista\/kissan-terveys\/kissanruoka-tietoutta\/","og_site_name":"Mjau Finland","article_modified_time":"2024-05-13T06:55:59+00:00","twitter_card":"summary_large_image","schema":{"@context":"https:\/\/schema.org","@graph":[{"@type":"WebPage","@id":"https:\/\/mjau.se\/fi\/kaikki-kissoista\/kissan-terveys\/kissanruoka-tietoutta\/","url":"https:\/\/mjau.se\/fi\/kaikki-kissoista\/kissan-terveys\/kissanruoka-tietoutta\/","name":"Vad \u00e4ter katter - om utfodring av katter och kattmat - Mjau Finland","isPartOf":{"@id":"https:\/\/mjau.se\/fi\/#website"},"datePublished":"2023-06-12T09:17:17+00:00","dateModified":"2024-05-13T06:55:59+00:00","description":"Lue lis\u00e4\u00e4 siit\u00e4, mit\u00e4 kissa sy\u00f6 - eri kissanruokien ominaisuuksista ja millaiset ruoat sopivat eri kissoille, kissanpennuille ja kastroiduille kissoille.","breadcrumb":{"@id":"https:\/\/mjau.se\/fi\/kaikki-kissoista\/kissan-terveys\/kissanruoka-tietoutta\/#breadcrumb"},"inLanguage":"en-US","potentialAction":[{"@type":"ReadAction","target":["https:\/\/mjau.se\/fi\/kaikki-kissoista\/kissan-terveys\/kissanruoka-tietoutta\/"]}]},{"@type":"BreadcrumbList","@id":"https:\/\/mjau.se\/fi\/kaikki-kissoista\/kissan-terveys\/kissanruoka-tietoutta\/#breadcrumb","itemListElement":[{"@type":"ListItem","position":1,"name":"Home","item":"https:\/\/mjau.se\/fi\/"},{"@type":"ListItem","position":2,"name":"Kaikki kissoista","item":"https:\/\/mjau.se\/fi\/kaikki-kissoista\/"},{"@type":"ListItem","position":3,"name":"Kissan terveys","item":"https:\/\/mjau.se\/fi\/kaikki-kissoista\/kissan-terveys\/"},{"@type":"ListItem","position":4,"name":"Kissanruoka tietoutta"}]},{"@type":"WebSite","@id":"https:\/\/mjau.se\/fi\/#website","url":"https:\/\/mjau.se\/fi\/","name":"Mjau Finland","description":"","potentialAction":[{"@type":"SearchAction","target":{"@type":"EntryPoint","urlTemplate":"https:\/\/mjau.se\/fi\/?s={search_term_string}"},"query-input":"required name=search_term_string"}],"inLanguage":"en-US"}]}},"_links":{"self":[{"href":"https:\/\/mjau.se\/fi\/wp-json\/wp\/v2\/pages\/1222"}],"collection":[{"href":"https:\/\/mjau.se\/fi\/wp-json\/wp\/v2\/pages"}],"about":[{"href":"https:\/\/mjau.se\/fi\/wp-json\/wp\/v2\/types\/page"}],"author":[{"embeddable":true,"href":"https:\/\/mjau.se\/fi\/wp-json\/wp\/v2\/users\/1"}],"replies":[{"embeddable":true,"href":"https:\/\/mjau.se\/fi\/wp-json\/wp\/v2\/comments?post=1222"}],"version-history":[{"count":31,"href":"https:\/\/mjau.se\/fi\/wp-json\/wp\/v2\/pages\/1222\/revisions"}],"predecessor-version":[{"id":5428,"href":"https:\/\/mjau.se\/fi\/wp-json\/wp\/v2\/pages\/1222\/revisions\/5428"}],"up":[{"embeddable":true,"href":"https:\/\/mjau.se\/fi\/wp-json\/wp\/v2\/pages\/988"}],"wp:attachment":[{"href":"https:\/\/mjau.se\/fi\/wp-json\/wp\/v2\/media?parent=1222"}],"curies":[{"name":"wp","href":"https:\/\/api.w.org\/{rel}","templated":true}]}}