{"id":1207,"date":"2023-06-12T08:50:55","date_gmt":"2023-06-12T08:50:55","guid":{"rendered":"https:\/\/mjau.se\/fi\/?page_id=1207"},"modified":"2024-04-23T17:05:55","modified_gmt":"2024-04-23T17:05:55","slug":"anledningar-att-kastrera-sin-katt","status":"publish","type":"page","link":"https:\/\/mjau.se\/fi\/kaikki-kissoista\/kissan-terveys\/kastroitu-kissa\/anledningar-att-kastrera-sin-katt\/","title":{"rendered":"Syit\u00e4 kissan kastrointiin\/sterilointiin"},"content":{"rendered":"        <section class=\"sub-page-hero\">\n            <div class=\"container\">\n                \n                <div class=\"row\">\n                    <div class=\"col-md-8\">\n                        <h1 class=\"font-xl-primary\">Kissan kastrointi<\/h1><p><strong>Kissan kastroimiseen\/steriloimiseen on useita hyvi\u00e4 syit\u00e4. Leikatut kissat eiv\u00e4t stressaannu yht\u00e4 herk\u00e4sti ja se v\u00e4hent\u00e4\u00e4 my\u00f6s tiettyjen sairauksien riski\u00e4.<\/strong><\/p>\n                    <\/div>\n                <\/div>\n            <\/div>\n        <\/section>\n    \n\n    <div class=\"single-column-warp\">\n        <div class=\"container\">\n            <div class=\"text-content\">\n               <p><strong>Mik\u00e4li kissaasi ei aiota k\u00e4ytt\u00e4\u00e4 jalostukseen, se olisi hyv\u00e4 kastroida\/steriloida. Jos kissasi saa ulkoilla vapaana, tulee sinun kissanomistajana kantaa vastuu siit\u00e4, etteiv\u00e4t kissat lis\u00e4\u00e4nny kontroloimattomasti.<\/strong><\/p>\n<h2>Koska kissanpennun voi kastroida<\/h2>\n<p>Jos harkitset kastrointia tai sterilointia, ei kannata odottaa liian pitk\u00e4\u00e4n. Erityisesti uroskissojen kohdalla se on hyv\u00e4 tehd\u00e4 jo ennenkuin kissa alkaa merkit\u00e4 reviiri\u00e4\u00e4n sis\u00e4ll\u00e4 virtsaamalla, koska se on tapa, joka ei v\u00e4ltt\u00e4m\u00e4tt\u00e4 h\u00e4vi\u00e4, kun kissa kastroidaan.<\/p>\n<p>Tavallisesti kissanpentu kastroidaan tai steriloidaan, kun se on 4-6 kuukautta, jolloin useimmat kissat tulevat sukukypsiksi. On my\u00f6s t\u00e4rke\u00e4\u00e4 huomioida, ettei leikkaamatonta kissanpentua kannata p\u00e4\u00e4st\u00e4\u00e4 ulos ilman valvontaa, sill\u00e4 osa kissoista tulee sukukyps\u00e4ksi jo aiemmin ja riski ei-toivottujen kissanpentujen syntym\u00e4\u00e4n on olemassa.<\/p>\n<h2>Ota yhteytt\u00e4 el\u00e4inl\u00e4\u00e4k\u00e4riin<\/h2>\n<p>Kun kissanpentusi on 4-5 kuukauden ik\u00e4inen, ota yhteytt\u00e4 el\u00e4inl\u00e4\u00e4k\u00e4riin varataksesi ajan. Samalla k\u00e4ynnill\u00e4 kissa kannattaa my\u00f6s tunnistusmerkit\u00e4, mik\u00e4li sit\u00e4 ei viel\u00e4 ole tehty. Lue lis\u00e4\u00e4 tunnistusmerkinn\u00e4st\u00e4 <a title=\"ID-m\u00e4rkning katt\" href=\"https:\/\/mjau.se\/fi\/kattliv\/id-markning-katt\/\" data-udi=\"umb:\/\/document\/416bf54b84f448068efff1115f452976\">t\u00e4\u00e4lt\u00e4<\/a>.<\/p>\n<h2>Harkitsetko antaa kissasi ulkoilla vapaana?<\/h2>\n<p>Jos haluat, ett\u00e4 kissasi ulkoilee vapaana, sinun tarvitsee p\u00e4\u00e4tt\u00e4\u00e4 miten huolehdit siit\u00e4, ettei se saa ei-toivottuja j\u00e4lkel\u00e4isi\u00e4. Kissanomistajana sinulla on velvollisuus varmistaa, ettet anna sen lis\u00e4\u00e4nty\u00e4 suunnittelemattomasti. Harkitse n\u00e4it\u00e4 vaihtoehtoja:<\/p>\n<ul>\n<li>anna el\u00e4inl\u00e4\u00e4k\u00e4rin kastroida tai steriloida kissa, jolloin se voi liikkua ulkona vapaana<\/li>\n<li>anna kissan ulkoilla kauttaaltaan aidatussa ulkoh\u00e4kiss\u00e4 tai ulkoiluta sit\u00e4 taluttimessa<\/li>\n<li>k\u00e4yt\u00e4 naaraskissalle vaihtoehtoisia ehk\u00e4isymenetelmi\u00e4<\/li>\n<li>pid\u00e4 kissa sis\u00e4kissana<\/li>\n<\/ul>\n<h2>Kissan kastroinnissa\/steriloinnissa on monia etuja<\/h2>\n<p>Kiima-aikana sek\u00e4 naaras- ett\u00e4 uroskissat k\u00e4ytt\u00e4ytyv\u00e4t tavoilla, jotka eiv\u00e4t aina ole kovinkaan mukavia sen kaksijalkaisille perheenj\u00e4senille &#8211; ne pit\u00e4v\u00e4t kovaa \u00e4\u00e4nt\u00e4, ovat levottomia, saattavat vaellella ulkona useita p\u00e4ivi\u00e4, merkkailla sis\u00e4ll\u00e4 ja ulkona, tapella ja kielt\u00e4yty\u00e4 sy\u00f6m\u00e4st\u00e4, vain joitakin mainitaksemme. Kastroimalla\/steriloimalla kissan useimmat n\u00e4ist\u00e4 k\u00e4yt\u00f6ksist\u00e4 j\u00e4\u00e4v\u00e4t pois ja sinulla on rauhallisempi ja paremmin kotonaan pysyv\u00e4 kissa. Mutta t\u00e4rkeint\u00e4 on, ett\u00e4 sinulla on hyvinvoiva kissa, joka ei stressaannu yht\u00e4 herk\u00e4sti.<\/p>\n<p>Kastroitu kissa<\/p>\n<ul>\n<li>k\u00e4ytt\u00e4ytyy yleens\u00e4 rauhallisemmin<\/li>\n<li>pysyy paremmin kotiymp\u00e4rist\u00f6ss\u00e4<\/li>\n<li>on v\u00e4hemm\u00e4n agressiivinen<\/li>\n<li>el\u00e4\u00e4 usein pidemp\u00e4\u00e4n<\/li>\n<\/ul>\n<h2>Kastroitu\/steriloitu kissa el\u00e4\u00e4 pidemp\u00e4\u00e4n<\/h2>\n<p>On osoittautunut, ett\u00e4 kastroidut ja steriloidut kissat el\u00e4v\u00e4t yleens\u00e4 pidemp\u00e4\u00e4n kuin leikkaamattomat lajitoverinsa. Se johtuu suurelti siit\u00e4, ett\u00e4 ne pysyv\u00e4t l\u00e4hell\u00e4 kotiaan ja niist\u00e4 tulee v\u00e4hemm\u00e4n agressiivisia, mutta kastrointi\/sterilointi v\u00e4hent\u00e4\u00e4 my\u00f6s tiettyjen sairauksien riski\u00e4.<\/p>\n<ul>\n<li><strong>V\u00e4hemm\u00e4n onnettomuuksia<\/strong> \u2013 Koska kissat eiv\u00e4t kuljeksi ymp\u00e4riins\u00e4, sattuu niille v\u00e4hemm\u00e4n onnettomuuksia.<\/li>\n<li><strong>V\u00e4hemm\u00e4n tappeluita ja viruksia<\/strong> \u2013 Kissan reviirik\u00e4yt\u00f6s vaimenee, ja siksi ne joutuvat harvemmin reviiritaisteluihin. Se v\u00e4hent\u00e4\u00e4 my\u00f6s virusten levi\u00e4mist\u00e4, joita kissat tartuttavat toisilleen tappelussa.<\/li>\n<li><strong>Alhaisempi riski lis\u00e4\u00e4ntymiselinten sairauksiin<\/strong> \u2013 Steriloidut naaraskissat saavat harvemmin nis\u00e4kasvaimia ja kohtutulehduksia.<\/li>\n<\/ul>\n<h2>Ei en\u00e4\u00e4 kodittomia kissoja<\/h2>\n<p>Kodittomia kissoja on aivan liian paljon. Kastroimalla\/steriloimalla kissasi, autat pienent\u00e4m\u00e4\u00e4n niiden m\u00e4\u00e4r\u00e4\u00e4. Voi lukea lis\u00e4\u00e4 aiheesta:<\/p>\n<p><a title=\"Kattliv\" href=\"https:\/\/mjau.se\/fi\/kattliv\/\" data-udi=\"umb:\/\/document\/2e40452149604c828a2fed90adeba9c5\">Hj\u00e4lp oss k\u00e4mpa f\u00f6r heml\u00f6sa katter<\/a><\/p>\n<p><a title=\"Adoptera katt\" href=\"https:\/\/mjau.se\/fi\/kattliv\/adoptera-katt\/\" data-udi=\"umb:\/\/document\/d4e5da0fc561482cb6b07b9d592dd454\">Adoptera katt eller kattunge<\/a><\/p>\n<p><a title=\"Katthemmen \u00e4r r\u00e4ddare i n\u00f6den\" href=\"https:\/\/mjau.se\/fi\/kattliv\/katthemmen-ar-raddare-i-noden\/\" data-udi=\"umb:\/\/document\/0f1bd29cde25429c81617848e3bc1b98\">Katthemmen &#8211; riktiga r\u00e4ddare i n\u00f6den<\/a><\/p>\n<p><a title=\"Redo att skaffa katt\" href=\"https:\/\/mjau.se\/fi\/allt-om-katten\/skaffa-katt\/redo-att-skaffa-katt\/\" data-udi=\"umb:\/\/document\/ca98166f4ecd48c9ac67e273cc57277c\">Redo att ha katt?<\/a><\/p>\n                <\/div>\n            <\/div>\n        <\/div>\n\n\n    <section class=\"card-promo-wrap\">\n        <div class=\"container\">\n            <div class=\"row gx-md-4\">\n                                                                <div class=\"col-md-6\">\n                            <div class=\"card  primary\">\n                                                                                                    <img decoding=\"async\" class=\"card-img-top\" src=\"https:\/\/mjau.se\/fi\/wp-content\/uploads\/sites\/2\/2023\/06\/mjau-kastrera-hankatt.jpg\" alt=\"Card image cap\">\n                                \n                                <div class=\"card-body\">\n                                                                        <h5 class=\"card-title section-title\">Uroskissan kastrointi \u2013 n\u00e4in se tapahtuu<\/h5>\n                                    <p>Uroskissan kastraatio on melko yksinkertainen operaatio, josta se paranee nopeasti ja kissa p\u00e4\u00e4see kotiin samana p\u00e4iv\u00e4n\u00e4. Lue lis\u00e4\u00e4 miten se tapahtuu ja mit\u00e4 tulee ottaa huomioon ennen ja j\u00e4lkeen operaatiota.<\/p>\n                                                                            <a class=\"btn btn-default\" href=\"https:\/\/mjau.se\/fi\/allt-om-katten\/kattens-halsa\/kastrerad-katt\/kastrera-hankatt\/\" target=\"_self\">Lue lis\u00e4\u00e4<\/a>\n                                                                    <\/div>\n                            <\/div>\n                        <\/div>\n                                                                <div class=\"col-md-6\">\n                            <div class=\"card  primary\">\n                                                                                                    <img decoding=\"async\" class=\"card-img-top\" src=\"https:\/\/mjau.se\/fi\/wp-content\/uploads\/sites\/2\/2023\/06\/mjau-kastrera-honkatt.jpg\" alt=\"Card image cap\">\n                                \n                                <div class=\"card-body\">\n                                                                        <h5 class=\"card-title section-title\">Naaraskissan sterilointi \u2013 t\u00e4m\u00e4 sinun tulee tiet\u00e4\u00e4<\/h5>\n                                    <p>Naaraskissan sterilaatio on hieman isompi operaatio, mutta sekin on toimenpide, joita el\u00e4inl\u00e4\u00e4k\u00e4rit tekev\u00e4t p\u00e4ivitt\u00e4in. T\u00e4nne olemme ker\u00e4nneet tietoa sterilaatiosta.<\/p>\n                                                                            <a class=\"btn btn-default\" href=\"https:\/\/mjau.se\/fi\/allt-om-katten\/kattens-halsa\/kastrerad-katt\/kastrera-honkatt\/\" target=\"_self\">Lue lis\u00e4\u00e4<\/a>\n                                                                    <\/div>\n                            <\/div>\n                        <\/div>\n                                                                <div class=\"col-md-6\">\n                            <div class=\"card  primary\">\n                                                                                                    <img decoding=\"async\" class=\"card-img-top\" src=\"https:\/\/mjau.se\/fi\/wp-content\/uploads\/sites\/2\/2023\/06\/mjau-kastrerd-katt-naringsbehov-amnesomsattning.jpg\" alt=\"Card image cap\">\n                                \n                                <div class=\"card-body\">\n                                                                        <h5 class=\"card-title section-title\">Valitse oikea ruoka kastroidulle\/steriloidulle kissalle<\/h5>\n                                    <p>Tiesitk\u00f6, ett\u00e4 kastraatio\/sterilaatio voi hidastuttaa kissan aineenvaihduntaa jopa 30%? Siksi ne helposti saavat ylim\u00e4\u00e4r\u00e4isi\u00e4 kiloja. Ruokkimalla kissaasi oikein, autat sit\u00e4 pysym\u00e4\u00e4n sopivassa painossa.<\/p>\n                                                                            <a class=\"btn btn-default\" href=\"https:\/\/mjau.se\/fi\/allt-om-katten\/kattens-halsa\/kastrerad-katt\/vat-och-torrfoder-for-kastrerad-katt\/\" target=\"_self\">Lue lis\u00e4\u00e4<\/a>\n                                                                    <\/div>\n                            <\/div>\n                        <\/div>\n                                                                <div class=\"col-md-6\">\n                            <div class=\"card  primary\">\n                                                                                                    <img decoding=\"async\" class=\"card-img-top\" src=\"https:\/\/mjau.se\/fi\/wp-content\/uploads\/sites\/2\/2023\/06\/full-collection.png\" alt=\"Card image cap\">\n                                \n                                <div class=\"card-body\">\n                                                                        <h5 class=\"card-title section-title\"><\/h5>\n                                                                                                                <a class=\"btn btn-default\" href=\"https:\/\/mjau.se\/fi\/allt-om-katten\/kattens-halsa\/kastrerad-katt\/vat-och-torrfoder-for-kastrerad-katt\/\" target=\"_self\">Uutuus: Mjau m\u00e4rk\u00e4ruoka kastroiduille\/steriloiduille kissoille  &gt;&gt;<\/a>\n                                                                    <\/div>\n                            <\/div>\n                        <\/div>\n                \n            <\/div>\n\n        <\/div>\n    <\/section>\n","protected":false},"excerpt":{"rendered":"<p>Kissan kastrointi\/sterilointi tuo monia etuja, ja se v\u00e4hent\u00e4\u00e4 ei-toivottujen pentueiden syntymist\u00e4. Tavallisimmin kissanpentu kastroidaan kun se on 4-6 kk ik\u00e4inen. Osa kissoista tulee kuitenkin sukukyps\u00e4ksi jo ennen sit\u00e4, joten valvo kissaasi, ettei se p\u00e4\u00e4se lis\u00e4\u00e4ntym\u00e4\u00e4n suunnittelemattomasti.<\/p>\n","protected":false},"author":1,"featured_media":1403,"parent":998,"menu_order":0,"comment_status":"closed","ping_status":"closed","template":"guternberg.php","meta":{"footnotes":""},"acf":[],"yoast_head":"<!-- This site is optimized with the Yoast SEO plugin v20.10 - https:\/\/yoast.com\/wordpress\/plugins\/seo\/ -->\n<title>Kastrera katt - d\u00e4rf\u00f6r ska du kastrera katten - Mjau Finland<\/title>\n<meta name=\"description\" content=\"Kastroimalla kissasi autat v\u00e4hent\u00e4m\u00e4\u00e4n kodittomien kissojen m\u00e4\u00e4r\u00e4\u00e4. Kastroidut kissat k\u00e4ytt\u00e4ytyv\u00e4t usein paremmin ja el\u00e4v\u00e4t pidemp\u00e4\u00e4n.\" \/>\n<meta name=\"robots\" content=\"index, follow, max-snippet:-1, max-image-preview:large, max-video-preview:-1\" \/>\n<link rel=\"canonical\" href=\"https:\/\/mjau.se\/fi\/kaikki-kissoista\/kissan-terveys\/kastroitu-kissa\/anledningar-att-kastrera-sin-katt\/\" \/>\n<meta property=\"og:locale\" content=\"en_US\" \/>\n<meta property=\"og:type\" content=\"article\" \/>\n<meta property=\"og:title\" content=\"Kastrera katt - d\u00e4rf\u00f6r ska du kastrera katten - Mjau Finland\" \/>\n<meta property=\"og:description\" content=\"Kastroimalla kissasi autat v\u00e4hent\u00e4m\u00e4\u00e4n kodittomien kissojen m\u00e4\u00e4r\u00e4\u00e4. Kastroidut kissat k\u00e4ytt\u00e4ytyv\u00e4t usein paremmin ja el\u00e4v\u00e4t pidemp\u00e4\u00e4n.\" \/>\n<meta property=\"og:url\" content=\"https:\/\/mjau.se\/fi\/kaikki-kissoista\/kissan-terveys\/kastroitu-kissa\/anledningar-att-kastrera-sin-katt\/\" \/>\n<meta property=\"og:site_name\" content=\"Mjau Finland\" \/>\n<meta property=\"article:modified_time\" content=\"2024-04-23T17:05:55+00:00\" \/>\n<meta property=\"og:image\" content=\"https:\/\/mjau.se\/fi\/wp-content\/uploads\/sites\/2\/2023\/06\/mjau-kastrera-katt.jpg\" \/>\n\t<meta property=\"og:image:width\" content=\"800\" \/>\n\t<meta property=\"og:image:height\" content=\"537\" \/>\n\t<meta property=\"og:image:type\" content=\"image\/jpeg\" \/>\n<meta name=\"twitter:card\" content=\"summary_large_image\" \/>\n<!-- \/ Yoast SEO plugin. -->","yoast_head_json":{"title":"Kastrera katt - d\u00e4rf\u00f6r ska du kastrera katten - Mjau Finland","description":"Kastroimalla kissasi autat v\u00e4hent\u00e4m\u00e4\u00e4n kodittomien kissojen m\u00e4\u00e4r\u00e4\u00e4. Kastroidut kissat k\u00e4ytt\u00e4ytyv\u00e4t usein paremmin ja el\u00e4v\u00e4t pidemp\u00e4\u00e4n.","robots":{"index":"index","follow":"follow","max-snippet":"max-snippet:-1","max-image-preview":"max-image-preview:large","max-video-preview":"max-video-preview:-1"},"canonical":"https:\/\/mjau.se\/fi\/kaikki-kissoista\/kissan-terveys\/kastroitu-kissa\/anledningar-att-kastrera-sin-katt\/","og_locale":"en_US","og_type":"article","og_title":"Kastrera katt - d\u00e4rf\u00f6r ska du kastrera katten - Mjau Finland","og_description":"Kastroimalla kissasi autat v\u00e4hent\u00e4m\u00e4\u00e4n kodittomien kissojen m\u00e4\u00e4r\u00e4\u00e4. Kastroidut kissat k\u00e4ytt\u00e4ytyv\u00e4t usein paremmin ja el\u00e4v\u00e4t pidemp\u00e4\u00e4n.","og_url":"https:\/\/mjau.se\/fi\/kaikki-kissoista\/kissan-terveys\/kastroitu-kissa\/anledningar-att-kastrera-sin-katt\/","og_site_name":"Mjau Finland","article_modified_time":"2024-04-23T17:05:55+00:00","og_image":[{"width":800,"height":537,"url":"https:\/\/mjau.se\/fi\/wp-content\/uploads\/sites\/2\/2023\/06\/mjau-kastrera-katt.jpg","type":"image\/jpeg"}],"twitter_card":"summary_large_image","schema":{"@context":"https:\/\/schema.org","@graph":[{"@type":"WebPage","@id":"https:\/\/mjau.se\/fi\/kaikki-kissoista\/kissan-terveys\/kastroitu-kissa\/anledningar-att-kastrera-sin-katt\/","url":"https:\/\/mjau.se\/fi\/kaikki-kissoista\/kissan-terveys\/kastroitu-kissa\/anledningar-att-kastrera-sin-katt\/","name":"Kastrera katt - d\u00e4rf\u00f6r ska du kastrera katten - Mjau Finland","isPartOf":{"@id":"https:\/\/mjau.se\/fi\/#website"},"datePublished":"2023-06-12T08:50:55+00:00","dateModified":"2024-04-23T17:05:55+00:00","description":"Kastroimalla kissasi autat v\u00e4hent\u00e4m\u00e4\u00e4n kodittomien kissojen m\u00e4\u00e4r\u00e4\u00e4. Kastroidut kissat k\u00e4ytt\u00e4ytyv\u00e4t usein paremmin ja el\u00e4v\u00e4t pidemp\u00e4\u00e4n.","breadcrumb":{"@id":"https:\/\/mjau.se\/fi\/kaikki-kissoista\/kissan-terveys\/kastroitu-kissa\/anledningar-att-kastrera-sin-katt\/#breadcrumb"},"inLanguage":"en-US","potentialAction":[{"@type":"ReadAction","target":["https:\/\/mjau.se\/fi\/kaikki-kissoista\/kissan-terveys\/kastroitu-kissa\/anledningar-att-kastrera-sin-katt\/"]}]},{"@type":"BreadcrumbList","@id":"https:\/\/mjau.se\/fi\/kaikki-kissoista\/kissan-terveys\/kastroitu-kissa\/anledningar-att-kastrera-sin-katt\/#breadcrumb","itemListElement":[{"@type":"ListItem","position":1,"name":"Home","item":"https:\/\/mjau.se\/fi\/"},{"@type":"ListItem","position":2,"name":"Kaikki kissoista","item":"https:\/\/mjau.se\/fi\/kaikki-kissoista\/"},{"@type":"ListItem","position":3,"name":"Kissan terveys","item":"https:\/\/mjau.se\/fi\/kaikki-kissoista\/kissan-terveys\/"},{"@type":"ListItem","position":4,"name":"Kastroitu\/steriloitu kissa","item":"https:\/\/mjau.se\/fi\/kaikki-kissoista\/kissan-terveys\/kastroitu-kissa\/"},{"@type":"ListItem","position":5,"name":"Syit\u00e4 kissan kastrointiin\/sterilointiin"}]},{"@type":"WebSite","@id":"https:\/\/mjau.se\/fi\/#website","url":"https:\/\/mjau.se\/fi\/","name":"Mjau Finland","description":"","potentialAction":[{"@type":"SearchAction","target":{"@type":"EntryPoint","urlTemplate":"https:\/\/mjau.se\/fi\/?s={search_term_string}"},"query-input":"required name=search_term_string"}],"inLanguage":"en-US"}]}},"_links":{"self":[{"href":"https:\/\/mjau.se\/fi\/wp-json\/wp\/v2\/pages\/1207"}],"collection":[{"href":"https:\/\/mjau.se\/fi\/wp-json\/wp\/v2\/pages"}],"about":[{"href":"https:\/\/mjau.se\/fi\/wp-json\/wp\/v2\/types\/page"}],"author":[{"embeddable":true,"href":"https:\/\/mjau.se\/fi\/wp-json\/wp\/v2\/users\/1"}],"replies":[{"embeddable":true,"href":"https:\/\/mjau.se\/fi\/wp-json\/wp\/v2\/comments?post=1207"}],"version-history":[{"count":51,"href":"https:\/\/mjau.se\/fi\/wp-json\/wp\/v2\/pages\/1207\/revisions"}],"predecessor-version":[{"id":5405,"href":"https:\/\/mjau.se\/fi\/wp-json\/wp\/v2\/pages\/1207\/revisions\/5405"}],"up":[{"embeddable":true,"href":"https:\/\/mjau.se\/fi\/wp-json\/wp\/v2\/pages\/998"}],"wp:featuredmedia":[{"embeddable":true,"href":"https:\/\/mjau.se\/fi\/wp-json\/wp\/v2\/media\/1403"}],"wp:attachment":[{"href":"https:\/\/mjau.se\/fi\/wp-json\/wp\/v2\/media?parent=1207"}],"curies":[{"name":"wp","href":"https:\/\/api.w.org\/{rel}","templated":true}]}}