{"id":1200,"date":"2023-06-12T08:41:52","date_gmt":"2023-06-12T08:41:52","guid":{"rendered":"https:\/\/mjau.se\/fi\/?page_id=1200"},"modified":"2024-04-23T16:57:45","modified_gmt":"2024-04-23T16:57:45","slug":"kuiva-ja-markaruoka-kastroidulle-kissalle","status":"publish","type":"page","link":"https:\/\/mjau.se\/fi\/kaikki-kissoista\/kissan-terveys\/kastroitu-kissa\/kuiva-ja-markaruoka-kastroidulle-kissalle\/","title":{"rendered":"Kuiva- ja m\u00e4rk\u00e4ruoka kastroidulle ja steriloidulle kissalle"},"content":{"rendered":"        <section class=\"sub-page-hero\">\n            <div class=\"container\">\n                \n                <div class=\"row\">\n                    <div class=\"col-md-8\">\n                        <h1 class=\"font-xl-primary\">M\u00e4rk\u00e4- ja kuivaruoka steriloidulle ja kastroidulle kissalle<\/h1>                    <\/div>\n                <\/div>\n            <\/div>\n        <\/section>\n    \n\n    <div class=\"single-column-warp\">\n        <div class=\"container\">\n            <div class=\"text-content\">\n               <p><strong>Kastroiduilla ja steriloiduilla kissoilla, kuten varmasti tied\u00e4tkin, on hitaampi aineenvaihdunta. Siksi niiden ruoassa tulee olla alhaisempi energiapitoisuus. Ruokkimalla kissasi niille tarkoitetulla ruoalla, voit olla varma siit\u00e4, ett\u00e4 ruoka on huolella sovitettu kissasi muuttuneeseen energiantapeeseen. Ruoassa on lis\u00e4ksi matalampi kivenn\u00e4ispitoisuus, joka voi auttaa ehk\u00e4isem\u00e4\u00e4n virtsakivien riski\u00e4, joita kastroiduille ja steriloiduille\u00a0 kissoille my\u00f6s helposti tulee. Eik\u00f6 tuntuisikin hyv\u00e4lt\u00e4, jos voisit auttaa kissaasi voimaan paremmin?<\/strong><\/p>\n<h2>Sopiva kissanruoka voi auttaa kissaa pysym\u00e4\u00e4n sopivassa painossa<\/h2>\n<p>Jos koet hankalaksi laskea, kuinka paljon v\u00e4hemm\u00e4n ruokaa sinun tulisi antaa kastroidulle\/steriloidulle kissallesi, voi yksi ratkaisu olla ruoan vaihtaminen sellaiseen, jossa on matalampi energiapitoisuus. Me Mjaulla olemme kehitt\u00e4neen erityisesti niille tarkoitettuja ruokia, jotta sinun ei tarvitse murehtia mit\u00e4 kissasi sy\u00f6. Ja tietenkin meilt\u00e4 l\u00f6ytyy ruokaa sek\u00e4 kastroiduille\/steriloiduille sis\u00e4kissoille ett\u00e4 ulkokissoille!<\/p>\n<p>Mjau kuivaruokaa l\u00f6ytyy tietenkin sek\u00e4 kastroiduille ett\u00e4 steriloiduille sis\u00e4kissoille ja ulkokissoille. Ruoka on valmistettu\u00a0 tuoreesta, ruotsalaisesta kananpojasta ja sen kivenn\u00e4issis\u00e4lt\u00f6 on sovitettu leikattujen kissojen tarpeisiin. Lis\u00e4ksi ruoassa on hyv\u00e4 kuitukoostumus, joka auttaa kissasi vatsaa toimimaan hyvin.<\/p>\n<h2>Uutta \u2013 Mjau m\u00e4rk\u00e4ruoka kastroiduille ja steriloiduille kissoille<\/h2>\n<p>Tiesitk\u00f6, ett\u00e4 m\u00e4rk\u00e4ruoka on erityisen hyv\u00e4 juuri kastroiduille\/steriloiduille kissoille? Osittain siksi, ett\u00e4 m\u00e4rk\u00e4ruoassa on aina matalampi energiapitoisuus kuin kuivaruoassa, ja osittain siksi, ett\u00e4 ruoan sis\u00e4lt\u00e4m\u00e4 runsas neste v\u00e4hent\u00e4\u00e4 virtsakivien muodostumisen riski\u00e4.<\/p>\n<p>Lis\u00e4ksi olemme kehitt\u00e4neet erityisen kastroiduille ja steriloiduille\u00a0 kissoille tarkoitetun m\u00e4rk\u00e4ruoan. Ruoan sis\u00e4lt\u00e4m\u00e4 proteiini on 100% el\u00e4inper\u00e4ist\u00e4 ja t\u00e4ysin sovitettu steriloidun\/kastroidun kissan alentuneeseen energian ja kivenn\u00e4isten tarpeeseen. Olemme lis\u00e4nneet ruokaan lis\u00e4ksi luonnollista sikuri-inuliinikuitua, joka hellii kissan vatsaa. Luonnollisesti m\u00e4rk\u00e4ruokamme ei sis\u00e4ll\u00e4 tarpeettomia lis\u00e4aineita eik\u00e4 siihen ole lis\u00e4tty\u00e4 sokeria tai viljaa. M\u00e4rk\u00e4ruokiamme l\u00f6ytyy useissa eri mauissa. Mik\u00e4h\u00e4n niist\u00e4 mahtaa olla sinun kissasi suosikki?<\/p>\n<h3>Mjaun m\u00e4rk\u00e4ruoat kastroiduille\/steriloiduille kissoille<\/h3>\n<ul>\n<li>Alhaisempi energiapitoisuus ja kivenn\u00e4istaso<\/li>\n<li>Valmistettu viljattomalla reseptill\u00e4<\/li>\n<li>100% proteiinisis\u00e4ll\u00f6st\u00e4 on el\u00e4inper\u00e4ist\u00e4<\/li>\n<li>Ei lis\u00e4tty\u00e4 sokeria<\/li>\n<li>Luonnollisia raaka-aineita ilman tarpeettomia lis\u00e4aineita<\/li>\n<li>Sis\u00e4lt\u00e4\u00e4 inuliinia, luonnollista kuitua hyvintoimivalle vatsalle<\/li>\n<\/ul>\n<h2>Kastroitujen ja steriloitujen kissojen ruoat<\/h2>\n<p>Kastroidut ja steriloidut kissat tarvitsevat erilaisen ruoan, koska niiden aineenvaihdunta hidastuu noin 30 prosentilla, jonka vuoksi ne herk\u00e4sti kerrytt\u00e4v\u00e4t ylipainoa, jos jatkavat saman ruoan sy\u00f6mist\u00e4 kuten aiemmin. Lis\u00e4ksi joidenkin kissojen ruokahalu kasvaa, samalla kun ne eiv\u00e4t ole en\u00e4\u00e4 yht\u00e4 aktiivisia kuin ennen toimenpidett\u00e4. Mik\u00e4li et halua vaihtaa kastroidun\/steriloidun kissan kuivaruokaa, sinun tarvitsee v\u00e4hent\u00e4\u00e4 kolmasosa ruoan m\u00e4\u00e4r\u00e4st\u00e4, jotta kissasi ei tule ylipainoiseksi. On my\u00f6s hyv\u00e4 vaihtaa osa kuivaruoasta m\u00e4rk\u00e4ruoaksi, joissa yleisesti on alempi energiapitoisuus. Lis\u00e4ksi m\u00e4rk\u00e4ruoasta kissasi saa enemm\u00e4n nestett\u00e4, joka voi auttaa v\u00e4hent\u00e4m\u00e4\u00e4n virtsakivien muodostumista, joka sekin on kastroitujen ja steriloitujen kissojen yleinen ongelma.<\/p>\n                <\/div>\n            <\/div>\n        <\/div>\n\n\n\t<section class=\"product-carousel-wrap default\">\n\t\t<div class=\"container\">\n\t\t\t<h2 class=\"section-title\">Mjau m\u00e4rk\u00e4ruoka kastroiduille\/steriloiduille kissoille<\/h2>\t\t\t<div class=\"carousel-wrap\">\n\t\t\t\t\t\t\t\t\t<div class=\"swiper product-carousel\">\n\t\t\t\t\t\t<div class=\"swiper-wrapper\">\n\t\t\t\t\t\t\t\t\t\t\t\t\t\t\t<div class=\"swiper-slide\">\n\t\t\t\t\t\t\t\t\t<a href=\"https:\/\/mjau.se\/fi\/kattmat\/mjau\/mjau-multibox-kastrerad-fisk-kottsmak-i-gele\/\">\n\t\t\t\t\t\t\t\t\t\t<div class=\"card\">\n\t\t\t\t\t\t\t\t\t\t\t<figure>\n\t\t\t\t\t\t\t\t\t\t\t\t<img loading=\"lazy\" decoding=\"async\" width=\"400\" height=\"400\" src=\"https:\/\/mjau.se\/fi\/wp-content\/uploads\/sites\/2\/2023\/06\/MIS-3563-03_Mjau_KastreradKatt-Gele_8x85g_Cat_Multibox_Collabra_3D_20230616-1_400.png\" class=\"attachment-post-thumbnail size-post-thumbnail wp-post-image\" alt=\"\" srcset=\"https:\/\/mjau.se\/fi\/wp-content\/uploads\/sites\/2\/2023\/06\/MIS-3563-03_Mjau_KastreradKatt-Gele_8x85g_Cat_Multibox_Collabra_3D_20230616-1_400.png 400w, https:\/\/mjau.se\/fi\/wp-content\/uploads\/sites\/2\/2023\/06\/MIS-3563-03_Mjau_KastreradKatt-Gele_8x85g_Cat_Multibox_Collabra_3D_20230616-1_400-150x150.png 150w\" sizes=\"(max-width: 400px) 100vw, 400px\" \/>\n\t\t\t\t\t\t\t\t\t\t\t\t\n\t\t\t\t\t\t\t\t\t\t\t<\/figure>\n\t\t\t\t\t\t\t\t\t\t\t<div class=\"card-body\">\n\t\t\t\t\t\t\t\t\t\t\t\t\t\t\t\t\t\t\t\t\t\t\t\t\t<span class=\"category\">\n\t\t\t\t\t\t\t\t\t\t\t\t\t\tKala<span class=\"seperator\"><\/span> Liha<span class=\"seperator\"><\/span>\t\t\t\t\t\t\t\t\t\t\t\t\t<\/span>\n\t\t\t\t\t\t\t\t\t\t\t\t\t\t\t\t\t\t\t\t\t\t\t\t\t<h5 class=\"card-title\">Mjau multibox kastroiduille kissoille \u2013 8 annospussia kalan ja lihan makuisia paloja hyytel\u00f6ss\u00e4<\/h5>\n\t\t\t\t\t\t\t\t\t\t\t<\/div>\n\t\t\t\t\t\t\t\t\t\t<\/div>\n\t\t\t\t\t\t\t\t\t<\/a>\n\t\t\t\t\t\t\t\t<\/div>\n\t\t\t\t\t\t\t\t\t\t\t\t\t\t\t<div class=\"swiper-slide\">\n\t\t\t\t\t\t\t\t\t<a href=\"https:\/\/mjau.se\/fi\/kattmat\/mjau\/mjau-kastrerad-bitar-i-sas-notfars\/\">\n\t\t\t\t\t\t\t\t\t\t<div class=\"card\">\n\t\t\t\t\t\t\t\t\t\t\t<figure>\n\t\t\t\t\t\t\t\t\t\t\t\t<img loading=\"lazy\" decoding=\"async\" width=\"800\" height=\"800\" src=\"https:\/\/mjau.se\/fi\/wp-content\/uploads\/sites\/2\/2023\/05\/3844_Mjau-Kastrerad_Tetra_NAfs-i-s_Cat_370g_800.png\" class=\"attachment-post-thumbnail size-post-thumbnail wp-post-image\" alt=\"Mjau paloja kastikkeessa kastroiduille kissoille, sis\u00e4lt\u00e4\u00e4 jauhettua naudanlihaa\" srcset=\"https:\/\/mjau.se\/fi\/wp-content\/uploads\/sites\/2\/2023\/05\/3844_Mjau-Kastrerad_Tetra_NAfs-i-s_Cat_370g_800.png 800w, https:\/\/mjau.se\/fi\/wp-content\/uploads\/sites\/2\/2023\/05\/3844_Mjau-Kastrerad_Tetra_NAfs-i-s_Cat_370g_800-500x500.png 500w, https:\/\/mjau.se\/fi\/wp-content\/uploads\/sites\/2\/2023\/05\/3844_Mjau-Kastrerad_Tetra_NAfs-i-s_Cat_370g_800-150x150.png 150w, https:\/\/mjau.se\/fi\/wp-content\/uploads\/sites\/2\/2023\/05\/3844_Mjau-Kastrerad_Tetra_NAfs-i-s_Cat_370g_800-768x768.png 768w\" sizes=\"(max-width: 800px) 100vw, 800px\" \/>\n\t\t\t\t\t\t\t\t\t\t\t\t\n\t\t\t\t\t\t\t\t\t\t\t<\/figure>\n\t\t\t\t\t\t\t\t\t\t\t<div class=\"card-body\">\n\t\t\t\t\t\t\t\t\t\t\t\t\t\t\t\t\t\t\t\t\t\t\t\t\t<span class=\"category\">\n\t\t\t\t\t\t\t\t\t\t\t\t\t\tLiha<span class=\"seperator\"><\/span>\t\t\t\t\t\t\t\t\t\t\t\t\t<\/span>\n\t\t\t\t\t\t\t\t\t\t\t\t\t\t\t\t\t\t\t\t\t\t\t\t\t<h5 class=\"card-title\">Mjau paloja kastikkeessa kastroiduille kissoille, sis\u00e4lt\u00e4\u00e4 jauhettua naudanlihaa<\/h5>\n\t\t\t\t\t\t\t\t\t\t\t<\/div>\n\t\t\t\t\t\t\t\t\t\t<\/div>\n\t\t\t\t\t\t\t\t\t<\/a>\n\t\t\t\t\t\t\t\t<\/div>\n\t\t\t\t\t\t\t\t\t\t\t\t\t<\/div>\n\n\t\t\t\t\t<\/div>\n\n\t\t\t\t\t\t\t\t<!-- If we need navigation buttons -->\n\n\t\t\t\t<div class=\"swiper-button-prev d-none d-md-flex\"> <i class=\"fa-solid fa-arrow-left\"><\/i><\/div>\n\t\t\t\t<div class=\"swiper-button-next d-none d-md-flex\"><i class=\"fa-solid fa-arrow-right\"><\/i><\/div>\n\t\t\t<\/div>\n\t\t\t\t\t<\/div>\t\t\n\t<\/section>\n\n\n\t<section class=\"product-carousel-wrap default\">\n\t\t<div class=\"container\">\n\t\t\t<h2 class=\"section-title\">Mjau kuivaruoka kastroiduille ja steriloiduille kissoille<\/h2>\t\t\t<div class=\"carousel-wrap\">\n\t\t\t\t\t\t\t\t\t<div class=\"swiper product-carousel\">\n\t\t\t\t\t\t<div class=\"swiper-wrapper\">\n\t\t\t\t\t\t\t\t\t\t\t\t\t\t\t<div class=\"swiper-slide\">\n\t\t\t\t\t\t\t\t\t<a href=\"https:\/\/mjau.se\/fi\/kattmat\/mjau\/mjau-kastrerad-innekatt\/\">\n\t\t\t\t\t\t\t\t\t\t<div class=\"card\">\n\t\t\t\t\t\t\t\t\t\t\t<figure>\n\t\t\t\t\t\t\t\t\t\t\t\t<img loading=\"lazy\" decoding=\"async\" width=\"400\" height=\"400\" src=\"https:\/\/mjau.se\/fi\/wp-content\/uploads\/sites\/2\/2023\/06\/17325_Mjau-28-Kastrerad-Innekatt-1_400.png\" class=\"attachment-post-thumbnail size-post-thumbnail wp-post-image\" alt=\"\" srcset=\"https:\/\/mjau.se\/fi\/wp-content\/uploads\/sites\/2\/2023\/06\/17325_Mjau-28-Kastrerad-Innekatt-1_400.png 400w, https:\/\/mjau.se\/fi\/wp-content\/uploads\/sites\/2\/2023\/06\/17325_Mjau-28-Kastrerad-Innekatt-1_400-150x150.png 150w\" sizes=\"(max-width: 400px) 100vw, 400px\" \/>\n\t\t\t\t\t\t\t\t\t\t\t\t\n\t\t\t\t\t\t\t\t\t\t\t<\/figure>\n\t\t\t\t\t\t\t\t\t\t\t<div class=\"card-body\">\n\t\t\t\t\t\t\t\t\t\t\t\t\t\t\t\t\t\t\t\t\t\t\t\t\t<span class=\"category\">\n\t\t\t\t\t\t\t\t\t\t\t\t\t\tSiipikarja<span class=\"seperator\"><\/span>\t\t\t\t\t\t\t\t\t\t\t\t\t<\/span>\n\t\t\t\t\t\t\t\t\t\t\t\t\t\t\t\t\t\t\t\t\t\t\t\t\t<h5 class=\"card-title\">Mjau kastroitu sis\u00e4kissa, kuivaruoka<\/h5>\n\t\t\t\t\t\t\t\t\t\t\t<\/div>\n\t\t\t\t\t\t\t\t\t\t<\/div>\n\t\t\t\t\t\t\t\t\t<\/a>\n\t\t\t\t\t\t\t\t<\/div>\n\t\t\t\t\t\t\t\t\t\t\t\t\t\t\t<div class=\"swiper-slide\">\n\t\t\t\t\t\t\t\t\t<a href=\"https:\/\/mjau.se\/fi\/kattmat\/mjau\/mjau-kastrerad-utekatt\/\">\n\t\t\t\t\t\t\t\t\t\t<div class=\"card\">\n\t\t\t\t\t\t\t\t\t\t\t<figure>\n\t\t\t\t\t\t\t\t\t\t\t\t<img loading=\"lazy\" decoding=\"async\" width=\"400\" height=\"400\" src=\"https:\/\/mjau.se\/fi\/wp-content\/uploads\/sites\/2\/2023\/06\/17324_Mjau_Kastrerad-UTEkatt_28kg_cat_bag_210514_High-1_400.png\" class=\"attachment-post-thumbnail size-post-thumbnail wp-post-image\" alt=\"\" srcset=\"https:\/\/mjau.se\/fi\/wp-content\/uploads\/sites\/2\/2023\/06\/17324_Mjau_Kastrerad-UTEkatt_28kg_cat_bag_210514_High-1_400.png 400w, https:\/\/mjau.se\/fi\/wp-content\/uploads\/sites\/2\/2023\/06\/17324_Mjau_Kastrerad-UTEkatt_28kg_cat_bag_210514_High-1_400-150x150.png 150w\" sizes=\"(max-width: 400px) 100vw, 400px\" \/>\n\t\t\t\t\t\t\t\t\t\t\t\t\n\t\t\t\t\t\t\t\t\t\t\t<\/figure>\n\t\t\t\t\t\t\t\t\t\t\t<div class=\"card-body\">\n\t\t\t\t\t\t\t\t\t\t\t\t\t\t\t\t\t\t\t\t\t\t\t\t\t<span class=\"category\">\n\t\t\t\t\t\t\t\t\t\t\t\t\t\tSiipikarja<span class=\"seperator\"><\/span>\t\t\t\t\t\t\t\t\t\t\t\t\t<\/span>\n\t\t\t\t\t\t\t\t\t\t\t\t\t\t\t\t\t\t\t\t\t\t\t\t\t<h5 class=\"card-title\">Mjau kastroitu ulkokissa, kuivaruoka<\/h5>\n\t\t\t\t\t\t\t\t\t\t\t<\/div>\n\t\t\t\t\t\t\t\t\t\t<\/div>\n\t\t\t\t\t\t\t\t\t<\/a>\n\t\t\t\t\t\t\t\t<\/div>\n\t\t\t\t\t\t\t\t\t\t\t\t\t<\/div>\n\n\t\t\t\t\t<\/div>\n\n\t\t\t\t\t\t\t\t<!-- If we need navigation buttons -->\n\n\t\t\t\t<div class=\"swiper-button-prev d-none d-md-flex\"> <i class=\"fa-solid fa-arrow-left\"><\/i><\/div>\n\t\t\t\t<div class=\"swiper-button-next d-none d-md-flex\"><i class=\"fa-solid fa-arrow-right\"><\/i><\/div>\n\t\t\t<\/div>\n\t\t\t\t\t<\/div>\t\t\n\t<\/section>\n","protected":false},"excerpt":{"rendered":"<p>Kastroidun kissan aineenvaihdunta on 30% alhaisempi kuin kastroimattomien. Jos kissasi on kastroitu, tulee sinun pit\u00e4\u00e4 silm\u00e4ll\u00e4 sen painoa. Mjaun valikoimista l\u00f6ytyy sek\u00e4 kuivaruokia ja m\u00e4rk\u00e4ruokia, jotka on sovitettu erityisesti kastroitujen kissojen tarpeisiin.<\/p>\n","protected":false},"author":1,"featured_media":1486,"parent":998,"menu_order":0,"comment_status":"closed","ping_status":"closed","template":"guternberg.php","meta":{"footnotes":""},"acf":[],"yoast_head":"<!-- This site is optimized with the Yoast SEO plugin v20.10 - https:\/\/yoast.com\/wordpress\/plugins\/seo\/ -->\n<title>Foder, torrfoder f\u00f6r steriliserad &amp; kastrerade katt - Mjau Finland<\/title>\n<meta name=\"description\" content=\"Steriloidulla \/ kastroiduilla kissoilla on alempi ravintotarve. Siksi niille on erityiset ruoat -m\u00e4rk\u00e4ruoka ja kuivaruoka - steriloiduille ja kastroiduille kissoille.\" \/>\n<meta name=\"robots\" content=\"index, follow, max-snippet:-1, max-image-preview:large, max-video-preview:-1\" \/>\n<link rel=\"canonical\" href=\"https:\/\/mjau.se\/fi\/kaikki-kissoista\/kissan-terveys\/kastroitu-kissa\/kuiva-ja-markaruoka-kastroidulle-kissalle\/\" \/>\n<meta property=\"og:locale\" content=\"en_US\" \/>\n<meta property=\"og:type\" content=\"article\" \/>\n<meta property=\"og:title\" content=\"Foder, torrfoder f\u00f6r steriliserad &amp; kastrerade katt - Mjau Finland\" \/>\n<meta property=\"og:description\" content=\"Steriloidulla \/ kastroiduilla kissoilla on alempi ravintotarve. Siksi niille on erityiset ruoat -m\u00e4rk\u00e4ruoka ja kuivaruoka - steriloiduille ja kastroiduille kissoille.\" \/>\n<meta property=\"og:url\" content=\"https:\/\/mjau.se\/fi\/kaikki-kissoista\/kissan-terveys\/kastroitu-kissa\/kuiva-ja-markaruoka-kastroidulle-kissalle\/\" \/>\n<meta property=\"og:site_name\" content=\"Mjau Finland\" \/>\n<meta property=\"article:modified_time\" content=\"2024-04-23T16:57:45+00:00\" \/>\n<meta property=\"og:image\" content=\"https:\/\/mjau.se\/fi\/wp-content\/uploads\/sites\/2\/2023\/06\/mjau-kastrerd-katt-naringsbehov-amnesomsattning.jpg\" \/>\n\t<meta property=\"og:image:width\" content=\"800\" \/>\n\t<meta property=\"og:image:height\" content=\"533\" \/>\n\t<meta property=\"og:image:type\" content=\"image\/jpeg\" \/>\n<meta name=\"twitter:card\" content=\"summary_large_image\" \/>\n<!-- \/ Yoast SEO plugin. -->","yoast_head_json":{"title":"Foder, torrfoder f\u00f6r steriliserad & kastrerade katt - Mjau Finland","description":"Steriloidulla \/ kastroiduilla kissoilla on alempi ravintotarve. Siksi niille on erityiset ruoat -m\u00e4rk\u00e4ruoka ja kuivaruoka - steriloiduille ja kastroiduille kissoille.","robots":{"index":"index","follow":"follow","max-snippet":"max-snippet:-1","max-image-preview":"max-image-preview:large","max-video-preview":"max-video-preview:-1"},"canonical":"https:\/\/mjau.se\/fi\/kaikki-kissoista\/kissan-terveys\/kastroitu-kissa\/kuiva-ja-markaruoka-kastroidulle-kissalle\/","og_locale":"en_US","og_type":"article","og_title":"Foder, torrfoder f\u00f6r steriliserad & kastrerade katt - Mjau Finland","og_description":"Steriloidulla \/ kastroiduilla kissoilla on alempi ravintotarve. Siksi niille on erityiset ruoat -m\u00e4rk\u00e4ruoka ja kuivaruoka - steriloiduille ja kastroiduille kissoille.","og_url":"https:\/\/mjau.se\/fi\/kaikki-kissoista\/kissan-terveys\/kastroitu-kissa\/kuiva-ja-markaruoka-kastroidulle-kissalle\/","og_site_name":"Mjau Finland","article_modified_time":"2024-04-23T16:57:45+00:00","og_image":[{"width":800,"height":533,"url":"https:\/\/mjau.se\/fi\/wp-content\/uploads\/sites\/2\/2023\/06\/mjau-kastrerd-katt-naringsbehov-amnesomsattning.jpg","type":"image\/jpeg"}],"twitter_card":"summary_large_image","schema":{"@context":"https:\/\/schema.org","@graph":[{"@type":"WebPage","@id":"https:\/\/mjau.se\/fi\/kaikki-kissoista\/kissan-terveys\/kastroitu-kissa\/kuiva-ja-markaruoka-kastroidulle-kissalle\/","url":"https:\/\/mjau.se\/fi\/kaikki-kissoista\/kissan-terveys\/kastroitu-kissa\/kuiva-ja-markaruoka-kastroidulle-kissalle\/","name":"Foder, torrfoder f\u00f6r steriliserad & kastrerade katt - Mjau Finland","isPartOf":{"@id":"https:\/\/mjau.se\/fi\/#website"},"datePublished":"2023-06-12T08:41:52+00:00","dateModified":"2024-04-23T16:57:45+00:00","description":"Steriloidulla \/ kastroiduilla kissoilla on alempi ravintotarve. Siksi niille on erityiset ruoat -m\u00e4rk\u00e4ruoka ja kuivaruoka - steriloiduille ja kastroiduille kissoille.","breadcrumb":{"@id":"https:\/\/mjau.se\/fi\/kaikki-kissoista\/kissan-terveys\/kastroitu-kissa\/kuiva-ja-markaruoka-kastroidulle-kissalle\/#breadcrumb"},"inLanguage":"en-US","potentialAction":[{"@type":"ReadAction","target":["https:\/\/mjau.se\/fi\/kaikki-kissoista\/kissan-terveys\/kastroitu-kissa\/kuiva-ja-markaruoka-kastroidulle-kissalle\/"]}]},{"@type":"BreadcrumbList","@id":"https:\/\/mjau.se\/fi\/kaikki-kissoista\/kissan-terveys\/kastroitu-kissa\/kuiva-ja-markaruoka-kastroidulle-kissalle\/#breadcrumb","itemListElement":[{"@type":"ListItem","position":1,"name":"Home","item":"https:\/\/mjau.se\/fi\/"},{"@type":"ListItem","position":2,"name":"Kaikki kissoista","item":"https:\/\/mjau.se\/fi\/kaikki-kissoista\/"},{"@type":"ListItem","position":3,"name":"Kissan terveys","item":"https:\/\/mjau.se\/fi\/kaikki-kissoista\/kissan-terveys\/"},{"@type":"ListItem","position":4,"name":"Kastroitu\/steriloitu kissa","item":"https:\/\/mjau.se\/fi\/kaikki-kissoista\/kissan-terveys\/kastroitu-kissa\/"},{"@type":"ListItem","position":5,"name":"Kuiva- ja m\u00e4rk\u00e4ruoka kastroidulle ja steriloidulle kissalle"}]},{"@type":"WebSite","@id":"https:\/\/mjau.se\/fi\/#website","url":"https:\/\/mjau.se\/fi\/","name":"Mjau Finland","description":"","potentialAction":[{"@type":"SearchAction","target":{"@type":"EntryPoint","urlTemplate":"https:\/\/mjau.se\/fi\/?s={search_term_string}"},"query-input":"required name=search_term_string"}],"inLanguage":"en-US"}]}},"_links":{"self":[{"href":"https:\/\/mjau.se\/fi\/wp-json\/wp\/v2\/pages\/1200"}],"collection":[{"href":"https:\/\/mjau.se\/fi\/wp-json\/wp\/v2\/pages"}],"about":[{"href":"https:\/\/mjau.se\/fi\/wp-json\/wp\/v2\/types\/page"}],"author":[{"embeddable":true,"href":"https:\/\/mjau.se\/fi\/wp-json\/wp\/v2\/users\/1"}],"replies":[{"embeddable":true,"href":"https:\/\/mjau.se\/fi\/wp-json\/wp\/v2\/comments?post=1200"}],"version-history":[{"count":16,"href":"https:\/\/mjau.se\/fi\/wp-json\/wp\/v2\/pages\/1200\/revisions"}],"predecessor-version":[{"id":5398,"href":"https:\/\/mjau.se\/fi\/wp-json\/wp\/v2\/pages\/1200\/revisions\/5398"}],"up":[{"embeddable":true,"href":"https:\/\/mjau.se\/fi\/wp-json\/wp\/v2\/pages\/998"}],"wp:featuredmedia":[{"embeddable":true,"href":"https:\/\/mjau.se\/fi\/wp-json\/wp\/v2\/media\/1486"}],"wp:attachment":[{"href":"https:\/\/mjau.se\/fi\/wp-json\/wp\/v2\/media?parent=1200"}],"curies":[{"name":"wp","href":"https:\/\/api.w.org\/{rel}","templated":true}]}}