{"id":1168,"date":"2023-06-12T06:04:57","date_gmt":"2023-06-12T06:04:57","guid":{"rendered":"https:\/\/mjau.se\/fi\/?page_id=1168"},"modified":"2024-03-27T09:53:13","modified_gmt":"2024-03-27T09:53:13","slug":"gusten","status":"publish","type":"page","link":"https:\/\/mjau.se\/fi\/kissanruoka\/kestavasti-valmistettua-kissanruokaa\/tuotekehittelijamme\/gusten\/","title":{"rendered":"Gusten"},"content":{"rendered":"        <section class=\"sub-page-hero-with-image\">\n            \n            <div class=\"overlay-v1 overlay-dark\" >\n                                    <img decoding=\"async\" class=\"background-image\" src=\"https:\/\/mjau.se\/fi\/wp-content\/uploads\/sites\/2\/2023\/06\/mjau-gusten-produktutvecklare-tassalyckan-scaled-1.jpg\" alt=\"\">\n                                <div class=\"container\">\n                    \n                    <div class=\"row\">\n                        <div class=\"col-md-8 col-lg-6 \">\n                            <h1 class=\"font-xl-primary\">Puuhakkaan Gustenin lempimaku on katkarapu<\/h1>                        <\/div>\n                    <\/div>\n                <\/div>\n            <\/div>\n                    <\/section>\n    \n\n    <div class=\"single-column-warp\">\n        <div class=\"container\">\n            <div class=\"text-content\">\n               <div class=\"article__introduction\">\n<p><strong>Tutustu luokan pelleen, Gusteniin. Gusten on yksi Mjaun koemaistajakissoista, jotka asuvat Tassulan kissakodissa. Kun Gusten vihdoinkin lakkaa touhuamasta ja ehtii sy\u00f6m\u00e4\u00e4n, on sill\u00e4 selke\u00e4 suosikkimaku &#8211; katkarapu.<\/strong><\/p>\n<\/div>\n<div class=\"article__body\">\n<p>Gusten on yksi 28 kissasta Mjaun kissakodissa V\u00e5rg\u00e5rdassa.<\/p>\n<p>&#8220;Gusten on Tassulan klovni, jatkuvasti etsim\u00e4ss\u00e4 jotain, mink\u00e4 kanssa puuhailla. V\u00e4hint\u00e4\u00e4n yksi leikkihiiri viikossa kuluu loppuun Gustenin tassuissa. Gustenilla ei oikein tahdo riitt\u00e4\u00e4 aikaa ruokailuun, mutta sy\u00f6dess\u00e4 maistuu parhaiten katkaravun makuiset ruoat&#8221; kertoo Caroline Granath, kissa-asiantuntijamme, joka hoitaa koemaistajiamme ja varmistaa, ett\u00e4 niill\u00e4 on kaikki mit\u00e4 ne tarvitsevat.<\/p>\n<blockquote>\n<h2>Gustenille tekee tiukkaa ehti\u00e4 sy\u00f6m\u00e4\u00e4n, mutta silloin kun kerki\u00e4\u00e4, maistuu parhaiten katkarapua sis\u00e4lt\u00e4v\u00e4t ruoat<\/h2>\n<\/blockquote>\n<p>Tassulan kissat tulevat eri paikoista. Osa niist\u00e4 on l\u00f6yt\u00f6kissoja. Niille rakkaus ja huolenpito on aivan yht\u00e4 t\u00e4rke\u00e4\u00e4 kuin hyv\u00e4 ruoka.<\/p>\n<\/div>\n                <\/div>\n            <\/div>\n        <\/div>\n\n\n\t<section class=\"product-carousel-wrap default\">\n\t\t<div class=\"container\">\n\t\t\t<h2 class=\"section-title\">Katkarapua sis\u00e4lt\u00e4vi\u00e4 Mjau ruokia<\/h2>\t\t\t<div class=\"carousel-wrap\">\n\t\t\t\t\t\t\t\t\t<div class=\"swiper product-carousel\">\n\t\t\t\t\t\t<div class=\"swiper-wrapper\">\n\t\t\t\t\t\t\t\t\t\t\t\t\t\t\t<div class=\"swiper-slide\">\n\t\t\t\t\t\t\t\t\t<a href=\"https:\/\/mjau.se\/fi\/kattmat\/mjau\/mjau-rakor\/\">\n\t\t\t\t\t\t\t\t\t\t<div class=\"card\">\n\t\t\t\t\t\t\t\t\t\t\t<figure>\n\t\t\t\t\t\t\t\t\t\t\t\t<img loading=\"lazy\" decoding=\"async\" width=\"400\" height=\"400\" src=\"https:\/\/mjau.se\/fi\/wp-content\/uploads\/sites\/2\/2023\/06\/17521-04_Mjau_RaI_ka-175kg_Cat_Bag_Collabra_3D_20230616-1_400.png\" class=\"attachment-post-thumbnail size-post-thumbnail wp-post-image\" alt=\"\" srcset=\"https:\/\/mjau.se\/fi\/wp-content\/uploads\/sites\/2\/2023\/06\/17521-04_Mjau_RaI_ka-175kg_Cat_Bag_Collabra_3D_20230616-1_400.png 400w, https:\/\/mjau.se\/fi\/wp-content\/uploads\/sites\/2\/2023\/06\/17521-04_Mjau_RaI_ka-175kg_Cat_Bag_Collabra_3D_20230616-1_400-150x150.png 150w\" sizes=\"(max-width: 400px) 100vw, 400px\" \/>\n\t\t\t\t\t\t\t\t\t\t\t\t\n\t\t\t\t\t\t\t\t\t\t\t<\/figure>\n\t\t\t\t\t\t\t\t\t\t\t<div class=\"card-body\">\n\t\t\t\t\t\t\t\t\t\t\t\t\t\t\t\t\t\t\t\t\t\t\t\t\t<span class=\"category\">\n\t\t\t\t\t\t\t\t\t\t\t\t\t\tKala<span class=\"seperator\"><\/span>\t\t\t\t\t\t\t\t\t\t\t\t\t<\/span>\n\t\t\t\t\t\t\t\t\t\t\t\t\t\t\t\t\t\t\t\t\t\t\t\t\t<h5 class=\"card-title\">Mjau katkarapu, kuivaruoka<\/h5>\n\t\t\t\t\t\t\t\t\t\t\t<\/div>\n\t\t\t\t\t\t\t\t\t\t<\/div>\n\t\t\t\t\t\t\t\t\t<\/a>\n\t\t\t\t\t\t\t\t<\/div>\n\t\t\t\t\t\t\t\t\t\t\t\t\t\t\t<div class=\"swiper-slide\">\n\t\t\t\t\t\t\t\t\t<a href=\"https:\/\/mjau.se\/fi\/kattmat\/mjau\/portionspase-med-kyckling-i-gele\/\">\n\t\t\t\t\t\t\t\t\t\t<div class=\"card\">\n\t\t\t\t\t\t\t\t\t\t\t<figure>\n\t\t\t\t\t\t\t\t\t\t\t\t<img loading=\"lazy\" decoding=\"async\" width=\"800\" height=\"800\" src=\"https:\/\/mjau.se\/fi\/wp-content\/uploads\/sites\/2\/2023\/05\/3511_mjau-kyckling-i-gelA_85g_cat_pouch_180312_800.png\" class=\"attachment-post-thumbnail size-post-thumbnail wp-post-image\" alt=\"Mjau paloja hyytel\u00f6ss\u00e4, sis. kananpoikaa\" srcset=\"https:\/\/mjau.se\/fi\/wp-content\/uploads\/sites\/2\/2023\/05\/3511_mjau-kyckling-i-gelA_85g_cat_pouch_180312_800.png 800w, https:\/\/mjau.se\/fi\/wp-content\/uploads\/sites\/2\/2023\/05\/3511_mjau-kyckling-i-gelA_85g_cat_pouch_180312_800-500x500.png 500w, https:\/\/mjau.se\/fi\/wp-content\/uploads\/sites\/2\/2023\/05\/3511_mjau-kyckling-i-gelA_85g_cat_pouch_180312_800-150x150.png 150w, https:\/\/mjau.se\/fi\/wp-content\/uploads\/sites\/2\/2023\/05\/3511_mjau-kyckling-i-gelA_85g_cat_pouch_180312_800-768x768.png 768w\" sizes=\"(max-width: 800px) 100vw, 800px\" \/>\n\t\t\t\t\t\t\t\t\t\t\t\t\n\t\t\t\t\t\t\t\t\t\t\t<\/figure>\n\t\t\t\t\t\t\t\t\t\t\t<div class=\"card-body\">\n\t\t\t\t\t\t\t\t\t\t\t\t\t\t\t\t\t\t\t\t\t\t\t\t\t<span class=\"category\">\n\t\t\t\t\t\t\t\t\t\t\t\t\t\tSiipikarja<span class=\"seperator\"><\/span>\t\t\t\t\t\t\t\t\t\t\t\t\t<\/span>\n\t\t\t\t\t\t\t\t\t\t\t\t\t\t\t\t\t\t\t\t\t\t\t\t\t<h5 class=\"card-title\">Mjau paloja hyytel\u00f6ss\u00e4, sis. kananpoikaa<\/h5>\n\t\t\t\t\t\t\t\t\t\t\t<\/div>\n\t\t\t\t\t\t\t\t\t\t<\/div>\n\t\t\t\t\t\t\t\t\t<\/a>\n\t\t\t\t\t\t\t\t<\/div>\n\t\t\t\t\t\t\t\t\t\t\t\t\t\t\t<div class=\"swiper-slide\">\n\t\t\t\t\t\t\t\t\t<a href=\"https:\/\/mjau.se\/fi\/kattmat\/mjau\/rakor-i-sas\/\">\n\t\t\t\t\t\t\t\t\t\t<div class=\"card\">\n\t\t\t\t\t\t\t\t\t\t\t<figure>\n\t\t\t\t\t\t\t\t\t\t\t\t<img loading=\"lazy\" decoding=\"async\" width=\"800\" height=\"800\" src=\"https:\/\/mjau.se\/fi\/wp-content\/uploads\/sites\/2\/2023\/05\/3841_Mjau_Tetra_bitar-i-s_ror_370g_cat_tetra_200525_800.png\" class=\"attachment-post-thumbnail size-post-thumbnail wp-post-image\" alt=\"Mjau paloja kastikkeessa sis\u00e4lt\u00e4\u00e4 katkarapua\" srcset=\"https:\/\/mjau.se\/fi\/wp-content\/uploads\/sites\/2\/2023\/05\/3841_Mjau_Tetra_bitar-i-s_ror_370g_cat_tetra_200525_800.png 800w, https:\/\/mjau.se\/fi\/wp-content\/uploads\/sites\/2\/2023\/05\/3841_Mjau_Tetra_bitar-i-s_ror_370g_cat_tetra_200525_800-500x500.png 500w, https:\/\/mjau.se\/fi\/wp-content\/uploads\/sites\/2\/2023\/05\/3841_Mjau_Tetra_bitar-i-s_ror_370g_cat_tetra_200525_800-150x150.png 150w, https:\/\/mjau.se\/fi\/wp-content\/uploads\/sites\/2\/2023\/05\/3841_Mjau_Tetra_bitar-i-s_ror_370g_cat_tetra_200525_800-768x768.png 768w\" sizes=\"(max-width: 800px) 100vw, 800px\" \/>\n\t\t\t\t\t\t\t\t\t\t\t\t\n\t\t\t\t\t\t\t\t\t\t\t<\/figure>\n\t\t\t\t\t\t\t\t\t\t\t<div class=\"card-body\">\n\t\t\t\t\t\t\t\t\t\t\t\t\t\t\t\t\t\t\t\t\t\t\t\t\t<span class=\"category\">\n\t\t\t\t\t\t\t\t\t\t\t\t\t\tKala<span class=\"seperator\"><\/span>\t\t\t\t\t\t\t\t\t\t\t\t\t<\/span>\n\t\t\t\t\t\t\t\t\t\t\t\t\t\t\t\t\t\t\t\t\t\t\t\t\t<h5 class=\"card-title\">Mjau paloja kastikkeessa sis\u00e4lt\u00e4\u00e4 katkarapua<\/h5>\n\t\t\t\t\t\t\t\t\t\t\t<\/div>\n\t\t\t\t\t\t\t\t\t\t<\/div>\n\t\t\t\t\t\t\t\t\t<\/a>\n\t\t\t\t\t\t\t\t<\/div>\n\t\t\t\t\t\t\t\t\t\t\t\t\t<\/div>\n\n\t\t\t\t\t<\/div>\n\n\t\t\t\t\t\t\t\t<!-- If we need navigation buttons -->\n\n\t\t\t\t<div class=\"swiper-button-prev d-none d-md-flex\"> <i class=\"fa-solid fa-arrow-left\"><\/i><\/div>\n\t\t\t\t<div class=\"swiper-button-next d-none d-md-flex\"><i class=\"fa-solid fa-arrow-right\"><\/i><\/div>\n\t\t\t<\/div>\n\t\t\t\t\t<\/div>\t\t\n\t<\/section>\n","protected":false},"excerpt":{"rendered":"<p>Gusten on Tassulan pelle, joka kepposiltaan tuskin joutaa sy\u00f6m\u00e4\u00e4n. Mutta kun ruoka-aika koittaa, maistuu Gustenille pahaiten katkaravun makuiset ruoat. <\/p>\n","protected":false},"author":1,"featured_media":1169,"parent":1141,"menu_order":0,"comment_status":"closed","ping_status":"closed","template":"guternberg.php","meta":{"footnotes":""},"acf":[],"yoast_head":"<!-- This site is optimized with the Yoast SEO plugin v20.10 - https:\/\/yoast.com\/wordpress\/plugins\/seo\/ -->\n<title>M\u00f6t busige Gusten, provsmakare av Mjau kattmat - Mjau Finland<\/title>\n<meta name=\"description\" content=\"Gusten kuuluu tuotekehitystiimiimme. Se rakataa katkaravun makuista kissanruokaa ja toimii Mjaun koemaistajana Tassulan kissakodissa.\" \/>\n<meta name=\"robots\" content=\"index, follow, max-snippet:-1, max-image-preview:large, max-video-preview:-1\" \/>\n<link rel=\"canonical\" href=\"https:\/\/mjau.se\/fi\/kissanruoka\/kestavasti-valmistettua-kissanruokaa\/tuotekehittelijamme\/gusten\/\" \/>\n<meta property=\"og:locale\" content=\"en_US\" \/>\n<meta property=\"og:type\" content=\"article\" \/>\n<meta property=\"og:title\" content=\"M\u00f6t busige Gusten, provsmakare av Mjau kattmat - Mjau Finland\" \/>\n<meta property=\"og:description\" content=\"Gusten kuuluu tuotekehitystiimiimme. Se rakataa katkaravun makuista kissanruokaa ja toimii Mjaun koemaistajana Tassulan kissakodissa.\" \/>\n<meta property=\"og:url\" content=\"https:\/\/mjau.se\/fi\/kissanruoka\/kestavasti-valmistettua-kissanruokaa\/tuotekehittelijamme\/gusten\/\" \/>\n<meta property=\"og:site_name\" content=\"Mjau Finland\" \/>\n<meta property=\"article:modified_time\" content=\"2024-03-27T09:53:13+00:00\" \/>\n<meta property=\"og:image\" content=\"https:\/\/mjau.se\/fi\/wp-content\/uploads\/sites\/2\/2023\/06\/mjau-gusten-produktutvecklare-tassalyckan-scaled.jpg\" \/>\n\t<meta property=\"og:image:width\" content=\"2560\" \/>\n\t<meta property=\"og:image:height\" content=\"1706\" \/>\n\t<meta property=\"og:image:type\" content=\"image\/jpeg\" \/>\n<meta name=\"twitter:card\" content=\"summary_large_image\" \/>\n<!-- \/ Yoast SEO plugin. -->","yoast_head_json":{"title":"M\u00f6t busige Gusten, provsmakare av Mjau kattmat - Mjau Finland","description":"Gusten kuuluu tuotekehitystiimiimme. Se rakataa katkaravun makuista kissanruokaa ja toimii Mjaun koemaistajana Tassulan kissakodissa.","robots":{"index":"index","follow":"follow","max-snippet":"max-snippet:-1","max-image-preview":"max-image-preview:large","max-video-preview":"max-video-preview:-1"},"canonical":"https:\/\/mjau.se\/fi\/kissanruoka\/kestavasti-valmistettua-kissanruokaa\/tuotekehittelijamme\/gusten\/","og_locale":"en_US","og_type":"article","og_title":"M\u00f6t busige Gusten, provsmakare av Mjau kattmat - Mjau Finland","og_description":"Gusten kuuluu tuotekehitystiimiimme. Se rakataa katkaravun makuista kissanruokaa ja toimii Mjaun koemaistajana Tassulan kissakodissa.","og_url":"https:\/\/mjau.se\/fi\/kissanruoka\/kestavasti-valmistettua-kissanruokaa\/tuotekehittelijamme\/gusten\/","og_site_name":"Mjau Finland","article_modified_time":"2024-03-27T09:53:13+00:00","og_image":[{"width":2560,"height":1706,"url":"https:\/\/mjau.se\/fi\/wp-content\/uploads\/sites\/2\/2023\/06\/mjau-gusten-produktutvecklare-tassalyckan-scaled.jpg","type":"image\/jpeg"}],"twitter_card":"summary_large_image","schema":{"@context":"https:\/\/schema.org","@graph":[{"@type":"WebPage","@id":"https:\/\/mjau.se\/fi\/kissanruoka\/kestavasti-valmistettua-kissanruokaa\/tuotekehittelijamme\/gusten\/","url":"https:\/\/mjau.se\/fi\/kissanruoka\/kestavasti-valmistettua-kissanruokaa\/tuotekehittelijamme\/gusten\/","name":"M\u00f6t busige Gusten, provsmakare av Mjau kattmat - Mjau Finland","isPartOf":{"@id":"https:\/\/mjau.se\/fi\/#website"},"datePublished":"2023-06-12T06:04:57+00:00","dateModified":"2024-03-27T09:53:13+00:00","description":"Gusten kuuluu tuotekehitystiimiimme. Se rakataa katkaravun makuista kissanruokaa ja toimii Mjaun koemaistajana Tassulan kissakodissa.","breadcrumb":{"@id":"https:\/\/mjau.se\/fi\/kissanruoka\/kestavasti-valmistettua-kissanruokaa\/tuotekehittelijamme\/gusten\/#breadcrumb"},"inLanguage":"en-US","potentialAction":[{"@type":"ReadAction","target":["https:\/\/mjau.se\/fi\/kissanruoka\/kestavasti-valmistettua-kissanruokaa\/tuotekehittelijamme\/gusten\/"]}]},{"@type":"BreadcrumbList","@id":"https:\/\/mjau.se\/fi\/kissanruoka\/kestavasti-valmistettua-kissanruokaa\/tuotekehittelijamme\/gusten\/#breadcrumb","itemListElement":[{"@type":"ListItem","position":1,"name":"Home","item":"https:\/\/mjau.se\/fi\/"},{"@type":"ListItem","position":2,"name":"Kissanruoka","item":"https:\/\/mjau.se\/fi\/kissanruoka\/"},{"@type":"ListItem","position":3,"name":"Kest\u00e4v\u00e4sti valmistettua kissanruokaa","item":"https:\/\/mjau.se\/fi\/kissanruoka\/kestavasti-valmistettua-kissanruokaa\/"},{"@type":"ListItem","position":4,"name":"Gusten"}]},{"@type":"WebSite","@id":"https:\/\/mjau.se\/fi\/#website","url":"https:\/\/mjau.se\/fi\/","name":"Mjau Finland","description":"","potentialAction":[{"@type":"SearchAction","target":{"@type":"EntryPoint","urlTemplate":"https:\/\/mjau.se\/fi\/?s={search_term_string}"},"query-input":"required name=search_term_string"}],"inLanguage":"en-US"}]}},"_links":{"self":[{"href":"https:\/\/mjau.se\/fi\/wp-json\/wp\/v2\/pages\/1168"}],"collection":[{"href":"https:\/\/mjau.se\/fi\/wp-json\/wp\/v2\/pages"}],"about":[{"href":"https:\/\/mjau.se\/fi\/wp-json\/wp\/v2\/types\/page"}],"author":[{"embeddable":true,"href":"https:\/\/mjau.se\/fi\/wp-json\/wp\/v2\/users\/1"}],"replies":[{"embeddable":true,"href":"https:\/\/mjau.se\/fi\/wp-json\/wp\/v2\/comments?post=1168"}],"version-history":[{"count":23,"href":"https:\/\/mjau.se\/fi\/wp-json\/wp\/v2\/pages\/1168\/revisions"}],"predecessor-version":[{"id":4895,"href":"https:\/\/mjau.se\/fi\/wp-json\/wp\/v2\/pages\/1168\/revisions\/4895"}],"up":[{"embeddable":true,"href":"https:\/\/mjau.se\/fi\/wp-json\/wp\/v2\/pages\/1141"}],"wp:featuredmedia":[{"embeddable":true,"href":"https:\/\/mjau.se\/fi\/wp-json\/wp\/v2\/media\/1169"}],"wp:attachment":[{"href":"https:\/\/mjau.se\/fi\/wp-json\/wp\/v2\/media?parent=1168"}],"curies":[{"name":"wp","href":"https:\/\/api.w.org\/{rel}","templated":true}]}}