{"id":1145,"date":"2023-06-12T05:37:29","date_gmt":"2023-06-12T05:37:29","guid":{"rendered":"https:\/\/mjau.se\/fi\/?page_id=1145"},"modified":"2024-03-27T09:46:40","modified_gmt":"2024-03-27T09:46:40","slug":"ester","status":"publish","type":"page","link":"https:\/\/mjau.se\/fi\/kissanruoka\/kestavasti-valmistettua-kissanruokaa\/tuotekehittelijamme\/ester\/","title":{"rendered":"Ester"},"content":{"rendered":"        <section class=\"sub-page-hero-with-image\">\n            \n            <div class=\"overlay-v1 overlay-dark\" >\n                                    <img decoding=\"async\" class=\"background-image\" src=\"https:\/\/mjau.se\/fi\/wp-content\/uploads\/sites\/2\/2023\/06\/mjau-ester-produktutvecklare-tassalyckan-scaled-1.jpg\" alt=\"\">\n                                <div class=\"container\">\n                    \n                    <div class=\"row\">\n                        <div class=\"col-md-8 col-lg-6 \">\n                            <h1 class=\"font-xl-primary\">Kissanpentu Ester pit\u00e4\u00e4 Mjaun kananpoikaa sis\u00e4lt\u00e4v\u00e4st\u00e4 kissanpennunruoasta<\/h1>                        <\/div>\n                    <\/div>\n                <\/div>\n            <\/div>\n                    <\/section>\n    \n\n    <div class=\"single-column-warp\">\n        <div class=\"container\">\n            <div class=\"text-content\">\n               <p><strong>Tutustu pieneen Esteriin, yhteen Mjaun nuorimmista koemaistajista Tassulassa. Ester rakastaa leikkimist\u00e4 ruoalla, kun on aika maistella kissanpentujen ruokia.<\/strong><\/p>\n<h2>Ester yhdist\u00e4\u00e4 huvin ja hy\u00f6dyn leikkim\u00e4ll\u00e4 ruoalla<\/h2>\n<p>\u201dKissanpennut voivat olla hankalia koemaistelijoita, koska nill\u00e4 on kiire leikki\u00e4 sy\u00f6misen sijaan&#8221;, sanoo Caroline Granath, joka huolehtii Esterist\u00e4 Tassulassa. &#8220;Mutta Ester yhdist\u00e4\u00e4 huvin ja hy\u00f6dyn ja leikkii ruoalla ennen kuin sy\u00f6 sen&#8221;.<\/p>\n                <\/div>\n            <\/div>\n        <\/div>\n\n\n\t<section class=\"product-carousel-wrap default\">\n\t\t<div class=\"container\">\n\t\t\t<h2 class=\"section-title\">Kissanpennuille kehitetty\u00e4 ruokaa<\/h2>\t\t\t<div class=\"carousel-wrap\">\n\t\t\t\t\t\t\t\t\t<div class=\"swiper product-carousel\">\n\t\t\t\t\t\t<div class=\"swiper-wrapper\">\n\t\t\t\t\t\t\t\t\t\t\t\t\t\t\t<div class=\"swiper-slide\">\n\t\t\t\t\t\t\t\t\t<a href=\"https:\/\/mjau.se\/fi\/kattmat\/mjau\/mjau-kattunge\/\">\n\t\t\t\t\t\t\t\t\t\t<div class=\"card\">\n\t\t\t\t\t\t\t\t\t\t\t<figure>\n\t\t\t\t\t\t\t\t\t\t\t\t<img loading=\"lazy\" decoding=\"async\" width=\"400\" height=\"400\" src=\"https:\/\/mjau.se\/fi\/wp-content\/uploads\/sites\/2\/2023\/06\/17914_mjau-kattunge_14kg_cat_bag_210304_LOWD-1_400.png\" class=\"attachment-post-thumbnail size-post-thumbnail wp-post-image\" alt=\"\" srcset=\"https:\/\/mjau.se\/fi\/wp-content\/uploads\/sites\/2\/2023\/06\/17914_mjau-kattunge_14kg_cat_bag_210304_LOWD-1_400.png 400w, https:\/\/mjau.se\/fi\/wp-content\/uploads\/sites\/2\/2023\/06\/17914_mjau-kattunge_14kg_cat_bag_210304_LOWD-1_400-150x150.png 150w\" sizes=\"(max-width: 400px) 100vw, 400px\" \/>\n\t\t\t\t\t\t\t\t\t\t\t\t\n\t\t\t\t\t\t\t\t\t\t\t<\/figure>\n\t\t\t\t\t\t\t\t\t\t\t<div class=\"card-body\">\n\t\t\t\t\t\t\t\t\t\t\t\t\t\t\t\t\t\t\t\t\t\t\t\t\t<span class=\"category\">\n\t\t\t\t\t\t\t\t\t\t\t\t\t\tSiipikarja<span class=\"seperator\"><\/span>\t\t\t\t\t\t\t\t\t\t\t\t\t<\/span>\n\t\t\t\t\t\t\t\t\t\t\t\t\t\t\t\t\t\t\t\t\t\t\t\t\t<h5 class=\"card-title\">Mjau kissanpentu, kuivaruoka<\/h5>\n\t\t\t\t\t\t\t\t\t\t\t<\/div>\n\t\t\t\t\t\t\t\t\t\t<\/div>\n\t\t\t\t\t\t\t\t\t<\/a>\n\t\t\t\t\t\t\t\t<\/div>\n\t\t\t\t\t\t\t\t\t\t\t\t\t\t\t<div class=\"swiper-slide\">\n\t\t\t\t\t\t\t\t\t<a href=\"https:\/\/mjau.se\/fi\/kattmat\/mjau\/mjaukattungemultibox\/\">\n\t\t\t\t\t\t\t\t\t\t<div class=\"card\">\n\t\t\t\t\t\t\t\t\t\t\t<figure>\n\t\t\t\t\t\t\t\t\t\t\t\t<img loading=\"lazy\" decoding=\"async\" width=\"400\" height=\"400\" src=\"https:\/\/mjau.se\/fi\/wp-content\/uploads\/sites\/2\/2023\/06\/3527_Mjau_Kattunge-Gele_85g_Cat_Multipack-_Collabra_3D_20230616-1_400.png\" class=\"attachment-post-thumbnail size-post-thumbnail wp-post-image\" alt=\"\" srcset=\"https:\/\/mjau.se\/fi\/wp-content\/uploads\/sites\/2\/2023\/06\/3527_Mjau_Kattunge-Gele_85g_Cat_Multipack-_Collabra_3D_20230616-1_400.png 400w, https:\/\/mjau.se\/fi\/wp-content\/uploads\/sites\/2\/2023\/06\/3527_Mjau_Kattunge-Gele_85g_Cat_Multipack-_Collabra_3D_20230616-1_400-150x150.png 150w\" sizes=\"(max-width: 400px) 100vw, 400px\" \/>\n\t\t\t\t\t\t\t\t\t\t\t\t\n\t\t\t\t\t\t\t\t\t\t\t<\/figure>\n\t\t\t\t\t\t\t\t\t\t\t<div class=\"card-body\">\n\t\t\t\t\t\t\t\t\t\t\t\t\t\t\t\t\t\t\t\t\t\t\t\t\t<span class=\"category\">\n\t\t\t\t\t\t\t\t\t\t\t\t\t\tKala<span class=\"seperator\"><\/span> Liha<span class=\"seperator\"><\/span>\t\t\t\t\t\t\t\t\t\t\t\t\t<\/span>\n\t\t\t\t\t\t\t\t\t\t\t\t\t\t\t\t\t\t\t\t\t\t\t\t\t<h5 class=\"card-title\">Mjau multibox kissanpentu \u2013 12 kalan ja lihanmakuista annospussia paloja hyytel\u00f6ss\u00e4<\/h5>\n\t\t\t\t\t\t\t\t\t\t\t<\/div>\n\t\t\t\t\t\t\t\t\t\t<\/div>\n\t\t\t\t\t\t\t\t\t<\/a>\n\t\t\t\t\t\t\t\t<\/div>\n\t\t\t\t\t\t\t\t\t\t\t\t\t<\/div>\n\n\t\t\t\t\t<\/div>\n\n\t\t\t\t\t\t\t\t<!-- If we need navigation buttons -->\n\n\t\t\t\t<div class=\"swiper-button-prev d-none d-md-flex\"> <i class=\"fa-solid fa-arrow-left\"><\/i><\/div>\n\t\t\t\t<div class=\"swiper-button-next d-none d-md-flex\"><i class=\"fa-solid fa-arrow-right\"><\/i><\/div>\n\t\t\t<\/div>\n\t\t\t\t\t<\/div>\t\t\n\t<\/section>\n","protected":false},"excerpt":{"rendered":"<p>Kissanpentu Ester pit\u00e4\u00e4 Mjaun kananpoikaa sis\u00e4lt\u00e4v\u00e4st\u00e4 kissanpentujen ruoasta. Sy\u00f6dess\u00e4\u00e4n h\u00e4n yhdist\u00e4\u00e4 huvin ja hy\u00f6dyn leikkim\u00e4ll\u00e4  ruokansa kanssa. <\/p>\n","protected":false},"author":1,"featured_media":1146,"parent":1141,"menu_order":0,"comment_status":"closed","ping_status":"closed","template":"guternberg.php","meta":{"footnotes":""},"acf":[],"yoast_head":"<!-- This site is optimized with the Yoast SEO plugin v20.10 - https:\/\/yoast.com\/wordpress\/plugins\/seo\/ -->\n<title>M\u00f6t kattungen Ester, provsmakare av Mjau kattmat - Mjau Finland<\/title>\n<meta name=\"description\" content=\"Ester on kissanpentu, joka toimii Mjau kissanruokien koemaistajana. Yhdess\u00e4 Tassulan muiden kissojen kanssa Ester kuuluu Mjaun tuotekehitystiimiin.\" \/>\n<meta name=\"robots\" content=\"index, follow, max-snippet:-1, max-image-preview:large, max-video-preview:-1\" \/>\n<link rel=\"canonical\" href=\"https:\/\/mjau.se\/fi\/kissanruoka\/kestavasti-valmistettua-kissanruokaa\/tuotekehittelijamme\/ester\/\" \/>\n<meta property=\"og:locale\" content=\"en_US\" \/>\n<meta property=\"og:type\" content=\"article\" \/>\n<meta property=\"og:title\" content=\"M\u00f6t kattungen Ester, provsmakare av Mjau kattmat - Mjau Finland\" \/>\n<meta property=\"og:description\" content=\"Ester on kissanpentu, joka toimii Mjau kissanruokien koemaistajana. Yhdess\u00e4 Tassulan muiden kissojen kanssa Ester kuuluu Mjaun tuotekehitystiimiin.\" \/>\n<meta property=\"og:url\" content=\"https:\/\/mjau.se\/fi\/kissanruoka\/kestavasti-valmistettua-kissanruokaa\/tuotekehittelijamme\/ester\/\" \/>\n<meta property=\"og:site_name\" content=\"Mjau Finland\" \/>\n<meta property=\"article:modified_time\" content=\"2024-03-27T09:46:40+00:00\" \/>\n<meta property=\"og:image\" content=\"https:\/\/mjau.se\/fi\/wp-content\/uploads\/sites\/2\/2023\/06\/mjau-ester-produktutvecklare-tassalyckan-scaled.jpg\" \/>\n\t<meta property=\"og:image:width\" content=\"2560\" \/>\n\t<meta property=\"og:image:height\" content=\"1707\" \/>\n\t<meta property=\"og:image:type\" content=\"image\/jpeg\" \/>\n<meta name=\"twitter:card\" content=\"summary_large_image\" \/>\n<!-- \/ Yoast SEO plugin. -->","yoast_head_json":{"title":"M\u00f6t kattungen Ester, provsmakare av Mjau kattmat - Mjau Finland","description":"Ester on kissanpentu, joka toimii Mjau kissanruokien koemaistajana. Yhdess\u00e4 Tassulan muiden kissojen kanssa Ester kuuluu Mjaun tuotekehitystiimiin.","robots":{"index":"index","follow":"follow","max-snippet":"max-snippet:-1","max-image-preview":"max-image-preview:large","max-video-preview":"max-video-preview:-1"},"canonical":"https:\/\/mjau.se\/fi\/kissanruoka\/kestavasti-valmistettua-kissanruokaa\/tuotekehittelijamme\/ester\/","og_locale":"en_US","og_type":"article","og_title":"M\u00f6t kattungen Ester, provsmakare av Mjau kattmat - Mjau Finland","og_description":"Ester on kissanpentu, joka toimii Mjau kissanruokien koemaistajana. Yhdess\u00e4 Tassulan muiden kissojen kanssa Ester kuuluu Mjaun tuotekehitystiimiin.","og_url":"https:\/\/mjau.se\/fi\/kissanruoka\/kestavasti-valmistettua-kissanruokaa\/tuotekehittelijamme\/ester\/","og_site_name":"Mjau Finland","article_modified_time":"2024-03-27T09:46:40+00:00","og_image":[{"width":2560,"height":1707,"url":"https:\/\/mjau.se\/fi\/wp-content\/uploads\/sites\/2\/2023\/06\/mjau-ester-produktutvecklare-tassalyckan-scaled.jpg","type":"image\/jpeg"}],"twitter_card":"summary_large_image","schema":{"@context":"https:\/\/schema.org","@graph":[{"@type":"WebPage","@id":"https:\/\/mjau.se\/fi\/kissanruoka\/kestavasti-valmistettua-kissanruokaa\/tuotekehittelijamme\/ester\/","url":"https:\/\/mjau.se\/fi\/kissanruoka\/kestavasti-valmistettua-kissanruokaa\/tuotekehittelijamme\/ester\/","name":"M\u00f6t kattungen Ester, provsmakare av Mjau kattmat - Mjau Finland","isPartOf":{"@id":"https:\/\/mjau.se\/fi\/#website"},"datePublished":"2023-06-12T05:37:29+00:00","dateModified":"2024-03-27T09:46:40+00:00","description":"Ester on kissanpentu, joka toimii Mjau kissanruokien koemaistajana. Yhdess\u00e4 Tassulan muiden kissojen kanssa Ester kuuluu Mjaun tuotekehitystiimiin.","breadcrumb":{"@id":"https:\/\/mjau.se\/fi\/kissanruoka\/kestavasti-valmistettua-kissanruokaa\/tuotekehittelijamme\/ester\/#breadcrumb"},"inLanguage":"en-US","potentialAction":[{"@type":"ReadAction","target":["https:\/\/mjau.se\/fi\/kissanruoka\/kestavasti-valmistettua-kissanruokaa\/tuotekehittelijamme\/ester\/"]}]},{"@type":"BreadcrumbList","@id":"https:\/\/mjau.se\/fi\/kissanruoka\/kestavasti-valmistettua-kissanruokaa\/tuotekehittelijamme\/ester\/#breadcrumb","itemListElement":[{"@type":"ListItem","position":1,"name":"Home","item":"https:\/\/mjau.se\/fi\/"},{"@type":"ListItem","position":2,"name":"Kissanruoka","item":"https:\/\/mjau.se\/fi\/kissanruoka\/"},{"@type":"ListItem","position":3,"name":"Kest\u00e4v\u00e4sti valmistettua kissanruokaa","item":"https:\/\/mjau.se\/fi\/kissanruoka\/kestavasti-valmistettua-kissanruokaa\/"},{"@type":"ListItem","position":4,"name":"Ester"}]},{"@type":"WebSite","@id":"https:\/\/mjau.se\/fi\/#website","url":"https:\/\/mjau.se\/fi\/","name":"Mjau Finland","description":"","potentialAction":[{"@type":"SearchAction","target":{"@type":"EntryPoint","urlTemplate":"https:\/\/mjau.se\/fi\/?s={search_term_string}"},"query-input":"required name=search_term_string"}],"inLanguage":"en-US"}]}},"_links":{"self":[{"href":"https:\/\/mjau.se\/fi\/wp-json\/wp\/v2\/pages\/1145"}],"collection":[{"href":"https:\/\/mjau.se\/fi\/wp-json\/wp\/v2\/pages"}],"about":[{"href":"https:\/\/mjau.se\/fi\/wp-json\/wp\/v2\/types\/page"}],"author":[{"embeddable":true,"href":"https:\/\/mjau.se\/fi\/wp-json\/wp\/v2\/users\/1"}],"replies":[{"embeddable":true,"href":"https:\/\/mjau.se\/fi\/wp-json\/wp\/v2\/comments?post=1145"}],"version-history":[{"count":20,"href":"https:\/\/mjau.se\/fi\/wp-json\/wp\/v2\/pages\/1145\/revisions"}],"predecessor-version":[{"id":4889,"href":"https:\/\/mjau.se\/fi\/wp-json\/wp\/v2\/pages\/1145\/revisions\/4889"}],"up":[{"embeddable":true,"href":"https:\/\/mjau.se\/fi\/wp-json\/wp\/v2\/pages\/1141"}],"wp:featuredmedia":[{"embeddable":true,"href":"https:\/\/mjau.se\/fi\/wp-json\/wp\/v2\/media\/1146"}],"wp:attachment":[{"href":"https:\/\/mjau.se\/fi\/wp-json\/wp\/v2\/media?parent=1145"}],"curies":[{"name":"wp","href":"https:\/\/api.w.org\/{rel}","templated":true}]}}