{"id":1138,"date":"2023-06-12T05:18:36","date_gmt":"2023-06-12T05:18:36","guid":{"rendered":"https:\/\/mjau.se\/fi\/?page_id=1138"},"modified":"2024-04-22T10:11:11","modified_gmt":"2024-04-22T10:11:11","slug":"kissanminttu","status":"publish","type":"page","link":"https:\/\/mjau.se\/fi\/kaikki-kissoista\/kissan-kayttaytyminen\/kissanminttu\/","title":{"rendered":"Kissanminttu"},"content":{"rendered":"        <section class=\"sub-page-hero\">\n            <div class=\"container\">\n                \n                <div class=\"row\">\n                    <div class=\"col-md-8\">\n                        <h1 class=\"font-xl-primary\">Kissanminttu &#8211; kissan mielentilan kohottaja<\/h1><div class=\"article__introduction\">\n<p>Jotkut kissat pit\u00e4v\u00e4t siit\u00e4, jotkut eiv\u00e4t. Kissanminttu on kasvi, jolla on monia k\u00e4ytt\u00f6tarkoituksia ja kissat reagoivat siihen eri tavoilla. Olemme ker\u00e4nneet t\u00e4h\u00e4n tietoa kissanmintusta, sen vaikutuksista sek\u00e4 miten sit\u00e4 voi k\u00e4ytt\u00e4\u00e4!<\/p>\n<\/div>\n<div class=\"article__body\"><\/div>\n                    <\/div>\n                <\/div>\n            <\/div>\n        <\/section>\n    \n\n    <div class=\"single-column-warp\">\n        <div class=\"container\">\n            <div class=\"text-content\">\n               <h2>Mit\u00e4 kissanminttu on, ja kuinka se vaikuttaa<\/h2>\n<p>Kissanminttu on kukkiva kasvi, jota kasvaa ymp\u00e4ri maailmaa ja se on t\u00e4ysin vaaratonta kissalle. T\u00e4m\u00e4 aromaattinen yrtti sis\u00e4lt\u00e4\u00e4 nepetalaktonia, jonka uskotaan muistuttava kissan feromoneja, jotka liittyv\u00e4t niiden paritteluun, ja useimmat kissat kiinnostuvat kissanmintusta<\/p>\n<p>Tavallisimmin kissanmintun vaikutus kest\u00e4\u00e4 korkeintaaan noin 15 minuuttia ja sen j\u00e4lkeen voi kulua tunteja, ennen kuin kissa regoi siihen uudelleen.<\/p>\n<h2>Kissanmintun vaikutus &#8211; kaikki kissat reagoivat eri tavalla<\/h2>\n<p>Kissanmintun vaikutusta on vaikeaa ennustaa, sill\u00e4 kissat reagoivat siihen eri tavalla &#8211; jotkut kissat eiv\u00e4t itse asiassa reagoi siihen mitenk\u00e4\u00e4n.<\/p>\n<p>Monista kissoista tulee energisia, ja ne voivat k\u00e4ytt\u00e4yty\u00e4 varsin erikoisesti tai vaikuttaa jopa olevan ekstaasissa, kun taas jotkut kissat muuttuvat rauhallisiksi ja unisiksi. Jotkut kissaomistajat ovat havainneet, ett\u00e4 kissanminttu on saanut kissan kuolaamaan, maukumaan tai kehr\u00e4\u00e4m\u00e4\u00e4n. Ei ole my\u00f6sk\u00e4\u00e4n tavatonta, ett\u00e4 kissat nuolevat tai sy\u00f6v\u00e4t kissanminttua. Se ei ole vaarallista, mutta suuri m\u00e4\u00e4r\u00e4 kissanminttua voi aiheuttaa kissalle hieman vatsanv\u00e4\u00e4nteit\u00e4, joka toki menee nopeasti ohi.<\/p>\n<h2>Vinkkej\u00e4 kissanmintun k\u00e4ytt\u00f6\u00f6n<\/h2>\n<p>Kissanminttutuotteita on useita &#8211; on tuoretta, kuivattua, suihketta ja \u00f6ljy\u00e4. Oppimalla tuntemaan kissasi ja sen reaktion kissanminttuun, voit parhaiten hy\u00f6ty\u00e4 t\u00e4m\u00e4n hurmaavan tuoksun vaikutuksesta.<\/p>\n<ul>\n<li>Mik\u00e4li kissasi rauhoittuu kissanmintusta, voit k\u00e4ytt\u00e4\u00e4 sit\u00e4 rauhoittavana tekij\u00e4n\u00e4 kun kissasi k\u00e4y kierroksilla tai on stressaantunut.<\/li>\n<li>Jos sinun on vaikeaa aktivoida kissaasi, voit k\u00e4ytt\u00e4\u00e4 kissanminttua leluihin tekem\u00e4\u00e4n kiinnostavampia. Kaupoista l\u00f6yd\u00e4t runsaasti kissanleluja, jotka sis\u00e4lt\u00e4v\u00e4t kuivattua kissanminttua, mutta voit my\u00f6s mainiosti tehd\u00e4 itse omia leluja kotona.<\/li>\n<li>Jos kissasi ei pid\u00e4 matkustamisesta, voit k\u00e4ytt\u00e4\u00e4 kissanminttua rauhoittaaksesi sit\u00e4. Voit laittaa kissanminttua sis\u00e4lt\u00e4vi\u00e4 herkkuja ja purutikkuja kissan kuljetuslaatikkoon, mutta muistathan testata vaikutuksen etuk\u00e4teen, koska kissat reagoivat kissanminttuun hyvin eri tavoin.<\/li>\n<li>Jos kissasi kynsiin huonekaluja kotona, voit laittaa kissanminttusuihketta raapismispuuhun tai raapimiskalusteisiin, kannustaaksesi kissaasi teroittamaan kynsi\u00e4\u00e4n niihin huonekalujen sijasta.<\/li>\n<\/ul>\n                <\/div>\n            <\/div>\n        <\/div>\n\n\n\n        <section class=\"block post-promos\">\n        <div class=\"container\">\n            <h2 class=\"font-xl-primary\"><\/h2>\n            <div class=\"row gx-md-3\">\n                                        <div class=\"col-md-6 col-lg-4\">\n                            <a href=\"https:\/\/mjau.se\/fi\/kaikki-kissoista\/kissan-kayttaytyminen\/leikkeja-kissoille\/\">\n                                <div class=\"card \">\n                                    <img loading=\"lazy\" decoding=\"async\" width=\"450\" height=\"300\" src=\"https:\/\/mjau.se\/fi\/wp-content\/uploads\/sites\/2\/2023\/06\/mjau-kurragomma-kattlekar-450x300.jpg\" class=\"attachment-promo-thumbnail size-promo-thumbnail wp-post-image\" alt=\"Leikkej\u00e4 kissoille\" srcset=\"https:\/\/mjau.se\/fi\/wp-content\/uploads\/sites\/2\/2023\/06\/mjau-kurragomma-kattlekar-450x300.jpg 450w, https:\/\/mjau.se\/fi\/wp-content\/uploads\/sites\/2\/2023\/06\/mjau-kurragomma-kattlekar-768x511.jpg 768w, https:\/\/mjau.se\/fi\/wp-content\/uploads\/sites\/2\/2023\/06\/mjau-kurragomma-kattlekar.jpg 800w\" sizes=\"(max-width: 450px) 100vw, 450px\" \/>                                                                        <div class=\"card-body\">\n\n                                                                                <h6>Leikkej\u00e4 kissoille<\/h6>\n                                        <p>Kissat rakastavat touhuta ja saalistaa. T\u00e4\u00e4lt\u00e4 l\u00f6yd\u00e4t vinkkej\u00e4 kymmeneen kivaan leikkiin jotka antavat kissojen harjoittaa saalisvaistiaan ja samalla autta teit\u00e4 vahvistamaan suhdettanne. <\/p>\n                                        \n                                    <\/div>\n                                <\/div>\n                            <\/a>\n                        <\/div>\n                                        <div class=\"col-md-6 col-lg-4\">\n                            <a href=\"https:\/\/mjau.se\/fi\/kaikki-kissoista\/kissan-hankinta\/tarvitseeko-kissa-raapimalaudan\/\">\n                                <div class=\"card \">\n                                    <img loading=\"lazy\" decoding=\"async\" width=\"450\" height=\"300\" src=\"https:\/\/mjau.se\/fi\/wp-content\/uploads\/sites\/2\/2023\/06\/mjau-klosbrada-450x300.jpg\" class=\"attachment-promo-thumbnail size-promo-thumbnail wp-post-image\" alt=\"Tarvitseeko kissa raapimalaudan\" srcset=\"https:\/\/mjau.se\/fi\/wp-content\/uploads\/sites\/2\/2023\/06\/mjau-klosbrada-450x300.jpg 450w, https:\/\/mjau.se\/fi\/wp-content\/uploads\/sites\/2\/2023\/06\/mjau-klosbrada-768x511.jpg 768w, https:\/\/mjau.se\/fi\/wp-content\/uploads\/sites\/2\/2023\/06\/mjau-klosbrada.jpg 800w\" sizes=\"(max-width: 450px) 100vw, 450px\" \/>                                                                        <div class=\"card-body\">\n\n                                                                                <h6>Tarvitseeko kissa raapimalaudan<\/h6>\n                                        <p>Raapiminen on kissalle luonnollista k\u00e4yt\u00f6st\u00e4 ja tapa oman reviirins\u00e4 hajumerkint\u00e4\u00e4n. Mik\u00e4li kissallasi ei ole tavaroita joita se SAA raapia, se voi raapia huonekaluja ja seini\u00e4. Siksi on suotavaa, ett\u00e4 kissalla on luvallinen &#8220;raapimam\u00f6\u00f6peli&#8221;.<\/p>\n                                        \n                                    <\/div>\n                                <\/div>\n                            <\/a>\n                        <\/div>\n                            <\/div>\n                    <\/div>\n    <\/section>\n","protected":false},"excerpt":{"rendered":"<p>Kattmynta \u00e4r en v\u00e4xt som finns i flera olika former och varianter &#8211; f\u00e4rsk, torkad, som spray och olja. Alla missar reagerar olika och det finns d\u00e4rf\u00f6r m\u00e5nga olika anv\u00e4ndningsomr\u00e5den. Vi ger dig tips p\u00e5 hur just du och din p\u00e4lskling kan anv\u00e4nda det!<\/p>\n","protected":false},"author":1,"featured_media":1742,"parent":1096,"menu_order":0,"comment_status":"closed","ping_status":"closed","template":"guternberg.php","meta":{"footnotes":""},"acf":[],"yoast_head":"<!-- This site is optimized with the Yoast SEO plugin v20.10 - https:\/\/yoast.com\/wordpress\/plugins\/seo\/ -->\n<title>Vad \u00e4r kattmynta och vilken effekt har den? - Mjau Finland<\/title>\n<meta name=\"description\" content=\"Kattmynta \u00e4r en v\u00e4xt som alla katter reagerar olika p\u00e5. Vissa gillar det och andra inte. L\u00e4r dig mer om dess effekter och tips p\u00e5 hur du kan anv\u00e4nda den.\" \/>\n<meta name=\"robots\" content=\"index, follow, max-snippet:-1, max-image-preview:large, max-video-preview:-1\" \/>\n<link rel=\"canonical\" href=\"https:\/\/mjau.se\/fi\/kaikki-kissoista\/kissan-kayttaytyminen\/kissanminttu\/\" \/>\n<meta property=\"og:locale\" content=\"en_US\" \/>\n<meta property=\"og:type\" content=\"article\" \/>\n<meta property=\"og:title\" content=\"Vad \u00e4r kattmynta och vilken effekt har den? - Mjau Finland\" \/>\n<meta property=\"og:description\" content=\"Kattmynta \u00e4r en v\u00e4xt som alla katter reagerar olika p\u00e5. Vissa gillar det och andra inte. L\u00e4r dig mer om dess effekter och tips p\u00e5 hur du kan anv\u00e4nda den.\" \/>\n<meta property=\"og:url\" content=\"https:\/\/mjau.se\/fi\/kaikki-kissoista\/kissan-kayttaytyminen\/kissanminttu\/\" \/>\n<meta property=\"og:site_name\" content=\"Mjau Finland\" \/>\n<meta property=\"article:modified_time\" content=\"2024-04-22T10:11:11+00:00\" \/>\n<meta property=\"og:image\" content=\"https:\/\/mjau.se\/fi\/wp-content\/uploads\/sites\/2\/2023\/06\/mjau-kattmynta.jpg\" \/>\n\t<meta property=\"og:image:width\" content=\"800\" \/>\n\t<meta property=\"og:image:height\" content=\"540\" \/>\n\t<meta property=\"og:image:type\" content=\"image\/jpeg\" \/>\n<meta name=\"twitter:card\" content=\"summary_large_image\" \/>\n<!-- \/ Yoast SEO plugin. -->","yoast_head_json":{"title":"Vad \u00e4r kattmynta och vilken effekt har den? - Mjau Finland","description":"Kattmynta \u00e4r en v\u00e4xt som alla katter reagerar olika p\u00e5. Vissa gillar det och andra inte. L\u00e4r dig mer om dess effekter och tips p\u00e5 hur du kan anv\u00e4nda den.","robots":{"index":"index","follow":"follow","max-snippet":"max-snippet:-1","max-image-preview":"max-image-preview:large","max-video-preview":"max-video-preview:-1"},"canonical":"https:\/\/mjau.se\/fi\/kaikki-kissoista\/kissan-kayttaytyminen\/kissanminttu\/","og_locale":"en_US","og_type":"article","og_title":"Vad \u00e4r kattmynta och vilken effekt har den? - Mjau Finland","og_description":"Kattmynta \u00e4r en v\u00e4xt som alla katter reagerar olika p\u00e5. Vissa gillar det och andra inte. L\u00e4r dig mer om dess effekter och tips p\u00e5 hur du kan anv\u00e4nda den.","og_url":"https:\/\/mjau.se\/fi\/kaikki-kissoista\/kissan-kayttaytyminen\/kissanminttu\/","og_site_name":"Mjau Finland","article_modified_time":"2024-04-22T10:11:11+00:00","og_image":[{"width":800,"height":540,"url":"https:\/\/mjau.se\/fi\/wp-content\/uploads\/sites\/2\/2023\/06\/mjau-kattmynta.jpg","type":"image\/jpeg"}],"twitter_card":"summary_large_image","schema":{"@context":"https:\/\/schema.org","@graph":[{"@type":"WebPage","@id":"https:\/\/mjau.se\/fi\/kaikki-kissoista\/kissan-kayttaytyminen\/kissanminttu\/","url":"https:\/\/mjau.se\/fi\/kaikki-kissoista\/kissan-kayttaytyminen\/kissanminttu\/","name":"Vad \u00e4r kattmynta och vilken effekt har den? - Mjau Finland","isPartOf":{"@id":"https:\/\/mjau.se\/fi\/#website"},"datePublished":"2023-06-12T05:18:36+00:00","dateModified":"2024-04-22T10:11:11+00:00","description":"Kattmynta \u00e4r en v\u00e4xt som alla katter reagerar olika p\u00e5. Vissa gillar det och andra inte. L\u00e4r dig mer om dess effekter och tips p\u00e5 hur du kan anv\u00e4nda den.","breadcrumb":{"@id":"https:\/\/mjau.se\/fi\/kaikki-kissoista\/kissan-kayttaytyminen\/kissanminttu\/#breadcrumb"},"inLanguage":"en-US","potentialAction":[{"@type":"ReadAction","target":["https:\/\/mjau.se\/fi\/kaikki-kissoista\/kissan-kayttaytyminen\/kissanminttu\/"]}]},{"@type":"BreadcrumbList","@id":"https:\/\/mjau.se\/fi\/kaikki-kissoista\/kissan-kayttaytyminen\/kissanminttu\/#breadcrumb","itemListElement":[{"@type":"ListItem","position":1,"name":"Home","item":"https:\/\/mjau.se\/fi\/"},{"@type":"ListItem","position":2,"name":"Kaikki kissoista","item":"https:\/\/mjau.se\/fi\/kaikki-kissoista\/"},{"@type":"ListItem","position":3,"name":"Kissan k\u00e4ytt\u00e4ytyminen","item":"https:\/\/mjau.se\/fi\/kaikki-kissoista\/kissan-kayttaytyminen\/"},{"@type":"ListItem","position":4,"name":"Kissanminttu"}]},{"@type":"WebSite","@id":"https:\/\/mjau.se\/fi\/#website","url":"https:\/\/mjau.se\/fi\/","name":"Mjau Finland","description":"","potentialAction":[{"@type":"SearchAction","target":{"@type":"EntryPoint","urlTemplate":"https:\/\/mjau.se\/fi\/?s={search_term_string}"},"query-input":"required name=search_term_string"}],"inLanguage":"en-US"}]}},"_links":{"self":[{"href":"https:\/\/mjau.se\/fi\/wp-json\/wp\/v2\/pages\/1138"}],"collection":[{"href":"https:\/\/mjau.se\/fi\/wp-json\/wp\/v2\/pages"}],"about":[{"href":"https:\/\/mjau.se\/fi\/wp-json\/wp\/v2\/types\/page"}],"author":[{"embeddable":true,"href":"https:\/\/mjau.se\/fi\/wp-json\/wp\/v2\/users\/1"}],"replies":[{"embeddable":true,"href":"https:\/\/mjau.se\/fi\/wp-json\/wp\/v2\/comments?post=1138"}],"version-history":[{"count":15,"href":"https:\/\/mjau.se\/fi\/wp-json\/wp\/v2\/pages\/1138\/revisions"}],"predecessor-version":[{"id":4998,"href":"https:\/\/mjau.se\/fi\/wp-json\/wp\/v2\/pages\/1138\/revisions\/4998"}],"up":[{"embeddable":true,"href":"https:\/\/mjau.se\/fi\/wp-json\/wp\/v2\/pages\/1096"}],"wp:featuredmedia":[{"embeddable":true,"href":"https:\/\/mjau.se\/fi\/wp-json\/wp\/v2\/media\/1742"}],"wp:attachment":[{"href":"https:\/\/mjau.se\/fi\/wp-json\/wp\/v2\/media?parent=1138"}],"curies":[{"name":"wp","href":"https:\/\/api.w.org\/{rel}","templated":true}]}}