{"id":1135,"date":"2023-06-12T05:14:43","date_gmt":"2023-06-12T05:14:43","guid":{"rendered":"https:\/\/mjau.se\/fi\/?page_id=1135"},"modified":"2024-05-13T06:53:23","modified_gmt":"2024-05-13T06:53:23","slug":"katter-och-revirmarkering","status":"publish","type":"page","link":"https:\/\/mjau.se\/fi\/kaikki-kissoista\/kissan-kayttaytyminen\/katter-och-revirmarkering\/","title":{"rendered":"Kissat ja reviirinmerkint\u00e4"},"content":{"rendered":"        <section class=\"sub-page-hero\">\n            <div class=\"container\">\n                \n                <div class=\"row\">\n                    <div class=\"col-md-8\">\n                        <h1 class=\"font-xl-primary\">N\u00e4in kissa merkitsee reviirins\u00e4<\/h1><p>Kissat kommunikoivat hajuilla. On aivan tavallista, ett\u00e4 kissa merkitsee oman reviirins\u00e4 virtsaamalla tai raapimalla huonekaluja, se on luonnollinen k\u00e4yt\u00f6stapa kaikille kissoille. Useimmiten kissa tekee sen puhtaasti vaistonsa ohjaamana, mutta toisinaan merkkaaminen voi tapahtua siksi, ett\u00e4 kissa tuntee olonsa ep\u00e4mukavaksi ja on asioita joita voit tehd\u00e4 saadaksesi sen tuntemaan olonsa taas varmemmaksi ja paremmaksi.<\/p>\n                    <\/div>\n                <\/div>\n            <\/div>\n        <\/section>\n    \n\n    <div class=\"single-column-warp\">\n        <div class=\"container\">\n            <div class=\"text-content\">\n               <h2>Jos kissasi pissaa sis\u00e4lle\u00a0 \u2013 ota t\u00e4m\u00e4 huomioon<\/h2>\n<p>Kissan sis\u00e4lle pissaaminen voi tuntua turhauttavalta, erityisesti jos se tekee sen huonekaluille ja tekstiileille. Virtsa on reviirinmerkint\u00e4tavoista vahvin, ja se on hyvin tavallista erityisesti kastroimattomille uroskissoille.<\/p>\n<p>Sis\u00e4lle pissaava kissa merkitsee reviiri\u00e4\u00e4n. On t\u00e4rke\u00e4\u00e4, ett\u00e4 puhdistat pinnat huolellisesti, ettei kissa hakeudu virtsaamaan samaan paikkaan uudelleen. \u00c4l\u00e4 my\u00f6sk\u00e4\u00e4n huuda kissalle sen tekev\u00e4n v\u00e4\u00e4rin. Kissa ei tajua tehneens\u00e4 jotain tyhm\u00e4\u00e4, koska kyseess\u00e4 on sille luonnollinen vaisto. Reviirinmerkkaus voi lis\u00e4ksi johtua siit\u00e4, ett\u00e4 kissa tuntee olonsa stressaantuneeksi, ja teet sen olon vain huonommaksi rankaisemalla sit\u00e4.<\/p>\n<p>Useimmiten ongelma poistuu, kun kissa kastroidaan. Kastroinnilla on lis\u00e4ksi muitakin positiivisia vaikutuksia kissan terveyteen ja samalla keino v\u00e4hent\u00e4\u00e4 kodittomien kissojen m\u00e4\u00e4r\u00e4\u00e4, kun ei-toivottuja kissanpentuja ei p\u00e4\u00e4se syntym\u00e4\u00e4n.<\/p>\n<p><a title=\"Anledningar att kastrera sin katt\" href=\"https:\/\/mjau.se\/fi\/allt-om-katten\/kattens-halsa\/kastrerad-katt\/anledningar-att-kastrera-sin-katt\/\" data-udi=\"umb:\/\/document\/987005ee0a2d4d80a5d0d523117e9057\">Miksi kissan kastrointi kannattaa<\/a><\/p>\n<h2>Huonekalujen raapiminen &#8211; kissa merkitsee reviiri\u00e4\u00e4n<\/h2>\n<p>Huonekalujen raapiminen voi johtua kynsien terottamisesta, mutta se on my\u00f6s tapa merkit\u00e4 reviiri\u00e4. Kissan polkuanturoissa on ainetta, jota se k\u00e4ytt\u00e4\u00e4 huonekalujen, seinien ja tekstiilien hajumerkint\u00e4\u00e4n.<\/p>\n<p>Mik\u00e4li haluat v\u00e4ltty\u00e4 huonekalujen raapimisesta, tarjoa kissallesi raapimismahdollisuus joka raapimispuulla tai raapimislaudalla.<\/p>\n<p><a title=\"Beh\u00f6ver katten en kl\u00f6sbr\u00e4da\" href=\"https:\/\/mjau.se\/fi\/allt-om-katten\/skaffa-katt\/behover-katten-en-klosbrada\/\" data-udi=\"umb:\/\/document\/5f7d327b960d4a21aa73dc6c42054879\">Tarvitseeko kissani raapimislaudan?<\/a><\/p>\n<h2>Kissa puskee<\/h2>\n<p>Kun kissa tulee luoksesi ja puskee sinua, se on tapa sanoa hei tai saada hetki huomiota ja hellyytt\u00e4, mutta se voi johtua my\u00f6s siit\u00e4, ett\u00e4 kissasi merkitsee sinua. Sill\u00e4 on erityiset hajurauhaset poskissa, leuassa, huulissa ja h\u00e4nn\u00e4ntyvess\u00e4, jonka vuoksi kissa mielell\u00e4\u00e4n puskee hajumerkitsemi\u00e4\u00e4n tavaroita. T\u00e4ll\u00e4 tavalla kissasi osoittaa pit\u00e4v\u00e4ns\u00e4 sinusta.<\/p>\n                <\/div>\n            <\/div>\n        <\/div>\n\n\n\n        <section class=\"block post-promos\">\n        <div class=\"container\">\n            <h2 class=\"font-xl-primary\"><\/h2>\n            <div class=\"row gx-md-3\">\n                                        <div class=\"col-md-6 \">\n                            <a href=\"https:\/\/mjau.se\/fi\/kaikki-kissoista\/kissan-hankinta\/tarvitseeko-kissa-raapimalaudan\/\">\n                                <div class=\"card \">\n                                    <img loading=\"lazy\" decoding=\"async\" width=\"450\" height=\"300\" src=\"https:\/\/mjau.se\/fi\/wp-content\/uploads\/sites\/2\/2023\/06\/mjau-klosbrada-450x300.jpg\" class=\"attachment-promo-thumbnail size-promo-thumbnail wp-post-image\" alt=\"Tarvitseeko kissa raapimalaudan\" srcset=\"https:\/\/mjau.se\/fi\/wp-content\/uploads\/sites\/2\/2023\/06\/mjau-klosbrada-450x300.jpg 450w, https:\/\/mjau.se\/fi\/wp-content\/uploads\/sites\/2\/2023\/06\/mjau-klosbrada-768x511.jpg 768w, https:\/\/mjau.se\/fi\/wp-content\/uploads\/sites\/2\/2023\/06\/mjau-klosbrada.jpg 800w\" sizes=\"(max-width: 450px) 100vw, 450px\" \/>                                                                        <div class=\"card-body\">\n\n                                                                                <h6>Tarvitseeko kissa raapimalaudan<\/h6>\n                                        <p>Raapiminen on kissalle luonnollista k\u00e4yt\u00f6st\u00e4 ja tapa oman reviirins\u00e4 hajumerkint\u00e4\u00e4n. Mik\u00e4li kissallasi ei ole tavaroita joita se SAA raapia, se voi raapia huonekaluja ja seini\u00e4. Siksi on suotavaa, ett\u00e4 kissalla on luvallinen &#8220;raapimam\u00f6\u00f6peli&#8221;.<\/p>\n                                                                                    <a href=\"https:\/\/mjau.se\/fi\/kaikki-kissoista\/kissan-hankinta\/tarvitseeko-kissa-raapimalaudan\/\" class=\"btn btn-default\">Lue lis\u00e4\u00e4<\/a>\n                                        \n                                    <\/div>\n                                <\/div>\n                            <\/a>\n                        <\/div>\n                                        <div class=\"col-md-6 \">\n                            <a href=\"https:\/\/mjau.se\/fi\/kaikki-kissoista\/kissan-kayttaytyminen\/sisakissan-aktivointi\/\">\n                                <div class=\"card \">\n                                    <img loading=\"lazy\" decoding=\"async\" width=\"450\" height=\"300\" src=\"https:\/\/mjau.se\/fi\/wp-content\/uploads\/sites\/2\/2023\/06\/mjau-aktiviteter-innekatt-450x300.jpg\" class=\"attachment-promo-thumbnail size-promo-thumbnail wp-post-image\" alt=\"Sis\u00e4kissan aktivointi\" srcset=\"https:\/\/mjau.se\/fi\/wp-content\/uploads\/sites\/2\/2023\/06\/mjau-aktiviteter-innekatt-450x300.jpg 450w, https:\/\/mjau.se\/fi\/wp-content\/uploads\/sites\/2\/2023\/06\/mjau-aktiviteter-innekatt-768x512.jpg 768w, https:\/\/mjau.se\/fi\/wp-content\/uploads\/sites\/2\/2023\/06\/mjau-aktiviteter-innekatt.jpg 800w\" sizes=\"(max-width: 450px) 100vw, 450px\" \/>                                                                        <div class=\"card-body\">\n\n                                                                                <h6>Sis\u00e4kissan aktivointi<\/h6>\n                                        <p>Sis\u00e4kissa ei pysty toteuttamaan saalistusvietti\u00e4\u00e4n samalla tavalla kuin ulkokissa. Toisinaan se voi johtaa siihen, ett\u00e4 kissa keksii itse itselleen tekemist\u00e4 liikaenergiansa purkamiseksi. Ellet sin\u00e4 ehdi ensin!<\/p>\n                                                                                    <a href=\"https:\/\/mjau.se\/fi\/kaikki-kissoista\/kissan-kayttaytyminen\/sisakissan-aktivointi\/\" class=\"btn btn-default\">Lue lis\u00e4\u00e4<\/a>\n                                        \n                                    <\/div>\n                                <\/div>\n                            <\/a>\n                        <\/div>\n                            <\/div>\n                    <\/div>\n    <\/section>\n","protected":false},"excerpt":{"rendered":"<p>Kissat merkitsev\u00e4t reviiri\u00e4\u00e4n hajujen avulla, joko virtsaamalla, raapimalla tai puskemalla. Useimmiten se tapahtuu puhtaasti vaistojen ohjaamana, mutta toisinaan se johtua siit\u00e4, ett\u00e4 kissasi tuntee olonsa ep\u00e4mukavaksi. On olemassa muutama konsti, joilla voit auttaa kissan oloa.<\/p>\n","protected":false},"author":1,"featured_media":1785,"parent":1096,"menu_order":0,"comment_status":"closed","ping_status":"closed","template":"guternberg.php","meta":{"footnotes":""},"acf":[],"yoast_head":"<!-- This site is optimized with the Yoast SEO plugin v20.10 - https:\/\/yoast.com\/wordpress\/plugins\/seo\/ -->\n<title>S\u00e5 markerar katter revir - Mjau Finland<\/title>\n<meta name=\"description\" content=\"Kissat merkitsev\u00e4t reviirins\u00e4 hajuilla, jotka kertovat muille kissoille kenen reviirill\u00e4 ollaan. Sis\u00e4lle pissaaminen voi johtua kissan tarpeesta merkit\u00e4 reviirins\u00e4.\" \/>\n<meta name=\"robots\" content=\"index, follow, max-snippet:-1, max-image-preview:large, max-video-preview:-1\" \/>\n<link rel=\"canonical\" href=\"https:\/\/mjau.se\/fi\/kaikki-kissoista\/kissan-kayttaytyminen\/katter-och-revirmarkering\/\" \/>\n<meta property=\"og:locale\" content=\"en_US\" \/>\n<meta property=\"og:type\" content=\"article\" \/>\n<meta property=\"og:title\" content=\"S\u00e5 markerar katter revir - Mjau Finland\" \/>\n<meta property=\"og:description\" content=\"Kissat merkitsev\u00e4t reviirins\u00e4 hajuilla, jotka kertovat muille kissoille kenen reviirill\u00e4 ollaan. Sis\u00e4lle pissaaminen voi johtua kissan tarpeesta merkit\u00e4 reviirins\u00e4.\" \/>\n<meta property=\"og:url\" content=\"https:\/\/mjau.se\/fi\/kaikki-kissoista\/kissan-kayttaytyminen\/katter-och-revirmarkering\/\" \/>\n<meta property=\"og:site_name\" content=\"Mjau Finland\" \/>\n<meta property=\"article:modified_time\" content=\"2024-05-13T06:53:23+00:00\" \/>\n<meta property=\"og:image\" content=\"https:\/\/mjau.se\/fi\/wp-content\/uploads\/sites\/2\/2023\/06\/mjau-katters-revirtank.jpg\" \/>\n\t<meta property=\"og:image:width\" content=\"800\" \/>\n\t<meta property=\"og:image:height\" content=\"533\" \/>\n\t<meta property=\"og:image:type\" content=\"image\/jpeg\" \/>\n<meta name=\"twitter:card\" content=\"summary_large_image\" \/>\n<!-- \/ Yoast SEO plugin. -->","yoast_head_json":{"title":"S\u00e5 markerar katter revir - Mjau Finland","description":"Kissat merkitsev\u00e4t reviirins\u00e4 hajuilla, jotka kertovat muille kissoille kenen reviirill\u00e4 ollaan. Sis\u00e4lle pissaaminen voi johtua kissan tarpeesta merkit\u00e4 reviirins\u00e4.","robots":{"index":"index","follow":"follow","max-snippet":"max-snippet:-1","max-image-preview":"max-image-preview:large","max-video-preview":"max-video-preview:-1"},"canonical":"https:\/\/mjau.se\/fi\/kaikki-kissoista\/kissan-kayttaytyminen\/katter-och-revirmarkering\/","og_locale":"en_US","og_type":"article","og_title":"S\u00e5 markerar katter revir - Mjau Finland","og_description":"Kissat merkitsev\u00e4t reviirins\u00e4 hajuilla, jotka kertovat muille kissoille kenen reviirill\u00e4 ollaan. Sis\u00e4lle pissaaminen voi johtua kissan tarpeesta merkit\u00e4 reviirins\u00e4.","og_url":"https:\/\/mjau.se\/fi\/kaikki-kissoista\/kissan-kayttaytyminen\/katter-och-revirmarkering\/","og_site_name":"Mjau Finland","article_modified_time":"2024-05-13T06:53:23+00:00","og_image":[{"width":800,"height":533,"url":"https:\/\/mjau.se\/fi\/wp-content\/uploads\/sites\/2\/2023\/06\/mjau-katters-revirtank.jpg","type":"image\/jpeg"}],"twitter_card":"summary_large_image","schema":{"@context":"https:\/\/schema.org","@graph":[{"@type":"WebPage","@id":"https:\/\/mjau.se\/fi\/kaikki-kissoista\/kissan-kayttaytyminen\/katter-och-revirmarkering\/","url":"https:\/\/mjau.se\/fi\/kaikki-kissoista\/kissan-kayttaytyminen\/katter-och-revirmarkering\/","name":"S\u00e5 markerar katter revir - Mjau Finland","isPartOf":{"@id":"https:\/\/mjau.se\/fi\/#website"},"datePublished":"2023-06-12T05:14:43+00:00","dateModified":"2024-05-13T06:53:23+00:00","description":"Kissat merkitsev\u00e4t reviirins\u00e4 hajuilla, jotka kertovat muille kissoille kenen reviirill\u00e4 ollaan. Sis\u00e4lle pissaaminen voi johtua kissan tarpeesta merkit\u00e4 reviirins\u00e4.","breadcrumb":{"@id":"https:\/\/mjau.se\/fi\/kaikki-kissoista\/kissan-kayttaytyminen\/katter-och-revirmarkering\/#breadcrumb"},"inLanguage":"en-US","potentialAction":[{"@type":"ReadAction","target":["https:\/\/mjau.se\/fi\/kaikki-kissoista\/kissan-kayttaytyminen\/katter-och-revirmarkering\/"]}]},{"@type":"BreadcrumbList","@id":"https:\/\/mjau.se\/fi\/kaikki-kissoista\/kissan-kayttaytyminen\/katter-och-revirmarkering\/#breadcrumb","itemListElement":[{"@type":"ListItem","position":1,"name":"Home","item":"https:\/\/mjau.se\/fi\/"},{"@type":"ListItem","position":2,"name":"Kaikki kissoista","item":"https:\/\/mjau.se\/fi\/kaikki-kissoista\/"},{"@type":"ListItem","position":3,"name":"Kissan k\u00e4ytt\u00e4ytyminen","item":"https:\/\/mjau.se\/fi\/kaikki-kissoista\/kissan-kayttaytyminen\/"},{"@type":"ListItem","position":4,"name":"Kissat ja reviirinmerkint\u00e4"}]},{"@type":"WebSite","@id":"https:\/\/mjau.se\/fi\/#website","url":"https:\/\/mjau.se\/fi\/","name":"Mjau Finland","description":"","potentialAction":[{"@type":"SearchAction","target":{"@type":"EntryPoint","urlTemplate":"https:\/\/mjau.se\/fi\/?s={search_term_string}"},"query-input":"required name=search_term_string"}],"inLanguage":"en-US"}]}},"_links":{"self":[{"href":"https:\/\/mjau.se\/fi\/wp-json\/wp\/v2\/pages\/1135"}],"collection":[{"href":"https:\/\/mjau.se\/fi\/wp-json\/wp\/v2\/pages"}],"about":[{"href":"https:\/\/mjau.se\/fi\/wp-json\/wp\/v2\/types\/page"}],"author":[{"embeddable":true,"href":"https:\/\/mjau.se\/fi\/wp-json\/wp\/v2\/users\/1"}],"replies":[{"embeddable":true,"href":"https:\/\/mjau.se\/fi\/wp-json\/wp\/v2\/comments?post=1135"}],"version-history":[{"count":25,"href":"https:\/\/mjau.se\/fi\/wp-json\/wp\/v2\/pages\/1135\/revisions"}],"predecessor-version":[{"id":5424,"href":"https:\/\/mjau.se\/fi\/wp-json\/wp\/v2\/pages\/1135\/revisions\/5424"}],"up":[{"embeddable":true,"href":"https:\/\/mjau.se\/fi\/wp-json\/wp\/v2\/pages\/1096"}],"wp:featuredmedia":[{"embeddable":true,"href":"https:\/\/mjau.se\/fi\/wp-json\/wp\/v2\/media\/1785"}],"wp:attachment":[{"href":"https:\/\/mjau.se\/fi\/wp-json\/wp\/v2\/media?parent=1135"}],"curies":[{"name":"wp","href":"https:\/\/api.w.org\/{rel}","templated":true}]}}