{"id":1124,"date":"2023-06-12T05:02:20","date_gmt":"2023-06-12T05:02:20","guid":{"rendered":"https:\/\/mjau.se\/fi\/?page_id=1124"},"modified":"2024-05-13T06:54:34","modified_gmt":"2024-05-13T06:54:34","slug":"sisakissan-aktivointi","status":"publish","type":"page","link":"https:\/\/mjau.se\/fi\/kaikki-kissoista\/kissan-kayttaytyminen\/sisakissan-aktivointi\/","title":{"rendered":"Sis\u00e4kissan aktivointi"},"content":{"rendered":"        <section class=\"sub-page-hero\">\n            <div class=\"container\">\n                \n                <div class=\"row\">\n                    <div class=\"col-md-8\">\n                        <h1 class=\"font-xl-primary\">Aktivoi kissaasi \u2013 4 vinkki\u00e4 sis\u00e4kissojen aktivointii<\/h1><p>Sis\u00e4kissa ei pysty toteuttamaan saalistusvietti\u00e4\u00e4n samalla tavalla kuin ulkokissa. Se voikin purkaa liikaenergiaansa esimerkiksi muotoilemalla uusiksi huonekaluja ja muita tavaroita. Siksi on t\u00e4rke\u00e4\u00e4 aktivoida sis\u00e4kissaa j\u00e4rjest\u00e4m\u00e4ll\u00e4 sek\u00e4 sen kropalle ett\u00e4 kopalle teht\u00e4vi\u00e4 &#8211; jotta kissasi pysyy terveen\u00e4 ja hyv\u00e4ntuulisena.<\/p>\n                    <\/div>\n                <\/div>\n            <\/div>\n        <\/section>\n    \n\n    <div class=\"single-column-warp\">\n        <div class=\"container\">\n            <div class=\"text-content\">\n               <p>Kissan kanssa voi tehd\u00e4 kaikenlaista kivaa yhdess\u00e4, mutta my\u00f6s kissanleluja on hyv\u00e4 olla olemassa, jotta kissa voi aktivoida itse itse\u00e4\u00e4n. T\u00e4ss\u00e4 muutamia vinkkej\u00e4 sis\u00e4kissan aktivointiin.<\/p>\n<h3>1. Tee itse leikkikaluja<\/h3>\n<p>Kissan aktivointiin k\u00e4ytett\u00e4vien lelujen ei tarvitse olla kalliita. Rakenna kissalle tunneli kartongista tai leikkaa paperikassin kantokahvat pois ja anna kissasi koitaa loput. Rullalle k\u00e4\u00e4nnetyt sukat, pingispallo tai PET-pullon korkki k\u00e4yv\u00e4t my\u00f6s mainiosti leikkikaluiksi. Anna luovuutesi kukkia!<\/p>\n<h3>2. Anna kissan &#8220;saalistaa&#8221; ruokansa<\/h3>\n<p>Kissasta voi olla hauskaa etsi\u00e4 ruokaansa kuten se saalistaisi luonnossa jyrsij\u00f6it\u00e4. Piilota kuivaruokaa eri paikkoihin ja anna kissasi etsi\u00e4 niit\u00e4. Tuolin alle, kukkaruukun taakese tai kiipeilypuun p\u00e4\u00e4lle. Erinomainen keino aktivoida sis\u00e4kissaa, ole siis kekseli\u00e4s piilottelija!<\/p>\n<p>Voit my\u00f6s aktivoida sis\u00e4kissaasi erilaisilla leikeill\u00e4 ja erityisill\u00e4 ruokakupeilla, jotka on kehitetty juuri sit\u00e4 varten. Tai mikset tekisi itse? Laita ruokaa tai herkkuja tyhj\u00e4\u00e4n kananmunakennoon tai paperirullaan, tai t\u00e4yt\u00e4 lelu kissanmintulla. N\u00e4m\u00e4 saavat kissan tekem\u00e4\u00e4n t\u00f6it\u00e4 ruokansa eteen, aivan kuten ulkona luonnossa.<\/p>\n<h3>3. Opeta kissalle temppuja<\/h3>\n<p>Noutaminen, tassun antaminen ja istuminen ovat mainioita temppuja sis\u00e4kissan aktivointiin. Yleens\u00e4 ajatellaan, ett\u00e4 temppuja tekev\u00e4t koirat, mutta tosiasiassa my\u00f6s kissat oppivat k\u00e4skyj\u00e4. Se vaatii harjoittelua ja k\u00e4rsiv\u00e4llisyytt\u00e4, mutta lopussa kiitos seisoo. Muista aina k\u00e4ytt\u00e4\u00e4 samaa k\u00e4skysanaa, ja palkita kissa suorituksesta. Positiivinen vahvistaminen on paras tapa lemmikin kouluttamiseen.<\/p>\n<h3>4. Vie kissa turvallisesti ulos<\/h3>\n<p>Voit my\u00f6s aktivoida sis\u00e4kissaasi ulkona. Hanki valjaat ja talutin kissallesi, jotta voitte k\u00e4yd\u00e4 ulkona pienill\u00e4 k\u00e4velyill\u00e4. Ulkona on paljon mielenkiintoista katseltavaa ja haisteltavaa ja monet kissat pit\u00e4v\u00e4t esimerkiksi ruohon sy\u00f6misest\u00e4, koska se edist\u00e4\u00e4 ruoansulatusta. Mik\u00e4li teill\u00e4 ei ole mahdollisuutta ulkoiluun, voit my\u00f6s ostaa kissanruohoa kotiin.<\/p>\n<p>Jos sinulla on parveke, voit sis\u00e4kissaa aktivoida antamalla sen katsella ohikulkevia lintuja ja muita el\u00e4imi\u00e4. Parvekkeella tulee kuitenkin olla parvekeverkko, ettei kissa p\u00e4\u00e4se hypp\u00e4\u00e4m\u00e4\u00e4n tai putoamaan parvekkeelta.<\/p>\n                <\/div>\n            <\/div>\n        <\/div>\n\n\n\n        <section class=\"block post-promos\">\n        <div class=\"container\">\n            <h2 class=\"font-xl-primary\"><\/h2>\n            <div class=\"row gx-md-3\">\n                                        <div class=\"col-md-6 \">\n                            <a href=\"https:\/\/mjau.se\/fi\/kaikki-kissoista\/kissan-kayttaytyminen\/leikkeja-kissoille\/\">\n                                <div class=\"card \">\n                                    <img loading=\"lazy\" decoding=\"async\" width=\"450\" height=\"300\" src=\"https:\/\/mjau.se\/fi\/wp-content\/uploads\/sites\/2\/2023\/06\/mjau-kurragomma-kattlekar-450x300.jpg\" class=\"attachment-promo-thumbnail size-promo-thumbnail wp-post-image\" alt=\"Leikkej\u00e4 kissoille\" srcset=\"https:\/\/mjau.se\/fi\/wp-content\/uploads\/sites\/2\/2023\/06\/mjau-kurragomma-kattlekar-450x300.jpg 450w, https:\/\/mjau.se\/fi\/wp-content\/uploads\/sites\/2\/2023\/06\/mjau-kurragomma-kattlekar-768x511.jpg 768w, https:\/\/mjau.se\/fi\/wp-content\/uploads\/sites\/2\/2023\/06\/mjau-kurragomma-kattlekar.jpg 800w\" sizes=\"(max-width: 450px) 100vw, 450px\" \/>                                                                        <div class=\"card-body\">\n\n                                                                                <h6>Leikkej\u00e4 kissoille<\/h6>\n                                        <p>Kissat rakastavat touhuta ja saalistaa. T\u00e4\u00e4lt\u00e4 l\u00f6yd\u00e4t vinkkej\u00e4 kymmeneen kivaan leikkiin jotka antavat kissojen harjoittaa saalisvaistiaan ja samalla autta teit\u00e4 vahvistamaan suhdettanne. <\/p>\n                                                                                    <a href=\"https:\/\/mjau.se\/fi\/kaikki-kissoista\/kissan-kayttaytyminen\/leikkeja-kissoille\/\" class=\"btn btn-default\">Lue lis\u00e4\u00e4<\/a>\n                                        \n                                    <\/div>\n                                <\/div>\n                            <\/a>\n                        <\/div>\n                                        <div class=\"col-md-6 \">\n                            <a href=\"https:\/\/mjau.se\/fi\/kaikki-kissoista\/kissan-kayttaytyminen\/kissamaisia-myytteja\/\">\n                                <div class=\"card \">\n                                    <img loading=\"lazy\" decoding=\"async\" width=\"450\" height=\"300\" src=\"https:\/\/mjau.se\/fi\/wp-content\/uploads\/sites\/2\/2023\/06\/mjau-katter-myter-450x300.jpg\" class=\"attachment-promo-thumbnail size-promo-thumbnail wp-post-image\" alt=\"Kissamaisia myyttej\u00e4\" srcset=\"https:\/\/mjau.se\/fi\/wp-content\/uploads\/sites\/2\/2023\/06\/mjau-katter-myter-450x300.jpg 450w, https:\/\/mjau.se\/fi\/wp-content\/uploads\/sites\/2\/2023\/06\/mjau-katter-myter-768x511.jpg 768w, https:\/\/mjau.se\/fi\/wp-content\/uploads\/sites\/2\/2023\/06\/mjau-katter-myter.jpg 800w\" sizes=\"(max-width: 450px) 100vw, 450px\" \/>                                                                        <div class=\"card-body\">\n\n                                                                                <h6>Kissamaisia myyttej\u00e4<\/h6>\n                                        <p>Kissoista on monenlaisia myyttej\u00e4 &#8211; mutta ovatko ne tosia? Otimme selv\u00e4\u00e4 viidest\u00e4 tavanomaisesta uskomuksesta. <\/p>\n                                                                                    <a href=\"https:\/\/mjau.se\/fi\/kaikki-kissoista\/kissan-kayttaytyminen\/kissamaisia-myytteja\/\" class=\"btn btn-default\">Lue lis\u00e4\u00e4<\/a>\n                                        \n                                    <\/div>\n                                <\/div>\n                            <\/a>\n                        <\/div>\n                            <\/div>\n                    <\/div>\n    <\/section>\n","protected":false},"excerpt":{"rendered":"<p>Sis\u00e4kissa ei pysty toteuttamaan saalistusvietti\u00e4\u00e4n samalla tavalla kuin ulkokissa. Toisinaan se voi johtaa siihen, ett\u00e4 kissa keksii itse itselleen tekemist\u00e4 liikaenergiansa purkamiseksi. Ellet sin\u00e4 ehdi ensin!<\/p>\n","protected":false},"author":1,"featured_media":1660,"parent":1096,"menu_order":0,"comment_status":"closed","ping_status":"closed","template":"guternberg.php","meta":{"footnotes":""},"acf":[],"yoast_head":"<!-- This site is optimized with the Yoast SEO plugin v20.10 - https:\/\/yoast.com\/wordpress\/plugins\/seo\/ -->\n<title>Aktivera katt i l\u00e4genhet \u2013 fyra tips f\u00f6r innekatter - Mjau Finland<\/title>\n<meta name=\"description\" content=\"Eftersom innekatter ofta r\u00f6r p\u00e5 sig mindre \u00e4r det bra att aktivera katten i l\u00e4ghenheten eller andra inomhusmilj\u00f6er. Tips f\u00f6r att aktivera din innekatt.\" \/>\n<meta name=\"robots\" content=\"index, follow, max-snippet:-1, max-image-preview:large, max-video-preview:-1\" \/>\n<link rel=\"canonical\" href=\"https:\/\/mjau.se\/fi\/kaikki-kissoista\/kissan-kayttaytyminen\/sisakissan-aktivointi\/\" \/>\n<meta property=\"og:locale\" content=\"en_US\" \/>\n<meta property=\"og:type\" content=\"article\" \/>\n<meta property=\"og:title\" content=\"Aktivera katt i l\u00e4genhet \u2013 fyra tips f\u00f6r innekatter - Mjau Finland\" \/>\n<meta property=\"og:description\" content=\"Eftersom innekatter ofta r\u00f6r p\u00e5 sig mindre \u00e4r det bra att aktivera katten i l\u00e4ghenheten eller andra inomhusmilj\u00f6er. Tips f\u00f6r att aktivera din innekatt.\" \/>\n<meta property=\"og:url\" content=\"https:\/\/mjau.se\/fi\/kaikki-kissoista\/kissan-kayttaytyminen\/sisakissan-aktivointi\/\" \/>\n<meta property=\"og:site_name\" content=\"Mjau Finland\" \/>\n<meta property=\"article:modified_time\" content=\"2024-05-13T06:54:34+00:00\" \/>\n<meta property=\"og:image\" content=\"https:\/\/mjau.se\/fi\/wp-content\/uploads\/sites\/2\/2023\/06\/mjau-aktiviteter-innekatt.jpg\" \/>\n\t<meta property=\"og:image:width\" content=\"800\" \/>\n\t<meta property=\"og:image:height\" content=\"533\" \/>\n\t<meta property=\"og:image:type\" content=\"image\/jpeg\" \/>\n<meta name=\"twitter:card\" content=\"summary_large_image\" \/>\n<!-- \/ Yoast SEO plugin. -->","yoast_head_json":{"title":"Aktivera katt i l\u00e4genhet \u2013 fyra tips f\u00f6r innekatter - Mjau Finland","description":"Eftersom innekatter ofta r\u00f6r p\u00e5 sig mindre \u00e4r det bra att aktivera katten i l\u00e4ghenheten eller andra inomhusmilj\u00f6er. Tips f\u00f6r att aktivera din innekatt.","robots":{"index":"index","follow":"follow","max-snippet":"max-snippet:-1","max-image-preview":"max-image-preview:large","max-video-preview":"max-video-preview:-1"},"canonical":"https:\/\/mjau.se\/fi\/kaikki-kissoista\/kissan-kayttaytyminen\/sisakissan-aktivointi\/","og_locale":"en_US","og_type":"article","og_title":"Aktivera katt i l\u00e4genhet \u2013 fyra tips f\u00f6r innekatter - Mjau Finland","og_description":"Eftersom innekatter ofta r\u00f6r p\u00e5 sig mindre \u00e4r det bra att aktivera katten i l\u00e4ghenheten eller andra inomhusmilj\u00f6er. Tips f\u00f6r att aktivera din innekatt.","og_url":"https:\/\/mjau.se\/fi\/kaikki-kissoista\/kissan-kayttaytyminen\/sisakissan-aktivointi\/","og_site_name":"Mjau Finland","article_modified_time":"2024-05-13T06:54:34+00:00","og_image":[{"width":800,"height":533,"url":"https:\/\/mjau.se\/fi\/wp-content\/uploads\/sites\/2\/2023\/06\/mjau-aktiviteter-innekatt.jpg","type":"image\/jpeg"}],"twitter_card":"summary_large_image","schema":{"@context":"https:\/\/schema.org","@graph":[{"@type":"WebPage","@id":"https:\/\/mjau.se\/fi\/kaikki-kissoista\/kissan-kayttaytyminen\/sisakissan-aktivointi\/","url":"https:\/\/mjau.se\/fi\/kaikki-kissoista\/kissan-kayttaytyminen\/sisakissan-aktivointi\/","name":"Aktivera katt i l\u00e4genhet \u2013 fyra tips f\u00f6r innekatter - Mjau Finland","isPartOf":{"@id":"https:\/\/mjau.se\/fi\/#website"},"datePublished":"2023-06-12T05:02:20+00:00","dateModified":"2024-05-13T06:54:34+00:00","description":"Eftersom innekatter ofta r\u00f6r p\u00e5 sig mindre \u00e4r det bra att aktivera katten i l\u00e4ghenheten eller andra inomhusmilj\u00f6er. Tips f\u00f6r att aktivera din innekatt.","breadcrumb":{"@id":"https:\/\/mjau.se\/fi\/kaikki-kissoista\/kissan-kayttaytyminen\/sisakissan-aktivointi\/#breadcrumb"},"inLanguage":"en-US","potentialAction":[{"@type":"ReadAction","target":["https:\/\/mjau.se\/fi\/kaikki-kissoista\/kissan-kayttaytyminen\/sisakissan-aktivointi\/"]}]},{"@type":"BreadcrumbList","@id":"https:\/\/mjau.se\/fi\/kaikki-kissoista\/kissan-kayttaytyminen\/sisakissan-aktivointi\/#breadcrumb","itemListElement":[{"@type":"ListItem","position":1,"name":"Home","item":"https:\/\/mjau.se\/fi\/"},{"@type":"ListItem","position":2,"name":"Kaikki kissoista","item":"https:\/\/mjau.se\/fi\/kaikki-kissoista\/"},{"@type":"ListItem","position":3,"name":"Kissan k\u00e4ytt\u00e4ytyminen","item":"https:\/\/mjau.se\/fi\/kaikki-kissoista\/kissan-kayttaytyminen\/"},{"@type":"ListItem","position":4,"name":"Sis\u00e4kissan aktivointi"}]},{"@type":"WebSite","@id":"https:\/\/mjau.se\/fi\/#website","url":"https:\/\/mjau.se\/fi\/","name":"Mjau Finland","description":"","potentialAction":[{"@type":"SearchAction","target":{"@type":"EntryPoint","urlTemplate":"https:\/\/mjau.se\/fi\/?s={search_term_string}"},"query-input":"required name=search_term_string"}],"inLanguage":"en-US"}]}},"_links":{"self":[{"href":"https:\/\/mjau.se\/fi\/wp-json\/wp\/v2\/pages\/1124"}],"collection":[{"href":"https:\/\/mjau.se\/fi\/wp-json\/wp\/v2\/pages"}],"about":[{"href":"https:\/\/mjau.se\/fi\/wp-json\/wp\/v2\/types\/page"}],"author":[{"embeddable":true,"href":"https:\/\/mjau.se\/fi\/wp-json\/wp\/v2\/users\/1"}],"replies":[{"embeddable":true,"href":"https:\/\/mjau.se\/fi\/wp-json\/wp\/v2\/comments?post=1124"}],"version-history":[{"count":13,"href":"https:\/\/mjau.se\/fi\/wp-json\/wp\/v2\/pages\/1124\/revisions"}],"predecessor-version":[{"id":5426,"href":"https:\/\/mjau.se\/fi\/wp-json\/wp\/v2\/pages\/1124\/revisions\/5426"}],"up":[{"embeddable":true,"href":"https:\/\/mjau.se\/fi\/wp-json\/wp\/v2\/pages\/1096"}],"wp:featuredmedia":[{"embeddable":true,"href":"https:\/\/mjau.se\/fi\/wp-json\/wp\/v2\/media\/1660"}],"wp:attachment":[{"href":"https:\/\/mjau.se\/fi\/wp-json\/wp\/v2\/media?parent=1124"}],"curies":[{"name":"wp","href":"https:\/\/api.w.org\/{rel}","templated":true}]}}