{"id":1120,"date":"2023-06-12T04:49:47","date_gmt":"2023-06-12T04:49:47","guid":{"rendered":"https:\/\/mjau.se\/fi\/?page_id=1120"},"modified":"2024-05-13T06:52:29","modified_gmt":"2024-05-13T06:52:29","slug":"kissamaisia-myytteja","status":"publish","type":"page","link":"https:\/\/mjau.se\/fi\/kaikki-kissoista\/kissan-kayttaytyminen\/kissamaisia-myytteja\/","title":{"rendered":"Kissamaisia myyttej\u00e4"},"content":{"rendered":"        <section class=\"sub-page-hero\">\n            <div class=\"container\">\n                \n                <div class=\"row\">\n                    <div class=\"col-md-8\">\n                        <h1 class=\"font-xl-primary\">Viisi tavallista myytti\u00e4 kissoista<\/h1><div class=\"article__introduction\">\n<p>Onko kissalla yhdeks\u00e4n el\u00e4m\u00e4\u00e4, oppivatko ne temppuja ja viihtyv\u00e4tk\u00f6 ne parhaiten yksin? Erilaisia uskomuksia kissoista on useita. Me Mjaulla listasimme eri uskomuksia ja perehdyimme niihin tarkemmin.<\/p>\n<\/div>\n<div class=\"article__body\"><\/div>\n                    <\/div>\n                <\/div>\n            <\/div>\n        <\/section>\n    \n\n    <div class=\"single-column-warp\">\n        <div class=\"container\">\n            <div class=\"text-content\">\n               <h3>Kissoilla on yhdeks\u00e4n el\u00e4m\u00e4\u00e4<\/h3>\n<p>Kaikki ovat varmasti kuulleet sanonnan Kissoilla on yhdeks\u00e4n el\u00e4m\u00e4\u00e4. Mutta mist\u00e4 sanonta tulee, ja onko se totta vai tarua?<\/p>\n<p>Aivan varmasti ei tiedet\u00e4 mist\u00e4 sanonta tulee. Sanontaa k\u00e4ytet\u00e4\u00e4n kaikkialla maailmassa, vaikkakin el\u00e4mien m\u00e4\u00e4r\u00e4 voi vaihdella maasta riippuen. Esimerkiksi Espanjassa kissoilla on seitsem\u00e4n el\u00e4m\u00e4\u00e4 ja Turkissa kuusi.<\/p>\n<p>Kissoilla on uskomaton kehonhallinta, ja ne laskeutuvatkin useimmiten jaloilleen, joka voi olla yksi syy siihen, ett\u00e4 pid\u00e4mme kissoja kuolemattomina. Totuus on kuitenkin se, ett\u00e4 kissat, kuten kaikki muutkin el\u00e4imet, tarvitsevat hoivaa ja huolenpitoa el\u00e4\u00e4kseen pitk\u00e4n ja turvallisen el\u00e4m\u00e4n.<\/p>\n<h3>Kissat ja koirat eiv\u00e4t tule toimeen kesken\u00e4\u00e4n<\/h3>\n<p>Kissat ja koirat ovat vannoutuneita vihollisia, on sekin vanha sanonta. T\u00e4m\u00e4 uskomus on my\u00f6s alkuper\u00e4 ilmaisulle &#8220;kuin kissa ja koira&#8221; kun yhteiselo on kaikkea muuta kuin sopuisaa. Tosiasiassa mik\u00e4\u00e4n ei est\u00e4 koiria ja kissoja yst\u00e4vystym\u00e4st\u00e4, kunhan tutustuminen on varovaista ja niiden annetaan tottua toisiinsa kaikessa rauhassa.<\/p>\n<p><a title=\"Introducera katt och hund\" href=\"https:\/\/mjau.se\/fi\/allt-om-katten\/kattens-beteende\/introducera-katt-och-hund\/\" data-udi=\"umb:\/\/document\/19226c8647a047afbec925d8d9986e58\">Lue lis\u00e4\u00e4 kuinka parhaiten tutustutat kissan ja koiran toisiinsa.<\/a><\/p>\n<h3>Kissat p\u00e4rj\u00e4\u00e4v\u00e4t yksin luonnossa<\/h3>\n<p>Monet ik\u00e4v\u00e4 kyll\u00e4 uskovat, ett\u00e4 kissat, toisin kuin koirat, p\u00e4rj\u00e4\u00e4v\u00e4t yksin luonnossa. Se ei pid\u00e4 paikkaansa. My\u00f6s kissat ovat kesyyntyneet ja tarvitsevat ihmisi\u00e4 p\u00e4rj\u00e4t\u00e4\u00e4kseen. Siit\u00e4 huolimatta Suomessa on kymmeni\u00e4 tuhansia kodittomia kissoja. Kodittomien kissojen el\u00e4m\u00e4 on kovaa. Sairaudet, vammat ja ruoan puute ovat merkitt\u00e4v\u00e4 el\u00e4m\u00e4nlaadun alentaja.<\/p>\n<p><a href=\"https:\/\/mjau.se\/fi\/kattliv\/\">S\u00e5 h\u00e4r jobbar vi p\u00e5 Mjau f\u00f6r att utrota kattheml\u00f6sheten<\/a><\/p>\n<h3>Kissat viihtyv\u00e4t parhaiten yksin<\/h3>\n<p>Kissat ovat itsen\u00e4isi\u00e4 el\u00e4imi\u00e4 &#8211; se pit\u00e4\u00e4 paikkansa. Mutta sen lis\u00e4ksi ne ovat sosiaalisia ja voivat parhaiten, kun saavat seurustella ihmisten ja muiden el\u00e4inten kanssa. Kissan vointi on lain mukaan tarkistettava v\u00e4hint\u00e4\u00e4n kerran vuorokaudessa, mutta niiden kanssa tulisi viett\u00e4\u00e4 enemm\u00e4nkin aikaa. Kissanpennut, seniorit ja sairaat kissat tarvitsevat luonnollisesti enemm\u00e4n huomiota.<\/p>\n<p>Kissan j\u00e4tt\u00e4minen yksin pelk\u00e4n ruoan ja veden kera pidemm\u00e4ksi ajaksi ei ole vain v\u00e4\u00e4rin, se on lis\u00e4ksi laitonta. Laki el\u00e4inten hyvinvoinnista velvoittaa tarkastamaan kissan voinnin v\u00e4hint\u00e4\u00e4n kerran p\u00e4iv\u00e4ss\u00e4, useamminkin, mik\u00e4li siihen on tarvetta.<\/p>\n<h3>Kissat eiv\u00e4t opi temppuja<\/h3>\n<p>Istu, maahan, py\u00f6ri! Monet uskovat ett\u00e4 t\u00e4llaiset temput ovat vain koiria varten, mutta se ei pid\u00e4 paikkaansa. My\u00f6s kissat voivat oppia useimmat niist\u00e4, kunhan palkkaus on vain kohdillaan!<\/p>\n<p>Kun olet l\u00f6yt\u00e4nyt tavan palkita kissaasi, joka motivoi sit\u00e4, voi harjoittelu alkaa. Kissat, aivan kuten koiratkin, tarvitsevat aikaa yhdist\u00e4\u00e4kseen oikean liikkeen saamaansa palkintoon.<\/p>\n<p>Monet uskomukset kissoista ovat siis juurikin niit\u00e4, uskomuksia.<\/p>\n                <\/div>\n            <\/div>\n        <\/div>\n\n\n\n        <section class=\"block post-promos\">\n        <div class=\"container\">\n            <h2 class=\"font-xl-primary\"><\/h2>\n            <div class=\"row gx-md-3\">\n                                        <div class=\"col-md-6 \">\n                            <a href=\"https:\/\/mjau.se\/fi\/kaikki-kissoista\/kissan-kayttaytyminen\/katter-och-revirmarkering\/\">\n                                <div class=\"card \">\n                                    <img loading=\"lazy\" decoding=\"async\" width=\"450\" height=\"300\" src=\"https:\/\/mjau.se\/fi\/wp-content\/uploads\/sites\/2\/2023\/06\/mjau-katters-revirtank-450x300.jpg\" class=\"attachment-promo-thumbnail size-promo-thumbnail wp-post-image\" alt=\"Kissat ja reviirinmerkint\u00e4\" srcset=\"https:\/\/mjau.se\/fi\/wp-content\/uploads\/sites\/2\/2023\/06\/mjau-katters-revirtank-450x300.jpg 450w, https:\/\/mjau.se\/fi\/wp-content\/uploads\/sites\/2\/2023\/06\/mjau-katters-revirtank-768x512.jpg 768w, https:\/\/mjau.se\/fi\/wp-content\/uploads\/sites\/2\/2023\/06\/mjau-katters-revirtank.jpg 800w\" sizes=\"(max-width: 450px) 100vw, 450px\" \/>                                                                        <div class=\"card-body\">\n\n                                                                                <h6>Kissat ja reviirinmerkint\u00e4<\/h6>\n                                        <p>Kissat merkitsev\u00e4t reviiri\u00e4\u00e4n hajujen avulla, joko virtsaamalla, raapimalla tai puskemalla. Useimmiten se tapahtuu puhtaasti vaistojen ohjaamana, mutta toisinaan se johtua siit\u00e4, ett\u00e4 kissasi tuntee olonsa ep\u00e4mukavaksi. On olemassa muutama konsti, joilla voit auttaa kissan oloa.<\/p>\n                                                                                    <a href=\"https:\/\/mjau.se\/fi\/kaikki-kissoista\/kissan-kayttaytyminen\/katter-och-revirmarkering\/\" class=\"btn btn-default\">Lue lis\u00e4\u00e4<\/a>\n                                        \n                                    <\/div>\n                                <\/div>\n                            <\/a>\n                        <\/div>\n                            <\/div>\n                    <\/div>\n    <\/section>\n","protected":false},"excerpt":{"rendered":"<p>Kissoista on monenlaisia myyttej\u00e4 &#8211; mutta ovatko ne tosia? Otimme selv\u00e4\u00e4 viidest\u00e4 tavanomaisesta uskomuksesta. <\/p>\n","protected":false},"author":1,"featured_media":1789,"parent":1096,"menu_order":0,"comment_status":"closed","ping_status":"closed","template":"guternberg.php","meta":{"footnotes":""},"acf":[],"yoast_head":"<!-- This site is optimized with the Yoast SEO plugin v20.10 - https:\/\/yoast.com\/wordpress\/plugins\/seo\/ -->\n<title>Viisi tavallista myytti\u00e4 kissoista \u2013 pit\u00e4\u00e4k\u00f6 paikkansa? - Mjau Finland<\/title>\n<meta name=\"description\" content=\"Onko kissoilla yhdeks\u00e4n el\u00e4m\u00e4\u00e4? Voivatko kissat ja koirat olla yst\u00e4vi\u00e4? P\u00e4rj\u00e4\u00e4k\u00f6 kissa yksin luonnossa? Mjau otti selv\u00e4\u00e4.\" \/>\n<meta name=\"robots\" content=\"index, follow, max-snippet:-1, max-image-preview:large, max-video-preview:-1\" \/>\n<link rel=\"canonical\" href=\"https:\/\/mjau.se\/fi\/kaikki-kissoista\/kissan-kayttaytyminen\/kissamaisia-myytteja\/\" \/>\n<meta property=\"og:locale\" content=\"en_US\" \/>\n<meta property=\"og:type\" content=\"article\" \/>\n<meta property=\"og:title\" content=\"Viisi tavallista myytti\u00e4 kissoista \u2013 pit\u00e4\u00e4k\u00f6 paikkansa? - Mjau Finland\" \/>\n<meta property=\"og:description\" content=\"Onko kissoilla yhdeks\u00e4n el\u00e4m\u00e4\u00e4? Voivatko kissat ja koirat olla yst\u00e4vi\u00e4? P\u00e4rj\u00e4\u00e4k\u00f6 kissa yksin luonnossa? Mjau otti selv\u00e4\u00e4.\" \/>\n<meta property=\"og:url\" content=\"https:\/\/mjau.se\/fi\/kaikki-kissoista\/kissan-kayttaytyminen\/kissamaisia-myytteja\/\" \/>\n<meta property=\"og:site_name\" content=\"Mjau Finland\" \/>\n<meta property=\"article:modified_time\" content=\"2024-05-13T06:52:29+00:00\" \/>\n<meta property=\"og:image\" content=\"https:\/\/mjau.se\/fi\/wp-content\/uploads\/sites\/2\/2023\/06\/mjau-katter-myter.jpg\" \/>\n\t<meta property=\"og:image:width\" content=\"800\" \/>\n\t<meta property=\"og:image:height\" content=\"532\" \/>\n\t<meta property=\"og:image:type\" content=\"image\/jpeg\" \/>\n<meta name=\"twitter:card\" content=\"summary_large_image\" \/>\n<!-- \/ Yoast SEO plugin. -->","yoast_head_json":{"title":"Viisi tavallista myytti\u00e4 kissoista \u2013 pit\u00e4\u00e4k\u00f6 paikkansa? - Mjau Finland","description":"Onko kissoilla yhdeks\u00e4n el\u00e4m\u00e4\u00e4? Voivatko kissat ja koirat olla yst\u00e4vi\u00e4? P\u00e4rj\u00e4\u00e4k\u00f6 kissa yksin luonnossa? Mjau otti selv\u00e4\u00e4.","robots":{"index":"index","follow":"follow","max-snippet":"max-snippet:-1","max-image-preview":"max-image-preview:large","max-video-preview":"max-video-preview:-1"},"canonical":"https:\/\/mjau.se\/fi\/kaikki-kissoista\/kissan-kayttaytyminen\/kissamaisia-myytteja\/","og_locale":"en_US","og_type":"article","og_title":"Viisi tavallista myytti\u00e4 kissoista \u2013 pit\u00e4\u00e4k\u00f6 paikkansa? - Mjau Finland","og_description":"Onko kissoilla yhdeks\u00e4n el\u00e4m\u00e4\u00e4? Voivatko kissat ja koirat olla yst\u00e4vi\u00e4? P\u00e4rj\u00e4\u00e4k\u00f6 kissa yksin luonnossa? Mjau otti selv\u00e4\u00e4.","og_url":"https:\/\/mjau.se\/fi\/kaikki-kissoista\/kissan-kayttaytyminen\/kissamaisia-myytteja\/","og_site_name":"Mjau Finland","article_modified_time":"2024-05-13T06:52:29+00:00","og_image":[{"width":800,"height":532,"url":"https:\/\/mjau.se\/fi\/wp-content\/uploads\/sites\/2\/2023\/06\/mjau-katter-myter.jpg","type":"image\/jpeg"}],"twitter_card":"summary_large_image","schema":{"@context":"https:\/\/schema.org","@graph":[{"@type":"WebPage","@id":"https:\/\/mjau.se\/fi\/kaikki-kissoista\/kissan-kayttaytyminen\/kissamaisia-myytteja\/","url":"https:\/\/mjau.se\/fi\/kaikki-kissoista\/kissan-kayttaytyminen\/kissamaisia-myytteja\/","name":"Viisi tavallista myytti\u00e4 kissoista \u2013 pit\u00e4\u00e4k\u00f6 paikkansa? - Mjau Finland","isPartOf":{"@id":"https:\/\/mjau.se\/fi\/#website"},"datePublished":"2023-06-12T04:49:47+00:00","dateModified":"2024-05-13T06:52:29+00:00","description":"Onko kissoilla yhdeks\u00e4n el\u00e4m\u00e4\u00e4? Voivatko kissat ja koirat olla yst\u00e4vi\u00e4? P\u00e4rj\u00e4\u00e4k\u00f6 kissa yksin luonnossa? Mjau otti selv\u00e4\u00e4.","breadcrumb":{"@id":"https:\/\/mjau.se\/fi\/kaikki-kissoista\/kissan-kayttaytyminen\/kissamaisia-myytteja\/#breadcrumb"},"inLanguage":"en-US","potentialAction":[{"@type":"ReadAction","target":["https:\/\/mjau.se\/fi\/kaikki-kissoista\/kissan-kayttaytyminen\/kissamaisia-myytteja\/"]}]},{"@type":"BreadcrumbList","@id":"https:\/\/mjau.se\/fi\/kaikki-kissoista\/kissan-kayttaytyminen\/kissamaisia-myytteja\/#breadcrumb","itemListElement":[{"@type":"ListItem","position":1,"name":"Home","item":"https:\/\/mjau.se\/fi\/"},{"@type":"ListItem","position":2,"name":"Kaikki kissoista","item":"https:\/\/mjau.se\/fi\/kaikki-kissoista\/"},{"@type":"ListItem","position":3,"name":"Kissan k\u00e4ytt\u00e4ytyminen","item":"https:\/\/mjau.se\/fi\/kaikki-kissoista\/kissan-kayttaytyminen\/"},{"@type":"ListItem","position":4,"name":"Kissamaisia myyttej\u00e4"}]},{"@type":"WebSite","@id":"https:\/\/mjau.se\/fi\/#website","url":"https:\/\/mjau.se\/fi\/","name":"Mjau Finland","description":"","potentialAction":[{"@type":"SearchAction","target":{"@type":"EntryPoint","urlTemplate":"https:\/\/mjau.se\/fi\/?s={search_term_string}"},"query-input":"required name=search_term_string"}],"inLanguage":"en-US"}]}},"_links":{"self":[{"href":"https:\/\/mjau.se\/fi\/wp-json\/wp\/v2\/pages\/1120"}],"collection":[{"href":"https:\/\/mjau.se\/fi\/wp-json\/wp\/v2\/pages"}],"about":[{"href":"https:\/\/mjau.se\/fi\/wp-json\/wp\/v2\/types\/page"}],"author":[{"embeddable":true,"href":"https:\/\/mjau.se\/fi\/wp-json\/wp\/v2\/users\/1"}],"replies":[{"embeddable":true,"href":"https:\/\/mjau.se\/fi\/wp-json\/wp\/v2\/comments?post=1120"}],"version-history":[{"count":29,"href":"https:\/\/mjau.se\/fi\/wp-json\/wp\/v2\/pages\/1120\/revisions"}],"predecessor-version":[{"id":5422,"href":"https:\/\/mjau.se\/fi\/wp-json\/wp\/v2\/pages\/1120\/revisions\/5422"}],"up":[{"embeddable":true,"href":"https:\/\/mjau.se\/fi\/wp-json\/wp\/v2\/pages\/1096"}],"wp:featuredmedia":[{"embeddable":true,"href":"https:\/\/mjau.se\/fi\/wp-json\/wp\/v2\/media\/1789"}],"wp:attachment":[{"href":"https:\/\/mjau.se\/fi\/wp-json\/wp\/v2\/media?parent=1120"}],"curies":[{"name":"wp","href":"https:\/\/api.w.org\/{rel}","templated":true}]}}