{"id":1114,"date":"2023-06-11T12:14:27","date_gmt":"2023-06-11T12:14:27","guid":{"rendered":"https:\/\/mjau.se\/fi\/?page_id=1114"},"modified":"2024-08-14T15:54:55","modified_gmt":"2024-08-14T15:54:55","slug":"leikkeja-kissoille","status":"publish","type":"page","link":"https:\/\/mjau.se\/fi\/kaikki-kissoista\/kissan-kayttaytyminen\/leikkeja-kissoille\/","title":{"rendered":"Leikkej\u00e4 kissoille"},"content":{"rendered":"        <section class=\"sub-page-hero\">\n            <div class=\"container\">\n                \n                <div class=\"row\">\n                    <div class=\"col-md-8\">\n                        <h1 class=\"font-xl-primary\">10 kivaa leikki\u00e4 kissoille<\/h1><p>Kissanomistajana tied\u00e4t, kuinka leikkisi\u00e4 ne ovat. Kissat todellakin rakastavat puuhailla ja jahdata asioita. Lis\u00e4ksi niill\u00e4 on my\u00f6s suuri tarve olla l\u00e4hell\u00e4 ja saada hellyytt\u00e4. Kissan kanssa vietetty leikkihetki merkitsee paljon kissallesi ja teid\u00e4n suhteellenne. T\u00e4st\u00e4 voit lukea vinkkej\u00e4 kymmeneen erilaiseen leikkiin kissan kanssa.<\/p>\n                    <\/div>\n                <\/div>\n            <\/div>\n        <\/section>\n    \n\n    <section class=\"card-promo-wrap\">\n        <div class=\"container\">\n            <div class=\"row gx-md-4\">\n                                                                <div class=\"col-md-6\">\n                            <div class=\"card  primary\">\n                                                                                                    <img decoding=\"async\" class=\"card-img-top\" src=\"https:\/\/mjau.se\/fi\/wp-content\/uploads\/sites\/2\/2023\/06\/mjau-rulla-godisbitar.jpg\" alt=\"Card image cap\">\n                                \n                                <div class=\"card-body\">\n                                                                        <h5 class=\"card-title section-title\">1. Herkkujahti<\/h5>\n                                    <p><a title=\"Mjau kattgodis\" href=\"\/kattmat\/mjau\/gottebitar-not\/\">Mjau Gottebitar<\/a> herkkupalat on muotoiltu siten, ett\u00e4 ne kuulostavat j\u00e4nn\u00e4lt\u00e4 ja py\u00f6riv\u00e4t hyvin heitt\u00e4ess\u00e4si niit\u00e4 lattialle. Kissat rakastavat jahtaamista &#8211; my\u00f6s herkkujen jahtaamista. Herkkuja voi heitt\u00e4\u00e4 vaikka yhden kerrallaan eri suuntiin. Kissa saa samalla liikuntaa ja ainahan se itse mets\u00e4stetty maistuu paremmalta!<\/p>\n                                                                    <\/div>\n                            <\/div>\n                        <\/div>\n                                                                <div class=\"col-md-6\">\n                            <div class=\"card  primary\">\n                                                                                                    <img decoding=\"async\" class=\"card-img-top\" src=\"https:\/\/mjau.se\/fi\/wp-content\/uploads\/sites\/2\/2023\/06\/mjau-gomma-godis.jpg\" alt=\"Card image cap\">\n                                \n                                <div class=\"card-body\">\n                                                                        <h5 class=\"card-title section-title\">2. Herkkujen piilotus \u2013 lintu vai kala? Vai jotain silt\u00e4 v\u00e4lilt\u00e4?<\/h5>\n                                    <p>Piilota kissanherkkuja eri paikkoihin kotona, korkealle ja matalalle, tuolin jalalle, nojatuolin alle tai sellaisten tavaroiden alle jotka kissa voi itse siirt\u00e4\u00e4 pois, kuten matonreunan tai sukan alle. Saa etsi\u00e4! T\u00e4h\u00e4n leikkiin sopivat mainiosti <a title=\"Mjau Fina Fisken kattgodis\" href=\"https:\/\/mjau.se\/fi\/kattmat\/mjau\/mjau-fina-fisken-av-lax\/\">Mjau Fina Fisken<\/a> herkut!<\/p>\n                                                                    <\/div>\n                            <\/div>\n                        <\/div>\n                                                                <div class=\"col-md-6\">\n                            <div class=\"card  primary\">\n                                                                                                    <img decoding=\"async\" class=\"card-img-top\" src=\"https:\/\/mjau.se\/fi\/wp-content\/uploads\/sites\/2\/2023\/06\/mjau-fisketur.png\" alt=\"Card image cap\">\n                                \n                                <div class=\"card-body\">\n                                                                        <h5 class=\"card-title section-title\">3. Onko kalaonnea?<\/h5>\n                                    <p>Houkuttele kissasi k\u00e4ytt\u00e4m\u00e4\u00e4n saalistajanvietti\u00e4\u00e4n perinteisell\u00e4 hiirenjahtaamisleikill\u00e4, vaikkakin Mjaun tapaan! Sido naru kalanmuotoisen <a title=\"Mjau Fina Fisken kattgodis\" href=\"https:\/\/mjau.se\/fi\/kattmat\/mjau\/mjau-fina-fisken-av-lax\/\">Fina Fisken herkkupalan<\/a> ymp\u00e4ri ja anna kissasi &#8220;onkia&#8221;. Riiputa kalaa kissasi nen\u00e4n edess\u00e4 ja anna sen tavoitella saalista tassuillaan. Voit my\u00f6s vet\u00e4\u00e4 kalaa lattialla ja antaa kissan leikki\u00e4 oikein kunnolla. Herrrkullisen hyv\u00e4\u00e4, kun kala nappaa!<\/p>\n                                                                    <\/div>\n                            <\/div>\n                        <\/div>\n                                                                <div class=\"col-md-6\">\n                            <div class=\"card  primary\">\n                                                                                                    <img decoding=\"async\" class=\"card-img-top\" src=\"https:\/\/mjau.se\/fi\/wp-content\/uploads\/sites\/2\/2023\/06\/mjau-kurragomma.jpg\" alt=\"Card image cap\">\n                                \n                                <div class=\"card-body\">\n                                                                        <h5 class=\"card-title section-title\">4. Kuurupiiloa \u00e4\u00e4nitehosteilla<\/h5>\n                                    <p>Aivan tavallisesta paperipussista tulee k\u00e4denk\u00e4\u00e4nteess\u00e4 paras leikkikalu, jonne kissa voi piiloutua. Monien kissojen mielest\u00e4 se on ihan eh-dot-to-man parasta. Leikkaa ensin paperipussin kantokahvat pois, ettei pussi j\u00e4\u00e4 vahingossa kissan kaulaan kiinni. Sitten vain pussi lattialle ja kun kissa on pussissa, rapsuttele kassia ulkopuolelta ja annan kissasi jahdata \u00e4\u00e4nt\u00e4. Tosi kiva leikki, ainakin kissojen mielest\u00e4!<\/p>\n                                                                    <\/div>\n                            <\/div>\n                        <\/div>\n                                                                <div class=\"col-md-6\">\n                            <div class=\"card  primary\">\n                                                                                                    <img decoding=\"async\" class=\"card-img-top\" src=\"https:\/\/mjau.se\/fi\/wp-content\/uploads\/sites\/2\/2023\/06\/mjau-snurra-flaskan.jpg\" alt=\"Card image cap\">\n                                \n                                <div class=\"card-body\">\n                                                                        <h5 class=\"card-title section-title\">5. Pullonpy\u00f6ritys<\/h5>\n                                    <p>Ennen kuin viet pet-pullon palautusautomaattiin, hy\u00f6dynn\u00e4 se kissanleluksi, jolla kissasi saa paljon aktiviteettia ja jonka seurassa se viihtyy pitk\u00e4\u00e4n. Laita tyhj\u00e4\u00e4n pulloon 2-3 <a title=\"Mjau kattgodis\" href=\"\/kattmat\/mjau\/gottebitar-not\/\">Mjau Gottebitar<\/a> herkkupalaa, mutta \u00e4l\u00e4 sulje pulloa. Anna kissan tavoitella maistuvaa sis\u00e4lt\u00f6\u00e4 pulloa liikuttelemalla ja nappaamalla herkkupalat kun ne putoavat pullosta.<\/p>\n                                                                    <\/div>\n                            <\/div>\n                        <\/div>\n                                                                <div class=\"col-md-6\">\n                            <div class=\"card  primary\">\n                                                                                                    <img decoding=\"async\" class=\"card-img-top\" src=\"https:\/\/mjau.se\/fi\/wp-content\/uploads\/sites\/2\/2023\/06\/mjau-jaga-solkatt.jpg\" alt=\"Card image cap\">\n                                \n                                <div class=\"card-body\">\n                                                                        <h5 class=\"card-title section-title\">6. Saalista valoa!<\/h5>\n                                    <p>Valons\u00e4teiden saalistaminen on hauska leikki ja haaste kissallesi, ja sill\u00e4 on hyv\u00e4 houkutella esiin kissasi leikkisyytt\u00e4. Peilin avulla saat heijastuksen sein\u00e4lle tai lattialle. Siirr\u00e4 heijastusta eri paikkoihin huonetta ja anna kissasi saalista sit\u00e4. Ja pilvisin\u00e4 p\u00e4ivin\u00e4 hommaan k\u00e4y hyvin my\u00f6s taskulamppu, kunhan et osoita sill\u00e4 kissaa silmiin.<\/p>\n                                                                    <\/div>\n                            <\/div>\n                        <\/div>\n                                                                <div class=\"col-md-6\">\n                            <div class=\"card  primary\">\n                                                                                                    <img decoding=\"async\" class=\"card-img-top\" src=\"https:\/\/mjau.se\/fi\/wp-content\/uploads\/sites\/2\/2023\/06\/mjau-fiskdamm.png\" alt=\"Card image cap\">\n                                \n                                <div class=\"card-body\">\n                                                                        <h5 class=\"card-title section-title\">7. Kalalampi<\/h5>\n                                    <p>Aktivoi kissaasi antamalla sen kalastaa herkkuja pienest\u00e4 maagisesta kalalammesta. Ota tyhj\u00e4 muovilaatikko jossa on kansi, ja leikkaa kanteen py\u00f6reit\u00e4 reiki\u00e4, riitt\u00e4v\u00e4n suuria, jotta kissasi tassu mahtuu siit\u00e4 ilman ett\u00e4 se j\u00e4\u00e4 kiinni tai vahingoittaa itse\u00e4\u00e4n. Laita sitten pari <a title=\"Mjau kattgodis\" href=\"\/kattmat\/mjau\/gottebitar-not\/\">Mjau Gottebitar<\/a> herkkupalaa laatikkoon, kansi p\u00e4\u00e4lle ja eikun onkimaan.<\/p>\n                                                                    <\/div>\n                            <\/div>\n                        <\/div>\n                                                                <div class=\"col-md-6\">\n                            <div class=\"card  primary\">\n                                                                                                    <img decoding=\"async\" class=\"card-img-top\" src=\"https:\/\/mjau.se\/fi\/wp-content\/uploads\/sites\/2\/2023\/06\/mjau-toarulle.jpg\" alt=\"Card image cap\">\n                                \n                                <div class=\"card-body\">\n                                                                        <h5 class=\"card-title section-title\">8. Vessapaperirullasta on moneksi<\/h5>\n                                    <p>Kaikki, mit\u00e4 t\u00e4t\u00e4 hauskaa leikki\u00e4 varten tarvitaan, on kartonkinen vessapaperirulla, sakset ja kyn\u00e4. Aloita piirt\u00e4m\u00e4ll\u00e4 nelj\u00e4 viivaa tasaisin v\u00e4limatkoin paperirullaan. Leikkaa sitten viivoja pitkin, niin ett\u00e4 saat nelj\u00e4 rengasta. Aseta renkaat lomittain p\u00e4\u00e4llek\u00e4in, joista muodostuu pallo. T\u00e4yt\u00e4 pallo <a href=\"https:\/\/mjau.se\/fi\/kattmat\/mjau\/mjau-gopinnar-med-notkott-ingefara\/\">Mjau Go\u00b4Pinnar<\/a> paloilla ja anna kissasi leikki\u00e4 pallolla ja tavoitella herkkuja.<\/p>\n                                                                    <\/div>\n                            <\/div>\n                        <\/div>\n                                                                <div class=\"col-md-6\">\n                            <div class=\"card  primary\">\n                                                                                                    <img decoding=\"async\" class=\"card-img-top\" src=\"https:\/\/mjau.se\/fi\/wp-content\/uploads\/sites\/2\/2023\/06\/mjau-kurragomma-kattlekar.jpg\" alt=\"Card image cap\">\n                                \n                                <div class=\"card-body\">\n                                                                        <h5 class=\"card-title section-title\">9. Majan rakentaminen<\/h5>\n                                    <p>Ripusta viltti tai lakana tuolin tai pienen p\u00f6yd\u00e4n p\u00e4\u00e4lle niin, ett\u00e4 kangas osuu koko matkalta maahan &#8211; ja olet rakentanut majan kissallesi. Uusi, j\u00e4nnitt\u00e4v\u00e4 piilopaikka kannustaa kissaasi tutkimaan maailmaa, ja stimuloi sen uteliaisuutta.<\/p>\n                                                                    <\/div>\n                            <\/div>\n                        <\/div>\n                                                                <div class=\"col-md-6\">\n                            <div class=\"card  primary\">\n                                                                                                    <img decoding=\"async\" class=\"card-img-top\" src=\"https:\/\/mjau.se\/fi\/wp-content\/uploads\/sites\/2\/2023\/06\/mjau-prassla.png\" alt=\"Card image cap\">\n                                \n                                <div class=\"card-body\">\n                                                                        <h5 class=\"card-title section-title\">10. Kahinaa!<\/h5>\n                                    <p>Leikkikalu joka kahisee ja rapisee on monen kissan mielest\u00e4 mukava. Se ehk\u00e4 muistuttaa sit\u00e4 \u00e4\u00e4nt\u00e4, kun pieni hiiri piileskelee kuivien lehtien seassa? Joka tapauksessa kahina ja rapina on pop! Ota k\u00e4ytt\u00f6\u00f6n vanha tyynyliina tai parhaat p\u00e4iv\u00e4ns\u00e4 n\u00e4hnyt kangaspussi, ja laita sen sis\u00e4\u00e4n rypistelty\u00e4 sanomalehtipaperia ja anna kissan tutkia tuota omituista esinett\u00e4. Ihan paras kissaleikki!<\/p>\n                                                                    <\/div>\n                            <\/div>\n                        <\/div>\n                \n            <\/div>\n\n        <\/div>\n    <\/section>\n\n\n\t<section class=\"product-carousel-wrap default\">\n\t\t<div class=\"container\">\n\t\t\t<h2 class=\"section-title\">Uutuus! Mjau Go\u2019Pinnar<\/h2>\t\t\t<div class=\"carousel-wrap\">\n\t\t\t\t\t\t\t\t\t<div class=\"swiper product-carousel\">\n\t\t\t\t\t\t<div class=\"swiper-wrapper\">\n\t\t\t\t\t\t\t\t\t\t\t\t\t\t\t<div class=\"swiper-slide\">\n\t\t\t\t\t\t\t\t\t<a href=\"https:\/\/mjau.se\/fi\/kattmat\/mjau\/mjau-gopinnar-med-notkott-ingefara\/\">\n\t\t\t\t\t\t\t\t\t\t<div class=\"card\">\n\t\t\t\t\t\t\t\t\t\t\t<figure>\n\t\t\t\t\t\t\t\t\t\t\t\t<img loading=\"lazy\" decoding=\"async\" width=\"400\" height=\"400\" src=\"https:\/\/mjau.se\/fi\/wp-content\/uploads\/sites\/2\/2023\/06\/71201-Mjau-Meaty-Sticks-Notkott-o-Ingefara-15g-1_400.png\" class=\"attachment-post-thumbnail size-post-thumbnail wp-post-image\" alt=\"\" srcset=\"https:\/\/mjau.se\/fi\/wp-content\/uploads\/sites\/2\/2023\/06\/71201-Mjau-Meaty-Sticks-Notkott-o-Ingefara-15g-1_400.png 400w, https:\/\/mjau.se\/fi\/wp-content\/uploads\/sites\/2\/2023\/06\/71201-Mjau-Meaty-Sticks-Notkott-o-Ingefara-15g-1_400-150x150.png 150w\" sizes=\"(max-width: 400px) 100vw, 400px\" \/>\n\t\t\t\t\t\t\t\t\t\t\t\t\n\t\t\t\t\t\t\t\t\t\t\t<\/figure>\n\t\t\t\t\t\t\t\t\t\t\t<div class=\"card-body\">\n\t\t\t\t\t\t\t\t\t\t\t\t\t\t\t\t\t\t\t\t\t\t\t\t<h5 class=\"card-title\">Mjau Go\u2019Pinnar, sis\u00e4lt\u00e4\u00e4 naudanlihaa &amp; inkiv\u00e4\u00e4ri\u00e4<\/h5>\n\t\t\t\t\t\t\t\t\t\t\t<\/div>\n\t\t\t\t\t\t\t\t\t\t<\/div>\n\t\t\t\t\t\t\t\t\t<\/a>\n\t\t\t\t\t\t\t\t<\/div>\n\t\t\t\t\t\t\t\t\t\t\t\t\t\t\t<div class=\"swiper-slide\">\n\t\t\t\t\t\t\t\t\t<a href=\"https:\/\/mjau.se\/fi\/kattmat\/mjau\/mjau-gopinnar-med-oring-och-blabar\/\">\n\t\t\t\t\t\t\t\t\t\t<div class=\"card\">\n\t\t\t\t\t\t\t\t\t\t\t<figure>\n\t\t\t\t\t\t\t\t\t\t\t\t<img loading=\"lazy\" decoding=\"async\" width=\"400\" height=\"400\" src=\"https:\/\/mjau.se\/fi\/wp-content\/uploads\/sites\/2\/2023\/06\/71200-Mjau-Meaty-Sticks-Oring-o-Blabar-15g-1_400.png\" class=\"attachment-post-thumbnail size-post-thumbnail wp-post-image\" alt=\"\" srcset=\"https:\/\/mjau.se\/fi\/wp-content\/uploads\/sites\/2\/2023\/06\/71200-Mjau-Meaty-Sticks-Oring-o-Blabar-15g-1_400.png 400w, https:\/\/mjau.se\/fi\/wp-content\/uploads\/sites\/2\/2023\/06\/71200-Mjau-Meaty-Sticks-Oring-o-Blabar-15g-1_400-150x150.png 150w\" sizes=\"(max-width: 400px) 100vw, 400px\" \/>\n\t\t\t\t\t\t\t\t\t\t\t\t\n\t\t\t\t\t\t\t\t\t\t\t<\/figure>\n\t\t\t\t\t\t\t\t\t\t\t<div class=\"card-body\">\n\t\t\t\t\t\t\t\t\t\t\t\t\t\t\t\t\t\t\t\t\t\t\t\t<h5 class=\"card-title\">Mjau Go\u2019Pinnar, sis\u00e4lt\u00e4\u00e4 taimenta ja mustikkaa<\/h5>\n\t\t\t\t\t\t\t\t\t\t\t<\/div>\n\t\t\t\t\t\t\t\t\t\t<\/div>\n\t\t\t\t\t\t\t\t\t<\/a>\n\t\t\t\t\t\t\t\t<\/div>\n\t\t\t\t\t\t\t\t\t\t\t\t\t<\/div>\n\n\t\t\t\t\t<\/div>\n\n\t\t\t\t\t\t\t\t<!-- If we need navigation buttons -->\n\n\t\t\t\t<div class=\"swiper-button-prev d-none d-md-flex\"> <i class=\"fa-solid fa-arrow-left\"><\/i><\/div>\n\t\t\t\t<div class=\"swiper-button-next d-none d-md-flex\"><i class=\"fa-solid fa-arrow-right\"><\/i><\/div>\n\t\t\t<\/div>\n\t\t\t\t\t<\/div>\t\t\n\t<\/section>\n","protected":false},"excerpt":{"rendered":"<p>Kissat rakastavat touhuta ja saalistaa. T\u00e4\u00e4lt\u00e4 l\u00f6yd\u00e4t vinkkej\u00e4 kymmeneen kivaan leikkiin jotka antavat kissojen harjoittaa saalisvaistiaan ja samalla autta teit\u00e4 vahvistamaan suhdettanne. <\/p>\n","protected":false},"author":1,"featured_media":1629,"parent":1096,"menu_order":0,"comment_status":"closed","ping_status":"closed","template":"guternberg.php","meta":{"footnotes":""},"acf":[],"yoast_head":"<!-- This site is optimized with the Yoast SEO plugin v20.10 - https:\/\/yoast.com\/wordpress\/plugins\/seo\/ -->\n<title>Leka med katten | Tips p\u00e5 kattlekar - Mjau Finland<\/title>\n<meta name=\"description\" content=\"Katter \u00e4lskar att busa och leken ger dem utlopp f\u00f6r den naturliga instinkten att jaga. H\u00e4r f\u00e5r du tips p\u00e5 kattlekar som stimulerar din katts leklust.\" \/>\n<meta name=\"robots\" content=\"index, follow, max-snippet:-1, max-image-preview:large, max-video-preview:-1\" \/>\n<link rel=\"canonical\" href=\"https:\/\/mjau.se\/fi\/kaikki-kissoista\/kissan-kayttaytyminen\/leikkeja-kissoille\/\" \/>\n<meta property=\"og:locale\" content=\"en_US\" \/>\n<meta property=\"og:type\" content=\"article\" \/>\n<meta property=\"og:title\" content=\"Leka med katten | Tips p\u00e5 kattlekar - Mjau Finland\" \/>\n<meta property=\"og:description\" content=\"Katter \u00e4lskar att busa och leken ger dem utlopp f\u00f6r den naturliga instinkten att jaga. H\u00e4r f\u00e5r du tips p\u00e5 kattlekar som stimulerar din katts leklust.\" \/>\n<meta property=\"og:url\" content=\"https:\/\/mjau.se\/fi\/kaikki-kissoista\/kissan-kayttaytyminen\/leikkeja-kissoille\/\" \/>\n<meta property=\"og:site_name\" content=\"Mjau Finland\" \/>\n<meta property=\"article:modified_time\" content=\"2024-08-14T15:54:55+00:00\" \/>\n<meta property=\"og:image\" content=\"https:\/\/mjau.se\/fi\/wp-content\/uploads\/sites\/2\/2023\/06\/mjau-kurragomma-kattlekar.jpg\" \/>\n\t<meta property=\"og:image:width\" content=\"800\" \/>\n\t<meta property=\"og:image:height\" content=\"532\" \/>\n\t<meta property=\"og:image:type\" content=\"image\/jpeg\" \/>\n<meta name=\"twitter:card\" content=\"summary_large_image\" \/>\n<!-- \/ Yoast SEO plugin. -->","yoast_head_json":{"title":"Leka med katten | Tips p\u00e5 kattlekar - Mjau Finland","description":"Katter \u00e4lskar att busa och leken ger dem utlopp f\u00f6r den naturliga instinkten att jaga. H\u00e4r f\u00e5r du tips p\u00e5 kattlekar som stimulerar din katts leklust.","robots":{"index":"index","follow":"follow","max-snippet":"max-snippet:-1","max-image-preview":"max-image-preview:large","max-video-preview":"max-video-preview:-1"},"canonical":"https:\/\/mjau.se\/fi\/kaikki-kissoista\/kissan-kayttaytyminen\/leikkeja-kissoille\/","og_locale":"en_US","og_type":"article","og_title":"Leka med katten | Tips p\u00e5 kattlekar - Mjau Finland","og_description":"Katter \u00e4lskar att busa och leken ger dem utlopp f\u00f6r den naturliga instinkten att jaga. H\u00e4r f\u00e5r du tips p\u00e5 kattlekar som stimulerar din katts leklust.","og_url":"https:\/\/mjau.se\/fi\/kaikki-kissoista\/kissan-kayttaytyminen\/leikkeja-kissoille\/","og_site_name":"Mjau Finland","article_modified_time":"2024-08-14T15:54:55+00:00","og_image":[{"width":800,"height":532,"url":"https:\/\/mjau.se\/fi\/wp-content\/uploads\/sites\/2\/2023\/06\/mjau-kurragomma-kattlekar.jpg","type":"image\/jpeg"}],"twitter_card":"summary_large_image","schema":{"@context":"https:\/\/schema.org","@graph":[{"@type":"WebPage","@id":"https:\/\/mjau.se\/fi\/kaikki-kissoista\/kissan-kayttaytyminen\/leikkeja-kissoille\/","url":"https:\/\/mjau.se\/fi\/kaikki-kissoista\/kissan-kayttaytyminen\/leikkeja-kissoille\/","name":"Leka med katten | Tips p\u00e5 kattlekar - Mjau Finland","isPartOf":{"@id":"https:\/\/mjau.se\/fi\/#website"},"datePublished":"2023-06-11T12:14:27+00:00","dateModified":"2024-08-14T15:54:55+00:00","description":"Katter \u00e4lskar att busa och leken ger dem utlopp f\u00f6r den naturliga instinkten att jaga. H\u00e4r f\u00e5r du tips p\u00e5 kattlekar som stimulerar din katts leklust.","breadcrumb":{"@id":"https:\/\/mjau.se\/fi\/kaikki-kissoista\/kissan-kayttaytyminen\/leikkeja-kissoille\/#breadcrumb"},"inLanguage":"en-US","potentialAction":[{"@type":"ReadAction","target":["https:\/\/mjau.se\/fi\/kaikki-kissoista\/kissan-kayttaytyminen\/leikkeja-kissoille\/"]}]},{"@type":"BreadcrumbList","@id":"https:\/\/mjau.se\/fi\/kaikki-kissoista\/kissan-kayttaytyminen\/leikkeja-kissoille\/#breadcrumb","itemListElement":[{"@type":"ListItem","position":1,"name":"Home","item":"https:\/\/mjau.se\/fi\/"},{"@type":"ListItem","position":2,"name":"Kaikki kissoista","item":"https:\/\/mjau.se\/fi\/kaikki-kissoista\/"},{"@type":"ListItem","position":3,"name":"Kissan k\u00e4ytt\u00e4ytyminen","item":"https:\/\/mjau.se\/fi\/kaikki-kissoista\/kissan-kayttaytyminen\/"},{"@type":"ListItem","position":4,"name":"Leikkej\u00e4 kissoille"}]},{"@type":"WebSite","@id":"https:\/\/mjau.se\/fi\/#website","url":"https:\/\/mjau.se\/fi\/","name":"Mjau Finland","description":"","potentialAction":[{"@type":"SearchAction","target":{"@type":"EntryPoint","urlTemplate":"https:\/\/mjau.se\/fi\/?s={search_term_string}"},"query-input":"required name=search_term_string"}],"inLanguage":"en-US"}]}},"_links":{"self":[{"href":"https:\/\/mjau.se\/fi\/wp-json\/wp\/v2\/pages\/1114"}],"collection":[{"href":"https:\/\/mjau.se\/fi\/wp-json\/wp\/v2\/pages"}],"about":[{"href":"https:\/\/mjau.se\/fi\/wp-json\/wp\/v2\/types\/page"}],"author":[{"embeddable":true,"href":"https:\/\/mjau.se\/fi\/wp-json\/wp\/v2\/users\/1"}],"replies":[{"embeddable":true,"href":"https:\/\/mjau.se\/fi\/wp-json\/wp\/v2\/comments?post=1114"}],"version-history":[{"count":70,"href":"https:\/\/mjau.se\/fi\/wp-json\/wp\/v2\/pages\/1114\/revisions"}],"predecessor-version":[{"id":5558,"href":"https:\/\/mjau.se\/fi\/wp-json\/wp\/v2\/pages\/1114\/revisions\/5558"}],"up":[{"embeddable":true,"href":"https:\/\/mjau.se\/fi\/wp-json\/wp\/v2\/pages\/1096"}],"wp:featuredmedia":[{"embeddable":true,"href":"https:\/\/mjau.se\/fi\/wp-json\/wp\/v2\/media\/1629"}],"wp:attachment":[{"href":"https:\/\/mjau.se\/fi\/wp-json\/wp\/v2\/media?parent=1114"}],"curies":[{"name":"wp","href":"https:\/\/api.w.org\/{rel}","templated":true}]}}