{"id":1096,"date":"2023-06-11T12:05:24","date_gmt":"2023-06-11T12:05:24","guid":{"rendered":"https:\/\/mjau.se\/fi\/?page_id=1096"},"modified":"2024-04-22T04:49:32","modified_gmt":"2024-04-22T04:49:32","slug":"kissan-kayttaytyminen","status":"publish","type":"page","link":"https:\/\/mjau.se\/fi\/kaikki-kissoista\/kissan-kayttaytyminen\/","title":{"rendered":"Kissan k\u00e4ytt\u00e4ytyminen"},"content":{"rendered":"        <section class=\"sub-page-hero-with-image\">\n            \n            <div class=\"overlay-v1 overlay-dark\" >\n                                    <img decoding=\"async\" class=\"background-image\" src=\"https:\/\/mjau.se\/fi\/wp-content\/uploads\/sites\/2\/2023\/06\/mjau-katters-beteende-instinkter.jpg\" alt=\"\">\n                                <div class=\"container\">\n                    \n                    <div class=\"row\">\n                        <div class=\"col-md-8 col-lg-6 \">\n                            <h1 class=\"font-xl-primary\">Kissan k\u00e4yt\u00f6s ja vaistot<\/h1><p><p>Kissan k\u00e4ytt\u00e4ytyminen ja sen vaistot ovat synnynn\u00e4isi\u00e4, ja ne ohjaavat kissaa eri tilanteissa. Mit\u00e4 paremmin tunnet kissasi luonnollisen k\u00e4yt\u00f6ksen, sit\u00e4 paremmin ymm\u00e4rr\u00e4t miksi se tekee kuten tekee, ja mit\u00e4 se tarvitsee voidakseen hyvin. T\u00e4\u00e4lt\u00e4 l\u00f6yd\u00e4t neuvoja ja vinkkej\u00e4 ymm\u00e4rt\u00e4\u00e4ksesi paremmin kissojen k\u00e4yt\u00f6st\u00e4.<\/p>\n<\/p>                        <\/div>\n                    <\/div>\n                <\/div>\n            <\/div>\n                            <div class=\"mobile-content\">\n                    <div class=\"container\">\n                        <p><p>Kissan k\u00e4ytt\u00e4ytyminen ja sen vaistot ovat synnynn\u00e4isi\u00e4, ja ne ohjaavat kissaa eri tilanteissa. Mit\u00e4 paremmin tunnet kissasi luonnollisen k\u00e4yt\u00f6ksen, sit\u00e4 paremmin ymm\u00e4rr\u00e4t miksi se tekee kuten tekee, ja mit\u00e4 se tarvitsee voidakseen hyvin. T\u00e4\u00e4lt\u00e4 l\u00f6yd\u00e4t neuvoja ja vinkkej\u00e4 ymm\u00e4rt\u00e4\u00e4ksesi paremmin kissojen k\u00e4yt\u00f6st\u00e4.<\/p>\n<\/p>                    <\/div>\n                <\/div>\n                    <\/section>\n    \n\n\n        <section class=\"block page-promos\">\n        <div class=\"container\">\n            <div class=\"row gx-md-3\">\n                                        <div class=\"col-lg-4\">\n                            <a href=\"https:\/\/mjau.se\/fi\/kaikki-kissoista\/kissan-kayttaytyminen\/katter-och-revirmarkering\/\">\n                                <div class=\"card \">\n                                    <img loading=\"lazy\" decoding=\"async\" width=\"640\" height=\"426\" src=\"https:\/\/mjau.se\/fi\/wp-content\/uploads\/sites\/2\/2023\/06\/mjau-katters-revirtank.jpg\" class=\"attachment-large size-large wp-post-image\" alt=\"Kissat ja reviirinmerkint\u00e4\" srcset=\"https:\/\/mjau.se\/fi\/wp-content\/uploads\/sites\/2\/2023\/06\/mjau-katters-revirtank.jpg 800w, https:\/\/mjau.se\/fi\/wp-content\/uploads\/sites\/2\/2023\/06\/mjau-katters-revirtank-768x512.jpg 768w, https:\/\/mjau.se\/fi\/wp-content\/uploads\/sites\/2\/2023\/06\/mjau-katters-revirtank-450x300.jpg 450w\" sizes=\"(max-width: 640px) 100vw, 640px\" \/>                                                                        <div class=\"card-body\">\n\n                                                                                <h6>Kissat ja reviirinmerkint\u00e4<\/h6>\n                                        <p>Kissat merkitsev\u00e4t reviiri\u00e4\u00e4n hajujen avulla, joko virtsaamalla, raapimalla tai puskemalla. Useimmiten se tapahtuu puhtaasti vaistojen ohjaamana, mutta toisinaan se johtua siit\u00e4, ett\u00e4 kissasi tuntee olonsa ep\u00e4mukavaksi. On olemassa muutama konsti, joilla voit auttaa kissan oloa.<\/p>\n\n                                    <\/div>\n                                <\/div>\n                            <\/a>\n                        <\/div>\n                                        <div class=\"col-lg-4\">\n                            <a href=\"https:\/\/mjau.se\/fi\/kaikki-kissoista\/kissan-kayttaytyminen\/sisakissan-aktivointi\/\">\n                                <div class=\"card \">\n                                    <img loading=\"lazy\" decoding=\"async\" width=\"640\" height=\"426\" src=\"https:\/\/mjau.se\/fi\/wp-content\/uploads\/sites\/2\/2023\/06\/mjau-aktiviteter-innekatt.jpg\" class=\"attachment-large size-large wp-post-image\" alt=\"Sis\u00e4kissan aktivointi\" srcset=\"https:\/\/mjau.se\/fi\/wp-content\/uploads\/sites\/2\/2023\/06\/mjau-aktiviteter-innekatt.jpg 800w, https:\/\/mjau.se\/fi\/wp-content\/uploads\/sites\/2\/2023\/06\/mjau-aktiviteter-innekatt-768x512.jpg 768w, https:\/\/mjau.se\/fi\/wp-content\/uploads\/sites\/2\/2023\/06\/mjau-aktiviteter-innekatt-450x300.jpg 450w\" sizes=\"(max-width: 640px) 100vw, 640px\" \/>                                                                        <div class=\"card-body\">\n\n                                                                                <h6>Sis\u00e4kissan aktivointi<\/h6>\n                                        <p>Sis\u00e4kissa ei pysty toteuttamaan saalistusvietti\u00e4\u00e4n samalla tavalla kuin ulkokissa. Toisinaan se voi johtaa siihen, ett\u00e4 kissa keksii itse itselleen tekemist\u00e4 liikaenergiansa purkamiseksi. Ellet sin\u00e4 ehdi ensin!<\/p>\n\n                                    <\/div>\n                                <\/div>\n                            <\/a>\n                        <\/div>\n                                        <div class=\"col-lg-4\">\n                            <a href=\"https:\/\/mjau.se\/fi\/kaikki-kissoista\/kissan-kayttaytyminen\/kissamaisia-myytteja\/\">\n                                <div class=\"card \">\n                                    <img loading=\"lazy\" decoding=\"async\" width=\"640\" height=\"426\" src=\"https:\/\/mjau.se\/fi\/wp-content\/uploads\/sites\/2\/2023\/06\/mjau-katter-myter.jpg\" class=\"attachment-large size-large wp-post-image\" alt=\"Kissamaisia myyttej\u00e4\" srcset=\"https:\/\/mjau.se\/fi\/wp-content\/uploads\/sites\/2\/2023\/06\/mjau-katter-myter.jpg 800w, https:\/\/mjau.se\/fi\/wp-content\/uploads\/sites\/2\/2023\/06\/mjau-katter-myter-768x511.jpg 768w, https:\/\/mjau.se\/fi\/wp-content\/uploads\/sites\/2\/2023\/06\/mjau-katter-myter-450x300.jpg 450w\" sizes=\"(max-width: 640px) 100vw, 640px\" \/>                                                                        <div class=\"card-body\">\n\n                                                                                <h6>Kissamaisia myyttej\u00e4<\/h6>\n                                        <p>Kissoista on monenlaisia myyttej\u00e4 &#8211; mutta ovatko ne tosia? Otimme selv\u00e4\u00e4 viidest\u00e4 tavanomaisesta uskomuksesta. <\/p>\n\n                                    <\/div>\n                                <\/div>\n                            <\/a>\n                        <\/div>\n                                        <div class=\"col-lg-4\">\n                            <a href=\"https:\/\/mjau.se\/fi\/kaikki-kissoista\/kissan-terveys\/kissanruoka-tietoutta\/sijoita-kissan-ruokakuppi-ja-vesikuppi-oikein\/\">\n                                <div class=\"card \">\n                                    <img loading=\"lazy\" decoding=\"async\" width=\"640\" height=\"426\" src=\"https:\/\/mjau.se\/fi\/wp-content\/uploads\/sites\/2\/2023\/06\/mjau-matskal-vattenskal-placering.jpg\" class=\"attachment-large size-large wp-post-image\" alt=\"Sijoita kissan ruokakuppi ja vesikuppi oikein\" srcset=\"https:\/\/mjau.se\/fi\/wp-content\/uploads\/sites\/2\/2023\/06\/mjau-matskal-vattenskal-placering.jpg 800w, https:\/\/mjau.se\/fi\/wp-content\/uploads\/sites\/2\/2023\/06\/mjau-matskal-vattenskal-placering-768x512.jpg 768w, https:\/\/mjau.se\/fi\/wp-content\/uploads\/sites\/2\/2023\/06\/mjau-matskal-vattenskal-placering-450x300.jpg 450w\" sizes=\"(max-width: 640px) 100vw, 640px\" \/>                                                                        <div class=\"card-body\">\n\n                                                                                <h6>Sijoita kissan ruokakuppi ja vesikuppi oikein<\/h6>\n                                        <p>Kissoilla tulee aina olla saatavilla ruokaa ja raikasta vett\u00e4, mutta tiesitk\u00f6, ett\u00e4 ruoka- ja vesikupin paikalla on iso merkitys? Vesikuppi tulee sijoittaa v\u00e4hint\u00e4\u00e4n metrin p\u00e4\u00e4h\u00e4n ruokakupista. Mutta mit\u00e4 tehd\u00e4, jos kissa ei sy\u00f6?<\/p>\n\n                                    <\/div>\n                                <\/div>\n                            <\/a>\n                        <\/div>\n                                        <div class=\"col-lg-4\">\n                            <a href=\"https:\/\/mjau.se\/fi\/kaikki-kissoista\/kissan-terveys\/kastroitu-kissa\/kuiva-ja-markaruoka-kastroidulle-kissalle\/\">\n                                <div class=\"card \">\n                                    <img loading=\"lazy\" decoding=\"async\" width=\"640\" height=\"426\" src=\"https:\/\/mjau.se\/fi\/wp-content\/uploads\/sites\/2\/2023\/06\/mjau-kastrerd-katt-naringsbehov-amnesomsattning.jpg\" class=\"attachment-large size-large wp-post-image\" alt=\"Kuiva- ja m\u00e4rk\u00e4ruoka kastroidulle ja steriloidulle kissalle\" srcset=\"https:\/\/mjau.se\/fi\/wp-content\/uploads\/sites\/2\/2023\/06\/mjau-kastrerd-katt-naringsbehov-amnesomsattning.jpg 800w, https:\/\/mjau.se\/fi\/wp-content\/uploads\/sites\/2\/2023\/06\/mjau-kastrerd-katt-naringsbehov-amnesomsattning-768x512.jpg 768w, https:\/\/mjau.se\/fi\/wp-content\/uploads\/sites\/2\/2023\/06\/mjau-kastrerd-katt-naringsbehov-amnesomsattning-450x300.jpg 450w\" sizes=\"(max-width: 640px) 100vw, 640px\" \/>                                                                        <div class=\"card-body\">\n\n                                                                                <h6>Kuiva- ja m\u00e4rk\u00e4ruoka kastroidulle ja steriloidulle kissalle<\/h6>\n                                        <p>Kastroidun kissan aineenvaihdunta on 30% alhaisempi kuin kastroimattomien. Jos kissasi on kastroitu, tulee sinun pit\u00e4\u00e4 silm\u00e4ll\u00e4 sen painoa. Mjaun valikoimista l\u00f6ytyy sek\u00e4 kuivaruokia ja m\u00e4rk\u00e4ruokia, jotka on sovitettu erityisesti kastroitujen kissojen tarpeisiin.<\/p>\n\n                                    <\/div>\n                                <\/div>\n                            <\/a>\n                        <\/div>\n                                        <div class=\"col-lg-4\">\n                            <a href=\"https:\/\/mjau.se\/fi\/kaikki-kissoista\/kissan-terveys\/kastroitu-kissa\/anledningar-att-kastrera-sin-katt\/\">\n                                <div class=\"card \">\n                                    <img loading=\"lazy\" decoding=\"async\" width=\"640\" height=\"430\" src=\"https:\/\/mjau.se\/fi\/wp-content\/uploads\/sites\/2\/2023\/06\/mjau-kastrera-katt.jpg\" class=\"attachment-large size-large wp-post-image\" alt=\"Syit\u00e4 kissan kastrointiin\/sterilointiin\" srcset=\"https:\/\/mjau.se\/fi\/wp-content\/uploads\/sites\/2\/2023\/06\/mjau-kastrera-katt.jpg 800w, https:\/\/mjau.se\/fi\/wp-content\/uploads\/sites\/2\/2023\/06\/mjau-kastrera-katt-768x516.jpg 768w\" sizes=\"(max-width: 640px) 100vw, 640px\" \/>                                                                        <div class=\"card-body\">\n\n                                                                                <h6>Syit\u00e4 kissan kastrointiin\/sterilointiin<\/h6>\n                                        <p>Kissan kastrointi\/sterilointi tuo monia etuja, ja se v\u00e4hent\u00e4\u00e4 ei-toivottujen pentueiden syntymist\u00e4. Tavallisimmin kissanpentu kastroidaan kun se on 4-6 kk ik\u00e4inen. Osa kissoista tulee kuitenkin sukukyps\u00e4ksi jo ennen sit\u00e4, joten valvo kissaasi, ettei se p\u00e4\u00e4se lis\u00e4\u00e4ntym\u00e4\u00e4n suunnittelemattomasti.<\/p>\n\n                                    <\/div>\n                                <\/div>\n                            <\/a>\n                        <\/div>\n                            <\/div>\n                    <\/div>\n    <\/section>\n\n\n\n        <section class=\"block explore-other-categories\">\n        <div class=\"container\">\n            <h2 class=\"font-xl-primary\">Tutustu my\u00f6s muihin osioihin<\/h2>\n            <div class=\"row gx-3\">\n                                        <div class=\"col-md-6 col-xl-4\">\n                            <div class=\"card\">\n                                                                <div class=\"card-body\">\n                                                                            <h6>Kissan terveys<\/h6>\n                                                                                                                <ul>\n                                                                                                                                            <li>\n                                                    <a href=\"https:\/\/mjau.se\/fi\/kaikki-kissoista\/kissan-terveys\/kastroitu-kissa\/anledningar-att-kastrera-sin-katt\/\">Syit\u00e4 kissan kastrointiin\/sterilointiin<\/a>\n                                                <\/li>\n\n                                                                                                                                            <li>\n                                                    <a href=\"https:\/\/mjau.se\/fi\/kaikki-kissoista\/kissan-terveys\/kastroitu-kissa\/kuiva-ja-markaruoka-kastroidulle-kissalle\/\">Kuiva- ja m\u00e4rk\u00e4ruoka kastroidulle ja steriloidulle kissalle<\/a>\n                                                <\/li>\n\n                                                                                                                                            <li>\n                                                    <a href=\"https:\/\/mjau.se\/fi\/kaikki-kissoista\/kissan-terveys\/kissanruoka-tietoutta\/taysikasvuisen-kissan-ruoan-vaihto\/\">T\u00e4ysikasvuisen kissan ruoan vaihto<\/a>\n                                                <\/li>\n\n                                                                                    <\/ul>\n                                    \n                                <\/div>\n                            <\/div>\n                        <\/div>\n                                        <div class=\"col-md-6 col-xl-4\">\n                            <div class=\"card\">\n                                                                <div class=\"card-body\">\n                                                                            <h6>Kissan hankinta<\/h6>\n                                                                                                                <ul>\n                                                                                                                                            <li>\n                                                    <a href=\"https:\/\/mjau.se\/fi\/kaikki-kissoista\/kissan-terveys\/omvardnad\/klippa-kattens-klor\/\">Kissan kynsien leikkaaminen<\/a>\n                                                <\/li>\n\n                                                                                                                                            <li>\n                                                    <a href=\"\"><\/a>\n                                                <\/li>\n\n                                                                                                                                            <li>\n                                                    <a href=\"https:\/\/mjau.se\/fi\/kaikki-kissoista\/kissan-hankinta\/tarvitseeko-kissa-raapimalaudan\/\">Tarvitseeko kissa raapimalaudan<\/a>\n                                                <\/li>\n\n                                                                                    <\/ul>\n                                    \n                                <\/div>\n                            <\/div>\n                        <\/div>\n                                <!-- <a target=\"\" href=\"<br \/>\n<b>Warning<\/b>:  Undefined variable $moreArticles in <b>\/home\/user_11375\/app_11375\/wp-content\/themes\/mjau\/blocks\/explore-other-categories\/explore-other-categories.php<\/b> on line <b>77<\/b><br \/>\n\" class=\"btn btn-default\">Fler artiklar<\/a> -->\n\n            <\/div>\n        <\/div>\n    <\/section>\n","protected":false},"excerpt":{"rendered":"","protected":false},"author":1,"featured_media":0,"parent":588,"menu_order":0,"comment_status":"closed","ping_status":"closed","template":"guternberg.php","meta":{"footnotes":""},"acf":[],"yoast_head":"<!-- This site is optimized with the Yoast SEO plugin v20.10 - https:\/\/yoast.com\/wordpress\/plugins\/seo\/ -->\n<title>Kissan k\u00e4yt\u00f6s ja vaistot - Mjau Finland<\/title>\n<meta name=\"description\" content=\"Kissaa ohjaa suurelta osin sen synnynn\u00e4inen k\u00e4yt\u00f6s ja vaistot. Mit\u00e4 paremmin ymm\u00e4rr\u00e4t n\u00e4it\u00e4, sit\u00e4 helpommin voit antaa kissallesi mit\u00e4 se tarvitsee.\" \/>\n<meta name=\"robots\" content=\"index, follow, max-snippet:-1, max-image-preview:large, max-video-preview:-1\" \/>\n<link rel=\"canonical\" href=\"https:\/\/mjau.se\/fi\/kaikki-kissoista\/kissan-kayttaytyminen\/\" \/>\n<meta property=\"og:locale\" content=\"en_US\" \/>\n<meta property=\"og:type\" content=\"article\" \/>\n<meta property=\"og:title\" content=\"Kissan k\u00e4yt\u00f6s ja vaistot - Mjau Finland\" \/>\n<meta property=\"og:description\" content=\"Kissaa ohjaa suurelta osin sen synnynn\u00e4inen k\u00e4yt\u00f6s ja vaistot. Mit\u00e4 paremmin ymm\u00e4rr\u00e4t n\u00e4it\u00e4, sit\u00e4 helpommin voit antaa kissallesi mit\u00e4 se tarvitsee.\" \/>\n<meta property=\"og:url\" content=\"https:\/\/mjau.se\/fi\/kaikki-kissoista\/kissan-kayttaytyminen\/\" \/>\n<meta property=\"og:site_name\" content=\"Mjau Finland\" \/>\n<meta property=\"article:modified_time\" content=\"2024-04-22T04:49:32+00:00\" \/>\n<meta name=\"twitter:card\" content=\"summary_large_image\" \/>\n<!-- \/ Yoast SEO plugin. -->","yoast_head_json":{"title":"Kissan k\u00e4yt\u00f6s ja vaistot - Mjau Finland","description":"Kissaa ohjaa suurelta osin sen synnynn\u00e4inen k\u00e4yt\u00f6s ja vaistot. Mit\u00e4 paremmin ymm\u00e4rr\u00e4t n\u00e4it\u00e4, sit\u00e4 helpommin voit antaa kissallesi mit\u00e4 se tarvitsee.","robots":{"index":"index","follow":"follow","max-snippet":"max-snippet:-1","max-image-preview":"max-image-preview:large","max-video-preview":"max-video-preview:-1"},"canonical":"https:\/\/mjau.se\/fi\/kaikki-kissoista\/kissan-kayttaytyminen\/","og_locale":"en_US","og_type":"article","og_title":"Kissan k\u00e4yt\u00f6s ja vaistot - Mjau Finland","og_description":"Kissaa ohjaa suurelta osin sen synnynn\u00e4inen k\u00e4yt\u00f6s ja vaistot. Mit\u00e4 paremmin ymm\u00e4rr\u00e4t n\u00e4it\u00e4, sit\u00e4 helpommin voit antaa kissallesi mit\u00e4 se tarvitsee.","og_url":"https:\/\/mjau.se\/fi\/kaikki-kissoista\/kissan-kayttaytyminen\/","og_site_name":"Mjau Finland","article_modified_time":"2024-04-22T04:49:32+00:00","twitter_card":"summary_large_image","schema":{"@context":"https:\/\/schema.org","@graph":[{"@type":"WebPage","@id":"https:\/\/mjau.se\/fi\/kaikki-kissoista\/kissan-kayttaytyminen\/","url":"https:\/\/mjau.se\/fi\/kaikki-kissoista\/kissan-kayttaytyminen\/","name":"Kissan k\u00e4yt\u00f6s ja vaistot - Mjau Finland","isPartOf":{"@id":"https:\/\/mjau.se\/fi\/#website"},"datePublished":"2023-06-11T12:05:24+00:00","dateModified":"2024-04-22T04:49:32+00:00","description":"Kissaa ohjaa suurelta osin sen synnynn\u00e4inen k\u00e4yt\u00f6s ja vaistot. Mit\u00e4 paremmin ymm\u00e4rr\u00e4t n\u00e4it\u00e4, sit\u00e4 helpommin voit antaa kissallesi mit\u00e4 se tarvitsee.","breadcrumb":{"@id":"https:\/\/mjau.se\/fi\/kaikki-kissoista\/kissan-kayttaytyminen\/#breadcrumb"},"inLanguage":"en-US","potentialAction":[{"@type":"ReadAction","target":["https:\/\/mjau.se\/fi\/kaikki-kissoista\/kissan-kayttaytyminen\/"]}]},{"@type":"BreadcrumbList","@id":"https:\/\/mjau.se\/fi\/kaikki-kissoista\/kissan-kayttaytyminen\/#breadcrumb","itemListElement":[{"@type":"ListItem","position":1,"name":"Home","item":"https:\/\/mjau.se\/fi\/"},{"@type":"ListItem","position":2,"name":"Kaikki kissoista","item":"https:\/\/mjau.se\/fi\/kaikki-kissoista\/"},{"@type":"ListItem","position":3,"name":"Kissan k\u00e4ytt\u00e4ytyminen"}]},{"@type":"WebSite","@id":"https:\/\/mjau.se\/fi\/#website","url":"https:\/\/mjau.se\/fi\/","name":"Mjau Finland","description":"","potentialAction":[{"@type":"SearchAction","target":{"@type":"EntryPoint","urlTemplate":"https:\/\/mjau.se\/fi\/?s={search_term_string}"},"query-input":"required name=search_term_string"}],"inLanguage":"en-US"}]}},"_links":{"self":[{"href":"https:\/\/mjau.se\/fi\/wp-json\/wp\/v2\/pages\/1096"}],"collection":[{"href":"https:\/\/mjau.se\/fi\/wp-json\/wp\/v2\/pages"}],"about":[{"href":"https:\/\/mjau.se\/fi\/wp-json\/wp\/v2\/types\/page"}],"author":[{"embeddable":true,"href":"https:\/\/mjau.se\/fi\/wp-json\/wp\/v2\/users\/1"}],"replies":[{"embeddable":true,"href":"https:\/\/mjau.se\/fi\/wp-json\/wp\/v2\/comments?post=1096"}],"version-history":[{"count":37,"href":"https:\/\/mjau.se\/fi\/wp-json\/wp\/v2\/pages\/1096\/revisions"}],"predecessor-version":[{"id":4844,"href":"https:\/\/mjau.se\/fi\/wp-json\/wp\/v2\/pages\/1096\/revisions\/4844"}],"up":[{"embeddable":true,"href":"https:\/\/mjau.se\/fi\/wp-json\/wp\/v2\/pages\/588"}],"wp:attachment":[{"href":"https:\/\/mjau.se\/fi\/wp-json\/wp\/v2\/media?parent=1096"}],"curies":[{"name":"wp","href":"https:\/\/api.w.org\/{rel}","templated":true}]}}