{"id":1066,"date":"2023-06-11T11:40:03","date_gmt":"2023-06-11T11:40:03","guid":{"rendered":"https:\/\/mjau.se\/fi\/?page_id=1066"},"modified":"2024-05-13T07:00:33","modified_gmt":"2024-05-13T07:00:33","slug":"kissan-adoptointi","status":"publish","type":"page","link":"https:\/\/mjau.se\/fi\/kattliv\/kissan-adoptointi\/","title":{"rendered":"Kissan adoptointi"},"content":{"rendered":"        <section class=\"sub-page-hero\">\n            <div class=\"container\">\n                \n                <div class=\"row\">\n                    <div class=\"col-md-8\">\n                        <h1 class=\"font-xl-primary\">Adoptoi kissa tai kissanpentu<\/h1><p>Suomessa on kymmeni\u00e4tuhansia kodittomia kissoja. Ne sy\u00f6v\u00e4t ruokaa, jota l\u00f6yt\u00e4v\u00e4t roskalaatikoista, roskakatoksista ja rakennusten perustuksista, valintamyym\u00e4l\u00f6iden takapihoilta ja kaikista muista paikoista, joissa emme juurikaan viet\u00e4 aikaamme.<\/p>\n                    <\/div>\n                <\/div>\n            <\/div>\n        <\/section>\n    \n\n    <div class=\"single-column-warp\">\n        <div class=\"container\">\n            <div class=\"text-content\">\n               <div class=\"article__introduction\">\n<p>Monet niist\u00e4 ovat niin arkoja, ettei niit\u00e4 juuri koskaan n\u00e4hd\u00e4 ja muita pidet\u00e4\u00e4n virheellisesti ulkokissoina. Apua n\u00e4m\u00e4 kissat saavat enimm\u00e4kseen aattellisilta el\u00e4insuojeluyhdistyksilt\u00e4 ja el\u00e4inrakkailta ihmisilt\u00e4, joille kissojen auttaminen on el\u00e4m\u00e4nteht\u00e4v\u00e4. Kissatalot, l\u00f6yt\u00f6el\u00e4inkodit ja sijaiskodit ovat melkein aina t\u00e4ysi\u00e4. Monet joutuvat sanomaan ei apua tarvitsevalle kissalle, koska tilaa ei yksinkertaisesti ole. Jos adoptoit kissan, tai kaksi, se vapauttaa tilaa muille tarvitsijoille. Mutta miten kissan tai kissanpennun adoptointi onnistuu?<\/p>\n<\/div>\n<div class=\"article__body\">\n<h2>Adoptoi kissa, joka on rokotettu, leikattu ja tunnistusmerkitty<\/h2>\n<p>Kun adoptoit kissan, saat melko varmasti aina kissan joka on rokotettu, leikattu, el\u00e4inl\u00e4\u00e4rin tarkastama ja tunnistusmerkitty. Poikkeuksena kissanpennun adoptointi, koska monet pennut ovat viel\u00e4 liian nuoria leikattavaksi. Kissan luovutusmaksu on usein alempi kuin mit\u00e4 joutuisit n\u00e4ist\u00e4 toimenpiteist\u00e4 itse maksamaan, ja kissanpennun luovutusmaksuun voi sis\u00e4lty\u00e4 my\u00f6s leikkaus, kun se on riitt\u00e4v\u00e4n vanha.<\/p>\n<p><a title=\"D\u00e5 kan du kastrera din kattunge\" href=\"https:\/\/mjau.se\/fi\/kattliv\/kissan-adoptointi\/\" data-id=\"15547\">&gt;&gt; Milloin voit leikkauttaa kissanpennun<\/a><\/p>\n<h2>Kissakoti auttaa l\u00f6yt\u00e4m\u00e4\u00e4n sinulle sopivan adoptiokissan<\/h2>\n<p>L\u00f6yt\u00f6el\u00e4intaloissa ja sijaiskodeissa on lis\u00e4ksi hyv\u00e4 kissatuntemus. He tuntevat kissojen persoonat ja tunnistavat eri kissojen tarpeet. He tiet\u00e4v\u00e4t mitk\u00e4 kissat haluavat ulkoilumahdollisuuden ja mitk\u00e4 sopisivat hyvin sis\u00e4kissoiksi. Se auttaa juuri oikean kissan valinnassa. Monesti uskotaan, ett\u00e4 adoptiokissat ovat ongelmakissoja, mutta niin ei itseasiassa useinkaan ole. Ne ovat sopeutuvia yksil\u00f6it\u00e4, joilla on surullinen tausta. Osa niist\u00e4 on syntynyt kodittomina, jotkut ovat l\u00e4hteneet reissuilleen, mutta koska niit\u00e4 ei ole tunnistusmerkitty, ei omistaja ole l\u00f6ytynyt. Toisinaan my\u00f6s omistaja on voinut ik\u00e4\u00e4nty\u00e4 tai sairastua, eik\u00e4 voi en\u00e4\u00e4 pit\u00e4\u00e4 kissaansa, vaikka haluaisivat. On monia syit\u00e4, miksi kissa voi p\u00e4\u00e4ty\u00e4 l\u00f6yt\u00f6el\u00e4intaloon.<\/p>\n<p>Kun olet adoptoimassa kissaa, on t\u00e4rke\u00e4\u00e4 kertoa kuinka hyvin tunnet kissat, millaista kissaa olet etsim\u00e4ss\u00e4 ja mit\u00e4 voit sille tarjota. Kokenut kissanomistaja voi k\u00e4sitell\u00e4 ja kuntouttaa arkaa kissaa, mutta lapsiperheeseen kannattaa mieluummin adoptoida kissanpentu, jonka on helpompi sopeutua lapsiperheen vauhtiin ja \u00e4\u00e4niin.<\/p>\n<h2>Oletko valmis adoptoimaan kissan?<\/h2>\n<p>Mik\u00e4li olet kiinnostunut adoptoimaan aikuisen kissan tai kissanpennun, ota yhteytt\u00e4 l\u00e4himp\u00e4\u00e4n l\u00f6yt\u00f6el\u00e4intaloon saadaksesi lis\u00e4tietoja.<\/p>\n<\/div>\n                <\/div>\n            <\/div>\n        <\/div>\n\n\n\n        <section class=\"block post-promos\">\n        <div class=\"container\">\n            <h2 class=\"font-xl-primary\"><\/h2>\n            <div class=\"row gx-md-3\">\n                                        <div class=\"col-md-6 \">\n                            <a href=\"https:\/\/mjau.se\/fi\/kaikki-kissoista\/kissan-hankinta\/valmistautuminen-kissan-hankintaan\/\">\n                                <div class=\"card \">\n                                    <img loading=\"lazy\" decoding=\"async\" width=\"450\" height=\"300\" src=\"https:\/\/mjau.se\/fi\/wp-content\/uploads\/sites\/2\/2023\/06\/mjau-redo-skaffa-katt-450x300.jpg\" class=\"attachment-promo-thumbnail size-promo-thumbnail wp-post-image\" alt=\"Valmistautuminen kissan hankintaan\" srcset=\"https:\/\/mjau.se\/fi\/wp-content\/uploads\/sites\/2\/2023\/06\/mjau-redo-skaffa-katt-450x300.jpg 450w, https:\/\/mjau.se\/fi\/wp-content\/uploads\/sites\/2\/2023\/06\/mjau-redo-skaffa-katt-768x512.jpg 768w, https:\/\/mjau.se\/fi\/wp-content\/uploads\/sites\/2\/2023\/06\/mjau-redo-skaffa-katt.jpg 800w\" sizes=\"(max-width: 450px) 100vw, 450px\" \/>                                                                        <div class=\"card-body\">\n\n                                                                                <h6>Valmistautuminen kissan hankintaan<\/h6>\n                                        <p>Oletko perehtynyt, mit\u00e4 kissan hankintaan sis\u00e4ltyy? Onko sinulla aikaa kissan hoitamiseen? Voitko taata, ett\u00e4 kissalla on riitt\u00e4v\u00e4sti seuraa? Onko sinulla varaa el\u00e4inl\u00e4\u00e4k\u00e4rik\u00e4ynteihin, rokotuksiin, kastroitiin ja tunnistusmerkint\u00e4\u00e4n?Oletko varustautunut siihen, ett\u00e4 kissa muuttaa el\u00e4m\u00e4\u00e4si vuosiksi eteenp\u00e4in? Jos vastaus on kyll\u00e4, voit alkaa miettim\u00e4\u00e4n kissan ostamista tai adoptointia.<\/p>\n                                                                                    <a href=\"https:\/\/mjau.se\/fi\/kaikki-kissoista\/kissan-hankinta\/valmistautuminen-kissan-hankintaan\/\" class=\"btn btn-default\">Lue lis\u00e4\u00e4<\/a>\n                                        \n                                    <\/div>\n                                <\/div>\n                            <\/a>\n                        <\/div>\n                                        <div class=\"col-md-6 \">\n                            <a href=\"https:\/\/mjau.se\/fi\/kaikki-kissoista\/kissan-hankinta\/kissan-jattaminen-yksin\/\">\n                                <div class=\"card \">\n                                    <img loading=\"lazy\" decoding=\"async\" width=\"450\" height=\"300\" src=\"https:\/\/mjau.se\/fi\/wp-content\/uploads\/sites\/2\/2023\/06\/mjau-lamna-katt-ensam-450x300.jpg\" class=\"attachment-promo-thumbnail size-promo-thumbnail wp-post-image\" alt=\"Kissan j\u00e4tt\u00e4minen yksin\" srcset=\"https:\/\/mjau.se\/fi\/wp-content\/uploads\/sites\/2\/2023\/06\/mjau-lamna-katt-ensam-450x300.jpg 450w, https:\/\/mjau.se\/fi\/wp-content\/uploads\/sites\/2\/2023\/06\/mjau-lamna-katt-ensam-768x514.jpg 768w, https:\/\/mjau.se\/fi\/wp-content\/uploads\/sites\/2\/2023\/06\/mjau-lamna-katt-ensam.jpg 800w\" sizes=\"(max-width: 450px) 100vw, 450px\" \/>                                                                        <div class=\"card-body\">\n\n                                                                                <h6>Kissan j\u00e4tt\u00e4minen yksin<\/h6>\n                                        <p>Aikuisen kissan voi j\u00e4tt\u00e4\u00e4 yksin, mutta ei liian pitk\u00e4ksi aikaa. Kissat tarvisevat sosiaalisia kontakteja. Jos olet p\u00e4ivitt\u00e4in pitk\u00e4\u00e4n poissa, tarvitsee kissasi virikkeit\u00e4 tarjoavan ymp\u00e4rist\u00f6n. Jos matkustat pois, on t\u00e4rke\u00e4\u00e4, ett\u00e4 joku toinen hoitaa kissaa riitt\u00e4v\u00e4n pitk\u00e4n aikaa p\u00e4ivitt\u00e4in.<\/p>\n                                                                                    <a href=\"https:\/\/mjau.se\/fi\/kaikki-kissoista\/kissan-hankinta\/kissan-jattaminen-yksin\/\" class=\"btn btn-default\">Lue lis\u00e4\u00e4<\/a>\n                                        \n                                    <\/div>\n                                <\/div>\n                            <\/a>\n                        <\/div>\n                                        <div class=\"col-md-6 \">\n                            <a href=\"https:\/\/mjau.se\/fi\/kaikki-kissoista\/kissan-terveys\/kastroitu-kissa\/kuiva-ja-markaruoka-kastroidulle-kissalle\/\">\n                                <div class=\"card \">\n                                    <img loading=\"lazy\" decoding=\"async\" width=\"450\" height=\"300\" src=\"https:\/\/mjau.se\/fi\/wp-content\/uploads\/sites\/2\/2023\/06\/mjau-kastrerd-katt-naringsbehov-amnesomsattning-450x300.jpg\" class=\"attachment-promo-thumbnail size-promo-thumbnail wp-post-image\" alt=\"Kuiva- ja m\u00e4rk\u00e4ruoka kastroidulle ja steriloidulle kissalle\" srcset=\"https:\/\/mjau.se\/fi\/wp-content\/uploads\/sites\/2\/2023\/06\/mjau-kastrerd-katt-naringsbehov-amnesomsattning-450x300.jpg 450w, https:\/\/mjau.se\/fi\/wp-content\/uploads\/sites\/2\/2023\/06\/mjau-kastrerd-katt-naringsbehov-amnesomsattning-768x512.jpg 768w, https:\/\/mjau.se\/fi\/wp-content\/uploads\/sites\/2\/2023\/06\/mjau-kastrerd-katt-naringsbehov-amnesomsattning.jpg 800w\" sizes=\"(max-width: 450px) 100vw, 450px\" \/>                                                                        <div class=\"card-body\">\n\n                                                                                <h6>Kuiva- ja m\u00e4rk\u00e4ruoka kastroidulle ja steriloidulle kissalle<\/h6>\n                                        <p>Kastroidun kissan aineenvaihdunta on 30% alhaisempi kuin kastroimattomien. Jos kissasi on kastroitu, tulee sinun pit\u00e4\u00e4 silm\u00e4ll\u00e4 sen painoa. Mjaun valikoimista l\u00f6ytyy sek\u00e4 kuivaruokia ja m\u00e4rk\u00e4ruokia, jotka on sovitettu erityisesti kastroitujen kissojen tarpeisiin.<\/p>\n                                                                                    <a href=\"https:\/\/mjau.se\/fi\/kaikki-kissoista\/kissan-terveys\/kastroitu-kissa\/kuiva-ja-markaruoka-kastroidulle-kissalle\/\" class=\"btn btn-default\">Lue lis\u00e4\u00e4<\/a>\n                                        \n                                    <\/div>\n                                <\/div>\n                            <\/a>\n                        <\/div>\n                                        <div class=\"col-md-6 \">\n                            <a href=\"https:\/\/mjau.se\/fi\/kaikki-kissoista\/kissan-terveys\/kissanruoka-tietoutta\/taysikasvuisen-kissan-ruoan-vaihto\/\">\n                                <div class=\"card \">\n                                    <img loading=\"lazy\" decoding=\"async\" width=\"450\" height=\"300\" src=\"https:\/\/mjau.se\/fi\/wp-content\/uploads\/sites\/2\/2023\/06\/mjau-byta-foder-vuxen-katt-450x300.jpg\" class=\"attachment-promo-thumbnail size-promo-thumbnail wp-post-image\" alt=\"T\u00e4ysikasvuisen kissan ruoan vaihto\" srcset=\"https:\/\/mjau.se\/fi\/wp-content\/uploads\/sites\/2\/2023\/06\/mjau-byta-foder-vuxen-katt-450x300.jpg 450w, https:\/\/mjau.se\/fi\/wp-content\/uploads\/sites\/2\/2023\/06\/mjau-byta-foder-vuxen-katt-768x511.jpg 768w, https:\/\/mjau.se\/fi\/wp-content\/uploads\/sites\/2\/2023\/06\/mjau-byta-foder-vuxen-katt.jpg 800w\" sizes=\"(max-width: 450px) 100vw, 450px\" \/>                                                                        <div class=\"card-body\">\n\n                                                                                <h6>T\u00e4ysikasvuisen kissan ruoan vaihto<\/h6>\n                                        <p>Toisinaan kissan ruoka on vaihdettava syyst\u00e4 tai toisesta. Jos n\u00e4in k\u00e4y, seuraa t\u00e4st\u00e4 Mjaun k\u00e4yt\u00e4nn\u00f6llist\u00e4 ohjetta ruoan vaihtamiseen, jotta kissasi v\u00e4lttyisi turhilta vatsanpuruilta. <\/p>\n                                                                                    <a href=\"https:\/\/mjau.se\/fi\/kaikki-kissoista\/kissan-terveys\/kissanruoka-tietoutta\/taysikasvuisen-kissan-ruoan-vaihto\/\" class=\"btn btn-default\">Lue lis\u00e4\u00e4<\/a>\n                                        \n                                    <\/div>\n                                <\/div>\n                            <\/a>\n                        <\/div>\n                            <\/div>\n                    <\/div>\n    <\/section>\n","protected":false},"excerpt":{"rendered":"<p>Suomessa on paljon kodittomia kissoja. Kun adoptoit kissan l\u00f6yt\u00f6el\u00e4intalosta, voit varmistua siit\u00e4, ett\u00e4 kissa on el\u00e4inl\u00e4\u00e4k\u00e4rin tarkastama, rokotettu, tunnistusmerkitty ja leikattu (jos se on riitt\u00e4v\u00e4n vanha). L\u00f6yt\u00f6el\u00e4inkodeissa on useimmiten hyv\u00e4 n\u00e4kemys siell\u00e4 olevien kissojen persoonasta, ja he voivat auttaa sinua valitsemaan juuri el\u00e4m\u00e4ntilanteeseesi parhaiten sopivan yksil\u00f6n.<\/p>\n","protected":false},"author":1,"featured_media":1369,"parent":1048,"menu_order":0,"comment_status":"closed","ping_status":"closed","template":"guternberg.php","meta":{"footnotes":""},"acf":[],"yoast_head":"<!-- This site is optimized with the Yoast SEO plugin v20.10 - https:\/\/yoast.com\/wordpress\/plugins\/seo\/ -->\n<title>Adoptera katt eller kattunge - tips och r\u00e5d - Mjau Finland<\/title>\n<meta name=\"description\" content=\"Jos harkitset kissan hankkimista, yksi vaihtoehto on adoptoida kissa tai kissanpentu. Adoptoimalla autat yht\u00e4 useista kodittomista kissoista. Lue lis\u00e4\u00e4 adoptiosta.\" \/>\n<meta name=\"robots\" content=\"index, follow, max-snippet:-1, max-image-preview:large, max-video-preview:-1\" \/>\n<link rel=\"canonical\" href=\"https:\/\/mjau.se\/fi\/kattliv\/kissan-adoptointi\/\" \/>\n<meta property=\"og:locale\" content=\"en_US\" \/>\n<meta property=\"og:type\" content=\"article\" \/>\n<meta property=\"og:title\" content=\"Adoptera katt eller kattunge - tips och r\u00e5d - Mjau Finland\" \/>\n<meta property=\"og:description\" content=\"Jos harkitset kissan hankkimista, yksi vaihtoehto on adoptoida kissa tai kissanpentu. Adoptoimalla autat yht\u00e4 useista kodittomista kissoista. Lue lis\u00e4\u00e4 adoptiosta.\" \/>\n<meta property=\"og:url\" content=\"https:\/\/mjau.se\/fi\/kattliv\/kissan-adoptointi\/\" \/>\n<meta property=\"og:site_name\" content=\"Mjau Finland\" \/>\n<meta property=\"article:modified_time\" content=\"2024-05-13T07:00:33+00:00\" \/>\n<meta property=\"og:image\" content=\"https:\/\/mjau.se\/fi\/wp-content\/uploads\/sites\/2\/2023\/06\/mjau-adoptera-katt.jpg\" \/>\n\t<meta property=\"og:image:width\" content=\"800\" \/>\n\t<meta property=\"og:image:height\" content=\"535\" \/>\n\t<meta property=\"og:image:type\" content=\"image\/jpeg\" \/>\n<meta name=\"twitter:card\" content=\"summary_large_image\" \/>\n<!-- \/ Yoast SEO plugin. -->","yoast_head_json":{"title":"Adoptera katt eller kattunge - tips och r\u00e5d - Mjau Finland","description":"Jos harkitset kissan hankkimista, yksi vaihtoehto on adoptoida kissa tai kissanpentu. Adoptoimalla autat yht\u00e4 useista kodittomista kissoista. Lue lis\u00e4\u00e4 adoptiosta.","robots":{"index":"index","follow":"follow","max-snippet":"max-snippet:-1","max-image-preview":"max-image-preview:large","max-video-preview":"max-video-preview:-1"},"canonical":"https:\/\/mjau.se\/fi\/kattliv\/kissan-adoptointi\/","og_locale":"en_US","og_type":"article","og_title":"Adoptera katt eller kattunge - tips och r\u00e5d - Mjau Finland","og_description":"Jos harkitset kissan hankkimista, yksi vaihtoehto on adoptoida kissa tai kissanpentu. Adoptoimalla autat yht\u00e4 useista kodittomista kissoista. Lue lis\u00e4\u00e4 adoptiosta.","og_url":"https:\/\/mjau.se\/fi\/kattliv\/kissan-adoptointi\/","og_site_name":"Mjau Finland","article_modified_time":"2024-05-13T07:00:33+00:00","og_image":[{"width":800,"height":535,"url":"https:\/\/mjau.se\/fi\/wp-content\/uploads\/sites\/2\/2023\/06\/mjau-adoptera-katt.jpg","type":"image\/jpeg"}],"twitter_card":"summary_large_image","schema":{"@context":"https:\/\/schema.org","@graph":[{"@type":"WebPage","@id":"https:\/\/mjau.se\/fi\/kattliv\/kissan-adoptointi\/","url":"https:\/\/mjau.se\/fi\/kattliv\/kissan-adoptointi\/","name":"Adoptera katt eller kattunge - tips och r\u00e5d - Mjau Finland","isPartOf":{"@id":"https:\/\/mjau.se\/fi\/#website"},"datePublished":"2023-06-11T11:40:03+00:00","dateModified":"2024-05-13T07:00:33+00:00","description":"Jos harkitset kissan hankkimista, yksi vaihtoehto on adoptoida kissa tai kissanpentu. Adoptoimalla autat yht\u00e4 useista kodittomista kissoista. Lue lis\u00e4\u00e4 adoptiosta.","breadcrumb":{"@id":"https:\/\/mjau.se\/fi\/kattliv\/kissan-adoptointi\/#breadcrumb"},"inLanguage":"en-US","potentialAction":[{"@type":"ReadAction","target":["https:\/\/mjau.se\/fi\/kattliv\/kissan-adoptointi\/"]}]},{"@type":"BreadcrumbList","@id":"https:\/\/mjau.se\/fi\/kattliv\/kissan-adoptointi\/#breadcrumb","itemListElement":[{"@type":"ListItem","position":1,"name":"Home","item":"https:\/\/mjau.se\/fi\/"},{"@type":"ListItem","position":2,"name":"Kissan el\u00e4m\u00e4","item":"https:\/\/mjau.se\/fi\/kattliv\/"},{"@type":"ListItem","position":3,"name":"Kissan adoptointi"}]},{"@type":"WebSite","@id":"https:\/\/mjau.se\/fi\/#website","url":"https:\/\/mjau.se\/fi\/","name":"Mjau Finland","description":"","potentialAction":[{"@type":"SearchAction","target":{"@type":"EntryPoint","urlTemplate":"https:\/\/mjau.se\/fi\/?s={search_term_string}"},"query-input":"required name=search_term_string"}],"inLanguage":"en-US"}]}},"_links":{"self":[{"href":"https:\/\/mjau.se\/fi\/wp-json\/wp\/v2\/pages\/1066"}],"collection":[{"href":"https:\/\/mjau.se\/fi\/wp-json\/wp\/v2\/pages"}],"about":[{"href":"https:\/\/mjau.se\/fi\/wp-json\/wp\/v2\/types\/page"}],"author":[{"embeddable":true,"href":"https:\/\/mjau.se\/fi\/wp-json\/wp\/v2\/users\/1"}],"replies":[{"embeddable":true,"href":"https:\/\/mjau.se\/fi\/wp-json\/wp\/v2\/comments?post=1066"}],"version-history":[{"count":23,"href":"https:\/\/mjau.se\/fi\/wp-json\/wp\/v2\/pages\/1066\/revisions"}],"predecessor-version":[{"id":5436,"href":"https:\/\/mjau.se\/fi\/wp-json\/wp\/v2\/pages\/1066\/revisions\/5436"}],"up":[{"embeddable":true,"href":"https:\/\/mjau.se\/fi\/wp-json\/wp\/v2\/pages\/1048"}],"wp:featuredmedia":[{"embeddable":true,"href":"https:\/\/mjau.se\/fi\/wp-json\/wp\/v2\/media\/1369"}],"wp:attachment":[{"href":"https:\/\/mjau.se\/fi\/wp-json\/wp\/v2\/media?parent=1066"}],"curies":[{"name":"wp","href":"https:\/\/api.w.org\/{rel}","templated":true}]}}