{"id":1048,"date":"2023-06-11T11:32:08","date_gmt":"2023-06-11T11:32:08","guid":{"rendered":"https:\/\/mjau.se\/fi\/?page_id=1048"},"modified":"2024-05-15T08:51:01","modified_gmt":"2024-05-15T08:51:01","slug":"kattliv","status":"publish","type":"page","link":"https:\/\/mjau.se\/fi\/kattliv\/","title":{"rendered":"Kissan el\u00e4m\u00e4"},"content":{"rendered":"        <section class=\"sub-page-hero-with-image\">\n            \n            <div class=\"overlay-v1 overlay-dark\" >\n                                    <img decoding=\"async\" class=\"background-image\" src=\"https:\/\/mjau.se\/fi\/wp-content\/uploads\/sites\/2\/2023\/06\/mjau-katters-varde.jpg\" alt=\"\">\n                                <div class=\"container\">\n                    \n                    <div class=\"row\">\n                        <div class=\"col-md-8 col-lg-6 \">\n                            <h1 class=\"font-xl-primary\">Auta meit\u00e4 v\u00e4hent\u00e4m\u00e4\u00e4n kodittomien kissojen m\u00e4\u00e4r\u00e4\u00e4<\/h1>                        <\/div>\n                    <\/div>\n                <\/div>\n            <\/div>\n                    <\/section>\n    \n\n    <div class=\"single-column-warp\">\n        <div class=\"container\">\n            <div class=\"text-content\">\n               <h2>Tavoitteemme on v\u00e4hent\u00e4\u00e4 kodittomien kissojen m\u00e4\u00e4r\u00e4\u00e4<\/h2>\n<p>Me haluamme poistaa kissojen kodittomuuden. Suomessa on arviolta kymmeni\u00e4tuhansia kodittomia kissoja, ja se on kymmeni\u00e4tuhansia liikaa. Monet kissoista ovat hyl\u00e4ttyj\u00e4 ja ne el\u00e4v\u00e4t surkeissa oloissa n\u00e4lkiintynein\u00e4 ja sairaina, koska kissat eiv\u00e4t selvi\u00e4 yksin Suomen luonnossa \u2013 eik\u00e4 l\u00f6yt\u00f6el\u00e4intaloja ole tarpeeksi. Kodittomat kissat johtuvat p\u00e4\u00e4osin kissanomistajien puutteellisesta tiedosta. <a title=\"Kastrerad katt\" href=\"https:\/\/mjau.se\/fi\/allt-om-katten\/kattens-halsa\/kastrerad-katt\/\" data-udi=\"umb:\/\/document\/65b28f984dc0416e9841533627f49d9a\">Kissan kastrointi\/sterilointi on t\u00e4rke\u00e4\u00e4.<\/a>\u00a0On siis aivan liian paljon kissanomistajia, jotka eiv\u00e4t kastroi\/steriloi kissaansa ja siten mahdollistavat kodittomien kissojen syntymisen. Ongelma on iso.<\/p>\n<p>Mjau tekee t\u00f6it\u00e4 nostaakseen kissojen arvoa yhteiskunnassa. V\u00e4hennet\u00e4\u00e4n yhdess\u00e4 kodittomien kissojen m\u00e4\u00e4r\u00e4\u00e4.<\/p>\n<ul>\n<li>Meill\u00e4 on oma <a title=\"V\u00e5ra produktutvecklare\" href=\"https:\/\/mjau.se\/fi\/kattmat\/hallbart-kattfoder\/vara-produktutvecklare\/\" data-id=\"3603\">kissakoti , Tassula<\/a>, jossa kodittomat kissat saavat uuden mahdollisuuden el\u00e4m\u00e4\u00e4ns\u00e4.<\/li>\n<li>Olemme lanseeranneet Ruotsissa <a title=\"Heml\u00f6sa katter\" href=\"https:\/\/mjau.se\/fi\/kattliv\/hemlosa-katter\/\" data-id=\"13492\">Kodittomien kissojen viikon<\/a>, jossa levit\u00e4mme tietoa ja annamme ihmisille mahdollisuuden lahjoittaa ruokaa kodittomille kissoille.<\/li>\n<li>Suosittelemme, ett\u00e4 kaikki ne kissat joita ei k\u00e4ytet\u00e4 jalostukseen, kastroidaan tai steriloidaan.<\/li>\n<\/ul>\n<p>Jakamalla tietoa autat meit\u00e4 auttamaan hyl\u00e4ttyj\u00e4 ja kodittomia kissoja.<\/p>\n<p>Mjau ja kaikki kodittomat kissat kiitt\u00e4v\u00e4t avusta!<\/p>\n<ul>\n<li>Lue t\u00e4\u00e4lt\u00e4 lis\u00e4\u00e4, mik\u00e4li olet ajatellut <a title=\"Adoptera katt\" href=\"https:\/\/mjau.se\/fi\/kattliv\/adoptera-katt\/\" data-udi=\"umb:\/\/document\/d4e5da0fc561482cb6b07b9d592dd454\">adoptoida kissan tai kissanpennun<\/a><\/li>\n<\/ul>\n                <\/div>\n            <\/div>\n        <\/div>\n\n\n\n        <section class=\"block post-promos\">\n        <div class=\"container\">\n            <h2 class=\"font-xl-primary\"><\/h2>\n            <div class=\"row gx-md-3\">\n                                        <div class=\"col-md-6 col-lg-4\">\n                            <a href=\"https:\/\/mjau.se\/fi\/kattliv\/kissan-adoptointi\/\">\n                                <div class=\"card \">\n                                    <img loading=\"lazy\" decoding=\"async\" width=\"450\" height=\"300\" src=\"https:\/\/mjau.se\/fi\/wp-content\/uploads\/sites\/2\/2023\/06\/mjau-adoptera-katt-450x300.jpg\" class=\"attachment-promo-thumbnail size-promo-thumbnail wp-post-image\" alt=\"Kissan adoptointi\" srcset=\"https:\/\/mjau.se\/fi\/wp-content\/uploads\/sites\/2\/2023\/06\/mjau-adoptera-katt-450x300.jpg 450w, https:\/\/mjau.se\/fi\/wp-content\/uploads\/sites\/2\/2023\/06\/mjau-adoptera-katt-768x514.jpg 768w, https:\/\/mjau.se\/fi\/wp-content\/uploads\/sites\/2\/2023\/06\/mjau-adoptera-katt.jpg 800w\" sizes=\"(max-width: 450px) 100vw, 450px\" \/>                                                                        <div class=\"card-body\">\n\n                                                                                <h6>Kissan adoptointi<\/h6>\n                                        <p>Suomessa on paljon kodittomia kissoja. Kun adoptoit kissan l\u00f6yt\u00f6el\u00e4intalosta, voit varmistua siit\u00e4, ett\u00e4 kissa on el\u00e4inl\u00e4\u00e4k\u00e4rin tarkastama, rokotettu, tunnistusmerkitty ja leikattu (jos se on riitt\u00e4v\u00e4n vanha). L\u00f6yt\u00f6el\u00e4inkodeissa on useimmiten hyv\u00e4 n\u00e4kemys siell\u00e4 olevien kissojen persoonasta, ja he voivat auttaa sinua valitsemaan juuri el\u00e4m\u00e4ntilanteeseesi parhaiten sopivan yksil\u00f6n.<\/p>\n                                        \n                                    <\/div>\n                                <\/div>\n                            <\/a>\n                        <\/div>\n                                        <div class=\"col-md-6 col-lg-4\">\n                            <a href=\"https:\/\/mjau.se\/fi\/kattliv\/id-markning-katt\/\">\n                                <div class=\"card \">\n                                    <img loading=\"lazy\" decoding=\"async\" width=\"450\" height=\"300\" src=\"https:\/\/mjau.se\/fi\/wp-content\/uploads\/sites\/2\/2023\/06\/mjau-katt-id-marka-450x300.jpg\" class=\"attachment-promo-thumbnail size-promo-thumbnail wp-post-image\" alt=\"Kissan tunnistusmerkint\u00e4\" srcset=\"https:\/\/mjau.se\/fi\/wp-content\/uploads\/sites\/2\/2023\/06\/mjau-katt-id-marka-450x300.jpg 450w, https:\/\/mjau.se\/fi\/wp-content\/uploads\/sites\/2\/2023\/06\/mjau-katt-id-marka-768x512.jpg 768w, https:\/\/mjau.se\/fi\/wp-content\/uploads\/sites\/2\/2023\/06\/mjau-katt-id-marka.jpg 800w\" sizes=\"(max-width: 450px) 100vw, 450px\" \/>                                                                        <div class=\"card-body\">\n\n                                                                                <h6>Kissan tunnistusmerkint\u00e4<\/h6>\n                                        <p>Kissan on hyv\u00e4 tunnistusmerkit\u00e4 el\u00e4inl\u00e4\u00e4k\u00e4rill\u00e4 ja rekister\u00f6id\u00e4 siru. Mik\u00e4li kissa karkaa, on sen omistaja helppo tavoittaa, jos kissa on sirutettu ja rekister\u00f6ity.<\/p>\n                                        \n                                    <\/div>\n                                <\/div>\n                            <\/a>\n                        <\/div>\n                                        <div class=\"col-md-6 col-lg-4\">\n                            <a href=\"https:\/\/mjau.se\/fi\/kaikki-kissoista\/kissan-terveys\/kastroitu-kissa\/anledningar-att-kastrera-sin-katt\/\">\n                                <div class=\"card \">\n                                    <img loading=\"lazy\" decoding=\"async\" width=\"450\" height=\"300\" src=\"https:\/\/mjau.se\/fi\/wp-content\/uploads\/sites\/2\/2023\/06\/mjau-kastrera-katt-450x300.jpg\" class=\"attachment-promo-thumbnail size-promo-thumbnail wp-post-image\" alt=\"Syit\u00e4 kissan kastrointiin\/sterilointiin\" \/>                                                                        <div class=\"card-body\">\n\n                                                                                <h6>Syit\u00e4 kissan kastrointiin\/sterilointiin<\/h6>\n                                        <p>Kissan kastrointi\/sterilointi tuo monia etuja, ja se v\u00e4hent\u00e4\u00e4 ei-toivottujen pentueiden syntymist\u00e4. Tavallisimmin kissanpentu kastroidaan kun se on 4-6 kk ik\u00e4inen. Osa kissoista tulee kuitenkin sukukyps\u00e4ksi jo ennen sit\u00e4, joten valvo kissaasi, ettei se p\u00e4\u00e4se lis\u00e4\u00e4ntym\u00e4\u00e4n suunnittelemattomasti.<\/p>\n                                        \n                                    <\/div>\n                                <\/div>\n                            <\/a>\n                        <\/div>\n                            <\/div>\n                    <\/div>\n    <\/section>\n","protected":false},"excerpt":{"rendered":"","protected":false},"author":1,"featured_media":0,"parent":0,"menu_order":0,"comment_status":"closed","ping_status":"closed","template":"guternberg.php","meta":{"footnotes":""},"acf":[],"yoast_head":"<!-- This site is optimized with the Yoast SEO plugin v20.10 - https:\/\/yoast.com\/wordpress\/plugins\/seo\/ -->\n<title>Hj\u00e4lp heml\u00f6sa katter &amp; \u00f6ka kattens v\u00e4rde i samh\u00e4llet - Mjau Finland<\/title>\n<meta name=\"description\" content=\"Det finns m\u00e5nga heml\u00f6sa katter i Sverige. Mjau vill utrota kattheml\u00f6sheten och \u00f6ka kattens v\u00e4rde i samh\u00e4llet. Hj\u00e4lp oss sprida information f\u00f6r katternas skull.\" \/>\n<meta name=\"robots\" content=\"index, follow, max-snippet:-1, max-image-preview:large, max-video-preview:-1\" \/>\n<link rel=\"canonical\" href=\"https:\/\/mjau.se\/fi\/kattliv\/\" \/>\n<meta property=\"og:locale\" content=\"en_US\" \/>\n<meta property=\"og:type\" content=\"article\" \/>\n<meta property=\"og:title\" content=\"Hj\u00e4lp heml\u00f6sa katter &amp; \u00f6ka kattens v\u00e4rde i samh\u00e4llet - Mjau Finland\" \/>\n<meta property=\"og:description\" content=\"Det finns m\u00e5nga heml\u00f6sa katter i Sverige. Mjau vill utrota kattheml\u00f6sheten och \u00f6ka kattens v\u00e4rde i samh\u00e4llet. Hj\u00e4lp oss sprida information f\u00f6r katternas skull.\" \/>\n<meta property=\"og:url\" content=\"https:\/\/mjau.se\/fi\/kattliv\/\" \/>\n<meta property=\"og:site_name\" content=\"Mjau Finland\" \/>\n<meta property=\"article:modified_time\" content=\"2024-05-15T08:51:01+00:00\" \/>\n<meta name=\"twitter:card\" content=\"summary_large_image\" \/>\n<!-- \/ Yoast SEO plugin. -->","yoast_head_json":{"title":"Hj\u00e4lp heml\u00f6sa katter & \u00f6ka kattens v\u00e4rde i samh\u00e4llet - Mjau Finland","description":"Det finns m\u00e5nga heml\u00f6sa katter i Sverige. Mjau vill utrota kattheml\u00f6sheten och \u00f6ka kattens v\u00e4rde i samh\u00e4llet. Hj\u00e4lp oss sprida information f\u00f6r katternas skull.","robots":{"index":"index","follow":"follow","max-snippet":"max-snippet:-1","max-image-preview":"max-image-preview:large","max-video-preview":"max-video-preview:-1"},"canonical":"https:\/\/mjau.se\/fi\/kattliv\/","og_locale":"en_US","og_type":"article","og_title":"Hj\u00e4lp heml\u00f6sa katter & \u00f6ka kattens v\u00e4rde i samh\u00e4llet - Mjau Finland","og_description":"Det finns m\u00e5nga heml\u00f6sa katter i Sverige. Mjau vill utrota kattheml\u00f6sheten och \u00f6ka kattens v\u00e4rde i samh\u00e4llet. Hj\u00e4lp oss sprida information f\u00f6r katternas skull.","og_url":"https:\/\/mjau.se\/fi\/kattliv\/","og_site_name":"Mjau Finland","article_modified_time":"2024-05-15T08:51:01+00:00","twitter_card":"summary_large_image","schema":{"@context":"https:\/\/schema.org","@graph":[{"@type":"WebPage","@id":"https:\/\/mjau.se\/fi\/kattliv\/","url":"https:\/\/mjau.se\/fi\/kattliv\/","name":"Hj\u00e4lp heml\u00f6sa katter & \u00f6ka kattens v\u00e4rde i samh\u00e4llet - Mjau Finland","isPartOf":{"@id":"https:\/\/mjau.se\/fi\/#website"},"datePublished":"2023-06-11T11:32:08+00:00","dateModified":"2024-05-15T08:51:01+00:00","description":"Det finns m\u00e5nga heml\u00f6sa katter i Sverige. Mjau vill utrota kattheml\u00f6sheten och \u00f6ka kattens v\u00e4rde i samh\u00e4llet. Hj\u00e4lp oss sprida information f\u00f6r katternas skull.","breadcrumb":{"@id":"https:\/\/mjau.se\/fi\/kattliv\/#breadcrumb"},"inLanguage":"en-US","potentialAction":[{"@type":"ReadAction","target":["https:\/\/mjau.se\/fi\/kattliv\/"]}]},{"@type":"BreadcrumbList","@id":"https:\/\/mjau.se\/fi\/kattliv\/#breadcrumb","itemListElement":[{"@type":"ListItem","position":1,"name":"Home","item":"https:\/\/mjau.se\/fi\/"},{"@type":"ListItem","position":2,"name":"Kissan el\u00e4m\u00e4"}]},{"@type":"WebSite","@id":"https:\/\/mjau.se\/fi\/#website","url":"https:\/\/mjau.se\/fi\/","name":"Mjau Finland","description":"","potentialAction":[{"@type":"SearchAction","target":{"@type":"EntryPoint","urlTemplate":"https:\/\/mjau.se\/fi\/?s={search_term_string}"},"query-input":"required name=search_term_string"}],"inLanguage":"en-US"}]}},"_links":{"self":[{"href":"https:\/\/mjau.se\/fi\/wp-json\/wp\/v2\/pages\/1048"}],"collection":[{"href":"https:\/\/mjau.se\/fi\/wp-json\/wp\/v2\/pages"}],"about":[{"href":"https:\/\/mjau.se\/fi\/wp-json\/wp\/v2\/types\/page"}],"author":[{"embeddable":true,"href":"https:\/\/mjau.se\/fi\/wp-json\/wp\/v2\/users\/1"}],"replies":[{"embeddable":true,"href":"https:\/\/mjau.se\/fi\/wp-json\/wp\/v2\/comments?post=1048"}],"version-history":[{"count":22,"href":"https:\/\/mjau.se\/fi\/wp-json\/wp\/v2\/pages\/1048\/revisions"}],"predecessor-version":[{"id":5473,"href":"https:\/\/mjau.se\/fi\/wp-json\/wp\/v2\/pages\/1048\/revisions\/5473"}],"wp:attachment":[{"href":"https:\/\/mjau.se\/fi\/wp-json\/wp\/v2\/media?parent=1048"}],"curies":[{"name":"wp","href":"https:\/\/api.w.org\/{rel}","templated":true}]}}