{"id":1014,"date":"2023-06-11T11:05:04","date_gmt":"2023-06-11T11:05:04","guid":{"rendered":"https:\/\/mjau.se\/fi\/?page_id=1014"},"modified":"2026-03-09T09:12:35","modified_gmt":"2026-03-09T09:12:35","slug":"cookies","status":"publish","type":"page","link":"https:\/\/mjau.se\/fi\/cookies\/","title":{"rendered":"Cookies"},"content":{"rendered":"        <section class=\"sub-page-hero\">\n            <div class=\"container\">\n                \n                <div class=\"row\">\n                    <div class=\"col-md-8\">\n                        <h1 class=\"font-xl-primary\">Ev\u00e4steet<\/h1><p>25.7.2003 voimaantulleen s\u00e4hk\u00f6ist\u00e4 viestint\u00e4\u00e4 koskevan lain mukaan kaikille ev\u00e4steit\u00e4 sis\u00e4lt\u00e4v\u00e4ll\u00e4 verkkosivustolla vieraileville on annettava tieto siit\u00e4, ett\u00e4 sivusto k\u00e4ytt\u00e4\u00e4 ev\u00e4steit\u00e4, mihin niit\u00e4 k\u00e4ytet\u00e4\u00e4n ja miten ev\u00e4steet voidaan v\u00e4ltt\u00e4\u00e4.<\/p>\n                    <\/div>\n                <\/div>\n            <\/div>\n        <\/section>\n    \n\n    <div class=\"single-column-warp\">\n        <div class=\"container\">\n            <div class=\"text-content\">\n               <table width=\"204\">\n<tbody>\n<tr>\n<td width=\"204\"><\/td>\n<\/tr>\n<\/tbody>\n<\/table>\n<p>T\u00e4m\u00e4 ev\u00e4stek\u00e4yt\u00e4nt\u00f6 kuvaa sit\u00e4, miten <strong data-start=\"33\" data-end=\"67\">Partner in Pet Food Nordics AB<\/strong> (y-tunnus 556055\u20135129), osoitteessa Doggyv\u00e4gen 1, 447 91 V\u00e5rg\u00e5rda (\u201dme\u201d, \u201dmeit\u00e4\u201d tai <strong data-start=\"153\" data-end=\"162\">Doggy<\/strong>), k\u00e4ytt\u00e4\u00e4 ev\u00e4steit\u00e4 seuraavilla verkkosivustoilla: <strong data-start=\"214\" data-end=\"235\"><a class=\"decorated-link cursor-pointer\" href=\"https:\/\/www.bozita.com\/fi\" rel=\"noopener\" data-start=\"216\" data-end=\"233\" data-is-only-node=\"\">www.bozita.com\/fi<\/a><\/strong>, <strong data-start=\"261\" data-end=\"277\"><a class=\"decorated-link cursor-pointer\" href=\"https:\/\/www.doggy.fi\" rel=\"noopener\" data-start=\"263\" data-end=\"275\" data-is-only-node=\"\">www.doggy.fi<\/a> sek\u00e4<\/strong> <strong data-start=\"279\" data-end=\"297\"><a class=\"decorated-link cursor-pointer\" href=\"https:\/\/www.mjau.se\/fi\" rel=\"noopener\" data-start=\"281\" data-end=\"295\" data-is-only-node=\"\">www.mjau.se\/fi <\/a><\/strong>(\u201dVerkkosivusto\u201d).<\/p>\n<h3>1. MIK\u00c4 ON EV\u00c4STE<strong>?<\/strong><\/h3>\n<p>Ev\u00e4steet ovat pieni\u00e4 tekstitiedostoja, jotka tallennetaan tietokoneeseesi tai mobiililaitteeseesi, kun vierailet sivustolla. Ne auttavat verkkosivua tunnistamaan laitteesi seuraavalla vierailulla, tarjoamaan sivuston erityisi\u00e4 toimintoja ja\/tai profiloimaan selausk\u00e4ytt\u00e4ytymist\u00e4si. Samalla tavalla toimivat my\u00f6s esimerkiksi pikselitunnisteet ja muut seuranta\u00adtekniikat, joita t\u00e4ss\u00e4 k\u00e4yt\u00e4nn\u00f6ss\u00e4 kutsutaan ev\u00e4steiksi.<\/p>\n<h3>2. MIT\u00c4 EV\u00c4STEIT\u00c4 K\u00c4YT\u00c4MME?<\/h3>\n<p><strong data-start=\"1031\" data-end=\"1058\">Toiminnalliset ev\u00e4steet<\/strong> \u2013 N\u00e4m\u00e4 ev\u00e4steet ovat tarpeellisia joidenkin sivuston toimintojen kannalta ja ne mahdollistavat esimerkiksi k\u00e4ytt\u00e4j\u00e4nimen, kielen tai alueen muistamisen. Ilman n\u00e4it\u00e4 ev\u00e4steit\u00e4 osa sivuston toiminnoista ei v\u00e4ltt\u00e4m\u00e4tt\u00e4 toimi oikein. Ev\u00e4steet voidaan sallia automaattisesti selaimessasi, ja voit s\u00e4\u00e4t\u00e4\u00e4 ev\u00e4steiden vastaanottoa selaimen asetuksista.<\/p>\n<p><strong data-start=\"1137\" data-end=\"1161\">Suorituskykyev\u00e4steet<\/strong> \u2013 N\u00e4it\u00e4 ev\u00e4steit\u00e4 k\u00e4ytet\u00e4\u00e4n sivuston suorituskyvyn ja suunnittelun analysointiin mahdollisten virheiden havaitsemiseksi. Lis\u00e4ksi ne auttavat meit\u00e4 ymm\u00e4rt\u00e4m\u00e4\u00e4n, oletko vieraillut sivustolla aiemmin, mitk\u00e4 sivut ovat k\u00e4vij\u00f6iden suosituimpia ja kuinka kauan k\u00e4vij\u00e4t viett\u00e4v\u00e4t aikaa sivustolla keskim\u00e4\u00e4rin. Ev\u00e4steet voidaan sallia automaattisesti selaimessasi, ja voit s\u00e4\u00e4t\u00e4\u00e4 niiden vastaanottoa selaimen asetuksista.<\/p>\n<p><strong>Markkinointiev\u00e4steet <\/strong>\u2013 N\u00e4it\u00e4 ev\u00e4steit\u00e4 k\u00e4ytet\u00e4\u00e4n seuraamaan sinua sivustolla vierailusi aikana, jotta sinulle voidaan n\u00e4ytt\u00e4\u00e4 relevanttia mainontaa. Ev\u00e4steet voidaan sallia automaattisesti selaimessasi, ja voit s\u00e4\u00e4t\u00e4\u00e4 niiden vastaanottoa selaimen asetuksista.<\/p>\n<p>K\u00e4yt\u00e4mme my\u00f6s kolmansien osapuolten ev\u00e4steit\u00e4 esimerkiksi mainonnan tulosten seuraamiseen.<\/p>\n<h3>3. EV\u00c4STEIDEN K\u00c4YTT\u00d6 JA TARKOITUS<\/h3>\n<p>K\u00e4yt\u00e4mme ev\u00e4steit\u00e4 seuraaviin tarkoituksiin:<\/p>\n<div>\n<h3>4. KOLMANSIEN OSAPUOLTEN EV\u00c4STEET<\/h3>\n<p>Kolmannen osapuolen ev\u00e4steit\u00e4 k\u00e4ytet\u00e4\u00e4n k\u00e4ytt\u00e4j\u00e4k\u00e4ytt\u00e4ytymisen seurantaan, jotta voidaan ymm\u00e4rt\u00e4\u00e4, mit\u00e4 sivuja vierailijat k\u00e4ytt\u00e4v\u00e4t ja kuinka kauan he ovat sivustolla. T\u00e4m\u00e4 auttaa parantamaan markkinointikampanjoita.<\/p>\n<h3>5. SUOSTUMUS EV\u00c4STEIDEN K\u00c4YTT\u00d6\u00d6N<\/h3>\n<p>Kun klikkaat \u201dSalli kaikki ev\u00e4steet\u201d -painiketta sivuston ev\u00e4stebannerissa, annat suostumuksesi ev\u00e4steiden k\u00e4ytt\u00f6\u00f6n. Ilman suostumusta banneri pysyy n\u00e4kyviss\u00e4, eik\u00e4 seurantaa tapahdu.<\/p>\n<p>Henkil\u00f6tietojen k\u00e4sittely, joka tapahtuu ev\u00e4steiden avulla, perustuu suostumukseesi lainmukaisena k\u00e4sittelyn perustana. K\u00e4yt\u00e4mme anonyymej\u00e4 ev\u00e4steit\u00e4 tarjotaksemme perustoimintoja verkkosivustolla. Jotta voimme tarjota tarkkaa tilastotietoa, upotettua videota, henkil\u00f6kohtaista sis\u00e4lt\u00f6\u00e4, mainoksia ja sosiaalisen median toimintoja, tarvitsemme suostumuksesi lain mukaisesti. T\u00e4m\u00e4 johtuu siit\u00e4, ett\u00e4 tietoja verkkosivustomme k\u00e4yt\u00f6st\u00e4si jaetaan sosiaalisen median, mainonnan ja analytiikkakumppaneidemme kanssa, jotka voivat yhdist\u00e4\u00e4 sen muuhun antamaasi tai heid\u00e4n ker\u00e4\u00e4m\u00e4\u00e4ns\u00e4 tietoon palveluidensa k\u00e4yt\u00f6st\u00e4.<\/p>\n<p>Ilman suostumusta banneri pysyy n\u00e4kyviss\u00e4, eik\u00e4 seurantaa tapahdu.<\/p>\n<p>Koska ev\u00e4steet tallennetaan laitteellesi ja selaimeesi, joita k\u00e4yt\u00e4t sivustolla vierailuun, sinun t\u00e4ytyy hallita ev\u00e4steit\u00e4 erikseen kaikilla laitteillasi ja selaimillasi, joita k\u00e4yt\u00e4t verkkosivustolla k\u00e4yntiin.<\/p>\n<h3>6. HENKIL\u00d6TIETOJEN K\u00c4SITTELY EV\u00c4STEIDEN AVULLA<\/h3>\n<p data-start=\"2113\" data-end=\"2242\">Yll\u00e4 olevien taulukoiden (katso kohdat 3 ja 4) mukaisesti meill\u00e4 on seuraavat tarkoitukset ja lainmukaiset perusteet ev\u00e4steiden avulla tapahtuvaan henkil\u00f6tietojen k\u00e4sittelyyn:<\/p>\n<p data-start=\"2113\" data-end=\"2242\"><strong data-start=\"2113\" data-end=\"2148\">Suorituskyky ja toiminnallisuus<\/strong>: Analysoimme verkkosivuston suorituskyky\u00e4 ja suunnittelua mahdollisten virheiden tunnistamiseksi. T\u00e4m\u00e4n tarkoituksen puitteissa k\u00e4sitelt\u00e4v\u00e4t henkil\u00f6tiedot perustuvat oikeutettuun etuumme varmistaa ja parantaa sivuston toimivuutta.<\/p>\n<p data-start=\"2245\" data-end=\"2368\"><strong data-start=\"2245\" data-end=\"2261\">Markkinointi<\/strong>: K\u00e4sittelemme tiettyj\u00e4 henkil\u00f6tietoja, kuten IP-osoitetta ja s\u00e4hk\u00f6postiosoitetta, seurataksemme sinua sivustolla vierailusi aikana ja n\u00e4ytt\u00e4\u00e4ksesi sinulle relevanttia mainontaa. T\u00e4m\u00e4n tarkoituksen puitteissa k\u00e4sitelt\u00e4v\u00e4t henkil\u00f6tiedot perustuvat oikeutettuun etuumme markkinoida tuotteitamme ja palveluitamme, joiden uskomme kiinnostavan sinua.<\/p>\n<p data-start=\"2370\" data-end=\"2499\">Lis\u00e4tietoja oikeuksistasi ja henkil\u00f6tietojen k\u00e4sittelyst\u00e4 l\u00f6ytyy <span class=\"hover:entity-accent entity-underline inline cursor-pointer align-baseline\"><span class=\"whitespace-normal\">Partner in Pet food Nordics AB &#8211; <\/span><\/span>tietosuojak\u00e4yt\u00e4nn\u00f6st\u00e4.<\/p>\n<h3>7. OTA YHTEYTT\u00c4<\/h3>\n<p>Mik\u00e4li sinulla on kysytt\u00e4v\u00e4\u00e4 ev\u00e4stek\u00e4yt\u00e4nn\u00f6st\u00e4, voit ottaa yhteytt\u00e4 s\u00e4hk\u00f6postitse: <a href=\"mailto:dataprotection@finland.doggy.se\">dataprotection@finland.doggy.se<\/a><\/p>\n<\/div>\n                <\/div>\n            <\/div>\n        <\/div>\n","protected":false},"excerpt":{"rendered":"","protected":false},"author":1,"featured_media":0,"parent":0,"menu_order":0,"comment_status":"closed","ping_status":"closed","template":"guternberg.php","meta":{"footnotes":""},"acf":[],"yoast_head":"<!-- This site is optimized with the Yoast SEO plugin v20.10 - https:\/\/yoast.com\/wordpress\/plugins\/seo\/ -->\n<title>Information om cookies p\u00e5 mjau.se\/fi- Mjau Finland<\/title>\n<meta name=\"description\" content=\"L\u00e4s mer om vilka cookies som anv\u00e4nds p\u00e5 mjau.se\/fi, vad de anv\u00e4nds till och hur du kan undvika cookies.\" \/>\n<meta name=\"robots\" content=\"index, follow, max-snippet:-1, max-image-preview:large, max-video-preview:-1\" \/>\n<link rel=\"canonical\" href=\"https:\/\/mjau.se\/fi\/cookies\/\" \/>\n<meta property=\"og:locale\" content=\"en_US\" \/>\n<meta property=\"og:type\" content=\"article\" \/>\n<meta property=\"og:title\" content=\"Information om cookies p\u00e5 mjau.se\/fi- Mjau Finland\" \/>\n<meta property=\"og:description\" content=\"L\u00e4s mer om vilka cookies som anv\u00e4nds p\u00e5 mjau.se\/fi, vad de anv\u00e4nds till och hur du kan undvika cookies.\" \/>\n<meta property=\"og:url\" content=\"https:\/\/mjau.se\/fi\/cookies\/\" \/>\n<meta property=\"og:site_name\" content=\"Mjau Finland\" \/>\n<meta property=\"article:modified_time\" content=\"2026-03-09T09:12:35+00:00\" \/>\n<meta name=\"twitter:card\" content=\"summary_large_image\" \/>\n<!-- \/ Yoast SEO plugin. -->","yoast_head_json":{"title":"Information om cookies p\u00e5 mjau.se\/fi- Mjau Finland","description":"L\u00e4s mer om vilka cookies som anv\u00e4nds p\u00e5 mjau.se\/fi, vad de anv\u00e4nds till och hur du kan undvika cookies.","robots":{"index":"index","follow":"follow","max-snippet":"max-snippet:-1","max-image-preview":"max-image-preview:large","max-video-preview":"max-video-preview:-1"},"canonical":"https:\/\/mjau.se\/fi\/cookies\/","og_locale":"en_US","og_type":"article","og_title":"Information om cookies p\u00e5 mjau.se\/fi- Mjau Finland","og_description":"L\u00e4s mer om vilka cookies som anv\u00e4nds p\u00e5 mjau.se\/fi, vad de anv\u00e4nds till och hur du kan undvika cookies.","og_url":"https:\/\/mjau.se\/fi\/cookies\/","og_site_name":"Mjau Finland","article_modified_time":"2026-03-09T09:12:35+00:00","twitter_card":"summary_large_image","schema":{"@context":"https:\/\/schema.org","@graph":[{"@type":"WebPage","@id":"https:\/\/mjau.se\/fi\/cookies\/","url":"https:\/\/mjau.se\/fi\/cookies\/","name":"Information om cookies p\u00e5 mjau.se\/fi- Mjau Finland","isPartOf":{"@id":"https:\/\/mjau.se\/fi\/#website"},"datePublished":"2023-06-11T11:05:04+00:00","dateModified":"2026-03-09T09:12:35+00:00","description":"L\u00e4s mer om vilka cookies som anv\u00e4nds p\u00e5 mjau.se\/fi, vad de anv\u00e4nds till och hur du kan undvika cookies.","breadcrumb":{"@id":"https:\/\/mjau.se\/fi\/cookies\/#breadcrumb"},"inLanguage":"en-US","potentialAction":[{"@type":"ReadAction","target":["https:\/\/mjau.se\/fi\/cookies\/"]}]},{"@type":"BreadcrumbList","@id":"https:\/\/mjau.se\/fi\/cookies\/#breadcrumb","itemListElement":[{"@type":"ListItem","position":1,"name":"Home","item":"https:\/\/mjau.se\/fi\/"},{"@type":"ListItem","position":2,"name":"Cookies"}]},{"@type":"WebSite","@id":"https:\/\/mjau.se\/fi\/#website","url":"https:\/\/mjau.se\/fi\/","name":"Mjau Finland","description":"","potentialAction":[{"@type":"SearchAction","target":{"@type":"EntryPoint","urlTemplate":"https:\/\/mjau.se\/fi\/?s={search_term_string}"},"query-input":"required name=search_term_string"}],"inLanguage":"en-US"}]}},"_links":{"self":[{"href":"https:\/\/mjau.se\/fi\/wp-json\/wp\/v2\/pages\/1014"}],"collection":[{"href":"https:\/\/mjau.se\/fi\/wp-json\/wp\/v2\/pages"}],"about":[{"href":"https:\/\/mjau.se\/fi\/wp-json\/wp\/v2\/types\/page"}],"author":[{"embeddable":true,"href":"https:\/\/mjau.se\/fi\/wp-json\/wp\/v2\/users\/1"}],"replies":[{"embeddable":true,"href":"https:\/\/mjau.se\/fi\/wp-json\/wp\/v2\/comments?post=1014"}],"version-history":[{"count":23,"href":"https:\/\/mjau.se\/fi\/wp-json\/wp\/v2\/pages\/1014\/revisions"}],"predecessor-version":[{"id":5685,"href":"https:\/\/mjau.se\/fi\/wp-json\/wp\/v2\/pages\/1014\/revisions\/5685"}],"wp:attachment":[{"href":"https:\/\/mjau.se\/fi\/wp-json\/wp\/v2\/media?parent=1014"}],"curies":[{"name":"wp","href":"https:\/\/api.w.org\/{rel}","templated":true}]}}