{"id":1006,"date":"2023-06-11T10:54:49","date_gmt":"2023-06-11T10:54:49","guid":{"rendered":"https:\/\/mjau.se\/fi\/?page_id=1006"},"modified":"2024-04-23T17:46:22","modified_gmt":"2024-04-23T17:46:22","slug":"kastrera-hankatt","status":"publish","type":"page","link":"https:\/\/mjau.se\/fi\/kaikki-kissoista\/kissan-terveys\/kastroitu-kissa\/kastrera-hankatt\/","title":{"rendered":"Kollikissan kastrointi"},"content":{"rendered":"        <section class=\"sub-page-hero\">\n            <div class=\"container\">\n                \n                <div class=\"row\">\n                    <div class=\"col-md-8\">\n                        <h1 class=\"font-xl-primary\">Uroskissan kastraatio \u2013 t\u00e4m\u00e4 on syyt\u00e4 tiet\u00e4\u00e4<\/h1><p>On varmaan mukavaa tiet\u00e4\u00e4, ett\u00e4 kissan kastrointi on yksinkertainen asia. Se on yksi rutiinitoimenpiteist\u00e4, joita el\u00e4inl\u00e4\u00e4k\u00e4rit tekev\u00e4t p\u00e4ivitt\u00e4in, mutta kissanomistajasta se voi tuntua hieman ik\u00e4v\u00e4lt\u00e4 ja pelottavalta. Siksi olemme ker\u00e4nneet t\u00e4h\u00e4n asioita, jotka voivat olla avuksi ja auttaa sinua tuntemaan olosi rauhallisemmaksi. Sek\u00e4 ennen operaatiota ett\u00e4 sen j\u00e4lkeen, kun tulet kissan kanssa kotiin.<\/p>\n                    <\/div>\n                <\/div>\n            <\/div>\n        <\/section>\n    \n\n    <div class=\"single-column-warp\">\n        <div class=\"container\">\n            <div class=\"text-content\">\n               <h2>Ennen kastraatiota<\/h2>\n<p>Kissat lukevat omistajiensa tunteita ja tuntemuksia tarkasti. Jos olet rauhallinen, on kissasikin rauhallisempi. Kastraatiota edelt\u00e4v\u00e4n\u00e4 iltana pysy mieluiten kotona ja pid\u00e4 kissa sis\u00e4ll\u00e4, vaikka se muuten saisikin ulkoilla. Kissan on hyv\u00e4 olla puhdas ennen el\u00e4inl\u00e4\u00e4k\u00e4rille menoa. K\u00e4y siis l\u00e4pi sen turkki ja jalat. Jos kissa on pitk\u00e4karvainen, voisi olla paikalla k\u00e4yd\u00e4 sen turkki harjalla l\u00e4pi.<\/p>\n<p><img loading=\"lazy\" decoding=\"async\" class=\"wp-image-1010 alignright\" src=\"https:\/\/mjau.se\/fi\/wp-content\/uploads\/sites\/2\/2023\/06\/mjau-kastrera-hankatt.png\" alt=\"\" width=\"155\" height=\"190\" \/><\/p>\n<p>Ennen kuin menet nukkumaan, poista kissan ruoat sen saatavilta. Puoleny\u00f6n j\u00e4lkeen sen ei tulisi en\u00e4\u00e4 ennen leikkausta sy\u00f6d\u00e4 mit\u00e4\u00e4n, tarpeettoman pahoinvoinnin v\u00e4ltt\u00e4miseksi. Vett\u00e4 voit antaa ennen leikkausta.<\/p>\n<h2>N\u00e4in kastrointi tapahtuu<\/h2>\n<h3>El\u00e4inl\u00e4\u00e4k\u00e4riss\u00e4<\/h3>\n<p>Ennen kuin el\u00e4inl\u00e4\u00e4k\u00e4ri kastroi kissasi, tarkastaa h\u00e4n ensin kissan voinnin ja varmistaa, ett\u00e4 se kest\u00e4\u00e4 toimenpiteen. Kissa saa rauhoittavan ja kipua lievitt\u00e4v\u00e4n l\u00e4\u00e4kityksen ennen nukutusta. Kissan rotu, ik\u00e4, paino ja mahdolliset sairaudet otetaan huomioon jo ennen toimenpidett\u00e4 ja k\u00e4ytett\u00e4v\u00e4 l\u00e4\u00e4kitys m\u00e4\u00e4riytyy sen mukaan. Kissan kiveksen pinnalle tehd\u00e4\u00e4n pieni viilto ja toimenpiteest\u00e4 j\u00e4\u00e4 yleens\u00e4 vain kaksi pient\u00e4 haavaa, joita useimmiten ei tarvitse edes ommella ja ne parantuvat muutamassa p\u00e4iv\u00e4ss\u00e4. Kissa p\u00e4\u00e4see samana p\u00e4iv\u00e4n\u00e4 kotiin, kunhan se on kunnolla her\u00e4nnyt.<\/p>\n<h3>Her\u00e4\u00e4minen<\/h3>\n<p>Leikkauksen j\u00e4lkeen kissa saa her\u00e4t\u00e4 el\u00e4inl\u00e4\u00e4k\u00e4rin her\u00e4\u00e4m\u00f6ss\u00e4 kaikessa rauhassa, el\u00e4inhoitajien valvonnassa. Tarvittaessa se saa my\u00f6s lis\u00e4\u00e4 kipua lievitt\u00e4v\u00e4\u00e4 l\u00e4\u00e4kett\u00e4. Kun kissa on kunnolla hereill\u00e4, tarkastetaan sen haavat ja mik\u00e4li kaikki on hyvin, p\u00e4\u00e4see kissa kotiin.<\/p>\n<h2>Kastraation j\u00e4lkeen &#8211; hyv\u00e4 tiet\u00e4\u00e4<\/h2>\n<p>El\u00e4inl\u00e4\u00e4k\u00e4rist\u00e4 saatte tietenkin kotiutumisohjeet, joiden avulla voit varmistua, ett\u00e4 osaat hoitaa kissaasi parhaalla mahdollisella tavalla. Mutta on hyv\u00e4 tiet\u00e4\u00e4 jo etuk\u00e4teen mit\u00e4 tulee ottaa huomioon, kun kissa palaa kotiin. Se tarvitsee rauhallisen paikan jossa se saa toipua toimenpiteest\u00e4. Nukutuksen j\u00e4lkeen kissa tarvitsee hieman lis\u00e4l\u00e4mp\u00f6\u00e4, joten voit jo etuk\u00e4teen laittaa sille extrapeiton mieluisaan nukkumapaikkaan.<\/p>\n<h3>\u00c4l\u00e4 j\u00e4t\u00e4 kissaa yksi<\/h3>\n<p>Leikkauksen j\u00e4lkeen uroskissat voivat olla uneliaita ja tokkuraisia jonkin aikaa kotiinpaluun j\u00e4lkeen. \u00c4l\u00e4 j\u00e4t\u00e4 kissaa yksin, ennen kuin se on t\u00e4ysin pirte\u00e4. Annan sen lev\u00e4t\u00e4 rauhassa hiljaisessa ja turvallisessa sopessa l\u00e4hell\u00e4 sinua.<\/p>\n<h3>Ole varovainen ruoan kanssa<\/h3>\n<p>\u00c4l\u00e4 annan kissalle ruokaa ennen kuin se on t\u00e4ysin hereill\u00e4 ja pysyy t\u00e4ysin jaloillaan. Aloita antamalla sille pieni\u00e4 annoksia ruokaa, koska se on paastonnut pitk\u00e4\u00e4. Mieluummin v\u00e4h\u00e4n kerrallaan, useita kertoja.<\/p>\n<h3>Ota pari p\u00e4iv\u00e4\u00e4 rauhallisesti<\/h3>\n<p>Aivan kuten ihmisten, my\u00f6s kissojen on hyv\u00e4 ottaa rauhallisesti muutama p\u00e4iv\u00e4 operaation j\u00e4lkeen. On t\u00e4rke\u00e4\u00e4 antaa haavojen parantua ilman turhaa rasitusta. Jos kissa on tottunut ulkoilemaan, on syyt\u00e4 kuitenkin pit\u00e4\u00e4 sit\u00e4 sis\u00e4ll\u00e4 pari-kolme p\u00e4iv\u00e4\u00e4, vaikka se itse haluaisikin ulos.<\/p>\n<h3>Tarkista kissan haavat<\/h3>\n<p>Luonnollisesti pid\u00e4t silm\u00e4ll\u00e4 kissaasi varmistuaksesi sen voivan hyvin ja toipuvan kastraatiosta, mutta my\u00f6s haavat on tarkistettava p\u00e4ivitt\u00e4in, jotta voit varmistaa niiden paranemisen. Haavojen t\u00e4ytyy olla kuivat ja n\u00e4ytt\u00e4\u00e4 hyv\u00e4lt\u00e4. \u00c4l\u00e4 koske haavoja tarpeettomasti, se lis\u00e4\u00e4 tulehdusriski\u00e4. Mik\u00e4li havaitse joitakin komplikaatiomerkkej\u00e4, kuten esimerkiksi turvotusta, punottavuutta, vuotoa tai jos haava alkaa haista, ota v\u00e4litt\u00f6m\u00e4sti yhteytt\u00e4 el\u00e4inl\u00e4\u00e4k\u00e4riin.<\/p>\n<h3>\u00c4l\u00e4 anna kissan nuolla haavoja<\/h3>\n<p>Haavojen koskeminen ei ole kielletty\u00e4 vain sinulta, vaan se koskee my\u00f6s kissaasi. On t\u00e4rke\u00e4\u00e4, ettei kissa nuole haavoja. Jos se tekee niin, voit laittaa sille kaulurin. Mik\u00e4li jo etuk\u00e4teen tied\u00e4t, ett\u00e4 kissallasi on taipumusta nuolla haavoja, pyyd\u00e4 el\u00e4inl\u00e4\u00e4k\u00e4rilt\u00e4 kauluri mukaan jo ennen kotiinl\u00e4ht\u00f6\u00e4, niin olet varautunut, eik\u00e4 tilanne p\u00e4\u00e4se yll\u00e4tt\u00e4m\u00e4\u00e4n, Muista kuitenkin poistaa kauluri p\u00e4ivitt\u00e4in, jotta kissasi voi puhdistaa itsens\u00e4 &#8211; huolellisen valvonnan alla tietenkin! Ja sill\u00e4 aikaa kun kissa pesee itse\u00e4\u00e4n, sin\u00e4 peset kaulurin, ennen kuin laitat sen takaisin.<\/p>\n                <\/div>\n            <\/div>\n        <\/div>\n\n\n    <section class=\"card-promo-wrap\">\n        <div class=\"container\">\n            <div class=\"row gx-md-4\">\n                                                                <div class=\"col-md-6\">\n                            <div class=\"card  primary\">\n                                                                                                    <img decoding=\"async\" class=\"card-img-top\" src=\"https:\/\/mjau.se\/fi\/wp-content\/uploads\/sites\/2\/2023\/06\/mjau-kastrerd-katt-naringsbehov-amnesomsattning.jpg\" alt=\"Card image cap\">\n                                \n                                <div class=\"card-body\">\n                                                                        <h5 class=\"card-title section-title\">Kastrerade katter har andra n\u00e4ringsbehov<\/h5>\n                                    <p>En kastrerad katts \u00e4mnesoms\u00e4ttning \u00e4r 30 procent l\u00e4gre \u00e4n \u00e4mnesoms\u00e4ttningen hos en katt som inte \u00e4r kastrerad. N\u00e4r du har kastrerat din katt beh\u00f6ver du d\u00e4rf\u00f6r h\u00e5lla lite extra koll s\u00e5 att han\/hon inte g\u00e5r upp i vikt. Antingen kan du ge den mindre mat eller ett foder med l\u00e4gre energiinneh\u00e5ll. I Mjaus sortiment finns b\u00e5de torrfoder och v\u00e5tmat som \u00e4r specialanpassat f\u00f6r kastrerade katter.<\/p>\n                                                                            <a class=\"btn btn-default\" href=\"https:\/\/mjau.se\/fi\/allt-om-katten\/kattens-halsa\/kastrerad-katt\/vat-och-torrfoder-for-kastrerad-katt\/\" target=\"_self\">Ta reda p\u00e5 mer<\/a>\n                                                                    <\/div>\n                            <\/div>\n                        <\/div>\n                                                                <div class=\"col-md-6\">\n                            <div class=\"card  primary\">\n                                                                                                    <img decoding=\"async\" class=\"card-img-top\" src=\"https:\/\/mjau.se\/fi\/wp-content\/uploads\/sites\/2\/2023\/06\/mjau-nyhet-vatfoder-kastrerad-katt.png\" alt=\"Card image cap\">\n                                \n                                <div class=\"card-body\">\n                                                                        <h5 class=\"card-title section-title\">Nyhet: Mjau v\u00e5tmat f\u00f6r kastrerad katt<\/h5>\n                                    <p>Visste du att m\u00e5nga kastrerade katter har problem med fetma och diabetes? Mjaus v\u00e5tmat f\u00f6r kastrerade katter har lite l\u00e4gre energiinneh\u00e5ll och inneh\u00e5ller inget tillsatt socker s\u00e5 att det blir l\u00e4ttare f\u00f6r katten att h\u00e5lla vikten.<\/p>\n                                                                            <a class=\"btn btn-default\" href=\"https:\/\/mjau.se\/fi\/allt-om-katten\/kattens-halsa\/kastrerad-katt\/vat-och-torrfoder-for-kastrerad-katt\/\" target=\"_self\">Ta reda p\u00e5 mer<\/a>\n                                                                    <\/div>\n                            <\/div>\n                        <\/div>\n                \n            <\/div>\n\n        <\/div>\n    <\/section>\n\n\n\t<section class=\"product-carousel-wrap \">\n\t\t<div class=\"container\">\n\t\t\t<h2 class=\"section-title\">Mjau v\u00e5tmat f\u00f6r kastrerade katter<\/h2>\t\t\t<div class=\"carousel-wrap\">\n\t\t\t\t\t\t\t\t\t<div class=\"swiper product-carousel\">\n\t\t\t\t\t\t<div class=\"swiper-wrapper\">\n\t\t\t\t\t\t\t\t\t\t\t\t\t\t\t<div class=\"swiper-slide\">\n\t\t\t\t\t\t\t\t\t<a href=\"https:\/\/mjau.se\/fi\/kattmat\/mjau\/mjau-kastrerad-bitar-i-sas-notfars\/\">\n\t\t\t\t\t\t\t\t\t\t<div class=\"card\">\n\t\t\t\t\t\t\t\t\t\t\t<figure>\n\t\t\t\t\t\t\t\t\t\t\t\t<img loading=\"lazy\" decoding=\"async\" width=\"800\" height=\"800\" src=\"https:\/\/mjau.se\/fi\/wp-content\/uploads\/sites\/2\/2023\/05\/3844_Mjau-Kastrerad_Tetra_NAfs-i-s_Cat_370g_800.png\" class=\"attachment-post-thumbnail size-post-thumbnail wp-post-image\" alt=\"Mjau paloja kastikkeessa kastroiduille kissoille, sis\u00e4lt\u00e4\u00e4 jauhettua naudanlihaa\" srcset=\"https:\/\/mjau.se\/fi\/wp-content\/uploads\/sites\/2\/2023\/05\/3844_Mjau-Kastrerad_Tetra_NAfs-i-s_Cat_370g_800.png 800w, https:\/\/mjau.se\/fi\/wp-content\/uploads\/sites\/2\/2023\/05\/3844_Mjau-Kastrerad_Tetra_NAfs-i-s_Cat_370g_800-500x500.png 500w, https:\/\/mjau.se\/fi\/wp-content\/uploads\/sites\/2\/2023\/05\/3844_Mjau-Kastrerad_Tetra_NAfs-i-s_Cat_370g_800-150x150.png 150w, https:\/\/mjau.se\/fi\/wp-content\/uploads\/sites\/2\/2023\/05\/3844_Mjau-Kastrerad_Tetra_NAfs-i-s_Cat_370g_800-768x768.png 768w\" sizes=\"(max-width: 800px) 100vw, 800px\" \/>\n\t\t\t\t\t\t\t\t\t\t\t\t\n\t\t\t\t\t\t\t\t\t\t\t<\/figure>\n\t\t\t\t\t\t\t\t\t\t\t<div class=\"card-body\">\n\t\t\t\t\t\t\t\t\t\t\t\t\t\t\t\t\t\t\t\t\t\t\t\t\t<span class=\"category\">\n\t\t\t\t\t\t\t\t\t\t\t\t\t\tLiha<span class=\"seperator\"><\/span>\t\t\t\t\t\t\t\t\t\t\t\t\t<\/span>\n\t\t\t\t\t\t\t\t\t\t\t\t\t\t\t\t\t\t\t\t\t\t\t\t\t<h5 class=\"card-title\">Mjau paloja kastikkeessa kastroiduille kissoille, sis\u00e4lt\u00e4\u00e4 jauhettua naudanlihaa<\/h5>\n\t\t\t\t\t\t\t\t\t\t\t<\/div>\n\t\t\t\t\t\t\t\t\t\t<\/div>\n\t\t\t\t\t\t\t\t\t<\/a>\n\t\t\t\t\t\t\t\t<\/div>\n\t\t\t\t\t\t\t\t\t\t\t\t\t\t\t<div class=\"swiper-slide\">\n\t\t\t\t\t\t\t\t\t<a href=\"https:\/\/mjau.se\/fi\/kattmat\/mjau\/mjau-multibox-kastrerad-fisk-kottsmak-i-gele\/\">\n\t\t\t\t\t\t\t\t\t\t<div class=\"card\">\n\t\t\t\t\t\t\t\t\t\t\t<figure>\n\t\t\t\t\t\t\t\t\t\t\t\t<img loading=\"lazy\" decoding=\"async\" width=\"400\" height=\"400\" src=\"https:\/\/mjau.se\/fi\/wp-content\/uploads\/sites\/2\/2023\/06\/MIS-3563-03_Mjau_KastreradKatt-Gele_8x85g_Cat_Multibox_Collabra_3D_20230616-1_400.png\" class=\"attachment-post-thumbnail size-post-thumbnail wp-post-image\" alt=\"\" srcset=\"https:\/\/mjau.se\/fi\/wp-content\/uploads\/sites\/2\/2023\/06\/MIS-3563-03_Mjau_KastreradKatt-Gele_8x85g_Cat_Multibox_Collabra_3D_20230616-1_400.png 400w, https:\/\/mjau.se\/fi\/wp-content\/uploads\/sites\/2\/2023\/06\/MIS-3563-03_Mjau_KastreradKatt-Gele_8x85g_Cat_Multibox_Collabra_3D_20230616-1_400-150x150.png 150w\" sizes=\"(max-width: 400px) 100vw, 400px\" \/>\n\t\t\t\t\t\t\t\t\t\t\t\t\n\t\t\t\t\t\t\t\t\t\t\t<\/figure>\n\t\t\t\t\t\t\t\t\t\t\t<div class=\"card-body\">\n\t\t\t\t\t\t\t\t\t\t\t\t\t\t\t\t\t\t\t\t\t\t\t\t\t<span class=\"category\">\n\t\t\t\t\t\t\t\t\t\t\t\t\t\tKala<span class=\"seperator\"><\/span> Liha<span class=\"seperator\"><\/span>\t\t\t\t\t\t\t\t\t\t\t\t\t<\/span>\n\t\t\t\t\t\t\t\t\t\t\t\t\t\t\t\t\t\t\t\t\t\t\t\t\t<h5 class=\"card-title\">Mjau multibox kastroiduille kissoille \u2013 8 annospussia kalan ja lihan makuisia paloja hyytel\u00f6ss\u00e4<\/h5>\n\t\t\t\t\t\t\t\t\t\t\t<\/div>\n\t\t\t\t\t\t\t\t\t\t<\/div>\n\t\t\t\t\t\t\t\t\t<\/a>\n\t\t\t\t\t\t\t\t<\/div>\n\t\t\t\t\t\t\t\t\t\t\t\t\t\t\t<div class=\"swiper-slide\">\n\t\t\t\t\t\t\t\t\t<a href=\"https:\/\/mjau.se\/fi\/kattmat\/mjau\/mjau-multibox-kastrerad-katt\/\">\n\t\t\t\t\t\t\t\t\t\t<div class=\"card\">\n\t\t\t\t\t\t\t\t\t\t\t<figure>\n\t\t\t\t\t\t\t\t\t\t\t\t<img loading=\"lazy\" decoding=\"async\" width=\"400\" height=\"400\" src=\"https:\/\/mjau.se\/fi\/wp-content\/uploads\/sites\/2\/2023\/06\/MIS-3566-03_Mjau_KastreradKatt-SaI_s_8x85g_Cat_Multibox_Collabra_3D_20230616-1_400.png\" class=\"attachment-post-thumbnail size-post-thumbnail wp-post-image\" alt=\"\" srcset=\"https:\/\/mjau.se\/fi\/wp-content\/uploads\/sites\/2\/2023\/06\/MIS-3566-03_Mjau_KastreradKatt-SaI_s_8x85g_Cat_Multibox_Collabra_3D_20230616-1_400.png 400w, https:\/\/mjau.se\/fi\/wp-content\/uploads\/sites\/2\/2023\/06\/MIS-3566-03_Mjau_KastreradKatt-SaI_s_8x85g_Cat_Multibox_Collabra_3D_20230616-1_400-150x150.png 150w\" sizes=\"(max-width: 400px) 100vw, 400px\" \/>\n\t\t\t\t\t\t\t\t\t\t\t\t\n\t\t\t\t\t\t\t\t\t\t\t<\/figure>\n\t\t\t\t\t\t\t\t\t\t\t<div class=\"card-body\">\n\t\t\t\t\t\t\t\t\t\t\t\t\t\t\t\t\t\t\t\t\t\t\t\t\t<span class=\"category\">\n\t\t\t\t\t\t\t\t\t\t\t\t\t\tKala<span class=\"seperator\"><\/span> Liha<span class=\"seperator\"><\/span>\t\t\t\t\t\t\t\t\t\t\t\t\t<\/span>\n\t\t\t\t\t\t\t\t\t\t\t\t\t\t\t\t\t\t\t\t\t\t\t\t\t<h5 class=\"card-title\">Mjau multibox kastroiduille kissoille \u2013 8 kalan ja lihan makuisia annospusseja paloja kastikkeessa<\/h5>\n\t\t\t\t\t\t\t\t\t\t\t<\/div>\n\t\t\t\t\t\t\t\t\t\t<\/div>\n\t\t\t\t\t\t\t\t\t<\/a>\n\t\t\t\t\t\t\t\t<\/div>\n\t\t\t\t\t\t\t\t\t\t\t\t\t<\/div>\n\n\t\t\t\t\t<\/div>\n\n\t\t\t\t\t\t\t\t<!-- If we need navigation buttons -->\n\n\t\t\t\t<div class=\"swiper-button-prev d-none d-md-flex\"> <i class=\"fa-solid fa-arrow-left\"><\/i><\/div>\n\t\t\t\t<div class=\"swiper-button-next d-none d-md-flex\"><i class=\"fa-solid fa-arrow-right\"><\/i><\/div>\n\t\t\t<\/div>\n\t\t\t\t\t<\/div>\t\t\n\t<\/section>\n\n\n\t<section class=\"product-carousel-wrap \">\n\t\t<div class=\"container\">\n\t\t\t<h2 class=\"section-title\">Mjau torrfoder f\u00f6r kastrerade katt<\/h2>\t\t\t<div class=\"carousel-wrap\">\n\t\t\t\t\t\t\t\t\t<div class=\"swiper product-carousel\">\n\t\t\t\t\t\t<div class=\"swiper-wrapper\">\n\t\t\t\t\t\t\t\t\t\t\t\t\t\t\t<div class=\"swiper-slide\">\n\t\t\t\t\t\t\t\t\t<a href=\"https:\/\/mjau.se\/fi\/kattmat\/mjau\/mjau-kastrerad-innekatt\/\">\n\t\t\t\t\t\t\t\t\t\t<div class=\"card\">\n\t\t\t\t\t\t\t\t\t\t\t<figure>\n\t\t\t\t\t\t\t\t\t\t\t\t<img loading=\"lazy\" decoding=\"async\" width=\"400\" height=\"400\" src=\"https:\/\/mjau.se\/fi\/wp-content\/uploads\/sites\/2\/2023\/06\/17325_Mjau-28-Kastrerad-Innekatt-1_400.png\" class=\"attachment-post-thumbnail size-post-thumbnail wp-post-image\" alt=\"\" srcset=\"https:\/\/mjau.se\/fi\/wp-content\/uploads\/sites\/2\/2023\/06\/17325_Mjau-28-Kastrerad-Innekatt-1_400.png 400w, https:\/\/mjau.se\/fi\/wp-content\/uploads\/sites\/2\/2023\/06\/17325_Mjau-28-Kastrerad-Innekatt-1_400-150x150.png 150w\" sizes=\"(max-width: 400px) 100vw, 400px\" \/>\n\t\t\t\t\t\t\t\t\t\t\t\t\n\t\t\t\t\t\t\t\t\t\t\t<\/figure>\n\t\t\t\t\t\t\t\t\t\t\t<div class=\"card-body\">\n\t\t\t\t\t\t\t\t\t\t\t\t\t\t\t\t\t\t\t\t\t\t\t\t\t<span class=\"category\">\n\t\t\t\t\t\t\t\t\t\t\t\t\t\tSiipikarja<span class=\"seperator\"><\/span>\t\t\t\t\t\t\t\t\t\t\t\t\t<\/span>\n\t\t\t\t\t\t\t\t\t\t\t\t\t\t\t\t\t\t\t\t\t\t\t\t\t<h5 class=\"card-title\">Mjau kastroitu sis\u00e4kissa, kuivaruoka<\/h5>\n\t\t\t\t\t\t\t\t\t\t\t<\/div>\n\t\t\t\t\t\t\t\t\t\t<\/div>\n\t\t\t\t\t\t\t\t\t<\/a>\n\t\t\t\t\t\t\t\t<\/div>\n\t\t\t\t\t\t\t\t\t\t\t\t\t\t\t<div class=\"swiper-slide\">\n\t\t\t\t\t\t\t\t\t<a href=\"https:\/\/mjau.se\/fi\/kattmat\/mjau\/mjau-kastrerad-utekatt\/\">\n\t\t\t\t\t\t\t\t\t\t<div class=\"card\">\n\t\t\t\t\t\t\t\t\t\t\t<figure>\n\t\t\t\t\t\t\t\t\t\t\t\t<img loading=\"lazy\" decoding=\"async\" width=\"400\" height=\"400\" src=\"https:\/\/mjau.se\/fi\/wp-content\/uploads\/sites\/2\/2023\/06\/17324_Mjau_Kastrerad-UTEkatt_28kg_cat_bag_210514_High-1_400.png\" class=\"attachment-post-thumbnail size-post-thumbnail wp-post-image\" alt=\"\" srcset=\"https:\/\/mjau.se\/fi\/wp-content\/uploads\/sites\/2\/2023\/06\/17324_Mjau_Kastrerad-UTEkatt_28kg_cat_bag_210514_High-1_400.png 400w, https:\/\/mjau.se\/fi\/wp-content\/uploads\/sites\/2\/2023\/06\/17324_Mjau_Kastrerad-UTEkatt_28kg_cat_bag_210514_High-1_400-150x150.png 150w\" sizes=\"(max-width: 400px) 100vw, 400px\" \/>\n\t\t\t\t\t\t\t\t\t\t\t\t\n\t\t\t\t\t\t\t\t\t\t\t<\/figure>\n\t\t\t\t\t\t\t\t\t\t\t<div class=\"card-body\">\n\t\t\t\t\t\t\t\t\t\t\t\t\t\t\t\t\t\t\t\t\t\t\t\t\t<span class=\"category\">\n\t\t\t\t\t\t\t\t\t\t\t\t\t\tSiipikarja<span class=\"seperator\"><\/span>\t\t\t\t\t\t\t\t\t\t\t\t\t<\/span>\n\t\t\t\t\t\t\t\t\t\t\t\t\t\t\t\t\t\t\t\t\t\t\t\t\t<h5 class=\"card-title\">Mjau kastroitu ulkokissa, kuivaruoka<\/h5>\n\t\t\t\t\t\t\t\t\t\t\t<\/div>\n\t\t\t\t\t\t\t\t\t\t<\/div>\n\t\t\t\t\t\t\t\t\t<\/a>\n\t\t\t\t\t\t\t\t<\/div>\n\t\t\t\t\t\t\t\t\t\t\t\t\t\t\t<div class=\"swiper-slide\">\n\t\t\t\t\t\t\t\t\t<a href=\"https:\/\/mjau.se\/fi\/kattmat\/mjau\/mjau-kattunge\/\">\n\t\t\t\t\t\t\t\t\t\t<div class=\"card\">\n\t\t\t\t\t\t\t\t\t\t\t<figure>\n\t\t\t\t\t\t\t\t\t\t\t\t<img loading=\"lazy\" decoding=\"async\" width=\"400\" height=\"400\" src=\"https:\/\/mjau.se\/fi\/wp-content\/uploads\/sites\/2\/2023\/06\/17914_mjau-kattunge_14kg_cat_bag_210304_LOWD-1_400.png\" class=\"attachment-post-thumbnail size-post-thumbnail wp-post-image\" alt=\"\" srcset=\"https:\/\/mjau.se\/fi\/wp-content\/uploads\/sites\/2\/2023\/06\/17914_mjau-kattunge_14kg_cat_bag_210304_LOWD-1_400.png 400w, https:\/\/mjau.se\/fi\/wp-content\/uploads\/sites\/2\/2023\/06\/17914_mjau-kattunge_14kg_cat_bag_210304_LOWD-1_400-150x150.png 150w\" sizes=\"(max-width: 400px) 100vw, 400px\" \/>\n\t\t\t\t\t\t\t\t\t\t\t\t\n\t\t\t\t\t\t\t\t\t\t\t<\/figure>\n\t\t\t\t\t\t\t\t\t\t\t<div class=\"card-body\">\n\t\t\t\t\t\t\t\t\t\t\t\t\t\t\t\t\t\t\t\t\t\t\t\t\t<span class=\"category\">\n\t\t\t\t\t\t\t\t\t\t\t\t\t\tSiipikarja<span class=\"seperator\"><\/span>\t\t\t\t\t\t\t\t\t\t\t\t\t<\/span>\n\t\t\t\t\t\t\t\t\t\t\t\t\t\t\t\t\t\t\t\t\t\t\t\t\t<h5 class=\"card-title\">Mjau kissanpentu, kuivaruoka<\/h5>\n\t\t\t\t\t\t\t\t\t\t\t<\/div>\n\t\t\t\t\t\t\t\t\t\t<\/div>\n\t\t\t\t\t\t\t\t\t<\/a>\n\t\t\t\t\t\t\t\t<\/div>\n\t\t\t\t\t\t\t\t\t\t\t\t\t<\/div>\n\n\t\t\t\t\t<\/div>\n\n\t\t\t\t\t\t\t\t<!-- If we need navigation buttons -->\n\n\t\t\t\t<div class=\"swiper-button-prev d-none d-md-flex\"> <i class=\"fa-solid fa-arrow-left\"><\/i><\/div>\n\t\t\t\t<div class=\"swiper-button-next d-none d-md-flex\"><i class=\"fa-solid fa-arrow-right\"><\/i><\/div>\n\t\t\t<\/div>\n\t\t\t\t\t<\/div>\t\t\n\t<\/section>\n","protected":false},"excerpt":{"rendered":"<p>Att kastrera en hankatt \u00e4r en ganska enkel operation som l\u00e4ker snabbt och din katt f\u00e5r f\u00f6lja med hem igen redan samma dag. L\u00e4s mer om hur ingreppet g\u00e5r till och vad du b\u00f6r t\u00e4nka p\u00e5 f\u00f6re och efter operationen f\u00f6r att din misse ska ha det bra.<\/p>\n","protected":false},"author":1,"featured_media":1492,"parent":998,"menu_order":0,"comment_status":"closed","ping_status":"closed","template":"guternberg.php","meta":{"footnotes":""},"acf":[],"yoast_head":"<!-- This site is optimized with the Yoast SEO plugin v20.10 - https:\/\/yoast.com\/wordpress\/plugins\/seo\/ -->\n<title>Kastrera hankatt - veterin\u00e4r och f\u00f6rberedelser - Mjau Finland<\/title>\n<meta name=\"description\" content=\"Kastrering av en hankatt \u00e4r en relativt enkel operation. H\u00e4r har vi samlat n\u00e5gra saker som \u00e4r bra att k\u00e4nna till f\u00f6re och efter kastrering av hankatten.\" \/>\n<meta name=\"robots\" content=\"index, follow, max-snippet:-1, max-image-preview:large, max-video-preview:-1\" \/>\n<link rel=\"canonical\" href=\"https:\/\/mjau.se\/fi\/kaikki-kissoista\/kissan-terveys\/kastroitu-kissa\/kastrera-hankatt\/\" \/>\n<meta property=\"og:locale\" content=\"en_US\" \/>\n<meta property=\"og:type\" content=\"article\" \/>\n<meta property=\"og:title\" content=\"Kastrera hankatt - veterin\u00e4r och f\u00f6rberedelser - Mjau Finland\" \/>\n<meta property=\"og:description\" content=\"Kastrering av en hankatt \u00e4r en relativt enkel operation. H\u00e4r har vi samlat n\u00e5gra saker som \u00e4r bra att k\u00e4nna till f\u00f6re och efter kastrering av hankatten.\" \/>\n<meta property=\"og:url\" content=\"https:\/\/mjau.se\/fi\/kaikki-kissoista\/kissan-terveys\/kastroitu-kissa\/kastrera-hankatt\/\" \/>\n<meta property=\"og:site_name\" content=\"Mjau Finland\" \/>\n<meta property=\"article:modified_time\" content=\"2024-04-23T17:46:22+00:00\" \/>\n<meta property=\"og:image\" content=\"https:\/\/mjau.se\/fi\/wp-content\/uploads\/sites\/2\/2023\/06\/mjau-kastrera-hankatt.jpg\" \/>\n\t<meta property=\"og:image:width\" content=\"800\" \/>\n\t<meta property=\"og:image:height\" content=\"531\" \/>\n\t<meta property=\"og:image:type\" content=\"image\/jpeg\" \/>\n<meta name=\"twitter:card\" content=\"summary_large_image\" \/>\n<!-- \/ Yoast SEO plugin. -->","yoast_head_json":{"title":"Kastrera hankatt - veterin\u00e4r och f\u00f6rberedelser - Mjau Finland","description":"Kastrering av en hankatt \u00e4r en relativt enkel operation. H\u00e4r har vi samlat n\u00e5gra saker som \u00e4r bra att k\u00e4nna till f\u00f6re och efter kastrering av hankatten.","robots":{"index":"index","follow":"follow","max-snippet":"max-snippet:-1","max-image-preview":"max-image-preview:large","max-video-preview":"max-video-preview:-1"},"canonical":"https:\/\/mjau.se\/fi\/kaikki-kissoista\/kissan-terveys\/kastroitu-kissa\/kastrera-hankatt\/","og_locale":"en_US","og_type":"article","og_title":"Kastrera hankatt - veterin\u00e4r och f\u00f6rberedelser - Mjau Finland","og_description":"Kastrering av en hankatt \u00e4r en relativt enkel operation. H\u00e4r har vi samlat n\u00e5gra saker som \u00e4r bra att k\u00e4nna till f\u00f6re och efter kastrering av hankatten.","og_url":"https:\/\/mjau.se\/fi\/kaikki-kissoista\/kissan-terveys\/kastroitu-kissa\/kastrera-hankatt\/","og_site_name":"Mjau Finland","article_modified_time":"2024-04-23T17:46:22+00:00","og_image":[{"width":800,"height":531,"url":"https:\/\/mjau.se\/fi\/wp-content\/uploads\/sites\/2\/2023\/06\/mjau-kastrera-hankatt.jpg","type":"image\/jpeg"}],"twitter_card":"summary_large_image","schema":{"@context":"https:\/\/schema.org","@graph":[{"@type":"WebPage","@id":"https:\/\/mjau.se\/fi\/kaikki-kissoista\/kissan-terveys\/kastroitu-kissa\/kastrera-hankatt\/","url":"https:\/\/mjau.se\/fi\/kaikki-kissoista\/kissan-terveys\/kastroitu-kissa\/kastrera-hankatt\/","name":"Kastrera hankatt - veterin\u00e4r och f\u00f6rberedelser - Mjau Finland","isPartOf":{"@id":"https:\/\/mjau.se\/fi\/#website"},"datePublished":"2023-06-11T10:54:49+00:00","dateModified":"2024-04-23T17:46:22+00:00","description":"Kastrering av en hankatt \u00e4r en relativt enkel operation. H\u00e4r har vi samlat n\u00e5gra saker som \u00e4r bra att k\u00e4nna till f\u00f6re och efter kastrering av hankatten.","breadcrumb":{"@id":"https:\/\/mjau.se\/fi\/kaikki-kissoista\/kissan-terveys\/kastroitu-kissa\/kastrera-hankatt\/#breadcrumb"},"inLanguage":"en-US","potentialAction":[{"@type":"ReadAction","target":["https:\/\/mjau.se\/fi\/kaikki-kissoista\/kissan-terveys\/kastroitu-kissa\/kastrera-hankatt\/"]}]},{"@type":"BreadcrumbList","@id":"https:\/\/mjau.se\/fi\/kaikki-kissoista\/kissan-terveys\/kastroitu-kissa\/kastrera-hankatt\/#breadcrumb","itemListElement":[{"@type":"ListItem","position":1,"name":"Home","item":"https:\/\/mjau.se\/fi\/"},{"@type":"ListItem","position":2,"name":"Kaikki kissoista","item":"https:\/\/mjau.se\/fi\/kaikki-kissoista\/"},{"@type":"ListItem","position":3,"name":"Kissan terveys","item":"https:\/\/mjau.se\/fi\/kaikki-kissoista\/kissan-terveys\/"},{"@type":"ListItem","position":4,"name":"Kastroitu\/steriloitu kissa","item":"https:\/\/mjau.se\/fi\/kaikki-kissoista\/kissan-terveys\/kastroitu-kissa\/"},{"@type":"ListItem","position":5,"name":"Kollikissan kastrointi"}]},{"@type":"WebSite","@id":"https:\/\/mjau.se\/fi\/#website","url":"https:\/\/mjau.se\/fi\/","name":"Mjau Finland","description":"","potentialAction":[{"@type":"SearchAction","target":{"@type":"EntryPoint","urlTemplate":"https:\/\/mjau.se\/fi\/?s={search_term_string}"},"query-input":"required name=search_term_string"}],"inLanguage":"en-US"}]}},"_links":{"self":[{"href":"https:\/\/mjau.se\/fi\/wp-json\/wp\/v2\/pages\/1006"}],"collection":[{"href":"https:\/\/mjau.se\/fi\/wp-json\/wp\/v2\/pages"}],"about":[{"href":"https:\/\/mjau.se\/fi\/wp-json\/wp\/v2\/types\/page"}],"author":[{"embeddable":true,"href":"https:\/\/mjau.se\/fi\/wp-json\/wp\/v2\/users\/1"}],"replies":[{"embeddable":true,"href":"https:\/\/mjau.se\/fi\/wp-json\/wp\/v2\/comments?post=1006"}],"version-history":[{"count":28,"href":"https:\/\/mjau.se\/fi\/wp-json\/wp\/v2\/pages\/1006\/revisions"}],"predecessor-version":[{"id":5412,"href":"https:\/\/mjau.se\/fi\/wp-json\/wp\/v2\/pages\/1006\/revisions\/5412"}],"up":[{"embeddable":true,"href":"https:\/\/mjau.se\/fi\/wp-json\/wp\/v2\/pages\/998"}],"wp:featuredmedia":[{"embeddable":true,"href":"https:\/\/mjau.se\/fi\/wp-json\/wp\/v2\/media\/1492"}],"wp:attachment":[{"href":"https:\/\/mjau.se\/fi\/wp-json\/wp\/v2\/media?parent=1006"}],"curies":[{"name":"wp","href":"https:\/\/api.w.org\/{rel}","templated":true}]}}